{"id":12746,"date":"2025-01-20T11:37:11","date_gmt":"2025-01-20T10:37:11","guid":{"rendered":"https:\/\/ptm-mechatronics.com\/?post_type=product&#038;p=12746"},"modified":"2026-03-09T11:32:11","modified_gmt":"2026-03-09T10:32:11","slug":"druckluftmotor-atex-pmo450","status":"publish","type":"product","link":"https:\/\/ptm-mechatronics.com\/pt\/product\/druckluftmotor-atex-pmo450\/","title":{"rendered":"Motor pneum\u00e1tico ATEX, PMO450"},"content":{"rendered":"<p>Os motores pneum\u00e1ticos PTM s\u00e3o a solu\u00e7\u00e3o ideal para aplica\u00e7\u00f5es industriais exigentes, onde a robustez e a efici\u00eancia s\u00e3o fundamentais. Com a sua conce\u00e7\u00e3o puramente mec\u00e2nica e um desempenho impressionante, s\u00e3o adequados para uma vasta gama de aplica\u00e7\u00f5es - desde a integra\u00e7\u00e3o em sistemas e m\u00e1quinas at\u00e9 \u00e0 gera\u00e7\u00e3o precisa de movimentos rotativos e girat\u00f3rios.<\/p>\n<h4>Vantagens em resumo<\/h4>\n<ul>\n<li>Princ\u00edpio inovador do pist\u00e3o radial: Alta efici\u00eancia com um consumo m\u00ednimo de ar, combinado com um bin\u00e1rio elevado.<\/li>\n<li>Alternativa econ\u00f3mica: Uma solu\u00e7\u00e3o moderna e econ\u00f3mica em compara\u00e7\u00e3o com os motores de palhetas convencionais.<\/li>\n<li>Flexibilidade de utiliza\u00e7\u00e3o: Pode ser operado tanto no sentido dos ponteiros do rel\u00f3gio como no sentido contr\u00e1rio, pode ser carregado at\u00e9 ficar parado.<\/li>\n<li>Design compacto: Ideal para utiliza\u00e7\u00e3o mesmo em locais com pouco espa\u00e7o.<\/li>\n<\/ul>\n<h4>Para utiliza\u00e7\u00e3o segura em ambientes potencialmente explosivos<\/h4>\n<p>O modelo ATEX dos motores pneum\u00e1ticos PTM oferece uma prote\u00e7\u00e3o fi\u00e1vel contra explos\u00f5es e cumpre os requisitos das zonas ATEX 1, 2, 21 e 22, tornando-os ideais para aplica\u00e7\u00f5es cr\u00edticas em termos de seguran\u00e7a.<\/p>\n<p>Os motores pneum\u00e1ticos PTM combinam desempenho, efici\u00eancia e versatilidade - uma escolha ideal para os requisitos industriais modernos.<\/p>","protected":false},"excerpt":{"rendered":"<p>Motor pneum\u00e1tico potente, eficiente em termos energ\u00e9ticos, baixo consumo de ar, efici\u00eancia muito elevada e bin\u00e1rio muito elevado. Prote\u00e7\u00e3o segura contra explos\u00f5es nas zonas ATEX 1, 2, 21 e 22.<\/p>","protected":false},"featured_media":15312,"comment_status":"open","ping_status":"closed","template":"","meta":{"_acf_changed":false},"product_brand":[],"product_cat":[428,463],"product_tag":[],"class_list":{"0":"post-12746","1":"product","2":"type-product","3":"status-publish","4":"has-post-thumbnail","6":"product_cat-antriebstechnik","7":"product_cat-druckluftmotor-atex","8":"product_shipping_class-karton-paketversand","9":"pa_antriebsart-pneumatisch","10":"pa_antriebswelle-o14mm-mit-passfeder-5n9","11":"pa_atex-zone-122122","12":"pa_dichtung-ptfe","13":"pa_durchmesser-99mm","14":"pa_ex-gas-ex-ii-2-g-ex-h-iic-t5-gb-x","15":"pa_ex-staub-ex-ii-2-d-ex-h-iiic-t100c-db-x","16":"pa_geraeuschpegel-75db","17":"pa_labs-oel-und-silikonfrei","18":"pa_luftanschluesse-2xm6x075","19":"pa_material-gehaeuse-aluminium-eloxiert","20":"pa_model-pmo-450-ex","21":"pa_schutzart-ip67","22":"pa_steckverschraubung-2xschlauch-o6mm","23":"pa_versorgung-5-6bar","25":"first","26":"instock","27":"taxable","28":"shipping-taxable","29":"purchasable","30":"product-type-variable"},"bundled_by":[],"bundle_stock_status":"instock","bundle_stock_quantity":null,"bundle_virtual":false,"bundle_layout":"","bundle_add_to_cart_form_location":"","bundle_editable_in_cart":false,"bundle_sold_individually_context":"","bundle_item_grouping":"","bundle_min_size":"","bundle_max_size":"","bundle_price":[],"bundled_items":[],"bundle_sell_ids":[],"exclude_global_add_ons":[],"addons":[],"acf":[],"_links":{"self":[{"href":"https:\/\/ptm-mechatronics.com\/pt\/wp-json\/wp\/v2\/product\/12746","targetHints":{"allow":["GET"]}}],"collection":[{"href":"https:\/\/ptm-mechatronics.com\/pt\/wp-json\/wp\/v2\/product"}],"about":[{"href":"https:\/\/ptm-mechatronics.com\/pt\/wp-json\/wp\/v2\/types\/product"}],"replies":[{"embeddable":true,"href":"https:\/\/ptm-mechatronics.com\/pt\/wp-json\/wp\/v2\/comments?post=12746"}],"wp:featuredmedia":[{"embeddable":true,"href":"https:\/\/ptm-mechatronics.com\/pt\/wp-json\/wp\/v2\/media\/15312"}],"wp:attachment":[{"href":"https:\/\/ptm-mechatronics.com\/pt\/wp-json\/wp\/v2\/media?parent=12746"}],"wp:term":[{"taxonomy":"product_brand","embeddable":true,"href":"https:\/\/ptm-mechatronics.com\/pt\/wp-json\/wp\/v2\/product_brand?post=12746"},{"taxonomy":"product_cat","embeddable":true,"href":"https:\/\/ptm-mechatronics.com\/pt\/wp-json\/wp\/v2\/product_cat?post=12746"},{"taxonomy":"product_tag","embeddable":true,"href":"https:\/\/ptm-mechatronics.com\/pt\/wp-json\/wp\/v2\/product_tag?post=12746"}],"curies":[{"name":"wp","href":"https:\/\/api.w.org\/{rel}","templated":true}]}}