{"id":12698,"date":"2025-01-20T08:08:31","date_gmt":"2025-01-20T07:08:31","guid":{"rendered":"https:\/\/ptm-mechatronics.com\/?post_type=product&#038;p=12698"},"modified":"2026-01-28T14:02:19","modified_gmt":"2026-01-28T13:02:19","slug":"druckluftmotor-basic-pmo450","status":"publish","type":"product","link":"https:\/\/ptm-mechatronics.com\/pt\/product\/druckluftmotor-basic-pmo450\/","title":{"rendered":"Motor pneum\u00e1tico b\u00e1sico, PMO450"},"content":{"rendered":"<p>Os motores pneum\u00e1ticos PTM impressionam pela sua constru\u00e7\u00e3o extremamente robusta e puramente mec\u00e2nica e pelo seu desempenho excecional. Podem ser utilizados para uma vasta gama de aplica\u00e7\u00f5es - quer como acionamento em m\u00e1quinas e sistemas, quer para gerar movimentos rotativos e girat\u00f3rios. Gra\u00e7as ao seu design sofisticado e tecnologia inovadora, oferecem uma alternativa moderna e econ\u00f3mica aos motores de palhetas convencionais.<\/p>\n<h4>Tecnologia de pist\u00e3o radial eficiente<\/h4>\n<p>Os motores pneum\u00e1ticos PTM baseiam-se no princ\u00edpio de pist\u00e3o radial altamente eficiente, que se caracteriza por um consumo de ar m\u00ednimo e uma efici\u00eancia impressionantemente elevada. Mesmo em aplica\u00e7\u00f5es exigentes, os motores fornecem um bin\u00e1rio extraordin\u00e1rio e mant\u00eam-se resistentes at\u00e9 \u00e0 paragem. O funcionamento \u00e9 poss\u00edvel tanto no sentido contr\u00e1rio ao dos ponteiros do rel\u00f3gio como no sentido dos ponteiros do rel\u00f3gio, o que garante a m\u00e1xima flexibilidade.<\/p>\n<h4>Compacto e adapt\u00e1vel<\/h4>\n<p>Gra\u00e7as ao seu tamanho compacto, os motores pneum\u00e1ticos PTM podem ser facilmente integrados em quase todas as aplica\u00e7\u00f5es. Eles se encaixam perfeitamente em sistemas existentes e oferecem uma solu\u00e7\u00e3o que economiza espa\u00e7o gra\u00e7as ao seu pequeno tamanho e alto desempenho.<\/p>\n<h4>Vantagens num piscar de olhos:<\/h4>\n<ul>\n<li>Conce\u00e7\u00e3o robusta e puramente mec\u00e2nica<\/li>\n<li>Tecnologia de pist\u00e3o radial altamente eficiente para um baixo consumo de ar<\/li>\n<li>Elevada efici\u00eancia e bin\u00e1rio excecional<\/li>\n<li>Tamanho compacto para f\u00e1cil integra\u00e7\u00e3o<\/li>\n<li>Rota\u00e7\u00e3o no sentido anti-hor\u00e1rio e hor\u00e1rio e pode ser carregada at\u00e9 \u00e0 paragem<\/li>\n<li>Classe de prote\u00e7\u00e3o IP67: \u00e0 prova de salpicos e submers\u00edvel<\/li>\n<\/ul>","protected":false},"excerpt":{"rendered":"<p>Motor pneum\u00e1tico b\u00e1sico - poupa energia com tecnologia eficiente. Extremamente eficiente e potente, o motor pneum\u00e1tico atinge um n\u00edvel muito elevado de efici\u00eancia e um bin\u00e1rio muito elevado, apesar do consumo m\u00ednimo de ar.<\/p>","protected":false},"featured_media":15308,"comment_status":"open","ping_status":"closed","template":"","meta":{"_acf_changed":false},"product_brand":[],"product_cat":[428,429],"product_tag":[],"class_list":{"0":"post-12698","1":"product","2":"type-product","3":"status-publish","4":"has-post-thumbnail","6":"product_cat-antriebstechnik","7":"product_cat-druckluftmotor-basic","8":"product_shipping_class-karton-paketversand","9":"pa_antriebsart-pneumatisch","10":"pa_antriebswelle-o14mm-mit-passfeder-5n9","11":"pa_dichtung-nbr","12":"pa_labs-oel-und-silikonfrei","13":"pa_luftanschluesse-2xm6x075","14":"pa_material-gehaeuse-aluminium-eloxiert","15":"pa_model-pmo-450-ba","16":"pa_schutzart-ip67","17":"pa_steckverschraubung-2xschlauch-o6mm","18":"pa_versorgung-5-6bar","20":"first","21":"instock","22":"taxable","23":"shipping-taxable","24":"purchasable","25":"product-type-variable"},"bundled_by":[],"bundle_stock_status":"instock","bundle_stock_quantity":null,"bundle_virtual":false,"bundle_layout":"","bundle_add_to_cart_form_location":"","bundle_editable_in_cart":false,"bundle_sold_individually_context":"","bundle_item_grouping":"","bundle_min_size":"","bundle_max_size":"","bundle_price":[],"bundled_items":[],"bundle_sell_ids":[],"exclude_global_add_ons":[],"addons":[],"acf":[],"_links":{"self":[{"href":"https:\/\/ptm-mechatronics.com\/pt\/wp-json\/wp\/v2\/product\/12698","targetHints":{"allow":["GET"]}}],"collection":[{"href":"https:\/\/ptm-mechatronics.com\/pt\/wp-json\/wp\/v2\/product"}],"about":[{"href":"https:\/\/ptm-mechatronics.com\/pt\/wp-json\/wp\/v2\/types\/product"}],"replies":[{"embeddable":true,"href":"https:\/\/ptm-mechatronics.com\/pt\/wp-json\/wp\/v2\/comments?post=12698"}],"wp:featuredmedia":[{"embeddable":true,"href":"https:\/\/ptm-mechatronics.com\/pt\/wp-json\/wp\/v2\/media\/15308"}],"wp:attachment":[{"href":"https:\/\/ptm-mechatronics.com\/pt\/wp-json\/wp\/v2\/media?parent=12698"}],"wp:term":[{"taxonomy":"product_brand","embeddable":true,"href":"https:\/\/ptm-mechatronics.com\/pt\/wp-json\/wp\/v2\/product_brand?post=12698"},{"taxonomy":"product_cat","embeddable":true,"href":"https:\/\/ptm-mechatronics.com\/pt\/wp-json\/wp\/v2\/product_cat?post=12698"},{"taxonomy":"product_tag","embeddable":true,"href":"https:\/\/ptm-mechatronics.com\/pt\/wp-json\/wp\/v2\/product_tag?post=12698"}],"curies":[{"name":"wp","href":"https:\/\/api.w.org\/{rel}","templated":true}]}}