{"id":12696,"date":"2025-01-16T10:42:58","date_gmt":"2025-01-16T09:42:58","guid":{"rendered":"https:\/\/ptm-mechatronics.com\/?post_type=product&#038;p=12696"},"modified":"2025-11-07T15:53:03","modified_gmt":"2025-11-07T14:53:03","slug":"steckverschraubung-fuer-druckluftmotor-pmo450-900","status":"publish","type":"product","link":"https:\/\/ptm-mechatronics.com\/pt\/product\/steckverschraubung-fuer-druckluftmotor-pmo450-900\/","title":{"rendered":"Liga\u00e7\u00e3o de encaixe para motor pneum\u00e1tico PMO450\/900"},"content":{"rendered":"<p class=\"\" data-start=\"129\" data-end=\"207\">Liga\u00e7\u00e3o de encaixe para motores pneum\u00e1ticos PTM - seguro, r\u00e1pido e fi\u00e1vel<\/p>\n<p class=\"\" data-start=\"209\" data-end=\"529\">O encaixe de alta qualidade para motores pneum\u00e1ticos PTM assegura uma liga\u00e7\u00e3o segura e estanque entre a alimenta\u00e7\u00e3o de ar e o acionamento. Gra\u00e7as ao seu ajuste preciso e ao seu design robusto, garante um funcionamento fi\u00e1vel dos seus sistemas de ar comprimido - mesmo em condi\u00e7\u00f5es industriais exigentes.<\/p>\n<p class=\"\" data-start=\"531\" data-end=\"872\">Gra\u00e7as ao seu f\u00e1cil manuseamento, o acess\u00f3rio de encaixe permite uma liga\u00e7\u00e3o r\u00e1pida sem ferramentas adicionais e \u00e9, por isso, ideal para manuten\u00e7\u00e3o, substitui\u00e7\u00e3o ou instala\u00e7\u00f5es flex\u00edveis. Perfeitamente adaptada \u00e0s liga\u00e7\u00f5es dos motores pneum\u00e1ticos PTM, impressiona pela sua durabilidade, estanquicidade e elevada fiabilidade do processo.<\/p>\n<p class=\"\" data-start=\"874\" data-end=\"905\">Vantagens num piscar de olhos:<\/p>\n<ul>\n<li data-start=\"908\" data-end=\"942\">Adequado para motores pneum\u00e1ticos PTM<\/li>\n<li data-start=\"908\" data-end=\"942\">Montagem sem ferramentas<\/li>\n<li data-start=\"908\" data-end=\"942\">Liga\u00e7\u00e3o de ar segura<\/li>\n<li data-start=\"908\" data-end=\"942\">Qualidade industrial robusta<\/li>\n<li data-start=\"908\" data-end=\"942\">Elevado desempenho de veda\u00e7\u00e3o<\/li>\n<li data-start=\"908\" data-end=\"942\">F\u00e1cil de manter<\/li>\n<\/ul>","protected":false},"excerpt":{"rendered":"<p>Dois acess\u00f3rios de encaixe para mangueira de 6 mm de di\u00e2metro, rosca M6x0,75. Liga\u00e7\u00e3o segura, estanque e sem ferramentas ao fornecimento de ar, ideal para uma instala\u00e7\u00e3o r\u00e1pida e fi\u00e1vel em aplica\u00e7\u00f5es industriais.<\/p>","protected":false},"featured_media":15486,"comment_status":"open","ping_status":"closed","template":"","meta":{"_acf_changed":false},"product_brand":[],"product_cat":[2745,1906],"product_tag":[2761,2762,2763,2764,2765,2766,2757,2758,2759,2760],"class_list":{"0":"post-12696","1":"product","2":"type-product","3":"status-publish","4":"has-post-thumbnail","6":"product_cat-ersatzteile","7":"product_cat-zubehoer-druckluftmotor","8":"product_tag-ptm-verbindungstechnik","9":"product_tag-druckluftanschluss-motor","10":"product_tag-pneumatik-steckverschraubung","11":"product_tag-schnellkupplung-ptm","12":"product_tag-zubehoer-ptm-antrieb","13":"product_tag-druckluftverschraubung-kaufen","14":"product_tag-steckverschraubung-ptm","15":"product_tag-druckluftmotor-anschluss","16":"product_tag-ptm-luftanschluss","17":"product_tag-steckkupplung-druckluftmotor","18":"product_shipping_class-karton-paketversand","20":"first","21":"instock","22":"taxable","23":"shipping-taxable","24":"purchasable","25":"product-type-simple"},"bundled_by":[],"bundle_stock_status":"instock","bundle_stock_quantity":null,"bundle_virtual":false,"bundle_layout":"","bundle_add_to_cart_form_location":"","bundle_editable_in_cart":false,"bundle_sold_individually_context":"","bundle_item_grouping":"","bundle_min_size":"","bundle_max_size":"","bundle_price":[],"bundled_items":[],"bundle_sell_ids":[],"exclude_global_add_ons":[],"addons":[],"acf":[],"_links":{"self":[{"href":"https:\/\/ptm-mechatronics.com\/pt\/wp-json\/wp\/v2\/product\/12696","targetHints":{"allow":["GET"]}}],"collection":[{"href":"https:\/\/ptm-mechatronics.com\/pt\/wp-json\/wp\/v2\/product"}],"about":[{"href":"https:\/\/ptm-mechatronics.com\/pt\/wp-json\/wp\/v2\/types\/product"}],"replies":[{"embeddable":true,"href":"https:\/\/ptm-mechatronics.com\/pt\/wp-json\/wp\/v2\/comments?post=12696"}],"wp:featuredmedia":[{"embeddable":true,"href":"https:\/\/ptm-mechatronics.com\/pt\/wp-json\/wp\/v2\/media\/15486"}],"wp:attachment":[{"href":"https:\/\/ptm-mechatronics.com\/pt\/wp-json\/wp\/v2\/media?parent=12696"}],"wp:term":[{"taxonomy":"product_brand","embeddable":true,"href":"https:\/\/ptm-mechatronics.com\/pt\/wp-json\/wp\/v2\/product_brand?post=12696"},{"taxonomy":"product_cat","embeddable":true,"href":"https:\/\/ptm-mechatronics.com\/pt\/wp-json\/wp\/v2\/product_cat?post=12696"},{"taxonomy":"product_tag","embeddable":true,"href":"https:\/\/ptm-mechatronics.com\/pt\/wp-json\/wp\/v2\/product_tag?post=12696"}],"curies":[{"name":"wp","href":"https:\/\/api.w.org\/{rel}","templated":true}]}}