{"id":12662,"date":"2024-12-17T09:05:07","date_gmt":"2024-12-17T08:05:07","guid":{"rendered":"https:\/\/ptm-mechatronics.com\/?post_type=product&#038;p=12662"},"modified":"2026-05-04T10:38:30","modified_gmt":"2026-05-04T08:38:30","slug":"ruehrwerksantrieb-eco-seal-450-g1-mit-platzsparender-befestigung-und-gewindenabe","status":"publish","type":"product","link":"https:\/\/ptm-mechatronics.com\/pt\/product\/ruehrwerksantrieb-eco-seal-450-g1-mit-platzsparender-befestigung-und-gewindenabe\/","title":{"rendered":"Acionamento do agitador eco-Seal G1\u2033 com montagem economizadora de espa\u00e7o e cubo roscado"},"content":{"rendered":"<h2>Acionamento do agitador ATEX para pequenos contentores e tanques pressurizados - Compacto, potente e \u00e0 prova de explos\u00e3o<\/h2>\n<p class=\"\" data-start=\"160\" data-end=\"631\">O acionamento do agitador, energeticamente eficiente e com certifica\u00e7\u00e3o ATEX, foi especialmente desenvolvido para utiliza\u00e7\u00e3o em pequenos contentores e tanques pressurizados e oferece uma solu\u00e7\u00e3o fi\u00e1vel para aplica\u00e7\u00f5es higi\u00e9nicas, potencialmente explosivas e de espa\u00e7o cr\u00edtico. Gra\u00e7as \u00e0 inovadora flange de separa\u00e7\u00e3o de zonas, \u00e9 poss\u00edvel a opera\u00e7\u00e3o em zonas ATEX 0\/1 - ideal para aplica\u00e7\u00f5es nas ind\u00fastrias qu\u00edmica, alimentar ou farmac\u00eautica, onde \u00e9 necess\u00e1ria a m\u00e1xima seguran\u00e7a.<\/p>\n<h3 class=\"\" data-start=\"633\" data-end=\"712\">Poupan\u00e7a de espa\u00e7o e pot\u00eancia - especialmente concebida para pequenos contentores<\/h3>\n<p class=\"\" data-start=\"713\" data-end=\"987\">Com um di\u00e2metro de liga\u00e7\u00e3o de 35 a 50 mm, o atuador encaixa perfeitamente no orif\u00edcio padr\u00e3o dos tanques pressurizados. A porca de bloqueio em a\u00e7o inoxid\u00e1vel fornecida permite uma instala\u00e7\u00e3o simples e segura a partir de baixo, mesmo em espa\u00e7os confinados.<\/p>\n<p class=\"\" data-start=\"989\" data-end=\"1217\">Apesar do seu design compacto, o acionamento impressiona pelo seu elevado bin\u00e1rio e garante um resultado de agita\u00e7\u00e3o homog\u00e9neo, mesmo com meios altamente viscosos. As aplica\u00e7\u00f5es de sobrepress\u00e3o e v\u00e1cuo tamb\u00e9m podem ser efectuadas sem problemas.<\/p>\n<p class=\"\" data-start=\"1219\" data-end=\"1510\">A sua conce\u00e7\u00e3o puramente mec\u00e2nica assegura uma robustez extrema, \u00e9 de baixa manuten\u00e7\u00e3o e garante uma longa vida \u00fatil. O design silencioso e compacto torna-o a solu\u00e7\u00e3o ideal para processos de agita\u00e7\u00e3o compactos e higi\u00e9nicos em condi\u00e7\u00f5es exigentes.<\/p>\n<h3 class=\"\" data-start=\"1517\" data-end=\"1551\">Vantagens em resumo<\/h3>\n<ul>\n<li data-start=\"1554\" data-end=\"1585\">Adequado para zonas ATEX 0\/1<\/li>\n<li data-start=\"1554\" data-end=\"1585\">Compat\u00edvel com contentores pequenos (liga\u00e7\u00e3o 35-50 mm)<\/li>\n<li data-start=\"1554\" data-end=\"1585\">Porca de bloqueio em a\u00e7o inoxid\u00e1vel inclu\u00edda<\/li>\n<li data-start=\"1554\" data-end=\"1585\">Bin\u00e1rio elevado para meios altamente viscosos<\/li>\n<li data-start=\"1554\" data-end=\"1585\">Para press\u00e3o positiva e negativa<\/li>\n<li data-start=\"1554\" data-end=\"1585\">Baixo ru\u00eddo, economia de espa\u00e7o, robusto<\/li>\n<\/ul>","protected":false},"excerpt":{"rendered":"<p>Acionamento do agitador energeticamente eficiente e com certifica\u00e7\u00e3o ATEX para pequenos contentores e tanques pressurizados - design compacto, bin\u00e1rio elevado, adequado para zonas ATEX 0\/1, componentes higi\u00e9nicos em a\u00e7o inoxid\u00e1vel, incluindo porca de bloqueio para f\u00e1cil instala\u00e7\u00e3o.<\/p>","protected":false},"featured_media":15484,"comment_status":"open","ping_status":"closed","template":"","meta":{"_acf_changed":false},"product_brand":[],"product_cat":[595,632],"product_tag":[2653,2664,2585,2654,2599,2655,2656,2626,2657,2633,2658,2636,2659,2637,2660,2649,2661,2651,2662,2652,2663],"class_list":{"0":"post-12662","1":"product","2":"type-product","3":"status-publish","4":"has-post-thumbnail","6":"product_cat-ruehrwerkstechnik","7":"product_cat-ruehrwerksantriebe","8":"product_tag-kompakter-ruehrantrieb","9":"product_tag-ruehrwerk-fuer-pharmaindustrie","10":"product_tag-langlebiger-ruehrwerksmotor","11":"product_tag-ruehrwerk-zone-0","12":"product_tag-explosionsgeschuetzter-ruehrwerksmotor","13":"product_tag-edelstahl-ruehrwerksantrieb","14":"product_tag-hygienischer-ruehrantrieb","15":"product_tag-platzsparender-ruehrwerksmotor","16":"product_tag-ruehrwerksmotor-mit-kontermutter","17":"product_tag-atex-ruehrwerksantrieb","18":"product_tag-ruehrwerk-35-mm","19":"product_tag-zonentrennflansch-ruehrwerk","20":"product_tag-ruehrwerk-50-mm","21":"product_tag-ruehrwerk-fuer-hochviskose-medien","22":"product_tag-ruehrwerk-fuer-ueberdruck","23":"product_tag-geraeuscharmer-ruehrantrieb","24":"product_tag-ruehrwerk-fuer-unterdruck","25":"product_tag-ruehrwerksantrieb-kleinbehaelter","26":"product_tag-wartungsfreier-ruehrantrieb","27":"product_tag-ruehrwerksmotor-drucktank","28":"product_tag-ruehrwerksantrieb-fuer-lebensmittelindustrie","29":"product_shipping_class-karton-paketversand","30":"pa_antriebsart-pneumatisch","31":"pa_antriebswelle-ptm-gewindenabe-m12","32":"pa_atex-zone-0-1","33":"pa_dichtung-ptfe","34":"pa_drehzahl-0-300-1-min","35":"pa_ex-gas-ex-ii-1-2-g-ex-h-iic-t5-ga-gb","36":"pa_ex-staub-ex-ii-1-2-d-ex-h-iiic-t100c-da-db","37":"pa_geraeuschpegel-75db","38":"pa_labs-oel-und-silikonfrei","39":"pa_material-gehaeuse-aluminium-eloxiert","40":"pa_model-eco-seal-atex-zone-0-1","41":"pa_schutzart-ip67","42":"pa_steckverschraubung-abluft-schlauch-o10mm","43":"pa_steckverschraubung-zuluft-schlauch-o6mm","44":"pa_versorgung-5-6bar","46":"first","47":"instock","48":"taxable","49":"shipping-taxable","50":"purchasable","51":"product-type-variable"},"bundled_by":[],"bundle_stock_status":"instock","bundle_stock_quantity":null,"bundle_virtual":false,"bundle_layout":"","bundle_add_to_cart_form_location":"","bundle_editable_in_cart":false,"bundle_sold_individually_context":"","bundle_item_grouping":"","bundle_min_size":"","bundle_max_size":"","bundle_price":[],"bundled_items":[],"bundle_sell_ids":[],"exclude_global_add_ons":[],"addons":[],"acf":[],"_links":{"self":[{"href":"https:\/\/ptm-mechatronics.com\/pt\/wp-json\/wp\/v2\/product\/12662","targetHints":{"allow":["GET"]}}],"collection":[{"href":"https:\/\/ptm-mechatronics.com\/pt\/wp-json\/wp\/v2\/product"}],"about":[{"href":"https:\/\/ptm-mechatronics.com\/pt\/wp-json\/wp\/v2\/types\/product"}],"replies":[{"embeddable":true,"href":"https:\/\/ptm-mechatronics.com\/pt\/wp-json\/wp\/v2\/comments?post=12662"}],"wp:featuredmedia":[{"embeddable":true,"href":"https:\/\/ptm-mechatronics.com\/pt\/wp-json\/wp\/v2\/media\/15484"}],"wp:attachment":[{"href":"https:\/\/ptm-mechatronics.com\/pt\/wp-json\/wp\/v2\/media?parent=12662"}],"wp:term":[{"taxonomy":"product_brand","embeddable":true,"href":"https:\/\/ptm-mechatronics.com\/pt\/wp-json\/wp\/v2\/product_brand?post=12662"},{"taxonomy":"product_cat","embeddable":true,"href":"https:\/\/ptm-mechatronics.com\/pt\/wp-json\/wp\/v2\/product_cat?post=12662"},{"taxonomy":"product_tag","embeddable":true,"href":"https:\/\/ptm-mechatronics.com\/pt\/wp-json\/wp\/v2\/product_tag?post=12662"}],"curies":[{"name":"wp","href":"https:\/\/api.w.org\/{rel}","templated":true}]}}