{"id":12494,"date":"2024-11-14T11:06:50","date_gmt":"2024-11-14T10:06:50","guid":{"rendered":"https:\/\/ptm-mechatronics.com\/?post_type=product&#038;p=12494"},"modified":"2026-05-04T11:00:12","modified_gmt":"2026-05-04T09:00:12","slug":"elektrisches-ruehrwerk-mit-traverse-fuer-ibc-container","status":"publish","type":"product","link":"https:\/\/ptm-mechatronics.com\/pt\/product\/elektrisches-ruehrwerk-mit-traverse-fuer-ibc-container\/","title":{"rendered":"Agitador el\u00e9trico com desloca\u00e7\u00e3o para IBCs e contentores"},"content":{"rendered":"<p>Agitador el\u00e9trico para IBCs e contentores - Flex\u00edvel, potente e f\u00e1cil de operar<\/p>\n<p>Os nossos agitadores el\u00e9ctricos para IBCs e contentores impressionam pelo seu f\u00e1cil manuseamento e qualidade robusta. Com a pr\u00e1tica barra transversal em a\u00e7o inoxid\u00e1vel V4A (1.4404) de alta qualidade, pode fixar o agitador de forma r\u00e1pida e segura ao seu contentor. Gra\u00e7as aos dois grampos de liberta\u00e7\u00e3o r\u00e1pida, a instala\u00e7\u00e3o fica conclu\u00edda em apenas alguns segundos!<\/p>\n<p>A travessa \u00e9 ajust\u00e1vel de forma flex\u00edvel e adequada para IBCs com um volume de 600 a 1200 litros. O agitador \u00e9 fornecido completamente pronto a usar, incluindo um veio agitador correspondente e o agitador de copo articulado eco-Cup especialmente concebido, tamb\u00e9m feito de a\u00e7o inoxid\u00e1vel V4A dur\u00e1vel (1.4404).<\/p>\n<p>Opcionalmente, a velocidade pode ser controlada e lida de forma precisa e confort\u00e1vel atrav\u00e9s de um conversor de frequ\u00eancia com circuito de prote\u00e7\u00e3o do motor e paragem de emerg\u00eancia. Os olhais de empilhador pr\u00e9-montados asseguram um transporte descomplicado e s\u00e3o ideais para utiliza\u00e7\u00e3o com um empilhador.<\/p>\n<h3 data-start=\"1337\" data-end=\"1549\"><span class=\"_fadeIn_m1hgl_8\">As suas op\u00e7\u00f5es:<\/span><\/h3>\n<p>Tr\u00eas n\u00edveis de desempenho para as suas necessidades:<\/p>\n<ul>\n<li>Para l\u00edquidos com viscosidade at\u00e9 2.000 mPas.<\/li>\n<li>Para l\u00edquidos com viscosidade at\u00e9 10.000 mPas.<\/li>\n<li>Para l\u00edquidos com viscosidade at\u00e9 50.000 mPas.<\/li>\n<\/ul>\n<p>Sistema de troca r\u00e1pida do eixo do agitador:<br \/>\nO nosso <a href=\"https:\/\/youtu.be\/TjagGW4DoyA?feature=shared\" target=\"_blank\" rel=\"noopener\">Sistema de troca r\u00e1pida eco-Quick<\/a> oferece-lhe uma mudan\u00e7a r\u00e1pida e limpa do veio do agitador em segundos, sem ferramentas adicionais.<\/p>\n<p>Inversor de frequ\u00eancia:<br \/>\nEscolha entre um conversor de frequ\u00eancia que \u00e9 montado diretamente no aparelho ou um que pode ser montado na parede no local.<\/p>\n<p>Nota importante:<br \/>\nUma vez que os contentores IBC n\u00e3o s\u00e3o normalizados, pedimos-lhe que verifique cuidadosamente as dimens\u00f5es dos seus contentores com anteced\u00eancia. Se tiver alguma d\u00favida, n\u00e3o hesite em contactar-nos - teremos todo o prazer em aconselh\u00e1-lo pessoalmente!<\/p>\n<p>\u00c2mbito de fornecimento:<br \/>\nO agitador \u00e9 fornecido sem recipiente.<\/p>","protected":false},"excerpt":{"rendered":"<p>Potente agitador de IBC totalmente equipado com eixo agitador, elemento agitador e travessa. Motor el\u00e9trico dispon\u00edvel em tr\u00eas variantes de pot\u00eancia.<\/p>","protected":false},"featured_media":15481,"comment_status":"open","ping_status":"closed","template":"","meta":{"_acf_changed":false},"product_brand":[],"product_cat":[595,614],"product_tag":[],"class_list":{"0":"post-12494","1":"product","2":"type-product","3":"status-publish","4":"has-post-thumbnail","6":"product_cat-ruehrwerkstechnik","7":"product_cat-containerruehrwerke","8":"product_shipping_class-europalette-speditionsversand","9":"pa_antriebsart-elektrisch","10":"pa_behaeltervolumen-ibc","11":"pa_durchmesser-ruehrwelle-25mm","12":"pa_frequenzumrichter-am-geraet","13":"pa_frequenzumrichter-zur-wandmontage","14":"pa_frequenzumrichter-ohne","15":"pa_geeignete-ibc-groessen-600-1200-liter","16":"pa_laenge-ruehrwelle-ca-795mm-ab-deckeloberkante","17":"pa_material-traverse-v4a-edelstahl-1-4404","18":"pa_motorart-stirnradgetriebemotor","19":"pa_motorgroessen-0-411-1-min-15kw-32nm-bis-2-000mpas","20":"pa_motorgroessen-0-245-1-min-15kw-58nm-bis-10-000mpas","21":"pa_motorgroessen-0-337-1-min-3kw-85nm-bis-50-000mpas","22":"pa_ruehrorgan-becherruehrorgan-eco-cup-500mm","23":"pa_schaltart-dreieck-stern","24":"pa_schnellwechselsystem-mit-gewindeverbindung","25":"pa_schnellwechselsystem-mit-schnellwechselsystem","26":"pa_typ-traversenruehrwerk","28":"first","29":"instock","30":"taxable","31":"shipping-taxable","32":"purchasable","33":"product-type-variable"},"bundled_by":[],"bundle_stock_status":"instock","bundle_stock_quantity":null,"bundle_virtual":false,"bundle_layout":"","bundle_add_to_cart_form_location":"","bundle_editable_in_cart":false,"bundle_sold_individually_context":"","bundle_item_grouping":"","bundle_min_size":"","bundle_max_size":"","bundle_price":[],"bundled_items":[],"bundle_sell_ids":[],"exclude_global_add_ons":[],"addons":[],"acf":[],"_links":{"self":[{"href":"https:\/\/ptm-mechatronics.com\/pt\/wp-json\/wp\/v2\/product\/12494","targetHints":{"allow":["GET"]}}],"collection":[{"href":"https:\/\/ptm-mechatronics.com\/pt\/wp-json\/wp\/v2\/product"}],"about":[{"href":"https:\/\/ptm-mechatronics.com\/pt\/wp-json\/wp\/v2\/types\/product"}],"replies":[{"embeddable":true,"href":"https:\/\/ptm-mechatronics.com\/pt\/wp-json\/wp\/v2\/comments?post=12494"}],"wp:featuredmedia":[{"embeddable":true,"href":"https:\/\/ptm-mechatronics.com\/pt\/wp-json\/wp\/v2\/media\/15481"}],"wp:attachment":[{"href":"https:\/\/ptm-mechatronics.com\/pt\/wp-json\/wp\/v2\/media?parent=12494"}],"wp:term":[{"taxonomy":"product_brand","embeddable":true,"href":"https:\/\/ptm-mechatronics.com\/pt\/wp-json\/wp\/v2\/product_brand?post=12494"},{"taxonomy":"product_cat","embeddable":true,"href":"https:\/\/ptm-mechatronics.com\/pt\/wp-json\/wp\/v2\/product_cat?post=12494"},{"taxonomy":"product_tag","embeddable":true,"href":"https:\/\/ptm-mechatronics.com\/pt\/wp-json\/wp\/v2\/product_tag?post=12494"}],"curies":[{"name":"wp","href":"https:\/\/api.w.org\/{rel}","templated":true}]}}