{"id":10455,"date":"2024-07-08T12:12:37","date_gmt":"2024-07-08T10:12:37","guid":{"rendered":"https:\/\/ptm-mechatronics.com\/?post_type=product&#038;p=10455"},"modified":"2025-11-07T15:52:42","modified_gmt":"2025-11-07T14:52:42","slug":"laborruehrwelle-eco-lab-v4a-%e2%8c%8010","status":"publish","type":"product","link":"https:\/\/ptm-mechatronics.com\/pt\/product\/laborruehrwelle-eco-lab-v4a-%e2%8c%8010\/","title":{"rendered":"Veio do agitador de laborat\u00f3rio eco-Lab V4A \u230010"},"content":{"rendered":"<p>Veio do agitador de laborat\u00f3rio com 80 mm de di\u00e2metro em a\u00e7o inoxid\u00e1vel V4A 1.4404 de alta qualidade, comprimento do veio do agitador 450 mm<\/p>","protected":false},"excerpt":{"rendered":"<p>Veio do agitador de laborat\u00f3rio com 10 mm de di\u00e2metro em a\u00e7o inoxid\u00e1vel V4A 1.4404 de alta qualidade<\/p>","protected":false},"featured_media":15474,"comment_status":"open","ping_status":"closed","template":"","meta":{"_acf_changed":false},"product_brand":[],"product_cat":[595,596],"product_tag":[],"class_list":{"0":"post-10455","1":"product","2":"type-product","3":"status-publish","4":"has-post-thumbnail","6":"product_cat-ruehrwerkstechnik","7":"product_cat-laborruehrer","8":"product_shipping_class-karton-paketversand","9":"pa_material-v4a-edelstahl-1-4404","10":"pa_ruehrwellendurchmesser-10mm-mit-spannfutterabsatz-8mm","11":"pa_ruehrwellenlaenge-450mm","13":"first","14":"instock","15":"taxable","16":"shipping-taxable","17":"purchasable","18":"product-type-simple"},"bundled_by":[],"bundle_stock_status":"instock","bundle_stock_quantity":null,"bundle_virtual":false,"bundle_layout":"","bundle_add_to_cart_form_location":"","bundle_editable_in_cart":false,"bundle_sold_individually_context":"","bundle_item_grouping":"","bundle_min_size":"","bundle_max_size":"","bundle_price":[],"bundled_items":[],"bundle_sell_ids":[],"exclude_global_add_ons":[],"addons":[],"acf":[],"_links":{"self":[{"href":"https:\/\/ptm-mechatronics.com\/pt\/wp-json\/wp\/v2\/product\/10455","targetHints":{"allow":["GET"]}}],"collection":[{"href":"https:\/\/ptm-mechatronics.com\/pt\/wp-json\/wp\/v2\/product"}],"about":[{"href":"https:\/\/ptm-mechatronics.com\/pt\/wp-json\/wp\/v2\/types\/product"}],"replies":[{"embeddable":true,"href":"https:\/\/ptm-mechatronics.com\/pt\/wp-json\/wp\/v2\/comments?post=10455"}],"wp:featuredmedia":[{"embeddable":true,"href":"https:\/\/ptm-mechatronics.com\/pt\/wp-json\/wp\/v2\/media\/15474"}],"wp:attachment":[{"href":"https:\/\/ptm-mechatronics.com\/pt\/wp-json\/wp\/v2\/media?parent=10455"}],"wp:term":[{"taxonomy":"product_brand","embeddable":true,"href":"https:\/\/ptm-mechatronics.com\/pt\/wp-json\/wp\/v2\/product_brand?post=10455"},{"taxonomy":"product_cat","embeddable":true,"href":"https:\/\/ptm-mechatronics.com\/pt\/wp-json\/wp\/v2\/product_cat?post=10455"},{"taxonomy":"product_tag","embeddable":true,"href":"https:\/\/ptm-mechatronics.com\/pt\/wp-json\/wp\/v2\/product_tag?post=10455"}],"curies":[{"name":"wp","href":"https:\/\/api.w.org\/{rel}","templated":true}]}}