{"id":10434,"date":"2024-07-04T09:08:32","date_gmt":"2024-07-04T07:08:32","guid":{"rendered":"https:\/\/ptm-mechatronics.com\/?post_type=product&#038;p=10434"},"modified":"2025-11-07T15:52:39","modified_gmt":"2025-11-07T14:52:39","slug":"tri-clamp-ruehrwerk","status":"publish","type":"product","link":"https:\/\/ptm-mechatronics.com\/pt\/product\/tri-clamp-ruehrwerk\/","title":{"rendered":"Agitador Tri Clamp"},"content":{"rendered":"<p class=\"\" data-start=\"126\" data-end=\"206\">Agitadores Tri Clamp personalizados - perfeitamente adaptados \u00e0s suas necessidades<\/p>\n<p class=\"\" data-start=\"208\" data-end=\"519\">Personalize o seu agitador Tri Clamp de acordo com as suas necessidades individuais: Selecione de forma flex\u00edvel a pot\u00eancia do motor desejada e o tamanho correto da liga\u00e7\u00e3o Tri Clamp. Combinamos os componentes de forma \u00f3ptima para a sua \u00e1rea de aplica\u00e7\u00e3o - precisos, eficientes e concebidos para a mais alta qualidade.<\/p>\n<p class=\"\" data-start=\"521\" data-end=\"796\">A fixa\u00e7\u00e3o do veio do agitador pode ser efectuada de duas formas: Optar por um cubo roscado cl\u00e1ssico ou pelo nosso sistema patenteado de troca r\u00e1pida eco-Quick, que permite trocar os veios do agitador de forma particularmente r\u00e1pida e f\u00e1cil.<\/p>\n<p class=\"\" data-start=\"798\" data-end=\"1003\">A nossa equipa experiente ter\u00e1 todo o prazer em aconselh\u00e1-lo na sele\u00e7\u00e3o do agitador Tri Clamp adequado \u00e0 sua aplica\u00e7\u00e3o espec\u00edfica. Contacte-nos diretamente - juntos encontraremos a solu\u00e7\u00e3o perfeita!<\/p>\n<p class=\"\" data-start=\"1005\" data-end=\"1126\"><em data-start=\"1005\" data-end=\"1126\">(Exemplo de imagens de produtos: Agitador de a\u00e7o inoxid\u00e1vel eco-Drive INOX com Tri Clamp, agitador de a\u00e7o inoxid\u00e1vel eco-Seal INOX com Tri Clamp)<\/em><\/p>","protected":false},"excerpt":{"rendered":"<p>Os nossos agitadores Tri Clamp personaliz\u00e1veis combinam pot\u00eancia de motor livremente selecion\u00e1vel e liga\u00e7\u00f5es Tri Clamp com um cubo roscado ou o nosso sistema patenteado de troca r\u00e1pida eco-Quick.<\/p>","protected":false},"featured_media":15464,"comment_status":"open","ping_status":"closed","template":"","meta":{"_acf_changed":false},"product_brand":[],"product_cat":[595,596,632],"product_tag":[2832,2833,2824,2825,2826,2827,2828,2829,2830,2831],"class_list":{"0":"post-10434","1":"product","2":"type-product","3":"status-publish","4":"has-post-thumbnail","6":"product_cat-ruehrwerkstechnik","7":"product_cat-laborruehrer","8":"product_cat-ruehrwerksantriebe","9":"product_tag-edelstahlruehrwerk-online","10":"product_tag-tri-clamp-ruehrtechnik","11":"product_tag-tri-clamp-ruehrwerk","12":"product_tag-edelstahlruehrwerk-tri-clamp","13":"product_tag-ruehrwerk-tri-clamp-anschluss","14":"product_tag-schnellwechselsystem-eco-quick","15":"product_tag-individuell-konfigurierbares-ruehrwerk","16":"product_tag-ruehrwerk-mit-gewindenabe","17":"product_tag-motorleistung-ruehrwerk-waehlen","18":"product_tag-tri-clamp-ruehrwerk-kaufen","19":"product_shipping_class-karton-paketversand","21":"first","22":"outofstock","23":"taxable","24":"shipping-taxable","25":"product-type-simple"},"bundled_by":[],"bundle_stock_status":"outofstock","bundle_stock_quantity":null,"bundle_virtual":false,"bundle_layout":"","bundle_add_to_cart_form_location":"","bundle_editable_in_cart":false,"bundle_sold_individually_context":"","bundle_item_grouping":"","bundle_min_size":"","bundle_max_size":"","bundle_price":[],"bundled_items":[],"bundle_sell_ids":[],"exclude_global_add_ons":[],"addons":[],"acf":[],"_links":{"self":[{"href":"https:\/\/ptm-mechatronics.com\/pt\/wp-json\/wp\/v2\/product\/10434","targetHints":{"allow":["GET"]}}],"collection":[{"href":"https:\/\/ptm-mechatronics.com\/pt\/wp-json\/wp\/v2\/product"}],"about":[{"href":"https:\/\/ptm-mechatronics.com\/pt\/wp-json\/wp\/v2\/types\/product"}],"replies":[{"embeddable":true,"href":"https:\/\/ptm-mechatronics.com\/pt\/wp-json\/wp\/v2\/comments?post=10434"}],"wp:featuredmedia":[{"embeddable":true,"href":"https:\/\/ptm-mechatronics.com\/pt\/wp-json\/wp\/v2\/media\/15464"}],"wp:attachment":[{"href":"https:\/\/ptm-mechatronics.com\/pt\/wp-json\/wp\/v2\/media?parent=10434"}],"wp:term":[{"taxonomy":"product_brand","embeddable":true,"href":"https:\/\/ptm-mechatronics.com\/pt\/wp-json\/wp\/v2\/product_brand?post=10434"},{"taxonomy":"product_cat","embeddable":true,"href":"https:\/\/ptm-mechatronics.com\/pt\/wp-json\/wp\/v2\/product_cat?post=10434"},{"taxonomy":"product_tag","embeddable":true,"href":"https:\/\/ptm-mechatronics.com\/pt\/wp-json\/wp\/v2\/product_tag?post=10434"}],"curies":[{"name":"wp","href":"https:\/\/api.w.org\/{rel}","templated":true}]}}