{"id":10430,"date":"2024-07-03T11:06:05","date_gmt":"2024-07-03T09:06:05","guid":{"rendered":"https:\/\/ptm-mechatronics.com\/?post_type=product&#038;p=10430"},"modified":"2025-11-07T15:52:33","modified_gmt":"2025-11-07T14:52:33","slug":"absaugungen","status":"publish","type":"product","link":"https:\/\/ptm-mechatronics.com\/pt\/product\/absaugungen\/","title":{"rendered":"Unidades de aspira\u00e7\u00e3o"},"content":{"rendered":"<p>A polui\u00e7\u00e3o por poeiras ou gases pode ocorrer no ar ambiente durante a agita\u00e7\u00e3o (por exemplo, ao agitar p\u00f3s ou ao adicionar p\u00f3s \u00e0 mistura). Com um sistema de extra\u00e7\u00e3o, \u00e9 poss\u00edvel garantir um processo de agita\u00e7\u00e3o sem poeiras\/gases. Podemos tamb\u00e9m fornecer-lhe unidades de extra\u00e7\u00e3o certificadas pela ATEX para atmosferas potencialmente explosivas.<\/p>\n<p>Basta contactar-nos diretamente para determinar o tamanho e a pot\u00eancia. Os nossos especialistas ter\u00e3o todo o prazer em o aconselhar.<\/p>\n<p>(Fotos do produto: Design exemplar)<\/p>","protected":false},"excerpt":{"rendered":"<p>Unidades de extra\u00e7\u00e3o de diferentes tamanhos e capacidades, tamb\u00e9m certificadas pela ATEX<\/p>","protected":false},"featured_media":15463,"comment_status":"open","ping_status":"closed","template":"","meta":{"_acf_changed":false},"product_brand":[],"product_cat":[614,1421,595,603,612],"product_tag":[],"class_list":{"0":"post-10430","1":"product","2":"type-product","3":"status-publish","4":"has-post-thumbnail","6":"product_cat-containerruehrwerke","7":"product_cat-zubehoer-ruehrwerkstechnik","8":"product_cat-ruehrwerkstechnik","9":"product_cat-fassruehrwerke","10":"product_cat-kleingebinderuehrwerke","11":"product_shipping_class-europalette-speditionsversand","13":"first","14":"outofstock","15":"taxable","16":"shipping-taxable","17":"product-type-simple"},"bundled_by":[],"bundle_stock_status":"outofstock","bundle_stock_quantity":null,"bundle_virtual":false,"bundle_layout":"","bundle_add_to_cart_form_location":"","bundle_editable_in_cart":false,"bundle_sold_individually_context":"","bundle_item_grouping":"","bundle_min_size":"","bundle_max_size":"","bundle_price":[],"bundled_items":[],"bundle_sell_ids":[],"exclude_global_add_ons":[],"addons":[],"acf":[],"_links":{"self":[{"href":"https:\/\/ptm-mechatronics.com\/pt\/wp-json\/wp\/v2\/product\/10430","targetHints":{"allow":["GET"]}}],"collection":[{"href":"https:\/\/ptm-mechatronics.com\/pt\/wp-json\/wp\/v2\/product"}],"about":[{"href":"https:\/\/ptm-mechatronics.com\/pt\/wp-json\/wp\/v2\/types\/product"}],"replies":[{"embeddable":true,"href":"https:\/\/ptm-mechatronics.com\/pt\/wp-json\/wp\/v2\/comments?post=10430"}],"wp:featuredmedia":[{"embeddable":true,"href":"https:\/\/ptm-mechatronics.com\/pt\/wp-json\/wp\/v2\/media\/15463"}],"wp:attachment":[{"href":"https:\/\/ptm-mechatronics.com\/pt\/wp-json\/wp\/v2\/media?parent=10430"}],"wp:term":[{"taxonomy":"product_brand","embeddable":true,"href":"https:\/\/ptm-mechatronics.com\/pt\/wp-json\/wp\/v2\/product_brand?post=10430"},{"taxonomy":"product_cat","embeddable":true,"href":"https:\/\/ptm-mechatronics.com\/pt\/wp-json\/wp\/v2\/product_cat?post=10430"},{"taxonomy":"product_tag","embeddable":true,"href":"https:\/\/ptm-mechatronics.com\/pt\/wp-json\/wp\/v2\/product_tag?post=10430"}],"curies":[{"name":"wp","href":"https:\/\/api.w.org\/{rel}","templated":true}]}}