{"id":10426,"date":"2024-07-03T08:32:15","date_gmt":"2024-07-03T06:32:15","guid":{"rendered":"https:\/\/ptm-mechatronics.com\/?post_type=product&#038;p=10426"},"modified":"2025-11-07T15:52:32","modified_gmt":"2025-11-07T14:52:32","slug":"faesser","status":"publish","type":"product","link":"https:\/\/ptm-mechatronics.com\/pt\/product\/faesser\/","title":{"rendered":"Barris"},"content":{"rendered":"<p>Podemos fornecer-lhe bid\u00f5es de v\u00e1rios tamanhos em pl\u00e1stico ou metal. Basta contactar-nos diretamente para indicar o tamanho e o material pretendidos. Os nossos especialistas ter\u00e3o todo o prazer em o aconselhar.<\/p>","protected":false},"excerpt":{"rendered":"<p>Barris de v\u00e1rios tamanhos e materiais a pedido<\/p>","protected":false},"featured_media":15456,"comment_status":"open","ping_status":"closed","template":"","meta":{"_acf_changed":false},"product_brand":[],"product_cat":[612,1421,595,603],"product_tag":[],"class_list":{"0":"post-10426","1":"product","2":"type-product","3":"status-publish","4":"has-post-thumbnail","6":"product_cat-kleingebinderuehrwerke","7":"product_cat-zubehoer-ruehrwerkstechnik","8":"product_cat-ruehrwerkstechnik","9":"product_cat-fassruehrwerke","10":"product_shipping_class-europalette-speditionsversand","12":"first","13":"outofstock","14":"taxable","15":"shipping-taxable","16":"product-type-simple"},"bundled_by":[],"bundle_stock_status":"outofstock","bundle_stock_quantity":null,"bundle_virtual":false,"bundle_layout":"","bundle_add_to_cart_form_location":"","bundle_editable_in_cart":false,"bundle_sold_individually_context":"","bundle_item_grouping":"","bundle_min_size":"","bundle_max_size":"","bundle_price":[],"bundled_items":[],"bundle_sell_ids":[],"exclude_global_add_ons":[],"addons":[],"acf":[],"_links":{"self":[{"href":"https:\/\/ptm-mechatronics.com\/pt\/wp-json\/wp\/v2\/product\/10426","targetHints":{"allow":["GET"]}}],"collection":[{"href":"https:\/\/ptm-mechatronics.com\/pt\/wp-json\/wp\/v2\/product"}],"about":[{"href":"https:\/\/ptm-mechatronics.com\/pt\/wp-json\/wp\/v2\/types\/product"}],"replies":[{"embeddable":true,"href":"https:\/\/ptm-mechatronics.com\/pt\/wp-json\/wp\/v2\/comments?post=10426"}],"wp:featuredmedia":[{"embeddable":true,"href":"https:\/\/ptm-mechatronics.com\/pt\/wp-json\/wp\/v2\/media\/15456"}],"wp:attachment":[{"href":"https:\/\/ptm-mechatronics.com\/pt\/wp-json\/wp\/v2\/media?parent=10426"}],"wp:term":[{"taxonomy":"product_brand","embeddable":true,"href":"https:\/\/ptm-mechatronics.com\/pt\/wp-json\/wp\/v2\/product_brand?post=10426"},{"taxonomy":"product_cat","embeddable":true,"href":"https:\/\/ptm-mechatronics.com\/pt\/wp-json\/wp\/v2\/product_cat?post=10426"},{"taxonomy":"product_tag","embeddable":true,"href":"https:\/\/ptm-mechatronics.com\/pt\/wp-json\/wp\/v2\/product_tag?post=10426"}],"curies":[{"name":"wp","href":"https:\/\/api.w.org\/{rel}","templated":true}]}}