{"id":10387,"date":"2024-06-26T08:52:52","date_gmt":"2024-06-26T06:52:52","guid":{"rendered":"https:\/\/ptm-mechatronics.com\/?post_type=product&#038;p=10387"},"modified":"2025-11-07T15:52:30","modified_gmt":"2025-11-07T14:52:30","slug":"fasswagen","status":"publish","type":"product","link":"https:\/\/ptm-mechatronics.com\/pt\/product\/fasswagen\/","title":{"rendered":"Carrinho de barril"},"content":{"rendered":"<p>Os nossos carrinhos de bid\u00f5es tornam a aplica\u00e7\u00e3o do agitador m\u00f3vel. Isto permite-lhe deslocar comodamente os seus tambores com agitador entre processos. Os rolos ESD impedem a carga eletrost\u00e1tica atrav\u00e9s do meio de transporte ou das mercadorias transportadas.<\/p>\n<p>Fabricamos os nossos carros de barris por medida. Basta contactar-nos diretamente para determinar as dimens\u00f5es e o equipamento. Os nossos especialistas ter\u00e3o todo o prazer em o aconselhar.<\/p>","protected":false},"excerpt":{"rendered":"<p>Carrinho para bid\u00f5es com rod\u00edzios ESD para trabalho m\u00f3vel<\/p>","protected":false},"featured_media":15456,"comment_status":"open","ping_status":"closed","template":"","meta":{"_acf_changed":false},"product_brand":[],"product_cat":[595,603,612,1421],"product_tag":[],"class_list":{"0":"post-10387","1":"product","2":"type-product","3":"status-publish","4":"has-post-thumbnail","6":"product_cat-ruehrwerkstechnik","7":"product_cat-fassruehrwerke","8":"product_cat-kleingebinderuehrwerke","9":"product_cat-zubehoer-ruehrwerkstechnik","10":"product_shipping_class-karton-paketversand","12":"first","13":"outofstock","14":"taxable","15":"shipping-taxable","16":"product-type-simple"},"bundled_by":[],"bundle_stock_status":"outofstock","bundle_stock_quantity":null,"bundle_virtual":false,"bundle_layout":"","bundle_add_to_cart_form_location":"","bundle_editable_in_cart":false,"bundle_sold_individually_context":"","bundle_item_grouping":"","bundle_min_size":"","bundle_max_size":"","bundle_price":[],"bundled_items":[],"bundle_sell_ids":[],"exclude_global_add_ons":[],"addons":[],"acf":[],"_links":{"self":[{"href":"https:\/\/ptm-mechatronics.com\/pt\/wp-json\/wp\/v2\/product\/10387","targetHints":{"allow":["GET"]}}],"collection":[{"href":"https:\/\/ptm-mechatronics.com\/pt\/wp-json\/wp\/v2\/product"}],"about":[{"href":"https:\/\/ptm-mechatronics.com\/pt\/wp-json\/wp\/v2\/types\/product"}],"replies":[{"embeddable":true,"href":"https:\/\/ptm-mechatronics.com\/pt\/wp-json\/wp\/v2\/comments?post=10387"}],"wp:featuredmedia":[{"embeddable":true,"href":"https:\/\/ptm-mechatronics.com\/pt\/wp-json\/wp\/v2\/media\/15456"}],"wp:attachment":[{"href":"https:\/\/ptm-mechatronics.com\/pt\/wp-json\/wp\/v2\/media?parent=10387"}],"wp:term":[{"taxonomy":"product_brand","embeddable":true,"href":"https:\/\/ptm-mechatronics.com\/pt\/wp-json\/wp\/v2\/product_brand?post=10387"},{"taxonomy":"product_cat","embeddable":true,"href":"https:\/\/ptm-mechatronics.com\/pt\/wp-json\/wp\/v2\/product_cat?post=10387"},{"taxonomy":"product_tag","embeddable":true,"href":"https:\/\/ptm-mechatronics.com\/pt\/wp-json\/wp\/v2\/product_tag?post=10387"}],"curies":[{"name":"wp","href":"https:\/\/api.w.org\/{rel}","templated":true}]}}