{"id":10382,"date":"2024-06-25T11:08:03","date_gmt":"2024-06-25T09:08:03","guid":{"rendered":"https:\/\/ptm-mechatronics.com\/?post_type=product&#038;p=10382"},"modified":"2026-03-25T11:38:11","modified_gmt":"2026-03-25T10:38:11","slug":"ruehrwerk-zur-montage-auf-hobbocks-30-liter-25kg","status":"publish","type":"product","link":"https:\/\/ptm-mechatronics.com\/pt\/product\/ruehrwerk-zur-montage-auf-hobbocks-30-liter-25kg\/","title":{"rendered":"Agitador pneum\u00e1tico para montagem em placas de fog\u00e3o 30 litros \/ 25kg - ATEX"},"content":{"rendered":"<h1 data-start=\"255\" data-end=\"349\"><span style=\"font-size: 75%;\">Agitador pneum\u00e1tico para recipientes de 30 litros - certificado ATEX, eficiente, seguro para o processo<\/span><\/h1>\n<p data-start=\"351\" data-end=\"646\">O agitador compacto \u00e9 composto por um acionamento pneum\u00e1tico potente e eficiente em termos energ\u00e9ticos com certifica\u00e7\u00e3o ATEX para a Zona 1, um veio agitador de alta qualidade em a\u00e7o inoxid\u00e1vel V4A (1.4404) e o elemento agitador eco-Cup testado e comprovado - tamb\u00e9m em a\u00e7o inoxid\u00e1vel V4A.<\/p>\n<p data-start=\"648\" data-end=\"987\">Os componentes est\u00e3o perfeitamente adaptados aos processos de mistura em recipientes de 30 litros e garantem uma mistura uniforme e suave de meios de baixa a alta viscosidade. O agitador proporciona um resultado de mistura homog\u00e9neo, \u00e9 robusto na utiliza\u00e7\u00e3o industrial e garante um processamento seguro e higi\u00e9nico.<\/p>","protected":false},"excerpt":{"rendered":"<p>Agitador potente totalmente equipado com eixo agitador e agitador de copo para tambor de 30 litros - acionamento ATEX Zona 1<\/p>","protected":false},"featured_media":15455,"comment_status":"open","ping_status":"closed","template":"","meta":{"_acf_changed":false},"product_brand":[],"product_cat":[595,612],"product_tag":[2637,2707,2814,2956,3117,3159,3200,3201,3202,2517],"class_list":{"0":"post-10382","1":"product","2":"type-product","3":"status-publish","4":"has-post-thumbnail","6":"product_cat-ruehrwerkstechnik","7":"product_cat-kleingebinderuehrwerke","8":"product_tag-ruehrwerk-fuer-hochviskose-medien","9":"product_tag-ruehrtechnik-industrie","10":"product_tag-atex-ruehrwerk","11":"product_tag-pneumatischer-ruehrantrieb","12":"product_tag-v4a-ruehrwelle","13":"product_tag-eco-cup-ruehrorgan","14":"product_tag-ruehrwerk-30-liter","15":"product_tag-hobbock-ruehrwerk","16":"product_tag-atex-zone-1","17":"product_tag-edelstahl-ruehrwerk","18":"product_shipping_class-karton-paketversand","19":"pa_antriebsart-pneumatisch","20":"pa_atex-zone-122122","21":"pa_behaeltervolumen-30-liter","22":"pa_dichtung-ptfe","23":"pa_drehmoment-4nm","24":"pa_drehzahl-0-300-1-min","25":"pa_durchmesser-ruehrwelle-16mm","26":"pa_ex-gas-ex-ii-2-g-ex-h-iic-t5-gb-x","27":"pa_ex-staub-ex-ii-2-d-ex-h-iiic-t100c-db-x","28":"pa_geraeuschpegel-75db","29":"pa_labs-oel-und-silikonfrei","30":"pa_laenge-ruehrwelle-ca-360mm-ab-deckeloberkante","31":"pa_material-gehaeuse-aluminium-eloxiert","32":"pa_mittlerer-luftverbrauch-25l-min","33":"pa_ruehrorgan-becherruehrorgan-eco-cup-150mm","34":"pa_schutzart-ip67","35":"pa_steckverschraubung-abluft-schlauch-o10mm","36":"pa_steckverschraubung-zuluft-schlauch-o6mm","37":"pa_versorgung-5-6bar","39":"first","40":"instock","41":"taxable","42":"shipping-taxable","43":"purchasable","44":"product-type-simple"},"bundled_by":[],"bundle_stock_status":"instock","bundle_stock_quantity":null,"bundle_virtual":false,"bundle_layout":"","bundle_add_to_cart_form_location":"","bundle_editable_in_cart":false,"bundle_sold_individually_context":"","bundle_item_grouping":"","bundle_min_size":"","bundle_max_size":"","bundle_price":[],"bundled_items":[],"bundle_sell_ids":[],"exclude_global_add_ons":[],"addons":[],"acf":[],"_links":{"self":[{"href":"https:\/\/ptm-mechatronics.com\/pt\/wp-json\/wp\/v2\/product\/10382","targetHints":{"allow":["GET"]}}],"collection":[{"href":"https:\/\/ptm-mechatronics.com\/pt\/wp-json\/wp\/v2\/product"}],"about":[{"href":"https:\/\/ptm-mechatronics.com\/pt\/wp-json\/wp\/v2\/types\/product"}],"replies":[{"embeddable":true,"href":"https:\/\/ptm-mechatronics.com\/pt\/wp-json\/wp\/v2\/comments?post=10382"}],"wp:featuredmedia":[{"embeddable":true,"href":"https:\/\/ptm-mechatronics.com\/pt\/wp-json\/wp\/v2\/media\/15455"}],"wp:attachment":[{"href":"https:\/\/ptm-mechatronics.com\/pt\/wp-json\/wp\/v2\/media?parent=10382"}],"wp:term":[{"taxonomy":"product_brand","embeddable":true,"href":"https:\/\/ptm-mechatronics.com\/pt\/wp-json\/wp\/v2\/product_brand?post=10382"},{"taxonomy":"product_cat","embeddable":true,"href":"https:\/\/ptm-mechatronics.com\/pt\/wp-json\/wp\/v2\/product_cat?post=10382"},{"taxonomy":"product_tag","embeddable":true,"href":"https:\/\/ptm-mechatronics.com\/pt\/wp-json\/wp\/v2\/product_tag?post=10382"}],"curies":[{"name":"wp","href":"https:\/\/api.w.org\/{rel}","templated":true}]}}