{"id":30,"date":"2022-11-10T16:18:31","date_gmt":"2022-11-10T15:18:31","guid":{"rendered":"http:\/\/wp14192964.server-he.de\/bezahlmoeglichkeiten\/"},"modified":"2022-12-06T09:54:43","modified_gmt":"2022-12-06T08:54:43","slug":"bezahlmoeglichkeiten","status":"publish","type":"page","link":"https:\/\/ptm-mechatronics.com\/pt\/bezahlmoeglichkeiten\/","title":{"rendered":"M\u00e9todos de pagamento"},"content":{"rendered":"<section class=\"section\" id=\"section_40732856\">\n\t\t<div class=\"section-bg fill\" >\n\t\t\t\t\t\t\t\t\t\n\t\t\t\n\n\t\t<\/div>\n\n\t\t\n\n\t\t<div class=\"section-content relative\">\n\t\t\t\n<div class=\"row\"  id=\"row-1598067585\">\n\n\t<div id=\"col-589354531\" class=\"col small-12 large-12\"  >\n\t\t\t\t<div class=\"col-inner\"  >\n\t\t\t\n\t\t\t\n<h1 class=\"nitro-offscreen\">Op\u00e7\u00f5es de pagamento<\/h1>\n<p class=\"nitro-offscreen\">Oferecemos os seguintes m\u00e9todos de pagamento. Basta escolher o m\u00e9todo de pagamento que mais lhe conv\u00e9m.<\/p>\n<p>-Klarna<\/p>\n<p>Fatura (A compra por conta \u00e9 processada atrav\u00e9s do prestador de servi\u00e7os de pagamento Klarna Bank AB (\u201cKlarna\u201d). A oferta da op\u00e7\u00e3o de pagamento compra por conta n\u00e3o existe para todas as ofertas na Picadera e requer, entre outras coisas, um controlo de identidade e de cr\u00e9dito conclu\u00eddo com \u00eaxito).<\/p>\n<p>D\u00e9bito direto (o montante do pagamento deve ser pago por d\u00e9bito direto ap\u00f3s a celebra\u00e7\u00e3o do contrato e ser\u00e1 debitado da sua conta espec\u00edfica pelo Klarna Bank AB (\u201cKlarna\u201d) ap\u00f3s autoriza\u00e7\u00e3o expressa).<\/p>\n<p>-Cart\u00e3o de cr\u00e9dito<\/p>\n<p>Pagamento c\u00f3modo por MasterCard, Visa ou American Express<\/p>\n<p>-Giropay<\/p>\n<p>Pague de forma r\u00e1pida, f\u00e1cil e segura por transfer\u00eancia banc\u00e1ria em linha.<\/p>\n<p>-Przelewy24<\/p>\n<p>Pagamento seguro, descomplicado e r\u00e1pido na Pol\u00f3nia com Przelewy24.<\/p>\n<p>-Transfer\u00eancia banc\u00e1ria imediata<\/p>\n<p>Pagar simplesmente com Sofort \u00dcberweisung<\/p>\n<p>-Paypal<\/p>\n<p>Pague de forma ainda mais r\u00e1pida e segura com a sua conta PayPal.<\/p>\n<p>-Apple Pay<\/p>\n<p>Agora tamb\u00e9m pode pagar diretamente atrav\u00e9s do telem\u00f3vel com o Apple Pay<\/p>\n\t\t<\/div>\n\t\t\t\t\t<\/div>\n\n\t\n<\/div>\n\t\t<\/div>\n\n\t\t\n<style>\n#section_40732856 {\n  padding-top: 30px;\n  padding-bottom: 30px;\n}\n<\/style>\n\t<\/section>","protected":false},"excerpt":{"rendered":"","protected":false},"author":51,"featured_media":0,"parent":0,"menu_order":0,"comment_status":"closed","ping_status":"closed","template":"page-blank.php","meta":{"_acf_changed":false,"footnotes":""},"class_list":["post-30","page","type-page","status-publish","hentry"],"acf":[],"_links":{"self":[{"href":"https:\/\/ptm-mechatronics.com\/pt\/wp-json\/wp\/v2\/pages\/30","targetHints":{"allow":["GET"]}}],"collection":[{"href":"https:\/\/ptm-mechatronics.com\/pt\/wp-json\/wp\/v2\/pages"}],"about":[{"href":"https:\/\/ptm-mechatronics.com\/pt\/wp-json\/wp\/v2\/types\/page"}],"author":[{"embeddable":true,"href":"https:\/\/ptm-mechatronics.com\/pt\/wp-json\/wp\/v2\/users\/51"}],"replies":[{"embeddable":true,"href":"https:\/\/ptm-mechatronics.com\/pt\/wp-json\/wp\/v2\/comments?post=30"}],"version-history":[{"count":4,"href":"https:\/\/ptm-mechatronics.com\/pt\/wp-json\/wp\/v2\/pages\/30\/revisions"}],"predecessor-version":[{"id":67,"href":"https:\/\/ptm-mechatronics.com\/pt\/wp-json\/wp\/v2\/pages\/30\/revisions\/67"}],"wp:attachment":[{"href":"https:\/\/ptm-mechatronics.com\/pt\/wp-json\/wp\/v2\/media?parent=30"}],"curies":[{"name":"wp","href":"https:\/\/api.w.org\/{rel}","templated":true}]}}