{"id":29,"date":"2022-11-10T16:18:31","date_gmt":"2022-11-10T15:18:31","guid":{"rendered":"http:\/\/wp14192964.server-he.de\/versandarten\/"},"modified":"2024-01-18T11:48:05","modified_gmt":"2024-01-18T10:48:05","slug":"versandarten","status":"publish","type":"page","link":"https:\/\/ptm-mechatronics.com\/pt\/versandarten\/","title":{"rendered":"M\u00e9todos de envio"},"content":{"rendered":"<section class=\"section\" id=\"section_1690824087\">\n\t\t<div class=\"section-bg fill\" >\n\t\t\t\t\t\t\t\t\t\n\t\t\t\n\n\t\t<\/div>\n\n\t\t\n\n\t\t<div class=\"section-content relative\">\n\t\t\t\n<div class=\"row\"  id=\"row-90981493\">\n\n\t<div id=\"col-11969532\" class=\"col small-12 large-12\"  >\n\t\t\t\t<div class=\"col-inner\"  >\n\t\t\t\n\t\t\t\n<h1 class=\"nitro-offscreen\">M\u00e9todos de envio<\/h1>\n<p class=\"nitro-offscreen\">Oferecemos as seguintes op\u00e7\u00f5es de envio:<\/p>\n<p>UPS<\/p>\n<p>Envio com a UPS dentro da Alemanha por uma taxa de envio fixa de<\/p>\n<p>15 euros para encomendas at\u00e9 30 kg<br \/>\n30 euros para encomendas entre 30,1 e 60 kg<br \/>\n45 euros para pacotes de 60,1 e 90 kg.<\/p>\n<p>Envio com a UPS dentro da UE por uma taxa de envio fixa de<\/p>\n<p>30 euros para encomendas at\u00e9 30 kg<br \/>\n60 euros para encomendas entre 30,1 e 60 kg<br \/>\n90 euros para pacotes de 60,1 e 90 kg.<\/p>\n<p>Expedi\u00e7\u00e3o por transit\u00e1rio<\/p>\n<p>Expedi\u00e7\u00e3o de uma palete Euro na Alemanha: C\u00f3digo postal 0-5 300\u20ac C\u00f3digo postal 6-9 150\u20ac<br \/>\nEnvio de uma palete especial na Alemanha: c\u00f3digo postal 0-5 600\u20ac c\u00f3digo postal 6-9 300\u20ac<\/p>\n<p>Expedi\u00e7\u00e3o de uma palete Euro na UE: a pedido<br \/>\nExpedi\u00e7\u00e3o de uma palete especial na UE: a pedido<\/p>\n<p>Recolha no local<\/p>\n<p>Tamb\u00e9m pode recolher comodamente o seu produto no local.<\/p>\n\t\t<\/div>\n\t\t\t\t\t<\/div>\n\n\t\n<\/div>\n\t\t<\/div>\n\n\t\t\n<style>\n#section_1690824087 {\n  padding-top: 30px;\n  padding-bottom: 30px;\n}\n<\/style>\n\t<\/section>","protected":false},"excerpt":{"rendered":"","protected":false},"author":51,"featured_media":0,"parent":0,"menu_order":0,"comment_status":"closed","ping_status":"closed","template":"page-blank.php","meta":{"_acf_changed":false,"footnotes":""},"class_list":["post-29","page","type-page","status-publish","hentry"],"acf":[],"_links":{"self":[{"href":"https:\/\/ptm-mechatronics.com\/pt\/wp-json\/wp\/v2\/pages\/29","targetHints":{"allow":["GET"]}}],"collection":[{"href":"https:\/\/ptm-mechatronics.com\/pt\/wp-json\/wp\/v2\/pages"}],"about":[{"href":"https:\/\/ptm-mechatronics.com\/pt\/wp-json\/wp\/v2\/types\/page"}],"author":[{"embeddable":true,"href":"https:\/\/ptm-mechatronics.com\/pt\/wp-json\/wp\/v2\/users\/51"}],"replies":[{"embeddable":true,"href":"https:\/\/ptm-mechatronics.com\/pt\/wp-json\/wp\/v2\/comments?post=29"}],"version-history":[{"count":7,"href":"https:\/\/ptm-mechatronics.com\/pt\/wp-json\/wp\/v2\/pages\/29\/revisions"}],"predecessor-version":[{"id":7585,"href":"https:\/\/ptm-mechatronics.com\/pt\/wp-json\/wp\/v2\/pages\/29\/revisions\/7585"}],"wp:attachment":[{"href":"https:\/\/ptm-mechatronics.com\/pt\/wp-json\/wp\/v2\/media?parent=29"}],"curies":[{"name":"wp","href":"https:\/\/api.w.org\/{rel}","templated":true}]}}