{"id":15999,"date":"2026-01-28T11:12:58","date_gmt":"2026-01-28T10:12:58","guid":{"rendered":"https:\/\/ptm-mechatronics.com\/?page_id=15999"},"modified":"2026-04-23T15:02:41","modified_gmt":"2026-04-23T13:02:41","slug":"dokumentation","status":"publish","type":"page","link":"https:\/\/ptm-mechatronics.com\/pt\/dokumentation\/","title":{"rendered":"Documenta\u00e7\u00e3o"},"content":{"rendered":"<div class=\"banner has-hover\" id=\"banner-857684473\">\n          <div class=\"banner-inner fill\">\n        <div class=\"banner-bg fill\" >\n                                                \n                    <\/div>\n\t\t\n        <div class=\"banner-layers container\">\n            <div class=\"fill banner-link\"><\/div>            \n   <div id=\"text-box-2093022675\" class=\"text-box banner-layer x50 md-x50 lg-x50 y50 md-y50 lg-y50 res-text\">\n                                <div class=\"text-box-content text dark\">\n              \n              <div class=\"text-inner text-center\">\n                  \n<h1><span style=\"font-size: 90%;\">Documenta\u00e7\u00e3o<\/span><\/h1>\n              <\/div>\n           <\/div>\n                            \n<style>\n#text-box-2093022675 {\n  width: 60%;\n}\n#text-box-2093022675 .text-box-content {\n  font-size: 100%;\n}\n<\/style>\n    <\/div>\n \n        <\/div>\n      <\/div>\n\n            \n<style>\n#banner-857684473 {\n  padding-top: 200px;\n}\n<\/style>\n  <\/div>\n\n\n\n\t<section class=\"section\" id=\"section_1969681333\">\n\t\t<div class=\"section-bg fill\" >\n\t\t\t\t\t\t\t\t\t\n\t\t\t\n\n\t\t<\/div>\n\n\t\t\n\n\t\t<div class=\"section-content relative\">\n\t\t\t\n<div class=\"row row-small align-equal\"  id=\"row-1122734002\">\n\n\t<div id=\"col-1748572288\" class=\"col medium-3 small-12 large-3\"  >\n\t\t\t\t<div class=\"col-inner\" style=\"background-color:rgb(41, 109, 173);\" >\n\t\t\t\n\t\t\t\n\t<div id=\"text-3852105894\" class=\"text\">\n\t\t\n<p>Modelo<\/p>\n\t\t\n<style>\n#text-3852105894 {\n  text-align: center;\n  color: rgb(255, 255, 255);\n}\n#text-3852105894 > * {\n  color: rgb(255, 255, 255);\n}\n<\/style>\n\t<\/div>\n\t\n\t\t<\/div>\n\t\t\t\t\n<style>\n#col-1748572288 > .col-inner {\n  padding: 10px 10px 0px 10px;\n}\n<\/style>\n\t<\/div>\n\n\t\n\n\t<div id=\"col-1925283869\" class=\"col medium-3 small-12 large-3\"  >\n\t\t\t\t<div class=\"col-inner\" style=\"background-color:rgb(41, 109, 173);\" >\n\t\t\t\n\t\t\t\n\t<div id=\"text-1645072388\" class=\"text\">\n\t\t\n<p>Documento<\/p>\n\t\t\n<style>\n#text-1645072388 {\n  text-align: center;\n  color: rgb(255, 255, 255);\n}\n#text-1645072388 > * {\n  color: rgb(255, 255, 255);\n}\n<\/style>\n\t<\/div>\n\t\n\t\t<\/div>\n\t\t\t\t\n<style>\n#col-1925283869 > .col-inner {\n  padding: 10px 10px 0px 10px;\n}\n<\/style>\n\t<\/div>\n\n\t\n\n\t<div id=\"col-1346727698\" class=\"col medium-3 small-12 large-3\"  >\n\t\t\t\t<div class=\"col-inner\" style=\"background-color:rgb(41, 109, 173);\" >\n\t\t\t\n\t\t\t\n\t<div id=\"text-4160895066\" class=\"text\">\n\t\t\n<p>L\u00edngua<\/p>\n\t\t\n<style>\n#text-4160895066 {\n  text-align: center;\n  color: rgb(255, 255, 255);\n}\n#text-4160895066 > * {\n  color: rgb(255, 255, 255);\n}\n<\/style>\n\t<\/div>\n\t\n\t\t<\/div>\n\t\t\t\t\n<style>\n#col-1346727698 > .col-inner {\n  padding: 10px 10px 0px 10px;\n}\n<\/style>\n\t<\/div>\n\n\t\n\n\t<div id=\"col-181108800\" class=\"col medium-3 small-12 large-3\"  >\n\t\t\t\t<div class=\"col-inner\" style=\"background-color:rgb(41, 109, 173);\" >\n\t\t\t\n\t\t\t\n\t<div id=\"text-3172357738\" class=\"text\">\n\t\t\n<p>descarregar<\/p>\n\t\t\n<style>\n#text-3172357738 {\n  text-align: center;\n  color: rgb(255, 255, 255);\n}\n#text-3172357738 > * {\n  color: rgb(255, 255, 255);\n}\n<\/style>\n\t<\/div>\n\t\n\t\t<\/div>\n\t\t\t\t\n<style>\n#col-181108800 > .col-inner {\n  padding: 10px 10px 0px 10px;\n}\n<\/style>\n\t<\/div>\n\n\t\n<\/div>\n<div class=\"row row-small align-equal\"  id=\"row-1731175459\">\n\n\t<div id=\"col-341383790\" class=\"col medium-3 small-12 large-3\"  >\n\t\t\t\t<div class=\"col-inner\" style=\"background-color:rgb(239, 239, 239);\" >\n\t\t\t\n\t\t\t\n<p>Motores pneum\u00e1ticos<br \/>B\u00c1SICO, ATEX, INOX, IP67<br \/>0450\/0900\/1800\/3600\/7200<\/p>\n\t\t<\/div>\n\t\t\t\t\n<style>\n#col-341383790 > .col-inner {\n  padding: 10px 10px 0px 10px;\n}\n<\/style>\n\t<\/div>\n\n\t\n\n\t<div id=\"col-775129192\" class=\"col medium-3 small-12 large-3\"  >\n\t\t\t\t<div class=\"col-inner\" style=\"background-color:rgb(239, 239, 239);\" >\n\t\t\t\n\t\t\t\n<p>Instru\u00e7\u00f5es de montagem e de utiliza\u00e7\u00e3o<\/p>\n\t\t<\/div>\n\t\t\t\t\n<style>\n#col-775129192 > .col-inner {\n  padding: 10px 10px 0px 10px;\n}\n<\/style>\n\t<\/div>\n\n\t\n\n\t<div id=\"col-110377300\" class=\"col medium-3 small-12 large-3\"  >\n\t\t\t\t<div class=\"col-inner\" style=\"background-color:rgb(239, 239, 239);\" >\n\t\t\t\n\t\t\t\n<p>Alem\u00e3o \/ Ingl\u00eas<\/p>\n\t\t<\/div>\n\t\t\t\t\n<style>\n#col-110377300 > .col-inner {\n  padding: 10px 10px 0px 10px;\n}\n<\/style>\n\t<\/div>\n\n\t\n\n\t<div id=\"col-2137958773\" class=\"col medium-3 small-12 large-3\"  >\n\t\t\t\t<div class=\"col-inner text-center\"  >\n\t\t\t\n\t\t\t\n<a href=\"https:\/\/ptm-mechatronics.com\/wp-content\/uploads\/2026\/01\/PMO_V4.pdf\" target=\"_blank\" class=\"button primary expand\" rel=\"noopener\" style=\"border-radius:10px;\">\n\t\t<span>Manual de instru\u00e7\u00f5es V4<\/span>\n\t<\/a>\n\n\t\t<\/div>\n\t\t\t\t\t<\/div>\n\n\t\n<\/div>\n<div class=\"row row-small align-equal\"  id=\"row-430500832\">\n\n\t<div id=\"col-1158582551\" class=\"col medium-3 small-12 large-3\"  >\n\t\t\t\t<div class=\"col-inner\" style=\"background-color:rgb(239, 239, 239);\" >\n\t\t\t\n\t\t\t\n<p>O agitador acciona o pneum\u00e1tico.<br \/>eco, eco-Drive<br \/>0450\/0900\/1800\/3600\/6500<\/p>\n\t\t<\/div>\n\t\t\t\t\n<style>\n#col-1158582551 > .col-inner {\n  padding: 10px 10px 0px 10px;\n}\n<\/style>\n\t<\/div>\n\n\t\n\n\t<div id=\"col-1171327877\" class=\"col medium-3 small-12 large-3\"  >\n\t\t\t\t<div class=\"col-inner\" style=\"background-color:rgb(239, 239, 239);\" >\n\t\t\t\n\t\t\t\n<p>Instru\u00e7\u00f5es de montagem e de utiliza\u00e7\u00e3o<\/p>\n\t\t<\/div>\n\t\t\t\t\n<style>\n#col-1171327877 > .col-inner {\n  padding: 10px 10px 0px 10px;\n}\n<\/style>\n\t<\/div>\n\n\t\n\n\t<div id=\"col-845225810\" class=\"col medium-3 small-12 large-3\"  >\n\t\t\t\t<div class=\"col-inner\" style=\"background-color:rgb(239, 239, 239);\" >\n\t\t\t\n\t\t\t\n<p>Alem\u00e3o \/ Ingl\u00eas<\/p>\n\t\t<\/div>\n\t\t\t\t\n<style>\n#col-845225810 > .col-inner {\n  padding: 10px 10px 0px 10px;\n}\n<\/style>\n\t<\/div>\n\n\t\n\n\t<div id=\"col-800870339\" class=\"col medium-3 small-12 large-3\"  >\n\t\t\t\t<div class=\"col-inner text-center\"  >\n\t\t\t\n\t\t\t\n<a href=\"https:\/\/ptm-mechatronics.com\/wp-content\/uploads\/2026\/01\/eco_V2.pdf\" target=\"_blank\" class=\"button primary expand\" rel=\"noopener\" style=\"border-radius:10px;\">\n\t\t<span>Instru\u00e7\u00f5es de utiliza\u00e7\u00e3o V2<\/span>\n\t<\/a>\n\n<a href=\"https:\/\/ptm-mechatronics.com\/wp-content\/uploads\/2026\/04\/eco_V3.pdf\" target=\"_blank\" class=\"button primary expand\" rel=\"noopener\" style=\"border-radius:10px;\">\n\t\t<span>Manual de instru\u00e7\u00f5es V3<\/span>\n\t<\/a>\n\n\t\t<\/div>\n\t\t\t\t\t<\/div>\n\n\t\n<\/div>\n<div class=\"row row-small align-equal\"  id=\"row-436826483\">\n\n\t<div id=\"col-1672240357\" class=\"col medium-3 small-12 large-3\"  >\n\t\t\t\t<div class=\"col-inner\" style=\"background-color:rgb(239, 239, 239);\" >\n\t\t\t\n\t\t\t\n<p>O agitador acciona o pneum\u00e1tico.<br \/>eco-Seal light, eco-Seal pro, eco-Seal INOX<\/p>\n\t\t<\/div>\n\t\t\t\t\n<style>\n#col-1672240357 > .col-inner {\n  padding: 10px 10px 0px 10px;\n}\n<\/style>\n\t<\/div>\n\n\t\n\n\t<div id=\"col-857708771\" class=\"col medium-3 small-12 large-3\"  >\n\t\t\t\t<div class=\"col-inner\" style=\"background-color:rgb(239, 239, 239);\" >\n\t\t\t\n\t\t\t\n<p>Instru\u00e7\u00f5es de utiliza\u00e7\u00e3o<\/p>\n\t\t<\/div>\n\t\t\t\t\n<style>\n#col-857708771 > .col-inner {\n  padding: 10px 10px 0px 10px;\n}\n<\/style>\n\t<\/div>\n\n\t\n\n\t<div id=\"col-1153456598\" class=\"col medium-3 small-12 large-3\"  >\n\t\t\t\t<div class=\"col-inner\" style=\"background-color:rgb(239, 239, 239);\" >\n\t\t\t\n\t\t\t\n<p>Alem\u00e3o \/ Ingl\u00eas<\/p>\n\t\t<\/div>\n\t\t\t\t\n<style>\n#col-1153456598 > .col-inner {\n  padding: 10px 10px 0px 10px;\n}\n<\/style>\n\t<\/div>\n\n\t\n\n\t<div id=\"col-808277651\" class=\"col medium-3 small-12 large-3\"  >\n\t\t\t\t<div class=\"col-inner text-center\"  >\n\t\t\t\n\t\t\t\n<a href=\"https:\/\/ptm-mechatronics.com\/wp-content\/uploads\/2026\/01\/Seal_V3.pdf\" target=\"_blank\" class=\"button primary expand\" rel=\"noopener\" style=\"border-radius:10px;\">\n\t\t<span>Manual de instru\u00e7\u00f5es V3<\/span>\n\t<\/a>\n\n\t\t<\/div>\n\t\t\t\t\t<\/div>\n\n\t\n<\/div>\n<div class=\"row row-small align-equal\"  id=\"row-1117375471\">\n\n\t<div id=\"col-273879030\" class=\"col medium-3 small-12 large-3\"  >\n\t\t\t\t<div class=\"col-inner\" style=\"background-color:rgb(239, 239, 239);\" >\n\t\t\t\n\t\t\t\n<p>O agitador \u00e9 acionado eletricamente.<br \/>eDrive<br \/>1200\/1600<\/p>\n\t\t<\/div>\n\t\t\t\t\n<style>\n#col-273879030 > .col-inner {\n  padding: 10px 10px 0px 10px;\n}\n<\/style>\n\t<\/div>\n\n\t\n\n\t<div id=\"col-1590468976\" class=\"col medium-3 small-12 large-3\"  >\n\t\t\t\t<div class=\"col-inner\" style=\"background-color:rgb(239, 239, 239);\" >\n\t\t\t\n\t\t\t\n<p>Instru\u00e7\u00f5es de utiliza\u00e7\u00e3o<\/p>\n\t\t<\/div>\n\t\t\t\t\n<style>\n#col-1590468976 > .col-inner {\n  padding: 10px 10px 0px 10px;\n}\n<\/style>\n\t<\/div>\n\n\t\n\n\t<div id=\"col-113338328\" class=\"col medium-3 small-12 large-3\"  >\n\t\t\t\t<div class=\"col-inner\" style=\"background-color:rgb(239, 239, 239);\" >\n\t\t\t\n\t\t\t\n<p>Alem\u00e3o \/ Ingl\u00eas<\/p>\n\t\t<\/div>\n\t\t\t\t\n<style>\n#col-113338328 > .col-inner {\n  padding: 10px 10px 0px 10px;\n}\n<\/style>\n\t<\/div>\n\n\t\n\n\t<div id=\"col-1317729368\" class=\"col medium-3 small-12 large-3\"  >\n\t\t\t\t<div class=\"col-inner text-center\"  >\n\t\t\t\n\t\t\t\n<a href=\"https:\/\/ptm-mechatronics.com\/wp-content\/uploads\/2026\/01\/e-Drive_V1.pdf\" target=\"_blank\" class=\"button primary expand\" rel=\"noopener\" style=\"border-radius:10px;\">\n\t\t<span>Manual de instru\u00e7\u00f5es V1<\/span>\n\t<\/a>\n\n\t\t<\/div>\n\t\t\t\t\t<\/div>\n\n\t\n<\/div>\n<div class=\"row row-small align-equal\"  id=\"row-1310159978\">\n\n\t<div id=\"col-2030636350\" class=\"col medium-3 small-12 large-3\"  >\n\t\t\t\t<div class=\"col-inner\" style=\"background-color:rgb(239, 239, 239);\" >\n\t\t\t\n\t\t\t\n<p>Agitador de laborat\u00f3rio<br \/>laborat\u00f3rio ecol\u00f3gico<br \/>450\/450G\/900\/900G<\/p>\n\t\t<\/div>\n\t\t\t\t\n<style>\n#col-2030636350 > .col-inner {\n  padding: 10px 10px 0px 10px;\n}\n<\/style>\n\t<\/div>\n\n\t\n\n\t<div id=\"col-771976146\" class=\"col medium-3 small-12 large-3\"  >\n\t\t\t\t<div class=\"col-inner\" style=\"background-color:rgb(239, 239, 239);\" >\n\t\t\t\n\t\t\t\n<p>Instru\u00e7\u00f5es de utiliza\u00e7\u00e3o<\/p>\n\t\t<\/div>\n\t\t\t\t\n<style>\n#col-771976146 > .col-inner {\n  padding: 10px 10px 0px 10px;\n}\n<\/style>\n\t<\/div>\n\n\t\n\n\t<div id=\"col-2137727303\" class=\"col medium-3 small-12 large-3\"  >\n\t\t\t\t<div class=\"col-inner\" style=\"background-color:rgb(239, 239, 239);\" >\n\t\t\t\n\t\t\t\n<p>Alem\u00e3o \/ Ingl\u00eas<\/p>\n\t\t<\/div>\n\t\t\t\t\n<style>\n#col-2137727303 > .col-inner {\n  padding: 10px 10px 0px 10px;\n}\n<\/style>\n\t<\/div>\n\n\t\n\n\t<div id=\"col-1938845627\" class=\"col medium-3 small-12 large-3\"  >\n\t\t\t\t<div class=\"col-inner text-center\"  >\n\t\t\t\n\t\t\t\n<a href=\"https:\/\/ptm-mechatronics.com\/wp-content\/uploads\/2026\/01\/Lab_V1.pdf\" target=\"_blank\" class=\"button primary expand\" rel=\"noopener\" style=\"border-radius:10px;\">\n\t\t<span>Manual de instru\u00e7\u00f5es V1<\/span>\n\t<\/a>\n\n\t\t<\/div>\n\t\t\t\t\t<\/div>\n\n\t\n<\/div>\n<div class=\"row row-small align-equal\"  id=\"row-1554993240\">\n\n\t<div id=\"col-2146474536\" class=\"col medium-3 small-12 large-3\"  >\n\t\t\t\t<div class=\"col-inner\" style=\"background-color:rgb(239, 239, 239);\" >\n\t\t\t\n\t\t\t\n<p>Batedeira manual<br \/>eco-Up<br \/>450\/900\/900G\/1800<\/p>\n\t\t<\/div>\n\t\t\t\t\n<style>\n#col-2146474536 > .col-inner {\n  padding: 10px 10px 0px 10px;\n}\n<\/style>\n\t<\/div>\n\n\t\n\n\t<div id=\"col-52634003\" class=\"col medium-3 small-12 large-3\"  >\n\t\t\t\t<div class=\"col-inner\" style=\"background-color:rgb(239, 239, 239);\" >\n\t\t\t\n\t\t\t\n<p>Instru\u00e7\u00f5es de utiliza\u00e7\u00e3o<\/p>\n\t\t<\/div>\n\t\t\t\t\n<style>\n#col-52634003 > .col-inner {\n  padding: 10px 10px 0px 10px;\n}\n<\/style>\n\t<\/div>\n\n\t\n\n\t<div id=\"col-2137537897\" class=\"col medium-3 small-12 large-3\"  >\n\t\t\t\t<div class=\"col-inner\" style=\"background-color:rgb(239, 239, 239);\" >\n\t\t\t\n\t\t\t\n<p>Alem\u00e3o \/ Ingl\u00eas<\/p>\n\t\t<\/div>\n\t\t\t\t\n<style>\n#col-2137537897 > .col-inner {\n  padding: 10px 10px 0px 10px;\n}\n<\/style>\n\t<\/div>\n\n\t\n\n\t<div id=\"col-1214105880\" class=\"col medium-3 small-12 large-3\"  >\n\t\t\t\t<div class=\"col-inner text-center\"  >\n\t\t\t\n\t\t\t\n<a href=\"https:\/\/ptm-mechatronics.com\/wp-content\/uploads\/2026\/01\/Up_V1.pdf\" target=\"_blank\" class=\"button primary expand\" rel=\"noopener\" style=\"border-radius:10px;\">\n\t\t<span>Manual de instru\u00e7\u00f5es V1<\/span>\n\t<\/a>\n\n\t\t<\/div>\n\t\t\t\t\t<\/div>\n\n\t\n<\/div>\n<div class=\"row row-small align-equal\"  id=\"row-2123392101\">\n\n\t<div id=\"col-1258544971\" class=\"col medium-3 small-12 large-3\"  >\n\t\t\t\t<div class=\"col-inner\" style=\"background-color:rgb(239, 239, 239);\" >\n\t\t\t\n\t\t\t\n<p>Sistema de troca r\u00e1pida dos veios do agitador<br \/>eco-Quick V2, V3, V4<\/p>\n\t\t<\/div>\n\t\t\t\t\n<style>\n#col-1258544971 > .col-inner {\n  padding: 10px 10px 0px 10px;\n}\n<\/style>\n\t<\/div>\n\n\t\n\n\t<div id=\"col-725480547\" class=\"col medium-3 small-12 large-3\"  >\n\t\t\t\t<div class=\"col-inner\" style=\"background-color:rgb(239, 239, 239);\" >\n\t\t\t\n\t\t\t\n<p>Instru\u00e7\u00f5es de utiliza\u00e7\u00e3o<\/p>\n\t\t<\/div>\n\t\t\t\t\n<style>\n#col-725480547 > .col-inner {\n  padding: 10px 10px 0px 10px;\n}\n<\/style>\n\t<\/div>\n\n\t\n\n\t<div id=\"col-434727717\" class=\"col medium-3 small-12 large-3\"  >\n\t\t\t\t<div class=\"col-inner\" style=\"background-color:rgb(239, 239, 239);\" >\n\t\t\t\n\t\t\t\n<p>Alem\u00e3o \/ Ingl\u00eas<\/p>\n\t\t<\/div>\n\t\t\t\t\n<style>\n#col-434727717 > .col-inner {\n  padding: 10px 10px 0px 10px;\n}\n<\/style>\n\t<\/div>\n\n\t\n\n\t<div id=\"col-195474061\" class=\"col medium-3 small-12 large-3\"  >\n\t\t\t\t<div class=\"col-inner text-center\"  >\n\t\t\t\n\t\t\t\n<a href=\"https:\/\/ptm-mechatronics.com\/wp-content\/uploads\/2026\/04\/EQ_V2-V3-V4.pdf\" target=\"_blank\" class=\"button primary expand\" rel=\"noopener\" style=\"border-radius:10px;\">\n\t\t<span>Manual de instru\u00e7\u00f5es V1<\/span>\n\t<\/a>\n\n\t\t<\/div>\n\t\t\t\t\t<\/div>\n\n\t\n<\/div>\n\t\t<\/div>\n\n\t\t\n<style>\n#section_1969681333 {\n  padding-top: 30px;\n  padding-bottom: 30px;\n}\n<\/style>\n\t<\/section>\n\t\n\n\t<section class=\"section st-kontakt pt-60 pb-60 col-pb-0\" id=\"section_565651219\">\n\t\t<div class=\"section-bg fill\" >\n\t\t\t<img loading=\"lazy\" decoding=\"async\" width=\"1600\" height=\"444\" src=\"https:\/\/ptm-mechatronics.com\/wp-content\/uploads\/2024\/10\/BG_kontakt.png\" class=\"bg attachment-original size-original\" alt=\"\" \/>\t\t\t\t\t\t\n\t\t\t\n\n\t\t<\/div>\n\n\t\t\n\n\t\t<div class=\"section-content relative\">\n\t\t\t\r\n\r\n<div class=\"row\"  id=\"row-1221973789\">\r\n\r\n\n\t<div id=\"col-1757898736\" class=\"col small-12 large-12\"  >\n\t\t\t\t<div class=\"col-inner\"  >\n\t\t\t\n\t\t\t\r\n\r\n\t<div id=\"text-553385094\" class=\"text\">\n\t\t\r\n\r\n<h3>Contacto e consultoria<\/h3>\r\n<p>Deseja obter conselhos sobre os nossos produtos? Os nossos especialistas ter\u00e3o todo o prazer em responder ao seu pedido:<\/p>\r\n<h4><a href=\"mailto:info@ptm-mechatronics.com\">info@ptm-mechatronics.com<\/a><br \/>\r\n<a href=\"tel:+498134257970\">+49 8134 \/ 25 797 0<\/a><\/h4>\r\n\t\t\n<style>\n#text-553385094 {\n  color: rgb(255, 255, 255);\n}\n#text-553385094 > * {\n  color: rgb(255, 255, 255);\n}\n<\/style>\n\t<\/div>\n\t\r\n\r\n\t\t<\/div>\n\t\t\t\t\t<\/div>\n\n\t\r\n\r\n<\/div>\r\n\r\n\t\t<\/div>\n\n\t\t\n<style>\n#section_565651219 {\n  padding-top: 30px;\n  padding-bottom: 30px;\n}\n#section_565651219 .section-bg img {\n  object-position: 84% 53%;\n}\n<\/style>\n\t<\/section>\n\t\r\n\n\t<section class=\"section pb-60 pt-60 besuchen\" id=\"section_596437374\">\n\t\t<div class=\"section-bg fill\" >\n\t\t\t\t\t\t\t\t\t\n\t\t\t\n\n\t\t<\/div>\n\n\t\t\n\n\t\t<div class=\"section-content relative\">\n\t\t\t\r\n\r\n<div class=\"row align-center\"  id=\"row-526590654\">\r\n\r\n\n\t<div id=\"col-938179316\" class=\"col small-12 large-12\"  >\n\t\t\t\t<div class=\"col-inner text-center\"  >\n\t\t\t\n\t\t\t\r\n\r\n\t<div id=\"text-3980617260\" class=\"text title-box\">\n\t\t\r\n\r\n<h3>Tamb\u00e9m pode visitar-nos em<\/h3>\r\n\t\t\n<style>\n#text-3980617260 {\n  text-align: center;\n}\n<\/style>\n\t<\/div>\n\t\r\n\r\n\t\t<\/div>\n\t\t\t\t\t<\/div>\n\n\t\r\n\r\n<\/div>\r\n<div class=\"row align-middle align-center\" style=\"max-width:605px\" id=\"row-2124312809\">\r\n\r\n\n\t<div id=\"col-253269055\" class=\"col medium-4 small-12 large-4\"  >\n\t\t\t\t<div class=\"col-inner\"  >\n\t\t\t\n\t\t\t\r\n\r\n\t<div class=\"img has-hover x md-x lg-x y md-y lg-y\" id=\"image_1826816806\">\n\t\t<a class=\"\" href=\"https:\/\/www.linkedin.com\/company\/68597546\/\" target=\"_blank\" rel=\"noopener\">\t\t\t\t\t\t<div class=\"img-inner dark\" >\n\t\t\t<img loading=\"lazy\" decoding=\"async\" width=\"480\" height=\"209\" src=\"https:\/\/ptm-mechatronics.com\/wp-content\/uploads\/2024\/10\/PTM-mechatronics-bei-LinkedIn-480x209-1.png\" class=\"attachment-original size-original\" alt=\"\" srcset=\"https:\/\/ptm-mechatronics.com\/wp-content\/uploads\/2024\/10\/PTM-mechatronics-bei-LinkedIn-480x209-1.png 480w, https:\/\/ptm-mechatronics.com\/wp-content\/uploads\/2024\/10\/PTM-mechatronics-bei-LinkedIn-480x209-1-300x131.png 300w, https:\/\/ptm-mechatronics.com\/wp-content\/uploads\/2024\/10\/PTM-mechatronics-bei-LinkedIn-480x209-1-100x44.png 100w, https:\/\/ptm-mechatronics.com\/wp-content\/uploads\/2024\/10\/PTM-mechatronics-bei-LinkedIn-480x209-1-447x195.png 447w\" sizes=\"auto, (max-width: 480px) 100vw, 480px\" \/>\t\t\t\t\t\t\n\t\t\t\t\t<\/div>\n\t\t\t\t\t\t<\/a>\t\t\n<style>\n#image_1826816806 {\n  width: 100%;\n}\n<\/style>\n\t<\/div>\n\t\r\n\r\n\r\n\t\t<\/div>\n\t\t\t\t\t<\/div>\n\n\t\r\n\n\t<div id=\"col-2109260321\" class=\"col medium-4 small-12 large-4\"  >\n\t\t\t\t<div class=\"col-inner\"  >\n\t\t\t\n\t\t\t\r\n\r\n\t<div class=\"img has-hover x md-x lg-x y md-y lg-y\" id=\"image_881011021\">\n\t\t<a class=\"\" href=\"https:\/\/www.xing.com\/pages\/ptm-mechatronics-gmbh\" target=\"_blank\" rel=\"noopener\">\t\t\t\t\t\t<div class=\"img-inner dark\" >\n\t\t\t<img loading=\"lazy\" decoding=\"async\" width=\"300\" height=\"130\" src=\"https:\/\/ptm-mechatronics.com\/wp-content\/uploads\/2024\/10\/Xing-1-e1530203231869-300x130-1.jpg\" class=\"attachment-original size-original\" alt=\"\" srcset=\"https:\/\/ptm-mechatronics.com\/wp-content\/uploads\/2024\/10\/Xing-1-e1530203231869-300x130-1.jpg 300w, https:\/\/ptm-mechatronics.com\/wp-content\/uploads\/2024\/10\/Xing-1-e1530203231869-300x130-1-100x43.jpg 100w\" sizes=\"auto, (max-width: 300px) 100vw, 300px\" \/>\t\t\t\t\t\t\n\t\t\t\t\t<\/div>\n\t\t\t\t\t\t<\/a>\t\t\n<style>\n#image_881011021 {\n  width: 100%;\n}\n<\/style>\n\t<\/div>\n\t\r\n\r\n\r\n\t\t<\/div>\n\t\t\t\t\t<\/div>\n\n\t\r\n\n\t<div id=\"col-20053790\" class=\"col medium-4 small-12 large-4\"  >\n\t\t\t\t<div class=\"col-inner\"  >\n\t\t\t\n\t\t\t\r\n\r\n\t<div class=\"img has-hover x md-x lg-x y md-y lg-y\" id=\"image_2023522790\">\n\t\t<a class=\"\" href=\"https:\/\/www.youtube.com\/@ptmmechatronicsgmbh806\" target=\"_blank\" rel=\"noopener\">\t\t\t\t\t\t<div class=\"img-inner dark\" >\n\t\t\t<img loading=\"lazy\" decoding=\"async\" width=\"300\" height=\"133\" src=\"https:\/\/ptm-mechatronics.com\/wp-content\/uploads\/2024\/10\/Youtube-1-e1530203212402-300x133-1.jpg\" class=\"attachment-original size-original\" alt=\"\" srcset=\"https:\/\/ptm-mechatronics.com\/wp-content\/uploads\/2024\/10\/Youtube-1-e1530203212402-300x133-1.jpg 300w, https:\/\/ptm-mechatronics.com\/wp-content\/uploads\/2024\/10\/Youtube-1-e1530203212402-300x133-1-100x44.jpg 100w\" sizes=\"auto, (max-width: 300px) 100vw, 300px\" \/>\t\t\t\t\t\t\n\t\t\t\t\t<\/div>\n\t\t\t\t\t\t<\/a>\t\t\n<style>\n#image_2023522790 {\n  width: 100%;\n}\n<\/style>\n\t<\/div>\n\t\r\n\r\n\r\n\t\t<\/div>\n\t\t\t\t\t<\/div>\n\n\t\r\n\r\n<\/div>\r\n\r\n\t\t<\/div>\n\n\t\t\n<style>\n#section_596437374 {\n  padding-top: 30px;\n  padding-bottom: 30px;\n  background-color: rgb(255, 255, 255);\n}\n<\/style>\n\t<\/section>","protected":false},"excerpt":{"rendered":"","protected":false},"author":5,"featured_media":0,"parent":0,"menu_order":0,"comment_status":"closed","ping_status":"closed","template":"","meta":{"_acf_changed":false,"footnotes":""},"class_list":["post-15999","page","type-page","status-publish","hentry"],"acf":[],"_links":{"self":[{"href":"https:\/\/ptm-mechatronics.com\/pt\/wp-json\/wp\/v2\/pages\/15999","targetHints":{"allow":["GET"]}}],"collection":[{"href":"https:\/\/ptm-mechatronics.com\/pt\/wp-json\/wp\/v2\/pages"}],"about":[{"href":"https:\/\/ptm-mechatronics.com\/pt\/wp-json\/wp\/v2\/types\/page"}],"author":[{"embeddable":true,"href":"https:\/\/ptm-mechatronics.com\/pt\/wp-json\/wp\/v2\/users\/5"}],"replies":[{"embeddable":true,"href":"https:\/\/ptm-mechatronics.com\/pt\/wp-json\/wp\/v2\/comments?post=15999"}],"version-history":[{"count":6,"href":"https:\/\/ptm-mechatronics.com\/pt\/wp-json\/wp\/v2\/pages\/15999\/revisions"}],"predecessor-version":[{"id":16188,"href":"https:\/\/ptm-mechatronics.com\/pt\/wp-json\/wp\/v2\/pages\/15999\/revisions\/16188"}],"wp:attachment":[{"href":"https:\/\/ptm-mechatronics.com\/pt\/wp-json\/wp\/v2\/media?parent=15999"}],"curies":[{"name":"wp","href":"https:\/\/api.w.org\/{rel}","templated":true}]}}