{"id":7834,"date":"2024-02-07T17:44:54","date_gmt":"2024-02-07T17:44:54","guid":{"rendered":""},"modified":"2026-03-09T10:26:03","modified_gmt":"2026-03-09T09:26:03","slug":"stativruehrwerk-fuer-60-liter-fass-antrieb-atex-zone-1","status":"publish","type":"product","link":"https:\/\/ptm-mechatronics.com\/pl\/product\/stativruehrwerk-fuer-60-liter-fass-antrieb-atex-zone-1\/","title":{"rendered":"Mieszad\u0142o stoj\u0105ce do b\u0119bna o pojemno\u015bci 60 litr\u00f3w - nap\u0119d ATEX Strefa 1"},"content":{"rendered":"<h1><span style=\"font-size: 90%;\">Mieszad\u0142o stoj\u0105ce do beczek o pojemno\u015bci 100 litr\u00f3w - bezpieczne, ergonomiczne i wydajne<\/span><\/h1>\n<p>Mieszad\u0142o stoj\u0105ce do beczek o pojemno\u015bci 100 litr\u00f3w sk\u0142ada si\u0119 z wydajnego nap\u0119du pneumatycznego z pokryw\u0105, stabilnego stojaka z automatycznym podno\u015bnikiem i panelem sterowania, a tak\u017ce wa\u0142u mieszad\u0142a z mieszad\u0142em kubkowym eco-Cup wykonanym z wysokiej jako\u015bci stali nierdzewnej V4A 1.4404. Komponenty s\u0105 optymalnie dopasowane do mieszania medi\u00f3w o niskiej i wysokiej lepko\u015bci w beczkach o pojemno\u015bci 100 litr\u00f3w i zapewniaj\u0105 niezawodny i sp\u00f3jny wynik mieszania.<\/p>\n<p>Automatyczne urz\u0105dzenie podnosz\u0105ce umo\u017cliwia ergonomiczn\u0105 i bezpieczn\u0105 prac\u0119, a tak\u017ce szybk\u0105 i wygodn\u0105 wymian\u0119 pojemnik\u00f3w. Proces mieszania jest kontrolowany w \u0142atwy i przejrzysty spos\u00f3b za pomoc\u0105 panelu sterowania na stojaku.<\/p>\n<p>Dla dodatkowego bezpiecze\u0144stwa, mikser stoj\u0105cy posiada funkcj\u0119 automatycznego wy\u0142\u0105czania po podniesieniu pokrywy, co zapobiega dosi\u0119gni\u0119ciu do ruchomych cz\u0119\u015bci. Po opuszczeniu pokrywy mieszad\u0142o uruchamia si\u0119 automatycznie dzi\u0119ki zintegrowanemu systemowi wykrywania pojemnik\u00f3w.<\/p>\n<p>Zakres dostawy bez beczki.<\/p>","protected":false},"excerpt":{"rendered":"<p>Wydajny mikser stoj\u0105cy do beczek o pojemno\u015bci 100 litr\u00f3w - nap\u0119d certyfikowany dla strefy ATEX 1 - wysoki poziom bezpiecze\u0144stwa pracy.<\/p>","protected":false},"featured_media":15445,"comment_status":"open","ping_status":"closed","template":"","meta":{"_acf_changed":false},"product_brand":[],"product_cat":[595,603],"product_tag":[],"class_list":{"0":"post-7834","1":"product","2":"type-product","3":"status-publish","4":"has-post-thumbnail","6":"product_cat-ruehrwerkstechnik","7":"product_cat-fassruehrwerke","8":"product_shipping_class-europalette-speditionsversand","9":"pa_antriebsart-pneumatisch","10":"pa_atex-zone-122122","11":"pa_behaeltervolumen-60-liter","12":"pa_deckeldurchmesser-440mm","13":"pa_dichtung-ptfe","14":"pa_drehmoment-4nm","15":"pa_drehzahl-0-300-1-min","16":"pa_durchmesser-ruehrwelle-16mm","17":"pa_ex-gas-ex-ii-2-g-ex-h-iic-t5-gb-x","18":"pa_ex-staub-ex-ii-2-d-ex-h-iiic-t100c-db-x","19":"pa_geeignete-fassdurchmesser-60-liter","20":"pa_geraeuschpegel-75db","21":"pa_gesamtbreite-550mm","22":"pa_gesamthoehe-1746mm","23":"pa_gesamttiefe-700mm","24":"pa_labs-oel-und-silikonfrei","25":"pa_laenge-ruehrwelle-ca-540mm-ab-deckeloberkante","26":"pa_material-deckel-v4a-edelstahl-1-4404","27":"pa_mittlerer-luftverbrauch-25l-min","28":"pa_model-eco-station","29":"pa_ruehrorgan-becherruehrorgan-eco-cup-210mm","30":"pa_stativverfahrweg-700mm","31":"pa_typ-stativruehrwerk","32":"pa_versorgung-5-6bar","34":"first","35":"instock","36":"taxable","37":"shipping-taxable","38":"purchasable","39":"product-type-simple"},"bundled_by":[],"bundle_stock_status":"instock","bundle_stock_quantity":null,"bundle_virtual":false,"bundle_layout":"","bundle_add_to_cart_form_location":"","bundle_editable_in_cart":false,"bundle_sold_individually_context":"","bundle_item_grouping":"","bundle_min_size":"","bundle_max_size":"","bundle_price":[],"bundled_items":[],"bundle_sell_ids":[],"exclude_global_add_ons":[],"addons":[],"acf":[],"_links":{"self":[{"href":"https:\/\/ptm-mechatronics.com\/pl\/wp-json\/wp\/v2\/product\/7834","targetHints":{"allow":["GET"]}}],"collection":[{"href":"https:\/\/ptm-mechatronics.com\/pl\/wp-json\/wp\/v2\/product"}],"about":[{"href":"https:\/\/ptm-mechatronics.com\/pl\/wp-json\/wp\/v2\/types\/product"}],"replies":[{"embeddable":true,"href":"https:\/\/ptm-mechatronics.com\/pl\/wp-json\/wp\/v2\/comments?post=7834"}],"wp:featuredmedia":[{"embeddable":true,"href":"https:\/\/ptm-mechatronics.com\/pl\/wp-json\/wp\/v2\/media\/15445"}],"wp:attachment":[{"href":"https:\/\/ptm-mechatronics.com\/pl\/wp-json\/wp\/v2\/media?parent=7834"}],"wp:term":[{"taxonomy":"product_brand","embeddable":true,"href":"https:\/\/ptm-mechatronics.com\/pl\/wp-json\/wp\/v2\/product_brand?post=7834"},{"taxonomy":"product_cat","embeddable":true,"href":"https:\/\/ptm-mechatronics.com\/pl\/wp-json\/wp\/v2\/product_cat?post=7834"},{"taxonomy":"product_tag","embeddable":true,"href":"https:\/\/ptm-mechatronics.com\/pl\/wp-json\/wp\/v2\/product_tag?post=7834"}],"curies":[{"name":"wp","href":"https:\/\/api.w.org\/{rel}","templated":true}]}}