{"id":7666,"date":"2024-02-07T17:44:21","date_gmt":"2024-02-07T17:44:21","guid":{"rendered":"https:\/\/ptm-mechatronics.com\/product\/pneumatisches-stativruehrwerk-fuer-30-liter-fass-atex\/"},"modified":"2026-03-09T10:28:30","modified_gmt":"2026-03-09T09:28:30","slug":"pneumatisches-stativruehrwerk-fuer-30-liter-fass-atex","status":"publish","type":"product","link":"https:\/\/ptm-mechatronics.com\/pl\/product\/pneumatisches-stativruehrwerk-fuer-30-liter-fass-atex\/","title":{"rendered":"Pneumatyczny mikser stoj\u0105cy do beczek o pojemno\u015bci 30 litr\u00f3w - ATEX"},"content":{"rendered":"<p data-start=\"372\" data-end=\"913\"><span class=\"_fadeIn_m1hgl_8\">The <\/span><span class=\"_fadeIn_m1hgl_8\">Mieszad\u0142o stoj\u0105ce <\/span><span class=\"_fadeIn_m1hgl_8\">dla 3<\/span><span class=\"_fadeIn_m1hgl_8\">0-<\/span><span class=\"_fadeIn_m1hgl_8\">Litr<\/span><span class=\"_fadeIn_m1hgl_8\">Beczki<\/span> <span class=\"_fadeIn_m1hgl_8\">by\u0142 <\/span><span class=\"_fadeIn_m1hgl_8\">dla <\/span><span class=\"_fadeIn_m1hgl_8\">w <\/span><span class=\"_fadeIn_m1hgl_8\">skuteczny <\/span><span class=\"_fadeIn_m1hgl_8\">i <\/span><span class=\"_fadeIn_m1hgl_8\">bezpieczny <\/span><span class=\"_fadeIn_m1hgl_8\">Przetwarzanie <\/span><span class=\"_fadeIn_m1hgl_8\">niski <\/span><span class=\"_fadeIn_m1hgl_8\">do <\/span><span class=\"_fadeIn_m1hgl_8\">wysoka lepko\u015b\u0107 <\/span><span class=\"_fadeIn_m1hgl_8\">No\u015bniki w strefie ATEX 1 lub 0\/1<\/span> <span class=\"_fadeIn_m1hgl_8\">opracowany. <\/span><span class=\"_fadeIn_m1hgl_8\">To <\/span><span class=\"_fadeIn_m1hgl_8\">istnieje <\/span><span class=\"_fadeIn_m1hgl_8\">z <\/span><span class=\"_fadeIn_m1hgl_8\">jeden <\/span><span class=\"_fadeIn_m1hgl_8\">pot\u0119\u017cny, <\/span><span class=\"_fadeIn_m1hgl_8\">pneumatyczny <\/span><span class=\"_fadeIn_m1hgl_8\">Nap\u0119d<\/span><span class=\"_fadeIn_m1hgl_8\">, <\/span><span class=\"_fadeIn_m1hgl_8\">jeden <\/span><span class=\"_fadeIn_m1hgl_8\">masywny <\/span><span class=\"_fadeIn_m1hgl_8\">Stal nierdzewna<\/span><span class=\"_fadeIn_m1hgl_8\">Pokrywa<\/span><span class=\"_fadeIn_m1hgl_8\">, <\/span><span class=\"_fadeIn_m1hgl_8\">jeden <\/span><span class=\"_fadeIn_m1hgl_8\">Wa\u0142 mieszad\u0142a <\/span><span class=\"_fadeIn_m1hgl_8\">z <\/span><span class=\"_fadeIn_m1hgl_8\">Mieszad\u0142o<\/span>\u00a0<span class=\"_fadeIn_m1hgl_8\">oraz <\/span><span class=\"_fadeIn_m1hgl_8\">jeden <\/span><span class=\"_fadeIn_m1hgl_8\">Statyw <\/span><span class=\"_fadeIn_m1hgl_8\">z <\/span><span class=\"_fadeIn_m1hgl_8\">bardziej automatyczny <\/span><span class=\"_fadeIn_m1hgl_8\">Urz\u0105dzenie podnosz\u0105ce <\/span><span class=\"_fadeIn_m1hgl_8\">i <\/span><span class=\"_fadeIn_m1hgl_8\">Panel sterowania<\/span><span class=\"_fadeIn_m1hgl_8\">. <\/span><span class=\"_fadeIn_m1hgl_8\">Wszystkie <\/span><span class=\"_fadeIn_m1hgl_8\">media-touching <\/span><span class=\"_fadeIn_m1hgl_8\">Komponenty - <\/span><span class=\"_fadeIn_m1hgl_8\">Wa\u0142 mieszad\u0142a <\/span><span class=\"_fadeIn_m1hgl_8\">i <\/span><span class=\"_fadeIn_m1hgl_8\">Mieszad\u0142o<\/span><span class=\"_fadeIn_m1hgl_8\"> \u2013 <\/span><span class=\"_fadeIn_m1hgl_8\">s\u0105 <\/span><span class=\"_fadeIn_m1hgl_8\">z <\/span><span class=\"_fadeIn_m1hgl_8\">V4A <\/span><span class=\"_fadeIn_m1hgl_8\">Stal nierdzewna (<\/span><span class=\"_fadeIn_m1hgl_8\">1.4404)<\/span> <span class=\"_fadeIn_m1hgl_8\">wyprodukowany <\/span><span class=\"_fadeIn_m1hgl_8\">i <\/span><span class=\"_fadeIn_m1hgl_8\">oferuj\u0105 wysoki <\/span><span class=\"_fadeIn_m1hgl_8\">Higiena <\/span><span class=\"_fadeIn_m1hgl_8\">i <\/span><span class=\"_fadeIn_m1hgl_8\">Odporno\u015b\u0107 na korozj\u0119.<\/span><\/p>\n<p data-start=\"915\" data-end=\"1293\"><span class=\"_fadeIn_m1hgl_8\">The <\/span><span class=\"_fadeIn_m1hgl_8\">Mieszad\u0142o <\/span><span class=\"_fadeIn_m1hgl_8\">jest <\/span><span class=\"_fadeIn_m1hgl_8\">kompletny <\/span><span class=\"_fadeIn_m1hgl_8\">na <\/span><span class=\"_fadeIn_m1hgl_8\">w <\/span><span class=\"_fadeIn_m1hgl_8\">U\u017cycie <\/span><span class=\"_fadeIn_m1hgl_8\">w <\/span><span class=\"_fadeIn_m1hgl_8\">znormalizowany 3<\/span><span class=\"_fadeIn_m1hgl_8\">0-<\/span><span class=\"_fadeIn_m1hgl_8\">Litr<\/span><span class=\"_fadeIn_m1hgl_8\">Beczki<\/span> <span class=\"_fadeIn_m1hgl_8\">zharmonizowany <\/span><span class=\"_fadeIn_m1hgl_8\">i <\/span><span class=\"_fadeIn_m1hgl_8\">oferty <\/span><span class=\"_fadeIn_m1hgl_8\">jeden <\/span><span class=\"_fadeIn_m1hgl_8\">nawet, <\/span><span class=\"_fadeIn_m1hgl_8\">jednorodny <\/span><span class=\"_fadeIn_m1hgl_8\">Wynik mieszania<\/span><span class=\"_fadeIn_m1hgl_8\">, <\/span><span class=\"_fadeIn_m1hgl_8\">sam <\/span><span class=\"_fadeIn_m1hgl_8\">z <\/span><span class=\"_fadeIn_m1hgl_8\">trudne, <\/span><span class=\"_fadeIn_m1hgl_8\">lepki <\/span><span class=\"_fadeIn_m1hgl_8\">Substancje. <\/span><span class=\"_fadeIn_m1hgl_8\">The <\/span><span class=\"_fadeIn_m1hgl_8\">automatyczny <\/span><span class=\"_fadeIn_m1hgl_8\">Urz\u0105dzenie podnosz\u0105ce<\/span> <span class=\"_fadeIn_m1hgl_8\">u\u0142atwia <\/span><span class=\"_fadeIn_m1hgl_8\">w <\/span><span class=\"_fadeIn_m1hgl_8\">Podnoszenie <\/span><span class=\"_fadeIn_m1hgl_8\">i <\/span><span class=\"_fadeIn_m1hgl_8\">Opuszczanie <\/span><span class=\"_fadeIn_m1hgl_8\">z <\/span><span class=\"_fadeIn_m1hgl_8\">mieszad\u0142o, <\/span><span class=\"_fadeIn_m1hgl_8\">zapewnia <\/span><span class=\"_fadeIn_m1hgl_8\">dla <\/span><span class=\"_fadeIn_m1hgl_8\">jeden <\/span><span class=\"_fadeIn_m1hgl_8\">bezpieczny <\/span><span class=\"_fadeIn_m1hgl_8\">Zmiana pojemnika <\/span><span class=\"_fadeIn_m1hgl_8\">i <\/span><span class=\"_fadeIn_m1hgl_8\">zmniejszony <\/span><span class=\"_fadeIn_m1hgl_8\">fizyczny <\/span><span class=\"_fadeIn_m1hgl_8\">Obci\u0105\u017cenie <\/span><span class=\"_fadeIn_m1hgl_8\">w <\/span><span class=\"_fadeIn_m1hgl_8\">Codzienna praca.<\/span><\/p>\n<p data-start=\"1295\" data-end=\"1572\"><span class=\"_fadeIn_m1hgl_8\">Dla <\/span><span class=\"_fadeIn_m1hgl_8\">maksimum <\/span><span class=\"_fadeIn_m1hgl_8\">Bezpiecze\u0144stwo pracy <\/span><span class=\"_fadeIn_m1hgl_8\">ma <\/span><span class=\"_fadeIn_m1hgl_8\">w <\/span><span class=\"_fadeIn_m1hgl_8\">Mieszad\u0142o <\/span><span class=\"_fadeIn_m1hgl_8\">o <\/span><span class=\"_fadeIn_m1hgl_8\">jeden <\/span><span class=\"_fadeIn_m1hgl_8\">automatyczny <\/span><span class=\"_fadeIn_m1hgl_8\">Wy\u0142\u0105cz <\/span><span class=\"_fadeIn_m1hgl_8\">na <\/span><span class=\"_fadeIn_m1hgl_8\">Podnoszenie <\/span><span class=\"_fadeIn_m1hgl_8\">z <\/span><span class=\"_fadeIn_m1hgl_8\">Pokrywy<\/span><span class=\"_fadeIn_m1hgl_8\">, <\/span><span class=\"_fadeIn_m1hgl_8\">na <\/span><span class=\"_fadeIn_m1hgl_8\">Interwencje <\/span><span class=\"_fadeIn_m1hgl_8\">w <\/span><span class=\"_fadeIn_m1hgl_8\">ruchomy <\/span><span class=\"_fadeIn_m1hgl_8\">Cz\u0119\u015bci <\/span><span class=\"_fadeIn_m1hgl_8\">do <\/span><span class=\"_fadeIn_m1hgl_8\">zapobiega\u0107. <\/span><span class=\"_fadeIn_m1hgl_8\">The <\/span><span class=\"_fadeIn_m1hgl_8\">Proces mieszania <\/span><span class=\"_fadeIn_m1hgl_8\">starty <\/span><span class=\"_fadeIn_m1hgl_8\">ponownie <\/span><span class=\"_fadeIn_m1hgl_8\">automatycznie <\/span><span class=\"_fadeIn_m1hgl_8\">o <\/span><span class=\"_fadeIn_m1hgl_8\">jeden <\/span><span class=\"_fadeIn_m1hgl_8\">Wykrywanie pojemnik\u00f3w<\/span> <span class=\"_fadeIn_m1hgl_8\">na <\/span><span class=\"_fadeIn_m1hgl_8\">Opuszczanie - <\/span><span class=\"_fadeIn_m1hgl_8\">skuteczny <\/span><span class=\"_fadeIn_m1hgl_8\">i <\/span><span class=\"_fadeIn_m1hgl_8\">bezpieczny.<\/span><\/p>\n<h3 data-start=\"1337\" data-end=\"1549\"><span class=\"_fadeIn_m1hgl_8\">Dost\u0119pne opcje:<\/span><\/h3>\n<p>ATEX Strefa 1:<br \/>\nEx II 2 G Ex h IIC T5 Gb X<br \/>\nEx II 2 D Ex h IIIC T100\u00b0C Db X lub<br \/>\nATEX Strefa 0\/1:<br \/>\nEx II 1\/2 G Ex h IIC T5 Ga\/Gb<br \/>\nEx II 1\/2 D Ex h IIIC T100\u00b0C Da\/Db<\/p>\n<p>System szybkiej wymiany wa\u0142u mieszad\u0142a:<br \/>\nNasz <a href=\"https:\/\/youtu.be\/TjagGW4DoyA?feature=shared\" target=\"_blank\" rel=\"noopener\">System szybkiej wymiany eco-Quick<\/a> Umo\u017cliwia szybk\u0105 i czyst\u0105 wymian\u0119 wa\u0142u mieszad\u0142a w ci\u0105gu kilku sekund bez u\u017cycia dodatkowych narz\u0119dzi.<\/p>\n<p>Mieszad\u0142o kubkowe eco-Cup lub mieszad\u0142o z pochylon\u0105 \u0142opatk\u0105:<br \/>\n<span class=\"_fadeIn_m1hgl_8\">The <\/span><span class=\"_fadeIn_m1hgl_8\">eko-<\/span><span class=\"_fadeIn_m1hgl_8\">Puchar <\/span><span class=\"_fadeIn_m1hgl_8\">Mieszad\u0142o kubkowe<\/span> <span class=\"_fadeIn_m1hgl_8\">oferty <\/span><span class=\"_fadeIn_m1hgl_8\">poprzez <\/span><span class=\"_fadeIn_m1hgl_8\">by\u0107 <\/span><span class=\"_fadeIn_m1hgl_8\">laminarny <\/span><span class=\"_fadeIn_m1hgl_8\">Poruszaj\u0105ce zachowanie<\/span> <span class=\"_fadeIn_m1hgl_8\">jeden <\/span><span class=\"_fadeIn_m1hgl_8\">jednorodny <\/span><span class=\"_fadeIn_m1hgl_8\">Mieszanie<\/span><span class=\"_fadeIn_m1hgl_8\"> \u2013 <\/span><span class=\"_fadeIn_m1hgl_8\">sam <\/span><span class=\"_fadeIn_m1hgl_8\">z <\/span><span class=\"_fadeIn_m1hgl_8\">wymagaj\u0105cy, <\/span><span class=\"_fadeIn_m1hgl_8\">wysoka lepko\u015b\u0107 <\/span><span class=\"_fadeIn_m1hgl_8\">Media <\/span><span class=\"_fadeIn_m1hgl_8\">jak <\/span><span class=\"_fadeIn_m1hgl_8\">Pasty, <\/span><span class=\"_fadeIn_m1hgl_8\">Zawieszenia <\/span><span class=\"_fadeIn_m1hgl_8\">lub <\/span><span class=\"_fadeIn_m1hgl_8\">Emulsje.<\/span><\/p>\n<p data-start=\"1337\" data-end=\"1549\">Mieszad\u0142o z pochylonymi \u0142opatkami imponuje swoj\u0105 osiow\u0105 charakterystyk\u0105 przenoszenia z lekko promieniowym komponentem i generuje turbulentny przep\u0142yw, kt\u00f3ry umo\u017cliwia szczeg\u00f3lnie skuteczne mieszanie. Jego solidna konstrukcja sprawia, \u017ce idealnie nadaje si\u0119 do substancji o wysokiej lepko\u015bci.<\/p>\n<p data-start=\"1337\" data-end=\"1549\">Koncepcja dzia\u0142ania:<br \/>\nMikser stoj\u0105cy jest opcjonalnie dost\u0119pny ze standardowym panelem sterowania z uchwytem typu dead-man lub <a href=\"https:\/\/ptm-mechatronics.com\/pl\/product\/dguv-schalttafel\/\" target=\"_blank\" rel=\"noopener\">Panel sterowania DGUV<\/a> z <a href=\"https:\/\/ptm-mechatronics.com\/pl\/grundlagen-guide\/not-aus\/\" target=\"_blank\" rel=\"noopener\">Zatrzymanie awaryjne<\/a> i <a href=\"https:\/\/ptm-mechatronics.com\/pl\/grundlagen-guide\/zweihandbedienung\/\" target=\"_blank\" rel=\"noopener\">Obs\u0142uga obur\u0119czna<\/a>.<\/p>\n<p data-start=\"1337\" data-end=\"1549\">Zapi\u0119cie:<br \/>\nMikser stoj\u0105cy jest dost\u0119pny w wersji do monta\u017cu \u015bciennego i pod\u0142ogowego.<\/p>\n<p data-start=\"1617\" data-end=\"1648\"><span class=\"_fadeIn_m1hgl_8\">Zalety <\/span><span class=\"_fadeIn_m1hgl_8\">na <\/span><span class=\"_fadeIn_m1hgl_8\">jeden <\/span><span class=\"_fadeIn_m1hgl_8\">Widok:<\/span><\/p>\n<ul>\n<li data-start=\"1651\" data-end=\"1697\"><span class=\"_fadeIn_m1hgl_8\">Pneumatyczny <\/span><span class=\"_fadeIn_m1hgl_8\">Nap\u0119d <\/span><span class=\"_fadeIn_m1hgl_8\">dla <\/span><span class=\"_fadeIn_m1hgl_8\">pot\u0119\u017cny <\/span><span class=\"_fadeIn_m1hgl_8\">Miesza\u0107<\/span><\/li>\n<li data-start=\"1651\" data-end=\"1697\">Certyfikat ATEX dla strefy 1 lub 0\/1<\/li>\n<li data-start=\"1651\" data-end=\"1697\"><span class=\"_fadeIn_m1hgl_8\">Dla 3<\/span><span class=\"_fadeIn_m1hgl_8\">0-<\/span><span class=\"_fadeIn_m1hgl_8\">Litr<\/span><span class=\"_fadeIn_m1hgl_8\">Beczki <\/span><span class=\"_fadeIn_m1hgl_8\">zoptymalizowany<\/span><\/li>\n<li data-start=\"1651\" data-end=\"1697\"><span class=\"_fadeIn_m1hgl_8\">Wa\u0142 mieszad\u0142a &amp; <\/span><span class=\"_fadeIn_m1hgl_8\">eko-<\/span><span class=\"_fadeIn_m1hgl_8\">Puchar <\/span><span class=\"_fadeIn_m1hgl_8\">z <\/span><span class=\"_fadeIn_m1hgl_8\">V4A <\/span><span class=\"_fadeIn_m1hgl_8\">Stal nierdzewna<\/span><\/li>\n<li data-start=\"1651\" data-end=\"1697\"><span class=\"_fadeIn_m1hgl_8\">Automatyczny <\/span><span class=\"_fadeIn_m1hgl_8\">Urz\u0105dzenie podnosz\u0105ce <\/span><span class=\"_fadeIn_m1hgl_8\">dla <\/span><span class=\"_fadeIn_m1hgl_8\">ergonomiczny <\/span><span class=\"_fadeIn_m1hgl_8\">Praca<\/span><\/li>\n<li data-start=\"1651\" data-end=\"1697\"><span class=\"_fadeIn_m1hgl_8\">Panel sterowania <\/span><span class=\"_fadeIn_m1hgl_8\">do <\/span><span class=\"_fadeIn_m1hgl_8\">prosty <\/span><span class=\"_fadeIn_m1hgl_8\">System sterowania<\/span><\/li>\n<li data-start=\"1651\" data-end=\"1697\"><span class=\"_fadeIn_m1hgl_8\">Wy\u0142\u0105czenie bezpiecze\u0144stwa <\/span><span class=\"_fadeIn_m1hgl_8\">z <\/span><span class=\"_fadeIn_m1hgl_8\">Podnoszenie pokrywy<\/span><\/li>\n<li data-start=\"1651\" data-end=\"1697\"><span class=\"_fadeIn_m1hgl_8\">Automatyczny <\/span><span class=\"_fadeIn_m1hgl_8\">Restart <\/span><span class=\"_fadeIn_m1hgl_8\">poprzez <\/span><span class=\"_fadeIn_m1hgl_8\">Wykrywanie pojemnik\u00f3w<\/span><\/li>\n<li data-start=\"1651\" data-end=\"1697\"><span class=\"_fadeIn_m1hgl_8\">Dla <\/span><span class=\"_fadeIn_m1hgl_8\">niski <\/span><span class=\"_fadeIn_m1hgl_8\">do <\/span><span class=\"_fadeIn_m1hgl_8\">wysoka lepko\u015b\u0107 <\/span><span class=\"_fadeIn_m1hgl_8\">Media<\/span><\/li>\n<li data-start=\"1651\" data-end=\"1697\"><span class=\"_fadeIn_m1hgl_8\">Higiena, <\/span><span class=\"_fadeIn_m1hgl_8\">bezpieczny, <\/span><span class=\"_fadeIn_m1hgl_8\">nadaje si\u0119 do zastosowa\u0144 przemys\u0142owych<\/span><\/li>\n<\/ul>","protected":false},"excerpt":{"rendered":"<p><span class=\"_fadeIn_m1hgl_8\">Mikser stoj\u0105cy ATEX <\/span><span class=\"_fadeIn_m1hgl_8\">dla 3<\/span><span class=\"_fadeIn_m1hgl_8\">0-<\/span><span class=\"_fadeIn_m1hgl_8\">Litr<\/span><span class=\"_fadeIn_m1hgl_8\">Beczki <\/span><span class=\"_fadeIn_m1hgl_8\">z <\/span><span class=\"_fadeIn_m1hgl_8\">pneumatyczny <\/span><span class=\"_fadeIn_m1hgl_8\">Nap\u0119d, <\/span><span class=\"_fadeIn_m1hgl_8\">V4A-<\/span><span class=\"_fadeIn_m1hgl_8\">Sk\u0142adniki, <\/span><span class=\"_fadeIn_m1hgl_8\">bardziej automatyczny <\/span><span class=\"_fadeIn_m1hgl_8\">Urz\u0105dzenie podnosz\u0105ce, <\/span><span class=\"_fadeIn_m1hgl_8\">Wy\u0142\u0105czenie bezpiecze\u0144stwa <\/span><span class=\"_fadeIn_m1hgl_8\">i <\/span><span class=\"_fadeIn_m1hgl_8\">Mieszad\u0142o<\/span><span class=\"_fadeIn_m1hgl_8\">\u00a0<\/span><span class=\"_fadeIn_m1hgl_8\">dla <\/span><span class=\"_fadeIn_m1hgl_8\">skuteczny, <\/span><span class=\"_fadeIn_m1hgl_8\">bezpieczny <\/span><span class=\"_fadeIn_m1hgl_8\">Miesza\u0107 <\/span><span class=\"_fadeIn_m1hgl_8\">z <\/span><span class=\"_fadeIn_m1hgl_8\">wszystko <\/span><span class=\"_fadeIn_m1hgl_8\">lepko\u015bci, z mo\u017cliwo\u015bci\u0105 monta\u017cu na \u015bcianie lub pod\u0142odze.<\/span><\/p>","protected":false},"featured_media":15447,"comment_status":"open","ping_status":"closed","template":"","meta":{"_acf_changed":false},"product_brand":[],"product_cat":[595,612],"product_tag":[2893,2939,2950,2966,2977,2978,2979,2980],"class_list":{"0":"post-7666","1":"product","2":"type-product","3":"status-publish","4":"has-post-thumbnail","6":"product_cat-ruehrwerkstechnik","7":"product_cat-kleingebinderuehrwerke","8":"product_tag-ruehrwerk-mit-hebevorrichtung","9":"product_tag-pneumatischer-ruehrantrieb-atex","10":"product_tag-hygienisches-fassruehrwerk","11":"product_tag-v4a-ruehrwelle-eco-cup","12":"product_tag-stativruehrwerk-30-liter","13":"product_tag-ruehrwerk-edelstahl-30l","14":"product_tag-edelstahl-ruehrsystem-30-liter","15":"product_tag-bedienpult-ruehrwerk","16":"product_shipping_class-europalette-speditionsversand","17":"pa_antriebsart-pneumatisch","18":"pa_atex-fuer-atex-zone-0-1","19":"pa_atex-fuer-atex-zone-1","20":"pa_bedienkonzept-standardschalttafel","21":"pa_bedienkonzept-dguv-schalttafel","22":"pa_befestigung-mit-bodenbefestigung","23":"pa_befestigung-mit-wandbefestigung","24":"pa_behaeltervolumen-30-liter","25":"pa_deckeldurchmesser-380mm","26":"pa_dichtung-ptfe","27":"pa_drehmoment-4nm","28":"pa_drehzahl-0-300-1-min","29":"pa_durchmesser-ruehrwelle-16mm","30":"pa_geeignete-fassdurchmesser-30-liter","31":"pa_geraeuschpegel-75db","32":"pa_gesamtbreite-440mm","33":"pa_gesamthoehe-1335mm","34":"pa_labs-oel-und-silikonfrei","35":"pa_laenge-ruehrwelle-ca-360mm-ab-deckeloberkante","36":"pa_material-deckel-v4a-edelstahl-1-4404","37":"pa_mittlerer-luftverbrauch-25l-min","38":"pa_model-eco-station-30","39":"pa_ruehrorgan-schraegblattmischer-175mm","40":"pa_ruehrorgan-becherruehrorgan-eco-cup-170mm","41":"pa_schnellwechselsystem-mit-gewindeverbindung","42":"pa_schnellwechselsystem-mit-schnellwechselsystem","43":"pa_stativverfahrweg-500mm","44":"pa_typ-stativruehrwerk","45":"pa_versorgung-5-6bar","47":"first","48":"instock","49":"taxable","50":"shipping-taxable","51":"purchasable","52":"product-type-variable"},"bundled_by":[],"bundle_stock_status":"instock","bundle_stock_quantity":null,"bundle_virtual":false,"bundle_layout":"","bundle_add_to_cart_form_location":"","bundle_editable_in_cart":false,"bundle_sold_individually_context":"","bundle_item_grouping":"","bundle_min_size":"","bundle_max_size":"","bundle_price":[],"bundled_items":[],"bundle_sell_ids":[],"exclude_global_add_ons":[],"addons":[],"acf":[],"_links":{"self":[{"href":"https:\/\/ptm-mechatronics.com\/pl\/wp-json\/wp\/v2\/product\/7666","targetHints":{"allow":["GET"]}}],"collection":[{"href":"https:\/\/ptm-mechatronics.com\/pl\/wp-json\/wp\/v2\/product"}],"about":[{"href":"https:\/\/ptm-mechatronics.com\/pl\/wp-json\/wp\/v2\/types\/product"}],"replies":[{"embeddable":true,"href":"https:\/\/ptm-mechatronics.com\/pl\/wp-json\/wp\/v2\/comments?post=7666"}],"wp:featuredmedia":[{"embeddable":true,"href":"https:\/\/ptm-mechatronics.com\/pl\/wp-json\/wp\/v2\/media\/15447"}],"wp:attachment":[{"href":"https:\/\/ptm-mechatronics.com\/pl\/wp-json\/wp\/v2\/media?parent=7666"}],"wp:term":[{"taxonomy":"product_brand","embeddable":true,"href":"https:\/\/ptm-mechatronics.com\/pl\/wp-json\/wp\/v2\/product_brand?post=7666"},{"taxonomy":"product_cat","embeddable":true,"href":"https:\/\/ptm-mechatronics.com\/pl\/wp-json\/wp\/v2\/product_cat?post=7666"},{"taxonomy":"product_tag","embeddable":true,"href":"https:\/\/ptm-mechatronics.com\/pl\/wp-json\/wp\/v2\/product_tag?post=7666"}],"curies":[{"name":"wp","href":"https:\/\/api.w.org\/{rel}","templated":true}]}}