{"id":7660,"date":"2024-02-07T17:44:21","date_gmt":"2024-02-07T17:44:21","guid":{"rendered":""},"modified":"2026-03-09T10:27:09","modified_gmt":"2026-03-09T09:27:09","slug":"stativruehrwerk-fuer-100-liter-fass-antrieb-atex-zone-1","status":"publish","type":"product","link":"https:\/\/ptm-mechatronics.com\/pl\/product\/stativruehrwerk-fuer-100-liter-fass-antrieb-atex-zone-1\/","title":{"rendered":"Mieszad\u0142o stoj\u0105ce do beczki o pojemno\u015bci 100 litr\u00f3w - nap\u0119d ATEX Strefa 1"},"content":{"rendered":"<p data-start=\"372\" data-end=\"913\"><span class=\"_fadeIn_m1hgl_8\">The <\/span><span class=\"_fadeIn_m1hgl_8\">Mieszad\u0142o stoj\u0105ce <\/span><span class=\"_fadeIn_m1hgl_8\">dla 1<\/span><span class=\"_fadeIn_m1hgl_8\">00-<\/span><span class=\"_fadeIn_m1hgl_8\">Litr<\/span><span class=\"_fadeIn_m1hgl_8\">Beczki<\/span> <span class=\"_fadeIn_m1hgl_8\">by\u0142 <\/span><span class=\"_fadeIn_m1hgl_8\">dla <\/span><span class=\"_fadeIn_m1hgl_8\">w <\/span><span class=\"_fadeIn_m1hgl_8\">skuteczny <\/span><span class=\"_fadeIn_m1hgl_8\">i <\/span><span class=\"_fadeIn_m1hgl_8\">bezpieczny <\/span><span class=\"_fadeIn_m1hgl_8\">Przetwarzanie <\/span><span class=\"_fadeIn_m1hgl_8\">niski <\/span><span class=\"_fadeIn_m1hgl_8\">do <\/span><span class=\"_fadeIn_m1hgl_8\">wysoka lepko\u015b\u0107 <\/span><span class=\"_fadeIn_m1hgl_8\">Media<\/span> <span class=\"_fadeIn_m1hgl_8\">opracowany. <\/span><span class=\"_fadeIn_m1hgl_8\">To <\/span><span class=\"_fadeIn_m1hgl_8\">istnieje <\/span><span class=\"_fadeIn_m1hgl_8\">z <\/span><span class=\"_fadeIn_m1hgl_8\">jeden <\/span><span class=\"_fadeIn_m1hgl_8\">pot\u0119\u017cny, <\/span><span class=\"_fadeIn_m1hgl_8\">pneumatyczny <\/span><span class=\"_fadeIn_m1hgl_8\">Nap\u0119d<\/span><span class=\"_fadeIn_m1hgl_8\">, <\/span><span class=\"_fadeIn_m1hgl_8\">jeden <\/span><span class=\"_fadeIn_m1hgl_8\">masywny <\/span><span class=\"_fadeIn_m1hgl_8\">Stal nierdzewna<\/span><span class=\"_fadeIn_m1hgl_8\">Pokrywa<\/span><span class=\"_fadeIn_m1hgl_8\">, <\/span><span class=\"_fadeIn_m1hgl_8\">jeden <\/span><span class=\"_fadeIn_m1hgl_8\">Wa\u0142 mieszad\u0142a <\/span><span class=\"_fadeIn_m1hgl_8\">z <\/span><span class=\"_fadeIn_m1hgl_8\">Mieszad\u0142o kubkowe <\/span><span class=\"_fadeIn_m1hgl_8\">eko-<\/span><span class=\"_fadeIn_m1hgl_8\">Puchar<\/span> <span class=\"_fadeIn_m1hgl_8\">oraz <\/span><span class=\"_fadeIn_m1hgl_8\">jeden <\/span><span class=\"_fadeIn_m1hgl_8\">Statyw <\/span><span class=\"_fadeIn_m1hgl_8\">z <\/span><span class=\"_fadeIn_m1hgl_8\">bardziej automatyczny <\/span><span class=\"_fadeIn_m1hgl_8\">Urz\u0105dzenie podnosz\u0105ce <\/span><span class=\"_fadeIn_m1hgl_8\">i <\/span><span class=\"_fadeIn_m1hgl_8\">Panel sterowania<\/span><span class=\"_fadeIn_m1hgl_8\">. <\/span><span class=\"_fadeIn_m1hgl_8\">Wszystkie <\/span><span class=\"_fadeIn_m1hgl_8\">media-touching <\/span><span class=\"_fadeIn_m1hgl_8\">Komponenty - <\/span><span class=\"_fadeIn_m1hgl_8\">Wa\u0142 mieszad\u0142a <\/span><span class=\"_fadeIn_m1hgl_8\">i <\/span><span class=\"_fadeIn_m1hgl_8\">Mieszad\u0142o<\/span><span class=\"_fadeIn_m1hgl_8\"> \u2013 <\/span><span class=\"_fadeIn_m1hgl_8\">s\u0105 <\/span><span class=\"_fadeIn_m1hgl_8\">z <\/span><span class=\"_fadeIn_m1hgl_8\">V4A <\/span><span class=\"_fadeIn_m1hgl_8\">Stal nierdzewna (<\/span><span class=\"_fadeIn_m1hgl_8\">1.4404)<\/span> <span class=\"_fadeIn_m1hgl_8\">wyprodukowany <\/span><span class=\"_fadeIn_m1hgl_8\">i <\/span><span class=\"_fadeIn_m1hgl_8\">oferuj\u0105 wysoki <\/span><span class=\"_fadeIn_m1hgl_8\">Higiena <\/span><span class=\"_fadeIn_m1hgl_8\">i <\/span><span class=\"_fadeIn_m1hgl_8\">Odporno\u015b\u0107 na korozj\u0119.<\/span><\/p>\n<p data-start=\"915\" data-end=\"1293\"><span class=\"_fadeIn_m1hgl_8\">The <\/span><span class=\"_fadeIn_m1hgl_8\">Mieszad\u0142o <\/span><span class=\"_fadeIn_m1hgl_8\">jest <\/span><span class=\"_fadeIn_m1hgl_8\">kompletny <\/span><span class=\"_fadeIn_m1hgl_8\">na <\/span><span class=\"_fadeIn_m1hgl_8\">w <\/span><span class=\"_fadeIn_m1hgl_8\">U\u017cycie <\/span><span class=\"_fadeIn_m1hgl_8\">w <\/span><span class=\"_fadeIn_m1hgl_8\">znormalizowany 1<\/span><span class=\"_fadeIn_m1hgl_8\">00-<\/span><span class=\"_fadeIn_m1hgl_8\">Litr<\/span><span class=\"_fadeIn_m1hgl_8\">Beczki<\/span> <span class=\"_fadeIn_m1hgl_8\">zharmonizowany <\/span><span class=\"_fadeIn_m1hgl_8\">i <\/span><span class=\"_fadeIn_m1hgl_8\">oferty <\/span><span class=\"_fadeIn_m1hgl_8\">jeden <\/span><span class=\"_fadeIn_m1hgl_8\">nawet, <\/span><span class=\"_fadeIn_m1hgl_8\">jednorodny <\/span><span class=\"_fadeIn_m1hgl_8\">Wynik mieszania<\/span><span class=\"_fadeIn_m1hgl_8\">, <\/span><span class=\"_fadeIn_m1hgl_8\">sam <\/span><span class=\"_fadeIn_m1hgl_8\">z <\/span><span class=\"_fadeIn_m1hgl_8\">trudne, <\/span><span class=\"_fadeIn_m1hgl_8\">lepki <\/span><span class=\"_fadeIn_m1hgl_8\">Substancje. <\/span><span class=\"_fadeIn_m1hgl_8\">The <\/span><span class=\"_fadeIn_m1hgl_8\">automatyczny <\/span><span class=\"_fadeIn_m1hgl_8\">Urz\u0105dzenie podnosz\u0105ce<\/span> <span class=\"_fadeIn_m1hgl_8\">u\u0142atwia <\/span><span class=\"_fadeIn_m1hgl_8\">w <\/span><span class=\"_fadeIn_m1hgl_8\">Podnoszenie <\/span><span class=\"_fadeIn_m1hgl_8\">i <\/span><span class=\"_fadeIn_m1hgl_8\">Opuszczanie <\/span><span class=\"_fadeIn_m1hgl_8\">z <\/span><span class=\"_fadeIn_m1hgl_8\">mieszad\u0142o, <\/span><span class=\"_fadeIn_m1hgl_8\">zapewnia <\/span><span class=\"_fadeIn_m1hgl_8\">dla <\/span><span class=\"_fadeIn_m1hgl_8\">jeden <\/span><span class=\"_fadeIn_m1hgl_8\">bezpieczny <\/span><span class=\"_fadeIn_m1hgl_8\">Zmiana pojemnika <\/span><span class=\"_fadeIn_m1hgl_8\">i <\/span><span class=\"_fadeIn_m1hgl_8\">zmniejszony <\/span><span class=\"_fadeIn_m1hgl_8\">fizyczny <\/span><span class=\"_fadeIn_m1hgl_8\">Obci\u0105\u017cenie <\/span><span class=\"_fadeIn_m1hgl_8\">w <\/span><span class=\"_fadeIn_m1hgl_8\">Codzienna praca.<\/span><\/p>\n<p data-start=\"1295\" data-end=\"1572\"><span class=\"_fadeIn_m1hgl_8\">Dla <\/span><span class=\"_fadeIn_m1hgl_8\">maksimum <\/span><span class=\"_fadeIn_m1hgl_8\">Bezpiecze\u0144stwo pracy <\/span><span class=\"_fadeIn_m1hgl_8\">ma <\/span><span class=\"_fadeIn_m1hgl_8\">w <\/span><span class=\"_fadeIn_m1hgl_8\">Mieszad\u0142o <\/span><span class=\"_fadeIn_m1hgl_8\">o <\/span><span class=\"_fadeIn_m1hgl_8\">jeden <\/span><span class=\"_fadeIn_m1hgl_8\">automatyczny <\/span><span class=\"_fadeIn_m1hgl_8\">Wy\u0142\u0105cz <\/span><span class=\"_fadeIn_m1hgl_8\">na <\/span><span class=\"_fadeIn_m1hgl_8\">Podnoszenie <\/span><span class=\"_fadeIn_m1hgl_8\">z <\/span><span class=\"_fadeIn_m1hgl_8\">Pokrywy<\/span><span class=\"_fadeIn_m1hgl_8\">, <\/span><span class=\"_fadeIn_m1hgl_8\">na <\/span><span class=\"_fadeIn_m1hgl_8\">Interwencje <\/span><span class=\"_fadeIn_m1hgl_8\">w <\/span><span class=\"_fadeIn_m1hgl_8\">ruchomy <\/span><span class=\"_fadeIn_m1hgl_8\">Cz\u0119\u015bci <\/span><span class=\"_fadeIn_m1hgl_8\">do <\/span><span class=\"_fadeIn_m1hgl_8\">zapobiega\u0107. <\/span><span class=\"_fadeIn_m1hgl_8\">The <\/span><span class=\"_fadeIn_m1hgl_8\">Proces mieszania <\/span><span class=\"_fadeIn_m1hgl_8\">starty <\/span><span class=\"_fadeIn_m1hgl_8\">ponownie <\/span><span class=\"_fadeIn_m1hgl_8\">automatycznie <\/span><span class=\"_fadeIn_m1hgl_8\">o <\/span><span class=\"_fadeIn_m1hgl_8\">jeden <\/span><span class=\"_fadeIn_m1hgl_8\">Wykrywanie pojemnik\u00f3w<\/span> <span class=\"_fadeIn_m1hgl_8\">na <\/span><span class=\"_fadeIn_m1hgl_8\">Opuszczanie - <\/span><span class=\"_fadeIn_m1hgl_8\">skuteczny <\/span><span class=\"_fadeIn_m1hgl_8\">i <\/span><span class=\"_fadeIn_m1hgl_8\">bezpieczny.<\/span><\/p>\n<p data-start=\"1295\" data-end=\"1572\">Mikser stoj\u0105cy jest dost\u0119pny w wersji do monta\u017cu \u015bciennego i pod\u0142ogowego.<\/p>\n<p data-start=\"1574\" data-end=\"1615\"><span class=\"_fadeIn_m1hgl_8\">Uwaga: <\/span><span class=\"_fadeIn_m1hgl_8\">dostawa <\/span><span class=\"_fadeIn_m1hgl_8\">ma miejsce <\/span><span class=\"_fadeIn_m1hgl_8\">bez <\/span><span class=\"_fadeIn_m1hgl_8\">Lufa.<\/span><\/p>\n<p data-start=\"1617\" data-end=\"1648\"><span class=\"_fadeIn_m1hgl_8\">Zalety <\/span><span class=\"_fadeIn_m1hgl_8\">na <\/span><span class=\"_fadeIn_m1hgl_8\">jeden <\/span><span class=\"_fadeIn_m1hgl_8\">Widok:<\/span><\/p>\n<ul>\n<li data-start=\"1651\" data-end=\"1697\"><span class=\"_fadeIn_m1hgl_8\">Pneumatyczny <\/span><span class=\"_fadeIn_m1hgl_8\">Nap\u0119d <\/span><span class=\"_fadeIn_m1hgl_8\">dla <\/span><span class=\"_fadeIn_m1hgl_8\">pot\u0119\u017cny <\/span><span class=\"_fadeIn_m1hgl_8\">Miesza\u0107<\/span><\/li>\n<li data-start=\"1651\" data-end=\"1697\"><span class=\"_fadeIn_m1hgl_8\">Dla 1<\/span><span class=\"_fadeIn_m1hgl_8\">00-<\/span><span class=\"_fadeIn_m1hgl_8\">Litr<\/span><span class=\"_fadeIn_m1hgl_8\">Beczki <\/span><span class=\"_fadeIn_m1hgl_8\">zoptymalizowany<\/span><\/li>\n<li data-start=\"1651\" data-end=\"1697\"><span class=\"_fadeIn_m1hgl_8\">Wa\u0142 mieszad\u0142a &amp; <\/span><span class=\"_fadeIn_m1hgl_8\">eko-<\/span><span class=\"_fadeIn_m1hgl_8\">Puchar <\/span><span class=\"_fadeIn_m1hgl_8\">z <\/span><span class=\"_fadeIn_m1hgl_8\">V4A <\/span><span class=\"_fadeIn_m1hgl_8\">Stal nierdzewna<\/span><\/li>\n<li data-start=\"1651\" data-end=\"1697\"><span class=\"_fadeIn_m1hgl_8\">Automatyczny <\/span><span class=\"_fadeIn_m1hgl_8\">Urz\u0105dzenie podnosz\u0105ce <\/span><span class=\"_fadeIn_m1hgl_8\">dla <\/span><span class=\"_fadeIn_m1hgl_8\">ergonomiczny <\/span><span class=\"_fadeIn_m1hgl_8\">Praca<\/span><\/li>\n<li data-start=\"1651\" data-end=\"1697\"><span class=\"_fadeIn_m1hgl_8\">Panel sterowania <\/span><span class=\"_fadeIn_m1hgl_8\">do <\/span><span class=\"_fadeIn_m1hgl_8\">prosty <\/span><span class=\"_fadeIn_m1hgl_8\">System sterowania<\/span><\/li>\n<li data-start=\"1651\" data-end=\"1697\"><span class=\"_fadeIn_m1hgl_8\">Wy\u0142\u0105czenie bezpiecze\u0144stwa <\/span><span class=\"_fadeIn_m1hgl_8\">z <\/span><span class=\"_fadeIn_m1hgl_8\">Podnoszenie pokrywy<\/span><\/li>\n<li data-start=\"1651\" data-end=\"1697\"><span class=\"_fadeIn_m1hgl_8\">Automatyczny <\/span><span class=\"_fadeIn_m1hgl_8\">Restart <\/span><span class=\"_fadeIn_m1hgl_8\">poprzez <\/span><span class=\"_fadeIn_m1hgl_8\">Wykrywanie pojemnik\u00f3w<\/span><\/li>\n<li data-start=\"1651\" data-end=\"1697\"><span class=\"_fadeIn_m1hgl_8\">Dla <\/span><span class=\"_fadeIn_m1hgl_8\">niski <\/span><span class=\"_fadeIn_m1hgl_8\">do <\/span><span class=\"_fadeIn_m1hgl_8\">wysoka lepko\u015b\u0107 <\/span><span class=\"_fadeIn_m1hgl_8\">Media<\/span><\/li>\n<li data-start=\"1651\" data-end=\"1697\"><span class=\"_fadeIn_m1hgl_8\">Higiena, <\/span><span class=\"_fadeIn_m1hgl_8\">bezpieczny, <\/span><span class=\"_fadeIn_m1hgl_8\">nadaje si\u0119 do zastosowa\u0144 przemys\u0142owych<\/span><\/li>\n<\/ul>","protected":false},"excerpt":{"rendered":"<p><span class=\"_fadeIn_m1hgl_8\">Mieszad\u0142o stoj\u0105ce <\/span><span class=\"_fadeIn_m1hgl_8\">dla 1<\/span><span class=\"_fadeIn_m1hgl_8\">00-<\/span><span class=\"_fadeIn_m1hgl_8\">Litr<\/span><span class=\"_fadeIn_m1hgl_8\">Beczki <\/span><span class=\"_fadeIn_m1hgl_8\">z <\/span><span class=\"_fadeIn_m1hgl_8\">pneumatyczny <\/span><span class=\"_fadeIn_m1hgl_8\">Nap\u0119d, <\/span><span class=\"_fadeIn_m1hgl_8\">V4A-<\/span><span class=\"_fadeIn_m1hgl_8\">Sk\u0142adniki, <\/span><span class=\"_fadeIn_m1hgl_8\">bardziej automatyczny <\/span><span class=\"_fadeIn_m1hgl_8\">Urz\u0105dzenie podnosz\u0105ce, <\/span><span class=\"_fadeIn_m1hgl_8\">Wy\u0142\u0105czenie bezpiecze\u0144stwa <\/span><span class=\"_fadeIn_m1hgl_8\">i <\/span><span class=\"_fadeIn_m1hgl_8\">eko-<\/span><span class=\"_fadeIn_m1hgl_8\">Puchar <\/span><span class=\"_fadeIn_m1hgl_8\">dla <\/span><span class=\"_fadeIn_m1hgl_8\">skuteczny, <\/span><span class=\"_fadeIn_m1hgl_8\">bezpieczny <\/span><span class=\"_fadeIn_m1hgl_8\">Miesza\u0107 <\/span><span class=\"_fadeIn_m1hgl_8\">z <\/span><span class=\"_fadeIn_m1hgl_8\">wszystko <\/span><span class=\"_fadeIn_m1hgl_8\">lepko\u015bci, z mo\u017cliwo\u015bci\u0105 monta\u017cu na \u015bcianie lub pod\u0142odze.<\/span><\/p>","protected":false},"featured_media":15445,"comment_status":"open","ping_status":"closed","template":"","meta":{"_acf_changed":false},"product_brand":[],"product_cat":[603,595],"product_tag":[2974,2975,2976,2893,2895,2939,2960,2971,2972,2973],"class_list":{"0":"post-7660","1":"product","2":"type-product","3":"status-publish","4":"has-post-thumbnail","6":"product_cat-fassruehrwerke","7":"product_cat-ruehrwerkstechnik","8":"product_tag-edelstahl-ruehrsystem-100l","9":"product_tag-fassruehrwerk-industrie","10":"product_tag-hygienisches-ruehrwerk-100-liter","11":"product_tag-ruehrwerk-mit-hebevorrichtung","12":"product_tag-ruehrwerk-mit-sicherheitsabschaltung","13":"product_tag-pneumatischer-ruehrantrieb-atex","14":"product_tag-fassruehrwerk-edelstahl","15":"product_tag-bedienpult-ruehrtechnik","16":"product_tag-stativruehrwerk-100-liter","17":"product_tag-v4a-ruehrwerk-eco-cup","18":"product_shipping_class-europalette-speditionsversand","19":"pa_antriebsart-pneumatisch","20":"pa_atex-zone-122122","21":"pa_behaeltervolumen-100-liter","22":"pa_deckeldurchmesser-440mm","23":"pa_dichtung-ptfe","24":"pa_drehmoment-8nm","25":"pa_drehzahl-0-300-1-min","26":"pa_durchmesser-ruehrwelle-20mm","27":"pa_ex-gas-ex-ii-2-g-ex-h-iic-t5-gb-x","28":"pa_ex-staub-ex-ii-2-d-ex-h-iiic-t100c-db-x","29":"pa_geeignete-fassdurchmesser-100-liter","30":"pa_geraeuschpegel-75db","31":"pa_gesamtbreite-550mm","32":"pa_gesamthoehe-1746mm","33":"pa_gesamttiefe-700mm","34":"pa_labs-oel-und-silikonfrei","35":"pa_laenge-ruehrwelle-ca-740mm-ab-deckeloberkante","36":"pa_material-deckel-v4a-edelstahl-1-4404","37":"pa_mittlerer-luftverbrauch-50l-min","38":"pa_model-eco-station-100","39":"pa_ruehrorgan-becherruehrorgan-eco-cup-260mm","40":"pa_stativverfahrweg-700mm","41":"pa_typ-stativruehrwerk","42":"pa_versorgung-5-6bar","44":"first","45":"instock","46":"taxable","47":"shipping-taxable","48":"purchasable","49":"product-type-variable"},"bundled_by":[],"bundle_stock_status":"instock","bundle_stock_quantity":null,"bundle_virtual":false,"bundle_layout":"","bundle_add_to_cart_form_location":"","bundle_editable_in_cart":false,"bundle_sold_individually_context":"","bundle_item_grouping":"","bundle_min_size":"","bundle_max_size":"","bundle_price":[],"bundled_items":[],"bundle_sell_ids":[],"exclude_global_add_ons":[],"addons":[],"acf":[],"_links":{"self":[{"href":"https:\/\/ptm-mechatronics.com\/pl\/wp-json\/wp\/v2\/product\/7660","targetHints":{"allow":["GET"]}}],"collection":[{"href":"https:\/\/ptm-mechatronics.com\/pl\/wp-json\/wp\/v2\/product"}],"about":[{"href":"https:\/\/ptm-mechatronics.com\/pl\/wp-json\/wp\/v2\/types\/product"}],"replies":[{"embeddable":true,"href":"https:\/\/ptm-mechatronics.com\/pl\/wp-json\/wp\/v2\/comments?post=7660"}],"wp:featuredmedia":[{"embeddable":true,"href":"https:\/\/ptm-mechatronics.com\/pl\/wp-json\/wp\/v2\/media\/15445"}],"wp:attachment":[{"href":"https:\/\/ptm-mechatronics.com\/pl\/wp-json\/wp\/v2\/media?parent=7660"}],"wp:term":[{"taxonomy":"product_brand","embeddable":true,"href":"https:\/\/ptm-mechatronics.com\/pl\/wp-json\/wp\/v2\/product_brand?post=7660"},{"taxonomy":"product_cat","embeddable":true,"href":"https:\/\/ptm-mechatronics.com\/pl\/wp-json\/wp\/v2\/product_cat?post=7660"},{"taxonomy":"product_tag","embeddable":true,"href":"https:\/\/ptm-mechatronics.com\/pl\/wp-json\/wp\/v2\/product_tag?post=7660"}],"curies":[{"name":"wp","href":"https:\/\/api.w.org\/{rel}","templated":true}]}}