{"id":7648,"date":"2024-02-07T17:44:21","date_gmt":"2024-02-07T17:44:21","guid":{"rendered":""},"modified":"2025-11-07T15:52:15","modified_gmt":"2025-11-07T14:52:15","slug":"ruehrwerk-mit-traverse-fuer-60-liter-fass-antrieb-atex-zone-1","status":"publish","type":"product","link":"https:\/\/ptm-mechatronics.com\/pl\/product\/ruehrwerk-mit-traverse-fuer-60-liter-fass-antrieb-atex-zone-1\/","title":{"rendered":"Mieszad\u0142o z trawersem dla b\u0119bna 60 l - nap\u0119d ATEX Strefa 1"},"content":{"rendered":"<p>Mieszad\u0142o sk\u0142ada si\u0119 z energooszcz\u0119dnego i wydajnego nap\u0119du pneumatycznego z certyfikatem ATEX dla strefy ATEX 1, wa\u0142u mieszad\u0142a z mieszad\u0142em eco-Cup i belki poprzecznej. Wa\u0142 mieszad\u0142a, element mieszad\u0142a i trawersa wykonane s\u0105 z wysokiej jako\u015bci stali nierdzewnej V4A 1.4404. Trawersa z dwoma zaciskami pasuje do standardowych beczek o pojemno\u015bci 60 litr\u00f3w i \u015brednicy od 300 do 400 mm.<br \/>\nMieszad\u0142o niezawodnie miesza zar\u00f3wno media o niskiej, jak i wysokiej lepko\u015bci. Jego komponenty s\u0105 ju\u017c zoptymalizowane pod k\u0105tem niezawodnego i bezpiecznego procesu mieszania w 60-litrowych beczkach. Mieszad\u0142o eco-Cup wchodz\u0105ce w zakres dostawy charakteryzuje si\u0119 delikatnym mieszaniem i zapewnia jednorodny efekt mieszania.<\/p>","protected":false},"excerpt":{"rendered":"<p>Wydajne mieszad\u0142o w pe\u0142ni wyposa\u017cone w trawers\u0119, wa\u0142 mieszad\u0142a i element mieszaj\u0105cy do b\u0119bna o pojemno\u015bci 60 litr\u00f3w - nap\u0119d ATEX Strefa 1<\/p>","protected":false},"featured_media":15340,"comment_status":"open","ping_status":"closed","template":"","meta":{"_acf_changed":false},"product_brand":[],"product_cat":[595,603],"product_tag":[],"class_list":{"0":"post-7648","1":"product","2":"type-product","3":"status-publish","4":"has-post-thumbnail","6":"product_cat-ruehrwerkstechnik","7":"product_cat-fassruehrwerke","8":"product_shipping_class-karton-paketversand","9":"pa_antriebsart-pneumatisch","10":"pa_atex-zone-122122","11":"pa_behaeltervolumen-60-liter","12":"pa_dichtung-ptfe","13":"pa_drehmoment-4nm","14":"pa_drehzahl-0-300-1-min","15":"pa_durchmesser-ruehrwelle-16mm","16":"pa_ex-gas-ex-ii-2-g-ex-h-iic-t5-gb-x","17":"pa_ex-staub-ex-ii-2-d-ex-h-iiic-t100c-db-x","18":"pa_geeignete-fassdurchmesser-300-400mm","19":"pa_geraeuschpegel-75db","20":"pa_labs-oel-und-silikonfrei","21":"pa_laenge-ruehrwelle-ca-535mm-ab-deckeloberkante","22":"pa_material-gehaeuse-aluminium-eloxiert","23":"pa_material-traverse-v4a-edelstahl-1-4404","24":"pa_mittlerer-luftverbrauch-25l-min","25":"pa_ruehrorgan-becherruehrorgan-eco-cup-210mm","26":"pa_schutzart-ip67","27":"pa_steckverschraubung-abluft-schlauch-o10mm","28":"pa_steckverschraubung-zuluft-schlauch-o6mm","29":"pa_typ-traversenruehrwerk","30":"pa_versorgung-5-6bar","32":"first","33":"instock","34":"taxable","35":"shipping-taxable","36":"purchasable","37":"product-type-simple"},"bundled_by":[],"bundle_stock_status":"instock","bundle_stock_quantity":null,"bundle_virtual":false,"bundle_layout":"","bundle_add_to_cart_form_location":"","bundle_editable_in_cart":false,"bundle_sold_individually_context":"","bundle_item_grouping":"","bundle_min_size":"","bundle_max_size":"","bundle_price":[],"bundled_items":[],"bundle_sell_ids":[],"exclude_global_add_ons":[],"addons":[],"acf":[],"_links":{"self":[{"href":"https:\/\/ptm-mechatronics.com\/pl\/wp-json\/wp\/v2\/product\/7648","targetHints":{"allow":["GET"]}}],"collection":[{"href":"https:\/\/ptm-mechatronics.com\/pl\/wp-json\/wp\/v2\/product"}],"about":[{"href":"https:\/\/ptm-mechatronics.com\/pl\/wp-json\/wp\/v2\/types\/product"}],"replies":[{"embeddable":true,"href":"https:\/\/ptm-mechatronics.com\/pl\/wp-json\/wp\/v2\/comments?post=7648"}],"wp:featuredmedia":[{"embeddable":true,"href":"https:\/\/ptm-mechatronics.com\/pl\/wp-json\/wp\/v2\/media\/15340"}],"wp:attachment":[{"href":"https:\/\/ptm-mechatronics.com\/pl\/wp-json\/wp\/v2\/media?parent=7648"}],"wp:term":[{"taxonomy":"product_brand","embeddable":true,"href":"https:\/\/ptm-mechatronics.com\/pl\/wp-json\/wp\/v2\/product_brand?post=7648"},{"taxonomy":"product_cat","embeddable":true,"href":"https:\/\/ptm-mechatronics.com\/pl\/wp-json\/wp\/v2\/product_cat?post=7648"},{"taxonomy":"product_tag","embeddable":true,"href":"https:\/\/ptm-mechatronics.com\/pl\/wp-json\/wp\/v2\/product_tag?post=7648"}],"curies":[{"name":"wp","href":"https:\/\/api.w.org\/{rel}","templated":true}]}}