{"id":7617,"date":"2024-02-07T17:44:20","date_gmt":"2024-02-07T17:44:20","guid":{"rendered":""},"modified":"2025-11-07T15:52:13","modified_gmt":"2025-11-07T14:52:13","slug":"handruehrer-atex-eco-up-900g","status":"publish","type":"product","link":"https:\/\/ptm-mechatronics.com\/pl\/product\/handruehrer-atex-eco-up-900g\/","title":{"rendered":"Mikser r\u0119czny ATEX eco-Up 900G"},"content":{"rendered":"<p data-start=\"164\" data-end=\"221\"><span class=\"_fadeIn_m1hgl_8\">Mikser r\u0119czny <\/span><span class=\"_fadeIn_m1hgl_8\">eko-<\/span><span class=\"_fadeIn_m1hgl_8\">W g\u00f3r\u0119 - <\/span><span class=\"_fadeIn_m1hgl_8\">ergonomiczny, <\/span><span class=\"_fadeIn_m1hgl_8\">pot\u0119\u017cny, <\/span><span class=\"_fadeIn_m1hgl_8\">bezpieczny<\/span><\/p>\n<p data-start=\"223\" data-end=\"575\"><span class=\"_fadeIn_m1hgl_8\">Z <\/span><span class=\"_fadeIn_m1hgl_8\">w <\/span><span class=\"_fadeIn_m1hgl_8\">Mikser r\u0119czny <\/span><span class=\"_fadeIn_m1hgl_8\">eko-<\/span><span class=\"_fadeIn_m1hgl_8\">W g\u00f3r\u0119<\/span> <span class=\"_fadeIn_m1hgl_8\">urlop <\/span><span class=\"_fadeIn_m1hgl_8\">sam <\/span><span class=\"_fadeIn_m1hgl_8\">p\u0142yn <\/span><span class=\"_fadeIn_m1hgl_8\">i <\/span><span class=\"_fadeIn_m1hgl_8\">wysoka lepko\u015b\u0107 <\/span><span class=\"_fadeIn_m1hgl_8\">Substancje<\/span> <span class=\"_fadeIn_m1hgl_8\">bezpieczny, <\/span><span class=\"_fadeIn_m1hgl_8\">Pot\u0119\u017cny <\/span><span class=\"_fadeIn_m1hgl_8\">i <\/span><span class=\"_fadeIn_m1hgl_8\">wygodny <\/span><span class=\"_fadeIn_m1hgl_8\">zamiesza\u0107. <\/span><span class=\"_fadeIn_m1hgl_8\">The <\/span><span class=\"_fadeIn_m1hgl_8\">Urz\u0105dzenie <\/span><span class=\"_fadeIn_m1hgl_8\">by\u0142 <\/span><span class=\"_fadeIn_m1hgl_8\">zw\u0142aszcza <\/span><span class=\"_fadeIn_m1hgl_8\">dla <\/span><span class=\"_fadeIn_m1hgl_8\">w <\/span><span class=\"_fadeIn_m1hgl_8\">ergonomiczny <\/span><span class=\"_fadeIn_m1hgl_8\">Obs\u0142uga obur\u0119czna<\/span> <span class=\"_fadeIn_m1hgl_8\">zaprojektowany <\/span><span class=\"_fadeIn_m1hgl_8\">i <\/span><span class=\"_fadeIn_m1hgl_8\">przekonany <\/span><span class=\"_fadeIn_m1hgl_8\">poprzez <\/span><span class=\"_fadeIn_m1hgl_8\">jeden <\/span><span class=\"_fadeIn_m1hgl_8\">stabilny, <\/span><span class=\"_fadeIn_m1hgl_8\">przyjazny dla u\u017cytkownika <\/span><span class=\"_fadeIn_m1hgl_8\">Obs\u0142uga<\/span><span class=\"_fadeIn_m1hgl_8\"> \u2013 <\/span><span class=\"_fadeIn_m1hgl_8\">idealny <\/span><span class=\"_fadeIn_m1hgl_8\">dla <\/span><span class=\"_fadeIn_m1hgl_8\">w <\/span><span class=\"_fadeIn_m1hgl_8\">U\u017cycie <\/span><span class=\"_fadeIn_m1hgl_8\">w <\/span><span class=\"_fadeIn_m1hgl_8\">Produkcja i <\/span><span class=\"_fadeIn_m1hgl_8\">Przemys\u0142.<\/span><\/p>\n<p data-start=\"577\" data-end=\"952\"><span class=\"_fadeIn_m1hgl_8\">Dzi\u0119ki <\/span><span class=\"_fadeIn_m1hgl_8\">z <\/span><span class=\"_fadeIn_m1hgl_8\">Ergonomiczny <\/span><span class=\"_fadeIn_m1hgl_8\">formowany <\/span><span class=\"_fadeIn_m1hgl_8\">Uchwyty<\/span> <span class=\"_fadeIn_m1hgl_8\">dla <\/span><span class=\"_fadeIn_m1hgl_8\">oba <\/span><span class=\"_fadeIn_m1hgl_8\">R\u0119ce <\/span><span class=\"_fadeIn_m1hgl_8\">jest <\/span><span class=\"_fadeIn_m1hgl_8\">jeden <\/span><span class=\"_fadeIn_m1hgl_8\">bezpieczniejszy <\/span><span class=\"_fadeIn_m1hgl_8\">Stojak <\/span><span class=\"_fadeIn_m1hgl_8\">na <\/span><span class=\"_fadeIn_m1hgl_8\">Miesza\u0107 <\/span><span class=\"_fadeIn_m1hgl_8\">gwarantowane. <\/span><span class=\"_fadeIn_m1hgl_8\">The <\/span><span class=\"_fadeIn_m1hgl_8\">Podnoszenie, <\/span><span class=\"_fadeIn_m1hgl_8\">Przytrzymaj <\/span><span class=\"_fadeIn_m1hgl_8\">i <\/span><span class=\"_fadeIn_m1hgl_8\">O\u0142\u00f3w <\/span><span class=\"_fadeIn_m1hgl_8\">z <\/span><span class=\"_fadeIn_m1hgl_8\">Urz\u0105dzenie <\/span><span class=\"_fadeIn_m1hgl_8\">ma miejsce <\/span><span class=\"_fadeIn_m1hgl_8\">bez wysi\u0142ku <\/span><span class=\"_fadeIn_m1hgl_8\">i <\/span><span class=\"_fadeIn_m1hgl_8\">umo\u017cliwia <\/span><span class=\"_fadeIn_m1hgl_8\">w <\/span><span class=\"_fadeIn_m1hgl_8\">U\u017cytkownicy <\/span><span class=\"_fadeIn_m1hgl_8\">jeden <\/span><span class=\"_fadeIn_m1hgl_8\">kontrolowane, <\/span><span class=\"_fadeIn_m1hgl_8\">pot\u0119\u017cny <\/span><span class=\"_fadeIn_m1hgl_8\">Ruch<\/span><span class=\"_fadeIn_m1hgl_8\">, <\/span><span class=\"_fadeIn_m1hgl_8\">sam <\/span><span class=\"_fadeIn_m1hgl_8\">z <\/span><span class=\"_fadeIn_m1hgl_8\">twardy <\/span><span class=\"_fadeIn_m1hgl_8\">Media. <\/span><span class=\"_fadeIn_m1hgl_8\">W trakcie <\/span><span class=\"_fadeIn_m1hgl_8\">pozosta\u0142o\u015bci <\/span><span class=\"_fadeIn_m1hgl_8\">w <\/span><span class=\"_fadeIn_m1hgl_8\">Dzia\u0142anie <\/span><span class=\"_fadeIn_m1hgl_8\">w dowolnym momencie <\/span><span class=\"_fadeIn_m1hgl_8\">bezpieczny <\/span><span class=\"_fadeIn_m1hgl_8\">i <\/span><span class=\"_fadeIn_m1hgl_8\">prosty<\/span><span class=\"_fadeIn_m1hgl_8\">, <\/span><span class=\"_fadeIn_m1hgl_8\">bez <\/span><span class=\"_fadeIn_m1hgl_8\">na <\/span><span class=\"_fadeIn_m1hgl_8\">wa\u017cny <\/span><span class=\"_fadeIn_m1hgl_8\">Zabezpieczenia <\/span><span class=\"_fadeIn_m1hgl_8\">do <\/span><span class=\"_fadeIn_m1hgl_8\">obej\u015b\u0107 si\u0119 bez.<\/span><\/p>\n<p data-start=\"954\" data-end=\"1186\"><span class=\"_fadeIn_m1hgl_8\">Dostarczone <\/span><span class=\"_fadeIn_m1hgl_8\">staje si\u0119 <\/span><span class=\"_fadeIn_m1hgl_8\">w <\/span><span class=\"_fadeIn_m1hgl_8\">eko-<\/span><span class=\"_fadeIn_m1hgl_8\">W g\u00f3r\u0119 <\/span><span class=\"_fadeIn_m1hgl_8\">Mikser r\u0119czny <\/span><span class=\"_fadeIn_m1hgl_8\">z <\/span><span class=\"_fadeIn_m1hgl_8\">jeden <\/span><span class=\"_fadeIn_m1hgl_8\">promuj\u0105cy w d\u00f3\u0142 <\/span><span class=\"_fadeIn_m1hgl_8\">Mieszad\u0142o spiralne<\/span><span class=\"_fadeIn_m1hgl_8\">, <\/span><span class=\"_fadeIn_m1hgl_8\">w <\/span><span class=\"_fadeIn_m1hgl_8\">jeden <\/span><span class=\"_fadeIn_m1hgl_8\">zw\u0142aszcza <\/span><span class=\"_fadeIn_m1hgl_8\">skuteczny <\/span><span class=\"_fadeIn_m1hgl_8\">i <\/span><span class=\"_fadeIn_m1hgl_8\">nawet <\/span><span class=\"_fadeIn_m1hgl_8\">Mieszanie <\/span><span class=\"_fadeIn_m1hgl_8\">najbardziej zr\u00f3\u017cnicowany <\/span><span class=\"_fadeIn_m1hgl_8\">Media <\/span><span class=\"_fadeIn_m1hgl_8\">gwarantowane - <\/span><span class=\"_fadeIn_m1hgl_8\">z <\/span><span class=\"_fadeIn_m1hgl_8\">niska lepko\u015b\u0107 <\/span><span class=\"_fadeIn_m1hgl_8\">do <\/span><span class=\"_fadeIn_m1hgl_8\">wysoka lepko\u015b\u0107 <\/span><span class=\"_fadeIn_m1hgl_8\">Materia\u0142y.<\/span><\/p>\n<p data-start=\"1188\" data-end=\"1219\"><span class=\"_fadeIn_m1hgl_8\">Zalety <\/span><span class=\"_fadeIn_m1hgl_8\">na <\/span><span class=\"_fadeIn_m1hgl_8\">jeden <\/span><span class=\"_fadeIn_m1hgl_8\">Widok:<\/span><\/p>\n<ul>\n<li data-start=\"1222\" data-end=\"1270\"><span class=\"_fadeIn_m1hgl_8\">Ergonomiczny <\/span><span class=\"_fadeIn_m1hgl_8\">Urz\u0105dzenie obur\u0119czne <\/span><span class=\"_fadeIn_m1hgl_8\">dla <\/span><span class=\"_fadeIn_m1hgl_8\">bezpieczny <\/span><span class=\"_fadeIn_m1hgl_8\">Stojak<\/span><\/li>\n<li data-start=\"1222\" data-end=\"1270\"><span class=\"_fadeIn_m1hgl_8\">Pot\u0119\u017cny <\/span><span class=\"_fadeIn_m1hgl_8\">podr\u0119cznik <\/span><span class=\"_fadeIn_m1hgl_8\">Miesza\u0107 <\/span><span class=\"_fadeIn_m1hgl_8\">najbardziej zr\u00f3\u017cnicowany <\/span><span class=\"_fadeIn_m1hgl_8\">Media<\/span><\/li>\n<li data-start=\"1222\" data-end=\"1270\"><span class=\"_fadeIn_m1hgl_8\">Idealny <\/span><span class=\"_fadeIn_m1hgl_8\">dla <\/span><span class=\"_fadeIn_m1hgl_8\">wysoka lepko\u015b\u0107 <\/span><span class=\"_fadeIn_m1hgl_8\">i <\/span><span class=\"_fadeIn_m1hgl_8\">p\u0142yn <\/span><span class=\"_fadeIn_m1hgl_8\">Substancje<\/span><\/li>\n<li data-start=\"1222\" data-end=\"1270\"><span class=\"_fadeIn_m1hgl_8\">Proste, <\/span><span class=\"_fadeIn_m1hgl_8\">bezpieczny <\/span><span class=\"_fadeIn_m1hgl_8\">Obs\u0142uga <\/span><span class=\"_fadeIn_m1hgl_8\">z <\/span><span class=\"_fadeIn_m1hgl_8\">oba <\/span><span class=\"_fadeIn_m1hgl_8\">r\u0119ce<\/span><\/li>\n<li data-start=\"1222\" data-end=\"1270\"><span class=\"_fadeIn_m1hgl_8\">W zestawie <\/span><span class=\"_fadeIn_m1hgl_8\">w d\u00f3\u0142 <\/span><span class=\"_fadeIn_m1hgl_8\">Mieszad\u0142o spiralne<\/span><\/li>\n<li data-start=\"1222\" data-end=\"1270\"><span class=\"_fadeIn_m1hgl_8\">Telefon kom\u00f3rkowy, <\/span><span class=\"_fadeIn_m1hgl_8\">Elastyczno\u015b\u0107 <\/span><span class=\"_fadeIn_m1hgl_8\">i <\/span><span class=\"_fadeIn_m1hgl_8\">Wszechstronno\u015b\u0107 <\/span><span class=\"_fadeIn_m1hgl_8\">maj\u0105cy zastosowanie<\/span><\/li>\n<li data-start=\"1222\" data-end=\"1270\"><span class=\"_fadeIn_m1hgl_8\">Odpowiedni <\/span><span class=\"_fadeIn_m1hgl_8\">dla <\/span><span class=\"_fadeIn_m1hgl_8\">Produkcja<\/span> <span class=\"_fadeIn_m1hgl_8\">i <\/span><span class=\"_fadeIn_m1hgl_8\">Przemys\u0142<\/span><\/li>\n<\/ul>","protected":false},"excerpt":{"rendered":"<p><span class=\"_fadeIn_m1hgl_8\">E<\/span><span class=\"_fadeIn_m1hgl_8\">ergonomiczny <\/span><span class=\"_fadeIn_m1hgl_8\">Mikser r\u0119czny <\/span><span class=\"_fadeIn_m1hgl_8\">eko-<\/span><span class=\"_fadeIn_m1hgl_8\">W g\u00f3r\u0119 <\/span><span class=\"_fadeIn_m1hgl_8\">dla <\/span><span class=\"_fadeIn_m1hgl_8\">bezpieczny <\/span><span class=\"_fadeIn_m1hgl_8\">i <\/span><span class=\"_fadeIn_m1hgl_8\">pot\u0119\u017cny <\/span><span class=\"_fadeIn_m1hgl_8\">Miesza\u0107 <\/span><span class=\"_fadeIn_m1hgl_8\">z <\/span><span class=\"_fadeIn_m1hgl_8\">p\u0142yn <\/span><span class=\"_fadeIn_m1hgl_8\">do <\/span><span class=\"_fadeIn_m1hgl_8\">wysoka lepko\u015b\u0107 <\/span><span class=\"_fadeIn_m1hgl_8\">Media <\/span><span class=\"_fadeIn_m1hgl_8\">za <\/span><span class=\"_fadeIn_m1hgl_8\">Obs\u0142uga obur\u0119czna - <\/span><span class=\"_fadeIn_m1hgl_8\">w\u0142\u0105cznie <\/span><span class=\"_fadeIn_m1hgl_8\">Mieszad\u0142o spiralne <\/span><span class=\"_fadeIn_m1hgl_8\">dla <\/span><span class=\"_fadeIn_m1hgl_8\">skuteczny <\/span><span class=\"_fadeIn_m1hgl_8\">Miksowanie.<\/span><\/p>","protected":false},"featured_media":15441,"comment_status":"open","ping_status":"closed","template":"","meta":{"_acf_changed":false},"product_brand":[],"product_cat":[595,600],"product_tag":[2906,2907,2908,2899,2900,2901,2902,2903,2904,2905],"class_list":{"0":"post-7617","1":"product","2":"type-product","3":"status-publish","4":"has-post-thumbnail","6":"product_cat-ruehrwerkstechnik","7":"product_cat-handruehrer","8":"product_tag-handruehrer-mit-wendelruehrorgan","9":"product_tag-manuelles-ruehrwerkzeug","10":"product_tag-fluessigkeiten-manuell-ruehren","11":"product_tag-handruehrgeraet-industrie","12":"product_tag-handruehrer-eco-up","13":"product_tag-zweihandruehrer-kaufen","14":"product_tag-ergonomischer-handruehrer","15":"product_tag-manuelles-ruehrgeraet","16":"product_tag-ruehrgeraet-hochviskose-medien","17":"product_tag-ruehrgeraet-fuer-labor","18":"product_shipping_class-karton-paketversand","19":"pa_anschluss-schnellkupplung-nw7-2","20":"pa_antriebsart-pneumatisch","21":"pa_atex-zone-122122","22":"pa_aufnahme-fuer-ruehrorgan-m14-gewinde","23":"pa_dichtung-ptfe","24":"pa_drehmoment-4nm","25":"pa_drehzahl-0-600-1-min","26":"pa_ex-gas-ex-ii-2-g-ex-h-iic-t5-gb-x","27":"pa_ex-staub-ex-ii-2-d-ex-h-iiic-t100c-db-x","28":"pa_geraeuschpegel-75db","29":"pa_labs-oel-und-silikonfrei","30":"pa_material-gehaeuse-aluminium-eloxiert","31":"pa_mittlerer-luftverbrauch-25l-min","32":"pa_model-eco-up-900g","33":"pa_schutzart-ip67","34":"pa_versorgung-5-6bar","36":"first","37":"instock","38":"taxable","39":"shipping-taxable","40":"purchasable","41":"product-type-simple"},"bundled_by":[],"bundle_stock_status":"instock","bundle_stock_quantity":null,"bundle_virtual":false,"bundle_layout":"","bundle_add_to_cart_form_location":"","bundle_editable_in_cart":false,"bundle_sold_individually_context":"","bundle_item_grouping":"","bundle_min_size":"","bundle_max_size":"","bundle_price":[],"bundled_items":[],"bundle_sell_ids":[],"exclude_global_add_ons":[],"addons":[],"acf":[],"_links":{"self":[{"href":"https:\/\/ptm-mechatronics.com\/pl\/wp-json\/wp\/v2\/product\/7617","targetHints":{"allow":["GET"]}}],"collection":[{"href":"https:\/\/ptm-mechatronics.com\/pl\/wp-json\/wp\/v2\/product"}],"about":[{"href":"https:\/\/ptm-mechatronics.com\/pl\/wp-json\/wp\/v2\/types\/product"}],"replies":[{"embeddable":true,"href":"https:\/\/ptm-mechatronics.com\/pl\/wp-json\/wp\/v2\/comments?post=7617"}],"wp:featuredmedia":[{"embeddable":true,"href":"https:\/\/ptm-mechatronics.com\/pl\/wp-json\/wp\/v2\/media\/15441"}],"wp:attachment":[{"href":"https:\/\/ptm-mechatronics.com\/pl\/wp-json\/wp\/v2\/media?parent=7617"}],"wp:term":[{"taxonomy":"product_brand","embeddable":true,"href":"https:\/\/ptm-mechatronics.com\/pl\/wp-json\/wp\/v2\/product_brand?post=7617"},{"taxonomy":"product_cat","embeddable":true,"href":"https:\/\/ptm-mechatronics.com\/pl\/wp-json\/wp\/v2\/product_cat?post=7617"},{"taxonomy":"product_tag","embeddable":true,"href":"https:\/\/ptm-mechatronics.com\/pl\/wp-json\/wp\/v2\/product_tag?post=7617"}],"curies":[{"name":"wp","href":"https:\/\/api.w.org\/{rel}","templated":true}]}}