{"id":4016,"date":"2024-02-07T17:44:43","date_gmt":"2024-02-07T17:44:43","guid":{"rendered":""},"modified":"2025-11-27T16:33:44","modified_gmt":"2025-11-27T15:33:44","slug":"drehzahlanzeige-atex-zone-1","status":"publish","type":"product","link":"https:\/\/ptm-mechatronics.com\/pl\/product\/drehzahlanzeige-atex-zone-1\/","title":{"rendered":"Wy\u015bwietlacz pr\u0119dko\u015bci ATEX Strefa 1"},"content":{"rendered":"<h2 data-start=\"190\" data-end=\"266\"><span style=\"font-size: 75%\">Wska\u017anik pr\u0119dko\u015bci dla strefy 1 ATEX - precyzyjny, bezpieczny, przeciwwybuchowy<\/span><\/h2>\n<p data-start=\"268\" data-end=\"641\">Wska\u017anik pr\u0119dko\u015bci dla strefy 1 ATEX zosta\u0142 opracowany specjalnie w celu niezawodnego i bezpiecznego monitorowania pr\u0119dko\u015bci mieszade\u0142 PTM w strefach zagro\u017conych wybuchem. Umo\u017cliwia precyzyjne wy\u015bwietlanie pr\u0119dko\u015bci mieszad\u0142a, a tym samym wspiera dok\u0142adn\u0105 kontrol\u0119 procesu, nawet we wra\u017cliwych \u015brodowiskach produkcyjnych, takich jak przemys\u0142 chemiczny, farmaceutyczny lub spo\u017cywczy.<\/p>\n<p data-start=\"643\" data-end=\"1006\">Dzi\u0119ki solidnej i przeciwwybuchowej konstrukcji wska\u017anik pr\u0119dko\u015bci jest doskonale dostosowany do strefy 1 ATEX i spe\u0142nia najwy\u017csze standardy bezpiecze\u0144stwa do pracy w strefach zagro\u017conych wybuchem gazu lub py\u0142u. Prosta integracja z istniej\u0105cymi systemami mieszade\u0142 PTM zapewnia szybk\u0105 instalacj\u0119 i p\u0142ynn\u0105 prac\u0119.<\/p>\n<p data-start=\"1008\" data-end=\"1243\">Wy\u015bwietlacz zapewnia precyzyjne warto\u015bci w czasie rzeczywistym, kt\u00f3re wspieraj\u0105 u\u017cytkownika w kontrolowaniu i optymalizacji proces\u00f3w mieszania. Zwi\u0119ksza to nie tylko niezawodno\u015b\u0107 procesu, ale tak\u017ce jako\u015b\u0107 i powtarzalno\u015b\u0107 produktu.<\/p>","protected":false},"excerpt":{"rendered":"<p>Przeciwwybuchowy wska\u017anik pr\u0119dko\u015bci dla strefy ATEX 1 do precyzyjnego monitorowania pr\u0119dko\u015bci mieszade\u0142 PTM w celu zapewnienia maksymalnej niezawodno\u015bci procesu w niebezpiecznych \u015brodowiskach produkcyjnych.<\/p>","protected":false},"featured_media":15410,"comment_status":"open","ping_status":"closed","template":"","meta":{"_acf_changed":false},"product_brand":[],"product_cat":[614,1421,595,596,603,612],"product_tag":[3113,3114,3115,3106,3107,3108,3109,3110,3111,3112],"class_list":{"0":"post-4016","1":"product","2":"type-product","3":"status-publish","4":"has-post-thumbnail","6":"product_cat-containerruehrwerke","7":"product_cat-zubehoer-ruehrwerkstechnik","8":"product_cat-ruehrwerkstechnik","9":"product_cat-laborruehrer","10":"product_cat-fassruehrwerke","11":"product_cat-kleingebinderuehrwerke","12":"product_tag-prozessueberwachung-ruehrwerk","13":"product_tag-atex-drehzahlkontrolle","14":"product_tag-explosionsgeschuetztes-zubehoer-ruehrwerk","15":"product_tag-drehzahlanzeige-atex","16":"product_tag-atex-zone-1-anzeige","17":"product_tag-drehzahlueberwachung-ruehrwerk","18":"product_tag-explosionsgeschuetzte-anzeige","19":"product_tag-ptm-drehzahlanzeige","20":"product_tag-ruehrwerksanzeige-zone-1","21":"product_tag-drehzahlmessung-atex","22":"product_shipping_class-karton-paketversand","24":"first","25":"instock","26":"taxable","27":"shipping-taxable","28":"purchasable","29":"product-type-simple"},"bundled_by":[],"bundle_stock_status":"instock","bundle_stock_quantity":null,"bundle_virtual":false,"bundle_layout":"","bundle_add_to_cart_form_location":"","bundle_editable_in_cart":false,"bundle_sold_individually_context":"","bundle_item_grouping":"","bundle_min_size":"","bundle_max_size":"","bundle_price":[],"bundled_items":[],"bundle_sell_ids":[],"exclude_global_add_ons":[],"addons":[],"acf":[],"_links":{"self":[{"href":"https:\/\/ptm-mechatronics.com\/pl\/wp-json\/wp\/v2\/product\/4016","targetHints":{"allow":["GET"]}}],"collection":[{"href":"https:\/\/ptm-mechatronics.com\/pl\/wp-json\/wp\/v2\/product"}],"about":[{"href":"https:\/\/ptm-mechatronics.com\/pl\/wp-json\/wp\/v2\/types\/product"}],"replies":[{"embeddable":true,"href":"https:\/\/ptm-mechatronics.com\/pl\/wp-json\/wp\/v2\/comments?post=4016"}],"wp:featuredmedia":[{"embeddable":true,"href":"https:\/\/ptm-mechatronics.com\/pl\/wp-json\/wp\/v2\/media\/15410"}],"wp:attachment":[{"href":"https:\/\/ptm-mechatronics.com\/pl\/wp-json\/wp\/v2\/media?parent=4016"}],"wp:term":[{"taxonomy":"product_brand","embeddable":true,"href":"https:\/\/ptm-mechatronics.com\/pl\/wp-json\/wp\/v2\/product_brand?post=4016"},{"taxonomy":"product_cat","embeddable":true,"href":"https:\/\/ptm-mechatronics.com\/pl\/wp-json\/wp\/v2\/product_cat?post=4016"},{"taxonomy":"product_tag","embeddable":true,"href":"https:\/\/ptm-mechatronics.com\/pl\/wp-json\/wp\/v2\/product_tag?post=4016"}],"curies":[{"name":"wp","href":"https:\/\/api.w.org\/{rel}","templated":true}]}}