{"id":4015,"date":"2024-02-07T17:44:43","date_gmt":"2024-02-07T17:44:43","guid":{"rendered":""},"modified":"2025-11-07T15:51:36","modified_gmt":"2025-11-07T14:51:36","slug":"drehzahlanzeige-nonatex","status":"publish","type":"product","link":"https:\/\/ptm-mechatronics.com\/pl\/product\/drehzahlanzeige-nonatex\/","title":{"rendered":"Wy\u015bwietlacz pr\u0119dko\u015bci bez ATEX"},"content":{"rendered":"<p data-start=\"160\" data-end=\"250\"><span class=\"_fadeIn_pfttw_8\">Wy\u015bwietlacz pr\u0119dko\u015bci <\/span><span class=\"_fadeIn_pfttw_8\">dla <\/span><span class=\"_fadeIn_pfttw_8\">Agitatory (<\/span><span class=\"_fadeIn_pfttw_8\">nie<\/span><span class=\"_fadeIn_pfttw_8\">ATEX) - <\/span><span class=\"_fadeIn_pfttw_8\">precyzyjny <\/span><span class=\"_fadeIn_pfttw_8\">Kontrola <\/span><span class=\"_fadeIn_pfttw_8\">dla <\/span><span class=\"_fadeIn_pfttw_8\">niezawodny <\/span><span class=\"_fadeIn_pfttw_8\">Procesy<\/span><\/p>\n<p data-start=\"252\" data-end=\"579\"><span class=\"_fadeIn_pfttw_8\">Z <\/span><span class=\"_fadeIn_pfttw_8\">nasz <\/span><span class=\"_fadeIn_pfttw_8\">Wy\u015bwietlacz pr\u0119dko\u015bci <\/span><span class=\"_fadeIn_pfttw_8\">dla <\/span><span class=\"_fadeIn_pfttw_8\">Agitatory (<\/span><span class=\"_fadeIn_pfttw_8\">nie <\/span><span class=\"_fadeIn_pfttw_8\">ATEX-<\/span><span class=\"_fadeIn_pfttw_8\">certyfikowany)<\/span> <span class=\"_fadeIn_pfttw_8\">zachowa\u0107 <\/span><span class=\"_fadeIn_pfttw_8\">Ty <\/span><span class=\"_fadeIn_pfttw_8\">w dowolnym momencie <\/span><span class=\"_fadeIn_pfttw_8\">w <\/span><span class=\"_fadeIn_pfttw_8\">pe\u0142ny <\/span><span class=\"_fadeIn_pfttw_8\">Kontrola <\/span><span class=\"_fadeIn_pfttw_8\">o <\/span><span class=\"_fadeIn_pfttw_8\">Tw\u00f3j <\/span><span class=\"_fadeIn_pfttw_8\">Procesy mieszania. <\/span><span class=\"_fadeIn_pfttw_8\">The <\/span><span class=\"_fadeIn_pfttw_8\">Wy\u015bwietlacz <\/span><span class=\"_fadeIn_pfttw_8\">umo\u017cliwia <\/span><span class=\"_fadeIn_pfttw_8\">jeden <\/span><span class=\"_fadeIn_pfttw_8\">dok\u0142adny <\/span><span class=\"_fadeIn_pfttw_8\">Nagrywanie <\/span><span class=\"_fadeIn_pfttw_8\">i <\/span><span class=\"_fadeIn_pfttw_8\">Monitorowanie <\/span><span class=\"_fadeIn_pfttw_8\">w <\/span><span class=\"_fadeIn_pfttw_8\">Pr\u0119dko\u015b\u0107<\/span><span class=\"_fadeIn_pfttw_8\">, <\/span><span class=\"_fadeIn_pfttw_8\">przy czym <\/span><span class=\"_fadeIn_pfttw_8\">Niezawodno\u015b\u0107 procesu, <\/span><span class=\"_fadeIn_pfttw_8\">Powtarzalno\u015b\u0107 <\/span><span class=\"_fadeIn_pfttw_8\">i <\/span><span class=\"_fadeIn_pfttw_8\">jako\u015b\u0107 <\/span><span class=\"_fadeIn_pfttw_8\">Tw\u00f3j <\/span><span class=\"_fadeIn_pfttw_8\">Zastosowania <\/span><span class=\"_fadeIn_pfttw_8\">decyduj\u0105cy <\/span><span class=\"_fadeIn_pfttw_8\">ulepszony <\/span><span class=\"_fadeIn_pfttw_8\">sta\u0107 si\u0119.<\/span><\/p>\n<p data-start=\"581\" data-end=\"918\"><span class=\"_fadeIn_pfttw_8\">The <\/span><span class=\"_fadeIn_pfttw_8\">prosty <\/span><span class=\"_fadeIn_pfttw_8\">Integracja<\/span> <span class=\"_fadeIn_pfttw_8\">w <\/span><span class=\"_fadeIn_pfttw_8\">istniej\u0105cy <\/span><span class=\"_fadeIn_pfttw_8\">Systemy mieszania <\/span><span class=\"_fadeIn_pfttw_8\">sprawia <\/span><span class=\"_fadeIn_pfttw_8\">oni <\/span><span class=\"_fadeIn_pfttw_8\">idealny <\/span><span class=\"_fadeIn_pfttw_8\">dla <\/span><span class=\"_fadeIn_pfttw_8\">w <\/span><span class=\"_fadeIn_pfttw_8\">U\u017cycie <\/span><span class=\"_fadeIn_pfttw_8\">w <\/span><span class=\"_fadeIn_pfttw_8\">Laboratoria, <\/span><span class=\"_fadeIn_pfttw_8\">w <\/span><span class=\"_fadeIn_pfttw_8\">Przemys\u0142 spo\u017cywczy, <\/span><span class=\"_fadeIn_pfttw_8\">w <\/span><span class=\"_fadeIn_pfttw_8\">Chemia <\/span><span class=\"_fadeIn_pfttw_8\">lub <\/span><span class=\"_fadeIn_pfttw_8\">w <\/span><span class=\"_fadeIn_pfttw_8\">In\u017cynieria mechaniczna<\/span><span class=\"_fadeIn_pfttw_8\"> \u2013 <\/span><span class=\"_fadeIn_pfttw_8\">wsz\u0119dzie <\/span><span class=\"_fadeIn_pfttw_8\">tam, <\/span><span class=\"_fadeIn_pfttw_8\">gdzie <\/span><span class=\"_fadeIn_pfttw_8\">brak <\/span><span class=\"_fadeIn_pfttw_8\">potencjalnie wybuchowy <\/span><span class=\"_fadeIn_pfttw_8\">Otoczenie <\/span><span class=\"_fadeIn_pfttw_8\">jest dost\u0119pny. <\/span><span class=\"_fadeIn_pfttw_8\">The <\/span><span class=\"_fadeIn_pfttw_8\">cyfrowy <\/span><span class=\"_fadeIn_pfttw_8\">Wy\u015bwietlacz <\/span><span class=\"_fadeIn_pfttw_8\">jest <\/span><span class=\"_fadeIn_pfttw_8\">czysty <\/span><span class=\"_fadeIn_pfttw_8\">czytelny<\/span><span class=\"_fadeIn_pfttw_8\">, <\/span><span class=\"_fadeIn_pfttw_8\">Trwa\u0142o\u015b\u0107 <\/span><span class=\"_fadeIn_pfttw_8\">i <\/span><span class=\"_fadeIn_pfttw_8\">najlepszy <\/span><span class=\"_fadeIn_pfttw_8\">odpowiedni <\/span><span class=\"_fadeIn_pfttw_8\">dla <\/span><span class=\"_fadeIn_pfttw_8\">w <\/span><span class=\"_fadeIn_pfttw_8\">codzienny <\/span><span class=\"_fadeIn_pfttw_8\">Zastosowanie przemys\u0142owe.<\/span><\/p>\n<p data-start=\"920\" data-end=\"951\"><span class=\"_fadeIn_pfttw_8\">Zalety <\/span><span class=\"_fadeIn_pfttw_8\">na <\/span><span class=\"_fadeIn_pfttw_8\">jeden <\/span><span class=\"_fadeIn_pfttw_8\">Widok:<\/span><\/p>\n<ul>\n<li data-start=\"954\" data-end=\"988\"><span class=\"_fadeIn_pfttw_8\">Precyzyjny <\/span><span class=\"_fadeIn_pfttw_8\">cyfrowy <\/span><span class=\"_fadeIn_pfttw_8\">Wy\u015bwietlacz pr\u0119dko\u015bci<\/span><\/li>\n<li data-start=\"954\" data-end=\"988\"><span class=\"_fadeIn_pfttw_8\">Idealny <\/span><span class=\"_fadeIn_pfttw_8\">dla <\/span><span class=\"_fadeIn_pfttw_8\">Laboratorium <\/span><span class=\"_fadeIn_pfttw_8\">i <\/span><span class=\"_fadeIn_pfttw_8\">Zastosowania przemys\u0142owe<\/span><\/li>\n<li data-start=\"954\" data-end=\"988\"><span class=\"_fadeIn_pfttw_8\">Prosty <\/span><span class=\"_fadeIn_pfttw_8\">Integracja <\/span><span class=\"_fadeIn_pfttw_8\">w <\/span><span class=\"_fadeIn_pfttw_8\">Systemy mieszania<\/span><\/li>\n<li data-start=\"954\" data-end=\"988\"><span class=\"_fadeIn_pfttw_8\">Wysoki <\/span><span class=\"_fadeIn_pfttw_8\">Niezawodno\u015b\u0107 procesu <\/span><span class=\"_fadeIn_pfttw_8\">i <\/span><span class=\"_fadeIn_pfttw_8\">Powtarzalno\u015b\u0107<\/span><\/li>\n<li data-start=\"954\" data-end=\"988\"><span class=\"_fadeIn_pfttw_8\">Trwa\u0142o\u015b\u0107, <\/span><span class=\"_fadeIn_pfttw_8\">Niskie koszty utrzymania <\/span><span class=\"_fadeIn_pfttw_8\">i <\/span><span class=\"_fadeIn_pfttw_8\">niezawodny<\/span><\/li>\n<\/ul>","protected":false},"excerpt":{"rendered":"<p><span class=\"_fadeIn_pfttw_8\">D<\/span><span class=\"_fadeIn_pfttw_8\">cyfrowy <\/span><span class=\"_fadeIn_pfttw_8\">Wy\u015bwietlacz pr\u0119dko\u015bci <\/span><span class=\"_fadeIn_pfttw_8\">dla <\/span><span class=\"_fadeIn_pfttw_8\">Agitatory (<\/span><span class=\"_fadeIn_pfttw_8\">nie<\/span><span class=\"_fadeIn_pfttw_8\">ATEX)), <\/span><span class=\"_fadeIn_pfttw_8\">precyzyjny <\/span><span class=\"_fadeIn_pfttw_8\">Monitorowanie <\/span><span class=\"_fadeIn_pfttw_8\">w <\/span><span class=\"_fadeIn_pfttw_8\">Pr\u0119dko\u015b\u0107 mieszania <\/span><span class=\"_fadeIn_pfttw_8\">w <\/span><span class=\"_fadeIn_pfttw_8\">nie <\/span><span class=\"_fadeIn_pfttw_8\">atmosfery potencjalnie wybuchowe <\/span><span class=\"_fadeIn_pfttw_8\">obszary, <\/span><span class=\"_fadeIn_pfttw_8\">dla <\/span><span class=\"_fadeIn_pfttw_8\">maksimum <\/span><span class=\"_fadeIn_pfttw_8\">Niezawodno\u015b\u0107 procesu <\/span><span class=\"_fadeIn_pfttw_8\">i <\/span><span class=\"_fadeIn_pfttw_8\">Powtarzalno\u015b\u0107, i<\/span>\u0141\u0105cznie z czujnikiem 3-przewodowym<\/p>","protected":false},"featured_media":15409,"comment_status":"open","ping_status":"closed","template":"","meta":{"_acf_changed":false},"product_brand":[],"product_cat":[1421,595,596,603,612,614],"product_tag":[2880,2881,2882,2883,2884,2885,2886,2887,2888,2889],"class_list":{"0":"post-4015","1":"product","2":"type-product","3":"status-publish","4":"has-post-thumbnail","6":"product_cat-zubehoer-ruehrwerkstechnik","7":"product_cat-ruehrwerkstechnik","8":"product_cat-laborruehrer","9":"product_cat-fassruehrwerke","10":"product_cat-kleingebinderuehrwerke","11":"product_cat-containerruehrwerke","12":"product_tag-rehzahlanzeige-ruehrwerk","13":"product_tag-digitale-drehzahlanzeige","14":"product_tag-drehzahlanzeige-non-atex","15":"product_tag-ruehrwerk-drehzahlmessung","16":"product_tag-prozessueberwachung-ruehrtechnik","17":"product_tag-labor-ruehrwerk-zubehoer","18":"product_tag-drehzahlkontrolle-ruehrwerk","19":"product_tag-ruehrtechnik-monitoring","20":"product_tag-anzeige-ruehrwerksdrehzahl","21":"product_tag-nicht-atex-drehzahlanzeige","22":"product_shipping_class-karton-paketversand","24":"first","25":"instock","26":"taxable","27":"shipping-taxable","28":"purchasable","29":"product-type-simple"},"bundled_by":[],"bundle_stock_status":"instock","bundle_stock_quantity":null,"bundle_virtual":false,"bundle_layout":"","bundle_add_to_cart_form_location":"","bundle_editable_in_cart":false,"bundle_sold_individually_context":"","bundle_item_grouping":"","bundle_min_size":"","bundle_max_size":"","bundle_price":[],"bundled_items":[],"bundle_sell_ids":[],"exclude_global_add_ons":[],"addons":[],"acf":[],"_links":{"self":[{"href":"https:\/\/ptm-mechatronics.com\/pl\/wp-json\/wp\/v2\/product\/4015","targetHints":{"allow":["GET"]}}],"collection":[{"href":"https:\/\/ptm-mechatronics.com\/pl\/wp-json\/wp\/v2\/product"}],"about":[{"href":"https:\/\/ptm-mechatronics.com\/pl\/wp-json\/wp\/v2\/types\/product"}],"replies":[{"embeddable":true,"href":"https:\/\/ptm-mechatronics.com\/pl\/wp-json\/wp\/v2\/comments?post=4015"}],"wp:featuredmedia":[{"embeddable":true,"href":"https:\/\/ptm-mechatronics.com\/pl\/wp-json\/wp\/v2\/media\/15409"}],"wp:attachment":[{"href":"https:\/\/ptm-mechatronics.com\/pl\/wp-json\/wp\/v2\/media?parent=4015"}],"wp:term":[{"taxonomy":"product_brand","embeddable":true,"href":"https:\/\/ptm-mechatronics.com\/pl\/wp-json\/wp\/v2\/product_brand?post=4015"},{"taxonomy":"product_cat","embeddable":true,"href":"https:\/\/ptm-mechatronics.com\/pl\/wp-json\/wp\/v2\/product_cat?post=4015"},{"taxonomy":"product_tag","embeddable":true,"href":"https:\/\/ptm-mechatronics.com\/pl\/wp-json\/wp\/v2\/product_tag?post=4015"}],"curies":[{"name":"wp","href":"https:\/\/api.w.org\/{rel}","templated":true}]}}