{"id":3977,"date":"2024-02-07T17:44:42","date_gmt":"2024-02-07T17:44:42","guid":{"rendered":""},"modified":"2025-11-27T16:32:24","modified_gmt":"2025-11-27T15:32:24","slug":"traverse-ibc-container","status":"publish","type":"product","link":"https:\/\/ptm-mechatronics.com\/pl\/product\/traverse-ibc-container\/","title":{"rendered":"Przemieszczanie kontenera IBC"},"content":{"rendered":"<p>Poprzeczka wykonana jest z wysokiej jako\u015bci stali nierdzewnej V4A 1.4404. Posiada dwa urz\u0105dzenia zaciskowe do bezpiecznego mocowania do kontenera IBC. Ca\u0142kowicie zakrywa otwory DN160 i 225. Poprzeczka ma dwa rowki podporowe po obu stronach. Wewn\u0119trzny rowek wsporczy (750 mm od siebie) jest przeznaczony dla pojemnik\u00f3w IBC o pojemno\u015bci 300, 600 i 800 litr\u00f3w, a zewn\u0119trzny rowek (960 mm od siebie) dla pojemnik\u00f3w IBC o pojemno\u015bci 1000 i 1200 litr\u00f3w. Ta poprzeczka obejmuje zatem wszystkie standardowe kontenery IBC.<\/p>","protected":false},"excerpt":{"rendered":"<p>Poprzeczka wykonana z wysokiej jako\u015bci stali nierdzewnej V4A 1.4404 dla kontener\u00f3w IBC<\/p>","protected":false},"featured_media":15396,"comment_status":"open","ping_status":"closed","template":"","meta":{"_acf_changed":false},"product_brand":[],"product_cat":[594,595,614],"product_tag":[],"class_list":{"0":"post-3977","1":"product","2":"type-product","3":"status-publish","4":"has-post-thumbnail","6":"product_cat-zubehoer","7":"product_cat-ruehrwerkstechnik","8":"product_cat-containerruehrwerke","9":"product_shipping_class-karton-paketversand","10":"pa_auflageabstand-gross-960mm","11":"pa_auflageabstand-klein-750mm","12":"pa_behaeltervolumen-ibc","13":"pa_breite-290mm","14":"pa_laenge-1020mm","16":"first","17":"instock","18":"taxable","19":"shipping-taxable","20":"purchasable","21":"product-type-simple"},"bundled_by":["4330"],"bundle_stock_status":"instock","bundle_stock_quantity":null,"bundle_virtual":false,"bundle_layout":"","bundle_add_to_cart_form_location":"","bundle_editable_in_cart":false,"bundle_sold_individually_context":"","bundle_item_grouping":"","bundle_min_size":"","bundle_max_size":"","bundle_price":[],"bundled_items":[],"bundle_sell_ids":[],"exclude_global_add_ons":[],"addons":[],"acf":[],"_links":{"self":[{"href":"https:\/\/ptm-mechatronics.com\/pl\/wp-json\/wp\/v2\/product\/3977","targetHints":{"allow":["GET"]}}],"collection":[{"href":"https:\/\/ptm-mechatronics.com\/pl\/wp-json\/wp\/v2\/product"}],"about":[{"href":"https:\/\/ptm-mechatronics.com\/pl\/wp-json\/wp\/v2\/types\/product"}],"replies":[{"embeddable":true,"href":"https:\/\/ptm-mechatronics.com\/pl\/wp-json\/wp\/v2\/comments?post=3977"}],"wp:featuredmedia":[{"embeddable":true,"href":"https:\/\/ptm-mechatronics.com\/pl\/wp-json\/wp\/v2\/media\/15396"}],"wp:attachment":[{"href":"https:\/\/ptm-mechatronics.com\/pl\/wp-json\/wp\/v2\/media?parent=3977"}],"wp:term":[{"taxonomy":"product_brand","embeddable":true,"href":"https:\/\/ptm-mechatronics.com\/pl\/wp-json\/wp\/v2\/product_brand?post=3977"},{"taxonomy":"product_cat","embeddable":true,"href":"https:\/\/ptm-mechatronics.com\/pl\/wp-json\/wp\/v2\/product_cat?post=3977"},{"taxonomy":"product_tag","embeddable":true,"href":"https:\/\/ptm-mechatronics.com\/pl\/wp-json\/wp\/v2\/product_tag?post=3977"}],"curies":[{"name":"wp","href":"https:\/\/api.w.org\/{rel}","templated":true}]}}