{"id":3963,"date":"2024-02-07T17:44:42","date_gmt":"2024-02-07T17:44:42","guid":{"rendered":""},"modified":"2026-02-03T10:31:50","modified_gmt":"2026-02-03T09:31:50","slug":"anschlusset-mit-filterregler-und-manometer-fuer-ptm-antriebe-lebensmittelkonform","status":"publish","type":"product","link":"https:\/\/ptm-mechatronics.com\/pl\/product\/anschlusset-mit-filterregler-und-manometer-fuer-ptm-antriebe-lebensmittelkonform\/","title":{"rendered":"Zestaw po\u0142\u0105czeniowy z regulatorem filtra i manometrem do si\u0142ownik\u00f3w PTM, bezpieczny dla \u017cywno\u015bci"},"content":{"rendered":"<p data-start=\"248\" data-end=\"343\">Bezpieczny dla \u017cywno\u015bci zestaw po\u0142\u0105czeniowy z regulatorem filtra i manometrem - kompletny, bezpieczny i higieniczny<\/p>\n<p data-start=\"345\" data-end=\"744\">Bezpieczny dla \u017cywno\u015bci zestaw przy\u0142\u0105czeniowy z filtrem, regulatorem i manometrem to w pe\u0142ni zmontowany modu\u0142 zasilania powietrzem, kt\u00f3ry zawiera wszystkie elementy niezb\u0119dne do bezpiecznego i higienicznego pod\u0142\u0105czenia nap\u0119d\u00f3w PTM do systemu spr\u0119\u017conego powietrza. Obejmuje on zestaw w\u0119\u017cy zgodny z FDA, zaw\u00f3r odcinaj\u0105cy i jednostk\u0119 konserwacyjn\u0105 z filtrem, regulatorem ci\u015bnienia i manometrem.<\/p>\n<p data-start=\"746\" data-end=\"1161\">Zintegrowany regulator filtra niezawodnie oczyszcza spr\u0119\u017cone powietrze z zanieczyszcze\u0144 i wilgoci, a manometr umo\u017cliwia precyzyjn\u0105 kontrol\u0119 ci\u015bnienia powietrza. Zestaw w\u0119\u017cy zgodny z FDA sprawia, \u017ce ten modu\u0142 zasilania powietrzem jest bezpieczny dla \u017cywno\u015bci i mo\u017ce by\u0107 stosowany w obszarach wra\u017cliwych pod wzgl\u0119dem higieny, takich jak przemys\u0142 spo\u017cywczy, farmaceutyczny i kosmetyczny.<\/p>\n<p data-start=\"1163\" data-end=\"1343\">Modu\u0142 po\u0142\u0105czeniowy jest zoptymalizowany pod k\u0105tem nap\u0119d\u00f3w PTM i umo\u017cliwia wydajn\u0105, trwa\u0142\u0105 i bezobs\u0142ugow\u0105 prac\u0119 - nawet w wymagaj\u0105cych warunkach.<\/p>","protected":false},"excerpt":{"rendered":"<p>Bezpieczny dla \u017cywno\u015bci zestaw przy\u0142\u0105czeniowy z regulatorem filtra, manometrem i zestawem w\u0119\u017cy zgodnym z FDA zapewnia higieniczne, bezpieczne i trwa\u0142e zasilanie spr\u0119\u017conym powietrzem dla nap\u0119d\u00f3w PTM.<\/p>","protected":false},"featured_media":15393,"comment_status":"open","ping_status":"closed","template":"","meta":{"_acf_changed":false},"product_brand":[],"product_cat":[1421,1906,428,594],"product_tag":[3064,3065,3050,3057,3058,3059,3060,3061,3062,3063],"class_list":{"0":"post-3963","1":"product","2":"type-product","3":"status-publish","4":"has-post-thumbnail","6":"product_cat-zubehoer-ruehrwerkstechnik","7":"product_cat-zubehoer-druckluftmotor","8":"product_cat-antriebstechnik","9":"product_cat-zubehoer","10":"product_tag-filtereinheit-fuer-antriebe","11":"product_tag-schlauchset-fda-konform","12":"product_tag-filterregler-manometer-set","13":"product_tag-lebensmittelechtes-anschlussset","14":"product_tag-druckluftanschluss-lebensmittelkonform","15":"product_tag-druckluftmodul-hygienisch","16":"product_tag-ptm-anschlussset-fda","17":"product_tag-druckluft-zubehoer-antriebe","18":"product_tag-hygienisches-druckluftset","19":"product_tag-anschlusskit-lebensmittelecht","20":"product_shipping_class-karton-paketversand","21":"pa_filter-5m","22":"pa_schlauchlaenge-3m","23":"pa_schnellkupplung-nw7","25":"first","26":"instock","27":"taxable","28":"shipping-taxable","29":"purchasable","30":"product-type-variable"},"bundled_by":[],"bundle_stock_status":"instock","bundle_stock_quantity":null,"bundle_virtual":false,"bundle_layout":"","bundle_add_to_cart_form_location":"","bundle_editable_in_cart":false,"bundle_sold_individually_context":"","bundle_item_grouping":"","bundle_min_size":"","bundle_max_size":"","bundle_price":[],"bundled_items":[],"bundle_sell_ids":[],"exclude_global_add_ons":[],"addons":[],"acf":[],"_links":{"self":[{"href":"https:\/\/ptm-mechatronics.com\/pl\/wp-json\/wp\/v2\/product\/3963","targetHints":{"allow":["GET"]}}],"collection":[{"href":"https:\/\/ptm-mechatronics.com\/pl\/wp-json\/wp\/v2\/product"}],"about":[{"href":"https:\/\/ptm-mechatronics.com\/pl\/wp-json\/wp\/v2\/types\/product"}],"replies":[{"embeddable":true,"href":"https:\/\/ptm-mechatronics.com\/pl\/wp-json\/wp\/v2\/comments?post=3963"}],"wp:featuredmedia":[{"embeddable":true,"href":"https:\/\/ptm-mechatronics.com\/pl\/wp-json\/wp\/v2\/media\/15393"}],"wp:attachment":[{"href":"https:\/\/ptm-mechatronics.com\/pl\/wp-json\/wp\/v2\/media?parent=3963"}],"wp:term":[{"taxonomy":"product_brand","embeddable":true,"href":"https:\/\/ptm-mechatronics.com\/pl\/wp-json\/wp\/v2\/product_brand?post=3963"},{"taxonomy":"product_cat","embeddable":true,"href":"https:\/\/ptm-mechatronics.com\/pl\/wp-json\/wp\/v2\/product_cat?post=3963"},{"taxonomy":"product_tag","embeddable":true,"href":"https:\/\/ptm-mechatronics.com\/pl\/wp-json\/wp\/v2\/product_tag?post=3963"}],"curies":[{"name":"wp","href":"https:\/\/api.w.org\/{rel}","templated":true}]}}