{"id":3955,"date":"2024-02-07T17:44:42","date_gmt":"2024-02-07T17:44:42","guid":{"rendered":""},"modified":"2026-02-03T10:31:29","modified_gmt":"2026-02-03T09:31:29","slug":"anschlussset-mit-filterregler-und-manometer-fuer-ptm-antriebe","status":"publish","type":"product","link":"https:\/\/ptm-mechatronics.com\/pl\/product\/anschlussset-mit-filterregler-und-manometer-fuer-ptm-antriebe\/","title":{"rendered":"Zestaw po\u0142\u0105czeniowy z regulatorem filtra i manometrem do si\u0142ownik\u00f3w PTM"},"content":{"rendered":"<p data-start=\"223\" data-end=\"298\">Zestaw po\u0142\u0105czeniowy z regulatorem filtra i manometrem - kompletny, bezpieczny, trwa\u0142y<\/p>\n<p data-start=\"300\" data-end=\"740\">Zestaw przy\u0142\u0105czeniowy z filtrem, regulatorem i manometrem to w pe\u0142ni zmontowany modu\u0142 zasilania spr\u0119\u017conym powietrzem, kt\u00f3ry zawiera wszystkie elementy niezb\u0119dne do bezpiecznego pod\u0142\u0105czenia nap\u0119du pneumatycznego PTM do istniej\u0105cego systemu spr\u0119\u017conego powietrza. Sk\u0142ada si\u0119 z wysokiej jako\u015bci zestawu w\u0119\u017cy, zaworu odcinaj\u0105cego i jednostki konserwacyjnej z filtrem i manometrem, kt\u00f3ra niezawodnie reguluje ci\u015bnienie i jako\u015b\u0107 powietrza.<\/p>\n<p data-start=\"742\" data-end=\"1122\">Zintegrowany regulator filtra usuwa zanieczyszczenia i wilgo\u0107 ze spr\u0119\u017conego powietrza, a manometr umo\u017cliwia precyzyjne monitorowanie ci\u015bnienia. Zestaw przy\u0142\u0105czeniowy zapewnia zatem nie tylko sta\u0142y i czysty dop\u0142yw powietrza, ale tak\u017ce d\u0142ugotrwa\u0142\u0105 i bezawaryjn\u0105 prac\u0119 nap\u0119du pneumatycznego - nawet w wymagaj\u0105cych warunkach.<\/p>\n<p data-start=\"1124\" data-end=\"1385\">Modu\u0142 przy\u0142\u0105czeniowy jest idealnie dopasowany do wszystkich silnik\u00f3w pneumatycznych i nap\u0119d\u00f3w mieszade\u0142 PTM i mo\u017cna go szybko i \u0142atwo zintegrowa\u0107 z istniej\u0105cymi systemami. Kompaktowe, wydajne rozwi\u0105zanie zapewniaj\u0105ce maksymaln\u0105 niezawodno\u015b\u0107 dzia\u0142ania i ni\u017csze koszty konserwacji.<\/p>","protected":false},"excerpt":{"rendered":"<p>Zestaw przy\u0142\u0105czeniowy z regulatorem filtra, manometrem i zestawem w\u0119\u017cy do bezpiecznego i czystego zasilania spr\u0119\u017conym powietrzem - dla niezawodnej i d\u0142ugotrwa\u0142ej pracy.<\/p>","protected":false},"featured_media":15391,"comment_status":"open","ping_status":"closed","template":"","meta":{"_acf_changed":false},"product_brand":[],"product_cat":[428,594,1421,1906],"product_tag":[3048,3049,3050,3051,3052,3053,3054,3055,3056,3047],"class_list":{"0":"post-3955","1":"product","2":"type-product","3":"status-publish","4":"has-post-thumbnail","6":"product_cat-antriebstechnik","7":"product_cat-zubehoer","8":"product_cat-zubehoer-ruehrwerkstechnik","9":"product_cat-zubehoer-druckluftmotor","10":"product_tag-druckluftanschluss-ptm","11":"product_tag-luftversorgungsmodul-mit-filter","12":"product_tag-filterregler-manometer-set","13":"product_tag-druckluft-zubehoer-ptm","14":"product_tag-anschlussset-mit-wartungseinheit","15":"product_tag-druckluftfilter-mit-manometer","16":"product_tag-druckluftschlauchset-komplett","17":"product_tag-druckluftmotor-anschlusskit","18":"product_tag-druckluftregler-set","19":"product_tag-anschlussset-druckluftmotor","20":"product_shipping_class-karton-paketversand","21":"pa_filter-5m","22":"pa_schnellkupplung-nw7","24":"first","25":"instock","26":"taxable","27":"shipping-taxable","28":"purchasable","29":"product-type-variable"},"bundled_by":["4335","4344","4345","4346"],"bundle_stock_status":"instock","bundle_stock_quantity":null,"bundle_virtual":false,"bundle_layout":"","bundle_add_to_cart_form_location":"","bundle_editable_in_cart":false,"bundle_sold_individually_context":"","bundle_item_grouping":"","bundle_min_size":"","bundle_max_size":"","bundle_price":[],"bundled_items":[],"bundle_sell_ids":[],"exclude_global_add_ons":[],"addons":[],"acf":[],"_links":{"self":[{"href":"https:\/\/ptm-mechatronics.com\/pl\/wp-json\/wp\/v2\/product\/3955","targetHints":{"allow":["GET"]}}],"collection":[{"href":"https:\/\/ptm-mechatronics.com\/pl\/wp-json\/wp\/v2\/product"}],"about":[{"href":"https:\/\/ptm-mechatronics.com\/pl\/wp-json\/wp\/v2\/types\/product"}],"replies":[{"embeddable":true,"href":"https:\/\/ptm-mechatronics.com\/pl\/wp-json\/wp\/v2\/comments?post=3955"}],"wp:featuredmedia":[{"embeddable":true,"href":"https:\/\/ptm-mechatronics.com\/pl\/wp-json\/wp\/v2\/media\/15391"}],"wp:attachment":[{"href":"https:\/\/ptm-mechatronics.com\/pl\/wp-json\/wp\/v2\/media?parent=3955"}],"wp:term":[{"taxonomy":"product_brand","embeddable":true,"href":"https:\/\/ptm-mechatronics.com\/pl\/wp-json\/wp\/v2\/product_brand?post=3955"},{"taxonomy":"product_cat","embeddable":true,"href":"https:\/\/ptm-mechatronics.com\/pl\/wp-json\/wp\/v2\/product_cat?post=3955"},{"taxonomy":"product_tag","embeddable":true,"href":"https:\/\/ptm-mechatronics.com\/pl\/wp-json\/wp\/v2\/product_tag?post=3955"}],"curies":[{"name":"wp","href":"https:\/\/api.w.org\/{rel}","templated":true}]}}