{"id":3952,"date":"2024-02-07T17:44:42","date_gmt":"2024-02-07T17:44:42","guid":{"rendered":""},"modified":"2025-11-07T15:51:25","modified_gmt":"2025-11-07T14:51:25","slug":"drehzahlsensor-namur-3-leiter","status":"publish","type":"product","link":"https:\/\/ptm-mechatronics.com\/pl\/product\/drehzahlsensor-namur-3-leiter\/","title":{"rendered":"Czujnik pr\u0119dko\u015bci NAMUR 3-przewodowy, z kablem 5m, IP68, ATEX II 3GD Strefa 2;22"},"content":{"rendered":"<p data-start=\"182\" data-end=\"257\">Czujnik pr\u0119dko\u015bci NAMUR - precyzyjny, wytrzyma\u0142y, z certyfikatem ATEX dla strefy 2\/22<\/p>\n<p data-start=\"259\" data-end=\"632\">3-przewodowy czujnik pr\u0119dko\u015bci NAMUR z 5-metrowym kablem po\u0142\u0105czeniowym, stopniem ochrony IP68 i zatwierdzeniem ATEX II 3GD jest specjalnie zaprojektowany do u\u017cytku w strefach zagro\u017conych wybuchem w strefach 2 i 22. Umo\u017cliwia niezawodne, ci\u0105g\u0142e monitorowanie pr\u0119dko\u015bci w zastosowaniach przemys\u0142owych, takich jak technologia nap\u0119d\u00f3w, systemy mieszania i systemy przeno\u015bnik\u00f3w.<\/p>\n<p data-start=\"634\" data-end=\"999\">Dzi\u0119ki 3-przewodowej technologii NAMUR czujnik mo\u017ce by\u0107 bezproblemowo zintegrowany z istniej\u0105cymi koncepcjami sterowania i zapewnia precyzyjne sygna\u0142y do sterowania procesem. Solidna obudowa z certyfikatem IP68 zapewnia niezawodn\u0105 ochron\u0119 przed py\u0142em i wod\u0105 - idealna do wymagaj\u0105cych \u015brodowisk w in\u017cynierii procesowej, przemy\u015ble spo\u017cywczym, chemicznym i farmaceutycznym.<\/p>\n<p data-start=\"1001\" data-end=\"1272\">Dzi\u0119ki kablowi o d\u0142ugo\u015bci 5 m czujnik mo\u017ce by\u0107 montowany elastycznie i idealnie nadaje si\u0119 do po\u0142\u0105czenia z silnikami pneumatycznymi PTM i systemami nap\u0119dowymi. Czujnik spe\u0142nia wszystkie wymagania dotycz\u0105ce d\u0142ugotrwa\u0142ego, bezpiecznego i niewymagaj\u0105cego konserwacji monitorowania ruchu obrotowego.<\/p>","protected":false},"excerpt":{"rendered":"<p>Wytrzyma\u0142y czujnik pr\u0119dko\u015bci NAMUR z technologi\u0105 3-przewodow\u0105, 5-metrowym kablem, stopniem ochrony IP68 i zatwierdzeniem ATEX dla strefy 2\/22 umo\u017cliwia precyzyjne i bezpieczne monitorowanie pr\u0119dko\u015bci w potencjalnie wybuchowych \u015brodowiskach przemys\u0142owych.<\/p>","protected":false},"featured_media":15390,"comment_status":"open","ping_status":"closed","template":"","meta":{"_acf_changed":false},"product_brand":[],"product_cat":[428,1421,594,595,1906],"product_tag":[2995,3006,2996,2997,2998,2999,3000,3001,3002,3003,3004,3005],"class_list":{"0":"post-3952","1":"product","2":"type-product","3":"status-publish","4":"has-post-thumbnail","6":"product_cat-antriebstechnik","7":"product_cat-zubehoer-ruehrwerkstechnik","8":"product_cat-zubehoer","9":"product_cat-ruehrwerkstechnik","10":"product_cat-zubehoer-druckluftmotor","11":"product_tag-drehzahlsensor-namur","12":"product_tag-namur-messwertgeber","13":"product_tag-namur-sensor-3-leiter","14":"product_tag-atex-drehzahlsensor","15":"product_tag-zone-0-20-sensor","16":"product_tag-ip68-sensor","17":"product_tag-explosionsgeschuetzter-drehzahlsensor","18":"product_tag-namur-signalgeber","19":"product_tag-drehzahlueberwachung-atex","20":"product_tag-sensor-mit-5m-kabel","21":"product_tag-namur-sensor-zone-0","22":"product_tag-ptm-drehzahlsensor","23":"product_shipping_class-karton-paketversand","24":"pa_anzahl-leiter-732","25":"pa_art-namur","26":"pa_atex-gas-ex-ll-3g-eex-na-iic-t6-x","27":"pa_atex-staub-ex-ii-3d-ip67-t80c-x","28":"pa_gewinde-m8x1","29":"pa_kabellaenge-5m","30":"pa_schutzart-ip68","31":"pa_spannung-7--30-vdc","33":"first","34":"instock","35":"taxable","36":"shipping-taxable","37":"purchasable","38":"product-type-simple"},"bundled_by":["4335","4344","4345"],"bundle_stock_status":"instock","bundle_stock_quantity":null,"bundle_virtual":false,"bundle_layout":"","bundle_add_to_cart_form_location":"","bundle_editable_in_cart":false,"bundle_sold_individually_context":"","bundle_item_grouping":"","bundle_min_size":"","bundle_max_size":"","bundle_price":[],"bundled_items":[],"bundle_sell_ids":[],"exclude_global_add_ons":[],"addons":[],"acf":[],"_links":{"self":[{"href":"https:\/\/ptm-mechatronics.com\/pl\/wp-json\/wp\/v2\/product\/3952","targetHints":{"allow":["GET"]}}],"collection":[{"href":"https:\/\/ptm-mechatronics.com\/pl\/wp-json\/wp\/v2\/product"}],"about":[{"href":"https:\/\/ptm-mechatronics.com\/pl\/wp-json\/wp\/v2\/types\/product"}],"replies":[{"embeddable":true,"href":"https:\/\/ptm-mechatronics.com\/pl\/wp-json\/wp\/v2\/comments?post=3952"}],"wp:featuredmedia":[{"embeddable":true,"href":"https:\/\/ptm-mechatronics.com\/pl\/wp-json\/wp\/v2\/media\/15390"}],"wp:attachment":[{"href":"https:\/\/ptm-mechatronics.com\/pl\/wp-json\/wp\/v2\/media?parent=3952"}],"wp:term":[{"taxonomy":"product_brand","embeddable":true,"href":"https:\/\/ptm-mechatronics.com\/pl\/wp-json\/wp\/v2\/product_brand?post=3952"},{"taxonomy":"product_cat","embeddable":true,"href":"https:\/\/ptm-mechatronics.com\/pl\/wp-json\/wp\/v2\/product_cat?post=3952"},{"taxonomy":"product_tag","embeddable":true,"href":"https:\/\/ptm-mechatronics.com\/pl\/wp-json\/wp\/v2\/product_tag?post=3952"}],"curies":[{"name":"wp","href":"https:\/\/api.w.org\/{rel}","templated":true}]}}