{"id":3935,"date":"2024-02-07T17:44:42","date_gmt":"2024-02-07T17:44:42","guid":{"rendered":""},"modified":"2025-11-07T15:51:21","modified_gmt":"2025-11-07T14:51:21","slug":"druckluftmotor-inox-4nm-0-300rpm","status":"publish","type":"product","link":"https:\/\/ptm-mechatronics.com\/pl\/product\/druckluftmotor-inox-4nm-0-300rpm\/","title":{"rendered":"Silnik pneumatyczny INOX, 4 Nm, 0-300 obr."},"content":{"rendered":"<p>Silniki pneumatyczne PTM nadaj\u0105 si\u0119 do szerokiego zakresu zastosowa\u0144 dzi\u0119ki bardzo solidnej, czysto mechanicznej konstrukcji i mocy. Zasadniczo mog\u0105 by\u0107 u\u017cywane jako nap\u0119dy w systemach i maszynach lub do generowania ruch\u00f3w obrotowych i wahad\u0142owych. Silniki pneumatyczne PTM opieraj\u0105 si\u0119 na niezwykle wydajnej zasadzie t\u0142oka promieniowego: pomimo niskiego zu\u017cycia powietrza, silniki osi\u0105gaj\u0105 bardzo wysoki stopie\u0144 sprawno\u015bci i bardzo wysoki moment obrotowy. Dzi\u0119ki temu stanowi\u0105 nowoczesn\u0105, oszcz\u0119dn\u0105 alternatyw\u0119 dla silnik\u00f3w \u0142opatkowych. Mog\u0105 by\u0107 obs\u0142ugiwane zar\u00f3wno w kierunku zgodnym, jak i przeciwnym do ruchu wskaz\u00f3wek zegara i mog\u0105 by\u0107 \u0142adowane do zatrzymania. Dzi\u0119ki kompaktowym rozmiarom mo\u017cna je zintegrowa\u0107 z niemal ka\u017cd\u0105 aplikacj\u0105. Model INOX ma r\u00f3wnie\u017c pe\u0142n\u0105 ochron\u0119 przeciwwybuchow\u0105 dla stref ATEX 1, 2, 21 i 22, zgodno\u015b\u0107 z \u017cywno\u015bci\u0105 i farmaceutykami, klas\u0119 pomieszcze\u0144 czystych ISO1 zgodnie z DIN 14644 i jest wodoszczelny zgodnie z klas\u0105 ochrony IP68, a tak\u017ce jest odporny na kwasy i chemikalia.<\/p>","protected":false},"excerpt":{"rendered":"<p>Silnik pneumatyczny INOX, Niezwykle wydajny i mocny, silnik pneumatyczny osi\u0105ga bardzo wysoki poziom wydajno\u015bci i bardzo wysoki moment obrotowy przy minimalnym zu\u017cyciu powietrza. Certyfikat ATEX, zgodno\u015b\u0107 z wymaganiami przemys\u0142u spo\u017cywczego i farmaceutycznego, klasa pomieszcze\u0144 czystych ISO1 zgodnie z DIN 14644, wodoszczelno\u015b\u0107 zgodnie z klas\u0105 ochrony IP68, odporno\u015b\u0107 na kwasy i chemikalia.<\/p>","protected":false},"featured_media":15382,"comment_status":"open","ping_status":"closed","template":"","meta":{"_acf_changed":false},"product_brand":[],"product_cat":[21],"product_tag":[],"class_list":{"0":"post-3935","1":"product","2":"type-product","3":"status-publish","4":"has-post-thumbnail","6":"product_cat-unkategorisiert","7":"product_shipping_class-karton-paketversand","8":"pa_antriebsart-pneumatisch","9":"pa_atex-zone-122122","10":"pa_dichtung-ptfe-fda-konform","11":"pa_drehmoment-4nm","12":"pa_drehzahl-0-300-1-min","13":"pa_durchmesser-99mm","14":"pa_ex-gas-ex-ii-2-g-ex-h-iic-t5-gb-x","15":"pa_ex-staub-ex-ii-2-d-ex-h-iiic-t100c-db-x","16":"pa_geraeuschpegel-75db","17":"pa_hoehe-52mm","18":"pa_labs-oel-und-silikonfrei","19":"pa_luftanschluesse-2xm6x075","20":"pa_material-gehaeuse-v4a-edelstahl-1-4404-elektropoliert","21":"pa_model-pmo-450-inox","22":"pa_reinraumklassifizierung-iso1-nach-din14644","23":"pa_schutzart-ip68","24":"pa_steckverschraubung-2xschlauch-o6mm","25":"pa_versorgung-5-6bar","27":"first","28":"instock","29":"taxable","30":"shipping-taxable","31":"purchasable","32":"product-type-simple"},"bundled_by":["4346"],"bundle_stock_status":"instock","bundle_stock_quantity":null,"bundle_virtual":false,"bundle_layout":"","bundle_add_to_cart_form_location":"","bundle_editable_in_cart":false,"bundle_sold_individually_context":"","bundle_item_grouping":"","bundle_min_size":"","bundle_max_size":"","bundle_price":[],"bundled_items":[],"bundle_sell_ids":[],"exclude_global_add_ons":[],"addons":[],"acf":[],"_links":{"self":[{"href":"https:\/\/ptm-mechatronics.com\/pl\/wp-json\/wp\/v2\/product\/3935","targetHints":{"allow":["GET"]}}],"collection":[{"href":"https:\/\/ptm-mechatronics.com\/pl\/wp-json\/wp\/v2\/product"}],"about":[{"href":"https:\/\/ptm-mechatronics.com\/pl\/wp-json\/wp\/v2\/types\/product"}],"replies":[{"embeddable":true,"href":"https:\/\/ptm-mechatronics.com\/pl\/wp-json\/wp\/v2\/comments?post=3935"}],"wp:featuredmedia":[{"embeddable":true,"href":"https:\/\/ptm-mechatronics.com\/pl\/wp-json\/wp\/v2\/media\/15382"}],"wp:attachment":[{"href":"https:\/\/ptm-mechatronics.com\/pl\/wp-json\/wp\/v2\/media?parent=3935"}],"wp:term":[{"taxonomy":"product_brand","embeddable":true,"href":"https:\/\/ptm-mechatronics.com\/pl\/wp-json\/wp\/v2\/product_brand?post=3935"},{"taxonomy":"product_cat","embeddable":true,"href":"https:\/\/ptm-mechatronics.com\/pl\/wp-json\/wp\/v2\/product_cat?post=3935"},{"taxonomy":"product_tag","embeddable":true,"href":"https:\/\/ptm-mechatronics.com\/pl\/wp-json\/wp\/v2\/product_tag?post=3935"}],"curies":[{"name":"wp","href":"https:\/\/api.w.org\/{rel}","templated":true}]}}