{"id":3923,"date":"2024-02-07T17:44:41","date_gmt":"2024-02-07T17:44:41","guid":{"rendered":""},"modified":"2025-11-07T15:51:20","modified_gmt":"2025-11-07T14:51:20","slug":"druckluftmotor-ip68-8nm-0-300rpm","status":"publish","type":"product","link":"https:\/\/ptm-mechatronics.com\/pl\/product\/druckluftmotor-ip68-8nm-0-300rpm\/","title":{"rendered":"Silnik pneumatyczny IP68, 8 Nm, 0-300 obr."},"content":{"rendered":"<p>Silniki pneumatyczne PTM nadaj\u0105 si\u0119 do szerokiego zakresu zastosowa\u0144 dzi\u0119ki bardzo solidnej, czysto mechanicznej konstrukcji i mocy. Zasadniczo mog\u0105 by\u0107 u\u017cywane jako nap\u0119dy w systemach i maszynach lub do generowania ruch\u00f3w obrotowych i wahad\u0142owych. Silniki pneumatyczne PTM opieraj\u0105 si\u0119 na niezwykle wydajnej zasadzie t\u0142oka promieniowego: pomimo niskiego zu\u017cycia powietrza, silniki osi\u0105gaj\u0105 bardzo wysoki stopie\u0144 sprawno\u015bci i bardzo wysoki moment obrotowy.  Dzi\u0119ki temu stanowi\u0105 nowoczesn\u0105, oszcz\u0119dn\u0105 alternatyw\u0119 dla silnik\u00f3w \u0142opatkowych. Mog\u0105 by\u0107 obs\u0142ugiwane zar\u00f3wno w kierunku zgodnym, jak i przeciwnym do ruchu wskaz\u00f3wek zegara i mog\u0105 by\u0107 \u0142adowane do zatrzymania. Dzi\u0119ki niewielkim rozmiarom mo\u017cna je zintegrowa\u0107 z niemal ka\u017cd\u0105 aplikacj\u0105. Model IP68 jest r\u00f3wnie\u017c ca\u0142kowicie wodoodporny i dlatego mo\u017ce by\u0107 u\u017cywany we wszystkich wilgotnych \u015brodowiskach, a nawet pod wod\u0105.<\/p>","protected":false},"excerpt":{"rendered":"<p>Silnik pneumatyczny IP68, Niezwykle wydajny i mocny, silnik pneumatyczny osi\u0105ga bardzo wysok\u0105 wydajno\u015b\u0107 i bardzo wysoki moment obrotowy pomimo minimalnego zu\u017cycia powietrza. Wodoodporna konstrukcja zgodna z klas\u0105 ochrony IP68, dzi\u0119ki czemu mo\u017ce by\u0107 stosowany w wilgotnym \u015brodowisku i pod wod\u0105.<\/p>","protected":false},"featured_media":15313,"comment_status":"open","ping_status":"closed","template":"","meta":{"_acf_changed":false},"product_brand":[],"product_cat":[21],"product_tag":[],"class_list":{"0":"post-3923","1":"product","2":"type-product","3":"status-publish","4":"has-post-thumbnail","6":"product_cat-unkategorisiert","7":"product_shipping_class-karton-paketversand","8":"pa_antriebsart-pneumatisch","9":"pa_dichtung-ptfe","10":"pa_drehmoment-8nm","11":"pa_drehzahl-0-300-1-min","12":"pa_durchmesser-99mm","13":"pa_geraeuschpegel-75db","14":"pa_hoehe-52mm","15":"pa_labs-oel-und-silikonfrei","16":"pa_luftanschluesse-2xm6x075","17":"pa_material-gehaeuse-aluminium-eloxiert","18":"pa_model-pmo-900-ip67","19":"pa_schutzart-ip68","20":"pa_steckverschraubung-2xschlauch-o6mm","21":"pa_versorgung-5-6bar","23":"first","24":"instock","25":"taxable","26":"shipping-taxable","27":"purchasable","28":"product-type-simple"},"bundled_by":["4344"],"bundle_stock_status":"instock","bundle_stock_quantity":null,"bundle_virtual":false,"bundle_layout":"","bundle_add_to_cart_form_location":"","bundle_editable_in_cart":false,"bundle_sold_individually_context":"","bundle_item_grouping":"","bundle_min_size":"","bundle_max_size":"","bundle_price":[],"bundled_items":[],"bundle_sell_ids":[],"exclude_global_add_ons":[],"addons":[],"acf":[],"_links":{"self":[{"href":"https:\/\/ptm-mechatronics.com\/pl\/wp-json\/wp\/v2\/product\/3923","targetHints":{"allow":["GET"]}}],"collection":[{"href":"https:\/\/ptm-mechatronics.com\/pl\/wp-json\/wp\/v2\/product"}],"about":[{"href":"https:\/\/ptm-mechatronics.com\/pl\/wp-json\/wp\/v2\/types\/product"}],"replies":[{"embeddable":true,"href":"https:\/\/ptm-mechatronics.com\/pl\/wp-json\/wp\/v2\/comments?post=3923"}],"wp:featuredmedia":[{"embeddable":true,"href":"https:\/\/ptm-mechatronics.com\/pl\/wp-json\/wp\/v2\/media\/15313"}],"wp:attachment":[{"href":"https:\/\/ptm-mechatronics.com\/pl\/wp-json\/wp\/v2\/media?parent=3923"}],"wp:term":[{"taxonomy":"product_brand","embeddable":true,"href":"https:\/\/ptm-mechatronics.com\/pl\/wp-json\/wp\/v2\/product_brand?post=3923"},{"taxonomy":"product_cat","embeddable":true,"href":"https:\/\/ptm-mechatronics.com\/pl\/wp-json\/wp\/v2\/product_cat?post=3923"},{"taxonomy":"product_tag","embeddable":true,"href":"https:\/\/ptm-mechatronics.com\/pl\/wp-json\/wp\/v2\/product_tag?post=3923"}],"curies":[{"name":"wp","href":"https:\/\/api.w.org\/{rel}","templated":true}]}}