{"id":3712,"date":"2024-02-07T17:44:31","date_gmt":"2024-02-07T17:44:31","guid":{"rendered":""},"modified":"2025-11-07T15:50:55","modified_gmt":"2025-11-07T14:50:55","slug":"ruehrwelle-fuer-1000-liter-ibc-hightorque-mit-schnellwechselsystem-eco-quick","status":"publish","type":"product","link":"https:\/\/ptm-mechatronics.com\/pl\/product\/ruehrwelle-fuer-1000-liter-ibc-hightorque-mit-schnellwechselsystem-eco-quick\/","title":{"rendered":"Wa\u0142 mieszad\u0142a do 1000-litrowego zbiornika IBC HighTorque z systemem szybkiej wymiany eco-Quick"},"content":{"rendered":"<p>Nasze wa\u0142y mieszade\u0142 s\u0105 wykonane z wysokiej jako\u015bci stali nierdzewnej V4A 1.4404. Dzi\u0119ki opatentowanemu systemowi szybkiej wymiany eco-Quick, wa\u0142y mieszade\u0142 mo\u017cna zamontowa\u0107 w nap\u0119dach PTM ze zintegrowanym systemem szybkiej wymiany eco-Quick w jednym prostym kroku, bez u\u017cycia narz\u0119dzi.<br \/>\nMamy odpowiedni\u0105 \u015brednic\u0119 wa\u0142u dla ka\u017cdego nap\u0119du. Upewnij si\u0119, \u017ce wybra\u0142e\u015b \u015brednic\u0119 pasuj\u0105c\u0105 do Twojego nap\u0119du. Nale\u017cy r\u00f3wnie\u017c pami\u0119ta\u0107, \u017ce wa\u0142y mieszade\u0142 eco-Quick mo\u017cna \u0142\u0105czy\u0107 wy\u0142\u0105cznie z nap\u0119dami eco-Quick. W razie jakichkolwiek pyta\u0144 prosimy o kontakt z naszym dzia\u0142em obs\u0142ugi klienta PTM.<\/p>","protected":false},"excerpt":{"rendered":"<p>Wa\u0142 mieszad\u0142a wykonany z wysokiej jako\u015bci stali nierdzewnej V4A 1.4404 z opatentowanym systemem szybkiej wymiany eco-Quick dla nap\u0119d\u00f3w PTM; \u015brednica \u230030 mm i d\u0142ugo\u015b\u0107 793 mm od g\u00f3rnej kraw\u0119dzi pokrywy.<\/p>","protected":false},"featured_media":15365,"comment_status":"open","ping_status":"closed","template":"","meta":{"_acf_changed":false},"product_brand":[],"product_cat":[595,651],"product_tag":[],"class_list":{"0":"post-3712","1":"product","2":"type-product","3":"status-publish","4":"has-post-thumbnail","6":"product_cat-ruehrwerkstechnik","7":"product_cat-ruehrwellen","8":"product_shipping_class-karton-paketversand","9":"pa_durchmesser-30mm","10":"pa_laenge-ab-deckeloberkante-793mm","11":"pa_material-v4a-edelstahl-1-4404","12":"pa_patentnummer-20-2020-107-557","14":"first","15":"instock","16":"taxable","17":"shipping-taxable","18":"purchasable","19":"product-type-simple"},"bundled_by":["4330"],"bundle_stock_status":"instock","bundle_stock_quantity":null,"bundle_virtual":false,"bundle_layout":"","bundle_add_to_cart_form_location":"","bundle_editable_in_cart":false,"bundle_sold_individually_context":"","bundle_item_grouping":"","bundle_min_size":"","bundle_max_size":"","bundle_price":[],"bundled_items":[],"bundle_sell_ids":[],"exclude_global_add_ons":[],"addons":[],"acf":[],"_links":{"self":[{"href":"https:\/\/ptm-mechatronics.com\/pl\/wp-json\/wp\/v2\/product\/3712","targetHints":{"allow":["GET"]}}],"collection":[{"href":"https:\/\/ptm-mechatronics.com\/pl\/wp-json\/wp\/v2\/product"}],"about":[{"href":"https:\/\/ptm-mechatronics.com\/pl\/wp-json\/wp\/v2\/types\/product"}],"replies":[{"embeddable":true,"href":"https:\/\/ptm-mechatronics.com\/pl\/wp-json\/wp\/v2\/comments?post=3712"}],"wp:featuredmedia":[{"embeddable":true,"href":"https:\/\/ptm-mechatronics.com\/pl\/wp-json\/wp\/v2\/media\/15365"}],"wp:attachment":[{"href":"https:\/\/ptm-mechatronics.com\/pl\/wp-json\/wp\/v2\/media?parent=3712"}],"wp:term":[{"taxonomy":"product_brand","embeddable":true,"href":"https:\/\/ptm-mechatronics.com\/pl\/wp-json\/wp\/v2\/product_brand?post=3712"},{"taxonomy":"product_cat","embeddable":true,"href":"https:\/\/ptm-mechatronics.com\/pl\/wp-json\/wp\/v2\/product_cat?post=3712"},{"taxonomy":"product_tag","embeddable":true,"href":"https:\/\/ptm-mechatronics.com\/pl\/wp-json\/wp\/v2\/product_tag?post=3712"}],"curies":[{"name":"wp","href":"https:\/\/api.w.org\/{rel}","templated":true}]}}