{"id":3455,"date":"2024-02-07T17:44:22","date_gmt":"2024-02-07T17:44:22","guid":{"rendered":""},"modified":"2026-04-13T09:13:11","modified_gmt":"2026-04-13T07:13:11","slug":"stativruehrwerk-fuer-kleingebinde-antrieb-atex-zone-1","status":"publish","type":"product","link":"https:\/\/ptm-mechatronics.com\/pl\/product\/stativruehrwerk-fuer-kleingebinde-antrieb-atex-zone-1\/","title":{"rendered":"Pneumatyczny mikser stoj\u0105cy do ma\u0142ych pojemnik\u00f3w i laboratori\u00f3w - ATEX"},"content":{"rendered":"<p>Mieszarka stoj\u0105ca do ma\u0142ych pojemnik\u00f3w i laboratori\u00f3w jest idealnym rozwi\u0105zaniem dla wydajnych i bezpiecznych proces\u00f3w mieszania w produkcji. \u0141\u0105czy w sobie najnowocze\u015bniejsz\u0105 technologi\u0119 z przyjazn\u0105 dla u\u017cytkownika obs\u0142ug\u0105, a tym samym umo\u017cliwia zoptymalizowany proces mieszania w ma\u0142ych pojemnikach.<\/p>\n<h3><span style=\"font-size: 90%;\">Cechy i korzy\u015bci:<\/span><\/h3>\n<ul>\n<li>Mocny nap\u0119d pneumatyczny: zapewnia niezawodn\u0105 i sta\u0142\u0105 wydajno\u015b\u0107 mieszania.<\/li>\n<li>Ergonomiczna i bezpieczna obs\u0142uga: Automatyczne urz\u0105dzenie podnosz\u0105ce u\u0142atwia proces mieszania i wymiany pojemnik\u00f3w oraz zapewnia ergonomiczn\u0105 metod\u0119 pracy.<\/li>\n<li>Elastyczno\u015b\u0107 dzi\u0119ki regulowanej wysoko\u015bci mieszania: Dzi\u0119ki mechanicznemu hamulcowi stojak mo\u017cna precyzyjnie dostosowa\u0107 do r\u00f3\u017cnych wysoko\u015bci mieszania. Zapewnia to wysok\u0105 dok\u0142adno\u015b\u0107 powt\u00f3rze\u0144 w procesie produkcji i skraca czas konfiguracji.<\/li>\n<li>Dostosowanie do r\u00f3\u017cnych rozmiar\u00f3w pojemnik\u00f3w: Uchwyt zaciskowy umo\u017cliwia bezpieczne mocowanie pojemnik\u00f3w o r\u00f3\u017cnych wysoko\u015bciach i \u015brednicach oraz zapewnia stabilno\u015b\u0107 podczas procesu mieszania.<\/li>\n<li>Proste sterowanie: Praktyczny panel sterowania umo\u017cliwia intuicyjn\u0105 obs\u0142ug\u0119 i pe\u0142n\u0105 kontrol\u0119 nad procesem mieszania.<\/li>\n<\/ul>\n<p>Ten mikser stoj\u0105cy \u0142\u0105czy w sobie wydajno\u015b\u0107, bezpiecze\u0144stwo i wszechstronno\u015b\u0107 i jest idealnym wyborem do wymagaj\u0105cych zastosowa\u0144 w przetwarzaniu ma\u0142ych pojemnik\u00f3w.<\/p>\n<p>Zakres dostawy bez sto\u0142u i pojemnika<\/p>","protected":false},"excerpt":{"rendered":"<p>Wydajny mikser stoj\u0105cy do ma\u0142ych pojemnik\u00f3w do 30 litr\u00f3w - nap\u0119d certyfikowany dla strefy 1 ATEX - wysokie bezpiecze\u0144stwo pracy.<\/p>","protected":false},"featured_media":15351,"comment_status":"open","ping_status":"closed","template":"","meta":{"_acf_changed":false},"product_brand":[],"product_cat":[595,612],"product_tag":[2822,2549,2814,2815,2816,2817,2818,2819,2820,2821],"class_list":{"0":"post-3455","1":"product","2":"type-product","3":"status-publish","4":"has-post-thumbnail","6":"product_cat-ruehrwerkstechnik","7":"product_cat-kleingebinderuehrwerke","8":"product_tag-atex-zertifiziertes-ruehrwerk","9":"product_tag-pneumatisches-ruehrwerk-atex","10":"product_tag-atex-ruehrwerk","11":"product_tag-stativruehrwerk-kleingebinde","12":"product_tag-explosionsgeschuetztes-ruehrwerk","13":"product_tag-ruehrwerk-zone-1","14":"product_tag-ptm-ruehrtechnik","15":"product_tag-ruehrwerk-fuer-gefahrstoffe","16":"product_tag-kleingebinderuehrwerk-atex","17":"product_tag-ex-geschuetztes-ruehrwerk","18":"product_shipping_class-europalette-speditionsversand","19":"pa_antriebsart-pneumatisch","20":"pa_atex-fuer-atex-zone-1","21":"pa_atex-zone-122122","22":"pa_behaeltervolumen-10-20-liter","23":"pa_deckeldurchmesser-380mm","24":"pa_dichtung-ptfe","25":"pa_drehmoment-4nm","26":"pa_drehzahl-0-300-1-min","27":"pa_durchmesser-ruehrwelle-16mm","28":"pa_ex-gas-ex-ii-2-g-ex-h-iic-t5-gb-x","29":"pa_ex-staub-ex-ii-2-d-ex-h-iiic-t100c-db-x","30":"pa_geeignete-fassdurchmesser-30-liter","31":"pa_geraeuschpegel-75db","32":"pa_gesamtbreite-440mm","33":"pa_gesamthoehe-1335mm","34":"pa_gesamttiefe-600mm","35":"pa_labs-oel-und-silikonfrei","36":"pa_laenge-ruehrwelle-ca-360mm-ab-deckloberkante","37":"pa_material-deckel-v4a-edelstahl-1-4404","38":"pa_mittlerer-luftverbrauch-50l-min","39":"pa_model-eco-station-30","40":"pa_ruehrorgan-becherruehrorgan-eco-cup-170mm","41":"pa_stativverfahrweg-500mm","42":"pa_typ-stativruehrwerk","43":"pa_versorgung-5-6bar","45":"first","46":"instock","47":"taxable","48":"shipping-taxable","49":"purchasable","50":"product-type-simple"},"bundled_by":[],"bundle_stock_status":"instock","bundle_stock_quantity":null,"bundle_virtual":false,"bundle_layout":"","bundle_add_to_cart_form_location":"","bundle_editable_in_cart":false,"bundle_sold_individually_context":"","bundle_item_grouping":"","bundle_min_size":"","bundle_max_size":"","bundle_price":[],"bundled_items":[],"bundle_sell_ids":[],"exclude_global_add_ons":[],"addons":[],"acf":[],"_links":{"self":[{"href":"https:\/\/ptm-mechatronics.com\/pl\/wp-json\/wp\/v2\/product\/3455","targetHints":{"allow":["GET"]}}],"collection":[{"href":"https:\/\/ptm-mechatronics.com\/pl\/wp-json\/wp\/v2\/product"}],"about":[{"href":"https:\/\/ptm-mechatronics.com\/pl\/wp-json\/wp\/v2\/types\/product"}],"replies":[{"embeddable":true,"href":"https:\/\/ptm-mechatronics.com\/pl\/wp-json\/wp\/v2\/comments?post=3455"}],"wp:featuredmedia":[{"embeddable":true,"href":"https:\/\/ptm-mechatronics.com\/pl\/wp-json\/wp\/v2\/media\/15351"}],"wp:attachment":[{"href":"https:\/\/ptm-mechatronics.com\/pl\/wp-json\/wp\/v2\/media?parent=3455"}],"wp:term":[{"taxonomy":"product_brand","embeddable":true,"href":"https:\/\/ptm-mechatronics.com\/pl\/wp-json\/wp\/v2\/product_brand?post=3455"},{"taxonomy":"product_cat","embeddable":true,"href":"https:\/\/ptm-mechatronics.com\/pl\/wp-json\/wp\/v2\/product_cat?post=3455"},{"taxonomy":"product_tag","embeddable":true,"href":"https:\/\/ptm-mechatronics.com\/pl\/wp-json\/wp\/v2\/product_tag?post=3455"}],"curies":[{"name":"wp","href":"https:\/\/api.w.org\/{rel}","templated":true}]}}