{"id":3403,"date":"2024-02-07T17:44:21","date_gmt":"2024-02-07T17:44:21","guid":{"rendered":""},"modified":"2025-11-07T15:50:43","modified_gmt":"2025-11-07T14:50:43","slug":"ruehrwerk-fuer-200-liter-spundfass-antrieb-atex-zone-1","status":"publish","type":"product","link":"https:\/\/ptm-mechatronics.com\/pl\/product\/ruehrwerk-fuer-200-liter-spundfass-antrieb-atex-zone-1\/","title":{"rendered":"Mieszad\u0142o do beczki 200 litr\u00f3w - nap\u0119d ATEX Strefa 1"},"content":{"rendered":"<h1 data-start=\"224\" data-end=\"307\"><span style=\"font-size: 75%;\">Pneumatyczne mieszad\u0142o do beczek - certyfikat ATEX, solidne, elastyczne, gotowe do natychmiastowego u\u017cycia<\/span><\/h1>\n<p data-start=\"309\" data-end=\"686\">Wydajne, pneumatyczne mieszad\u0142o do beczek typu bung jest idealne do niezawodnego mieszania szerokiej gamy medi\u00f3w - od niskiej do wysokiej lepko\u015bci. Regulowana poprzeczka wykonana z wysokiej jako\u015bci stali nierdzewnej V4A 1.4404 jest wyj\u0105tkowo wytrzyma\u0142a i mo\u017ce by\u0107 elastycznie dostosowana do pojemnik\u00f3w o \u015brednicy od 378 do 613 mm. System jest bezpiecznie zamocowany na miejscu za pomoc\u0105 dw\u00f3ch szybko zwalnianych zacisk\u00f3w.<\/p>\n<p data-start=\"688\" data-end=\"996\">Otw\u00f3r odpowietrzaj\u0105cy zgodny z norm\u0105 DIN 6643 - G3\/4 pozostaje swobodnie dost\u0119pny. Dzi\u0119ki do\u0142\u0105czonemu do zestawu mieszad\u0142u z pochylon\u0105 \u0142opatk\u0105, mieszad\u0142o idealnie nadaje si\u0119 do beczek z otworem 2\u2033. Pasuj\u0105cy wa\u0142 mieszad\u0142a ze stali nierdzewnej wchodzi w zakres dostawy - system jest zatem gotowy do natychmiastowego u\u017cycia.<\/p>\n<p data-start=\"688\" data-end=\"996\">Uwaga: B\u0119bny nie s\u0105 znormalizowane. Nale\u017cy dok\u0142adnie sprawdzi\u0107 wymiary i g\u0142\u0119boko\u015b\u0107 b\u0119bna. W niekt\u00f3rych przypadkach mo\u017ce by\u0107 konieczne dostosowanie wa\u0142u mieszad\u0142a. Ch\u0119tnie doradzimy osobi\u015bcie.<\/p>\n<p data-start=\"1202\" data-end=\"1247\">Zakres dostawy bez b\u0119bna i bez w\u0119\u017ca.<\/p>","protected":false},"excerpt":{"rendered":"<p>Pneumatyczne mieszad\u0142o z trawers\u0105 V4A do beczek bung, gotowe do natychmiastowego u\u017cycia, elastycznie regulowane i idealne do otwor\u00f3w beczek 2\u2033.<\/p>","protected":false},"featured_media":15347,"comment_status":"open","ping_status":"closed","template":"","meta":{"_acf_changed":false},"product_brand":[],"product_cat":[595,603],"product_tag":[],"class_list":{"0":"post-3403","1":"product","2":"type-product","3":"status-publish","4":"has-post-thumbnail","6":"product_cat-ruehrwerkstechnik","7":"product_cat-fassruehrwerke","8":"product_shipping_class-karton-paketversand","9":"pa_antriebsart-pneumatisch","10":"pa_atex-zone-122122","11":"pa_behaeltervolumen-200-liter","12":"pa_dichtung-ptfe","13":"pa_drehmoment-16nm","14":"pa_drehzahl-0-300-1-min","15":"pa_durchmesser-ruehrwelle-20mm","16":"pa_ex-gas-ex-ii-2-g-ex-h-iic-t5-gb-x","17":"pa_ex-staub-ex-ii-2-d-ex-h-iiic-t100c-db-x","18":"pa_geeignete-fassdurchmesser-fuer-60-bis-200-liter-spundfaesser","19":"pa_geraeuschpegel-75db","20":"pa_labs-oel-und-silikonfrei","21":"pa_laenge-ruehrwelle-ca-730mm-ab-deckeloberkante","22":"pa_material-gehaeuse-aluminium-eloxiert","23":"pa_material-traverse-v4a-edelstahl-1-4404","24":"pa_mittlerer-luftverbrauch-100l-min","25":"pa_ruehrorgan-klapp-schraegblattmischer-d200mm","26":"pa_schutzart-ip67","27":"pa_steckverschraubung-abluft-schlauch-o12mm","28":"pa_steckverschraubung-zuluft-schlauch-o8mm","29":"pa_traversenspannweite-zwischen-378-und-613mm-einstellbar","30":"pa_typ-traversenruehrwerk","31":"pa_typ-spundfassruehrwerk","32":"pa_versorgung-5-6bar","34":"first","35":"instock","36":"taxable","37":"shipping-taxable","38":"purchasable","39":"product-type-simple"},"bundled_by":[],"bundle_stock_status":"instock","bundle_stock_quantity":null,"bundle_virtual":false,"bundle_layout":"","bundle_add_to_cart_form_location":"","bundle_editable_in_cart":false,"bundle_sold_individually_context":"","bundle_item_grouping":"","bundle_min_size":"","bundle_max_size":"","bundle_price":[],"bundled_items":[],"bundle_sell_ids":[],"exclude_global_add_ons":[],"addons":[],"acf":[],"_links":{"self":[{"href":"https:\/\/ptm-mechatronics.com\/pl\/wp-json\/wp\/v2\/product\/3403","targetHints":{"allow":["GET"]}}],"collection":[{"href":"https:\/\/ptm-mechatronics.com\/pl\/wp-json\/wp\/v2\/product"}],"about":[{"href":"https:\/\/ptm-mechatronics.com\/pl\/wp-json\/wp\/v2\/types\/product"}],"replies":[{"embeddable":true,"href":"https:\/\/ptm-mechatronics.com\/pl\/wp-json\/wp\/v2\/comments?post=3403"}],"wp:featuredmedia":[{"embeddable":true,"href":"https:\/\/ptm-mechatronics.com\/pl\/wp-json\/wp\/v2\/media\/15347"}],"wp:attachment":[{"href":"https:\/\/ptm-mechatronics.com\/pl\/wp-json\/wp\/v2\/media?parent=3403"}],"wp:term":[{"taxonomy":"product_brand","embeddable":true,"href":"https:\/\/ptm-mechatronics.com\/pl\/wp-json\/wp\/v2\/product_brand?post=3403"},{"taxonomy":"product_cat","embeddable":true,"href":"https:\/\/ptm-mechatronics.com\/pl\/wp-json\/wp\/v2\/product_cat?post=3403"},{"taxonomy":"product_tag","embeddable":true,"href":"https:\/\/ptm-mechatronics.com\/pl\/wp-json\/wp\/v2\/product_tag?post=3403"}],"curies":[{"name":"wp","href":"https:\/\/api.w.org\/{rel}","templated":true}]}}