{"id":3399,"date":"2024-02-07T17:44:21","date_gmt":"2024-02-07T17:44:21","guid":{"rendered":""},"modified":"2025-11-07T15:50:42","modified_gmt":"2025-11-07T14:50:42","slug":"staplerlaschen-fuer-ibc-traverse","status":"publish","type":"product","link":"https:\/\/ptm-mechatronics.com\/pl\/product\/staplerlaschen-fuer-ibc-traverse\/","title":{"rendered":"Uchwyty do w\u00f3zk\u00f3w wid\u0142owych do trawers\u00f3w IBC"},"content":{"rendered":"<p>Dzi\u0119ki czterem praktycznym pasom do w\u00f3zk\u00f3w wid\u0142owych mo\u017cna wygodnie i bezpiecznie transportowa\u0107 mieszad\u0142o trawersowe do pojemnik\u00f3w IBC za pomoc\u0105 w\u00f3zka wid\u0142owego. Odpowiedni materia\u0142 \u015brubowy do mocowania uchwyt\u00f3w do belki podnosz\u0105cej wchodzi w zakres dostawy.<\/p>\n<p>Zakres dostawy: 4 wsporniki uk\u0142adarki wraz z materia\u0142em \u015brubowym<\/p>","protected":false},"excerpt":{"rendered":"<p>Uchwyty do w\u00f3zk\u00f3w wid\u0142owych do transportu mieszade\u0142 trawersowych IBC<\/p>","protected":false},"featured_media":15344,"comment_status":"open","ping_status":"closed","template":"","meta":{"_acf_changed":false},"product_brand":[],"product_cat":[594,595,614],"product_tag":[],"class_list":{"0":"post-3399","1":"product","2":"type-product","3":"status-publish","4":"has-post-thumbnail","6":"product_cat-zubehoer","7":"product_cat-ruehrwerkstechnik","8":"product_cat-containerruehrwerke","9":"product_shipping_class-karton-paketversand","10":"pa_anzahl-vier-stueck","11":"pa_material-v4a-edelstahl-1-4404","13":"first","14":"instock","15":"taxable","16":"shipping-taxable","17":"purchasable","18":"product-type-simple"},"bundled_by":[],"bundle_stock_status":"instock","bundle_stock_quantity":null,"bundle_virtual":false,"bundle_layout":"","bundle_add_to_cart_form_location":"","bundle_editable_in_cart":false,"bundle_sold_individually_context":"","bundle_item_grouping":"","bundle_min_size":"","bundle_max_size":"","bundle_price":[],"bundled_items":[],"bundle_sell_ids":[],"exclude_global_add_ons":[],"addons":[],"acf":[],"_links":{"self":[{"href":"https:\/\/ptm-mechatronics.com\/pl\/wp-json\/wp\/v2\/product\/3399","targetHints":{"allow":["GET"]}}],"collection":[{"href":"https:\/\/ptm-mechatronics.com\/pl\/wp-json\/wp\/v2\/product"}],"about":[{"href":"https:\/\/ptm-mechatronics.com\/pl\/wp-json\/wp\/v2\/types\/product"}],"replies":[{"embeddable":true,"href":"https:\/\/ptm-mechatronics.com\/pl\/wp-json\/wp\/v2\/comments?post=3399"}],"wp:featuredmedia":[{"embeddable":true,"href":"https:\/\/ptm-mechatronics.com\/pl\/wp-json\/wp\/v2\/media\/15344"}],"wp:attachment":[{"href":"https:\/\/ptm-mechatronics.com\/pl\/wp-json\/wp\/v2\/media?parent=3399"}],"wp:term":[{"taxonomy":"product_brand","embeddable":true,"href":"https:\/\/ptm-mechatronics.com\/pl\/wp-json\/wp\/v2\/product_brand?post=3399"},{"taxonomy":"product_cat","embeddable":true,"href":"https:\/\/ptm-mechatronics.com\/pl\/wp-json\/wp\/v2\/product_cat?post=3399"},{"taxonomy":"product_tag","embeddable":true,"href":"https:\/\/ptm-mechatronics.com\/pl\/wp-json\/wp\/v2\/product_tag?post=3399"}],"curies":[{"name":"wp","href":"https:\/\/api.w.org\/{rel}","templated":true}]}}