{"id":3350,"date":"2024-02-07T17:44:20","date_gmt":"2024-02-07T17:44:20","guid":{"rendered":""},"modified":"2025-11-07T15:50:36","modified_gmt":"2025-11-07T14:50:36","slug":"ruehrwerk-mit-deckel-fuer-10-20-liter-eimer-antrieb-atex-zone-1","status":"publish","type":"product","link":"https:\/\/ptm-mechatronics.com\/pl\/product\/ruehrwerk-mit-deckel-fuer-10-20-liter-eimer-antrieb-atex-zone-1\/","title":{"rendered":"Mieszad\u0142o z pokryw\u0105 do wiader o pojemno\u015bci 10-20 litr\u00f3w - nap\u0119d ATEX Strefa 1"},"content":{"rendered":"<h1 data-start=\"322\" data-end=\"395\"><span style=\"font-size: 75%;\"><span class=\"_fadeIn_m1hgl_8\">ATEX-<\/span><span class=\"_fadeIn_m1hgl_8\">Mieszad\u0142o <\/span><span class=\"_fadeIn_m1hgl_8\">dla <\/span><span class=\"_fadeIn_m1hgl_8\">10-<\/span><span class=\"_fadeIn_m1hgl_8\">20 L <\/span><span class=\"_fadeIn_m1hgl_8\">Wiadro - <\/span><span class=\"_fadeIn_m1hgl_8\">bezpieczny, <\/span><span class=\"_fadeIn_m1hgl_8\">skuteczny, <\/span><span class=\"_fadeIn_m1hgl_8\">Zoptymalizowany proces<\/span><\/span><\/h1>\n<p data-start=\"397\" data-end=\"821\"><span class=\"_fadeIn_m1hgl_8\">To <\/span><span class=\"_fadeIn_m1hgl_8\">ATEX-<\/span><span class=\"_fadeIn_m1hgl_8\">certyfikowany <\/span><span class=\"_fadeIn_m1hgl_8\">Mieszad\u0142o<\/span> <span class=\"_fadeIn_m1hgl_8\">by\u0142 <\/span><span class=\"_fadeIn_m1hgl_8\">zw\u0142aszcza <\/span><span class=\"_fadeIn_m1hgl_8\">dla <\/span><span class=\"_fadeIn_m1hgl_8\">w <\/span><span class=\"_fadeIn_m1hgl_8\">bezpieczny <\/span><span class=\"_fadeIn_m1hgl_8\">i <\/span><span class=\"_fadeIn_m1hgl_8\">skuteczny <\/span><span class=\"_fadeIn_m1hgl_8\">Miesza\u0107 <\/span><span class=\"_fadeIn_m1hgl_8\">w <\/span><span class=\"_fadeIn_m1hgl_8\">atmosfery potencjalnie wybuchowe <\/span><span class=\"_fadeIn_m1hgl_8\">Obszary <\/span><span class=\"_fadeIn_m1hgl_8\">w <\/span><span class=\"_fadeIn_m1hgl_8\">ATEX <\/span><span class=\"_fadeIn_m1hgl_8\">Strefa <\/span><span class=\"_fadeIn_m1hgl_8\">1<\/span> <span class=\"_fadeIn_m1hgl_8\">opracowany. <\/span><span class=\"_fadeIn_m1hgl_8\">To <\/span><span class=\"_fadeIn_m1hgl_8\">istnieje <\/span><span class=\"_fadeIn_m1hgl_8\">z <\/span><span class=\"_fadeIn_m1hgl_8\">jeden <\/span><span class=\"_fadeIn_m1hgl_8\">pot\u0119\u017cny, <\/span><span class=\"_fadeIn_m1hgl_8\">pneumatyczny <\/span><span class=\"_fadeIn_m1hgl_8\">Nap\u0119d<\/span><span class=\"_fadeIn_m1hgl_8\">, <\/span><span class=\"_fadeIn_m1hgl_8\">jeden <\/span><span class=\"_fadeIn_m1hgl_8\">Wa\u0142 mieszad\u0142a <\/span><span class=\"_fadeIn_m1hgl_8\">z <\/span><span class=\"_fadeIn_m1hgl_8\">Mieszad\u0142o kubkowe <\/span><span class=\"_fadeIn_m1hgl_8\">eko-<\/span><span class=\"_fadeIn_m1hgl_8\">Puchar<\/span> <span class=\"_fadeIn_m1hgl_8\">oraz <\/span><span class=\"_fadeIn_m1hgl_8\">jeden <\/span><span class=\"_fadeIn_m1hgl_8\">stabilny <\/span><span class=\"_fadeIn_m1hgl_8\">Pokrywa<\/span> <span class=\"_fadeIn_m1hgl_8\">z <\/span><span class=\"_fadeIn_m1hgl_8\">Urz\u0105dzenia zaciskowe - <\/span><span class=\"_fadeIn_m1hgl_8\">wszystko <\/span><span class=\"_fadeIn_m1hgl_8\">media-touching <\/span><span class=\"_fadeIn_m1hgl_8\">Komponenty <\/span><span class=\"_fadeIn_m1hgl_8\">s\u0105 <\/span><span class=\"_fadeIn_m1hgl_8\">z <\/span><span class=\"_fadeIn_m1hgl_8\">wysoka jako\u015b\u0107 <\/span><span class=\"_fadeIn_m1hgl_8\">V4A <\/span><span class=\"_fadeIn_m1hgl_8\">Stal nierdzewna (<\/span><span class=\"_fadeIn_m1hgl_8\">1.4404)<\/span> <span class=\"_fadeIn_m1hgl_8\">wyprodukowany.<\/span><\/p>\n<p data-start=\"823\" data-end=\"1357\"><span class=\"_fadeIn_m1hgl_8\">The <\/span><span class=\"_fadeIn_m1hgl_8\">Pokrywa <\/span><span class=\"_fadeIn_m1hgl_8\">ma <\/span><span class=\"_fadeIn_m1hgl_8\">o <\/span><span class=\"_fadeIn_m1hgl_8\">dwa <\/span><span class=\"_fadeIn_m1hgl_8\">elastyczny <\/span><span class=\"_fadeIn_m1hgl_8\">Urz\u0105dzenia zaciskowe<\/span><span class=\"_fadeIn_m1hgl_8\">, <\/span><span class=\"_fadeIn_m1hgl_8\">w <\/span><span class=\"_fadeIn_m1hgl_8\">jeden <\/span><span class=\"_fadeIn_m1hgl_8\">bezpieczny <\/span><span class=\"_fadeIn_m1hgl_8\">Mocowanie <\/span><span class=\"_fadeIn_m1hgl_8\">na <\/span><span class=\"_fadeIn_m1hgl_8\">znormalizowany <\/span><span class=\"_fadeIn_m1hgl_8\">Wiadra <\/span><span class=\"_fadeIn_m1hgl_8\">z <\/span><span class=\"_fadeIn_m1hgl_8\">10 <\/span><span class=\"_fadeIn_m1hgl_8\">do <\/span><span class=\"_fadeIn_m1hgl_8\">20 <\/span><span class=\"_fadeIn_m1hgl_8\">Litry <\/span><span class=\"_fadeIn_m1hgl_8\">Obj\u0119to\u015b\u0107<\/span> <span class=\"_fadeIn_m1hgl_8\">i <\/span><span class=\"_fadeIn_m1hgl_8\">jeden <\/span><span class=\"_fadeIn_m1hgl_8\">\u015arednica <\/span><span class=\"_fadeIn_m1hgl_8\">z <\/span><span class=\"_fadeIn_m1hgl_8\">230 <\/span><span class=\"_fadeIn_m1hgl_8\">do <\/span><span class=\"_fadeIn_m1hgl_8\">300 mm<\/span> <span class=\"_fadeIn_m1hgl_8\">w\u0142\u0105czy\u0107. <\/span><span class=\"_fadeIn_m1hgl_8\">The <\/span><span class=\"_fadeIn_m1hgl_8\">System <\/span><span class=\"_fadeIn_m1hgl_8\">jest <\/span><span class=\"_fadeIn_m1hgl_8\">optymalny <\/span><span class=\"_fadeIn_m1hgl_8\">na <\/span><span class=\"_fadeIn_m1hgl_8\">jeden <\/span><span class=\"_fadeIn_m1hgl_8\">stabilny <\/span><span class=\"_fadeIn_m1hgl_8\">i <\/span><span class=\"_fadeIn_m1hgl_8\">higieniczny <\/span><span class=\"_fadeIn_m1hgl_8\">Proces mieszania<\/span> <span class=\"_fadeIn_m1hgl_8\">skoordynowane - <\/span><span class=\"_fadeIn_m1hgl_8\">r\u00f3wnie\u017c <\/span><span class=\"_fadeIn_m1hgl_8\">z <\/span><span class=\"_fadeIn_m1hgl_8\">wysoka lepko\u015b\u0107 <\/span><span class=\"_fadeIn_m1hgl_8\">Media<\/span><span class=\"_fadeIn_m1hgl_8\">. <\/span><span class=\"_fadeIn_m1hgl_8\">The <\/span><span class=\"_fadeIn_m1hgl_8\">dostarczony <\/span><span class=\"_fadeIn_m1hgl_8\">Mieszad\u0142o kubkowe <\/span><span class=\"_fadeIn_m1hgl_8\">eko-<\/span><span class=\"_fadeIn_m1hgl_8\">Puchar<\/span> <span class=\"_fadeIn_m1hgl_8\">zapewnia <\/span><span class=\"_fadeIn_m1hgl_8\">dzi\u0119ki <\/span><span class=\"_fadeIn_m1hgl_8\">jego <\/span><span class=\"_fadeIn_m1hgl_8\">\u0142agodny, <\/span><span class=\"_fadeIn_m1hgl_8\">ale <\/span><span class=\"_fadeIn_m1hgl_8\">skuteczny <\/span><span class=\"_fadeIn_m1hgl_8\">W\u0142a\u015bciwo\u015bci przep\u0142ywu<\/span> <span class=\"_fadeIn_m1hgl_8\">dla <\/span><span class=\"_fadeIn_m1hgl_8\">jeden <\/span><span class=\"_fadeIn_m1hgl_8\">zw\u0142aszcza <\/span><span class=\"_fadeIn_m1hgl_8\">jednorodny <\/span><span class=\"_fadeIn_m1hgl_8\">Wynik mieszania<\/span><span class=\"_fadeIn_m1hgl_8\">, <\/span><span class=\"_fadeIn_m1hgl_8\">bez <\/span><span class=\"_fadeIn_m1hgl_8\">w <\/span><span class=\"_fadeIn_m1hgl_8\">Produkt <\/span><span class=\"_fadeIn_m1hgl_8\">niepotrzebny <\/span><span class=\"_fadeIn_m1hgl_8\">do <\/span><span class=\"_fadeIn_m1hgl_8\">obci\u0105\u017cenie.<\/span><\/p>\n<p data-start=\"1359\" data-end=\"1390\"><span class=\"_fadeIn_m1hgl_8\">Zalety <\/span><span class=\"_fadeIn_m1hgl_8\">na <\/span><span class=\"_fadeIn_m1hgl_8\">jeden <\/span><span class=\"_fadeIn_m1hgl_8\">Widok:<\/span><\/p>\n<ul>\n<li data-start=\"1393\" data-end=\"1449\"><span class=\"_fadeIn_m1hgl_8\">Pneumatyczny <\/span><span class=\"_fadeIn_m1hgl_8\">Nap\u0119d <\/span><span class=\"_fadeIn_m1hgl_8\">z <\/span><span class=\"_fadeIn_m1hgl_8\">ATEX-<\/span><span class=\"_fadeIn_m1hgl_8\">Certyfikacja (<\/span><span class=\"_fadeIn_m1hgl_8\">Strefa <\/span><span class=\"_fadeIn_m1hgl_8\">1)<\/span><\/li>\n<li data-start=\"1393\" data-end=\"1449\"><span class=\"_fadeIn_m1hgl_8\">Dla <\/span><span class=\"_fadeIn_m1hgl_8\">10-<\/span><span class=\"_fadeIn_m1hgl_8\">20 litr\u00f3w <\/span><span class=\"_fadeIn_m1hgl_8\">Wiadro (<\/span><span class=\"_fadeIn_m1hgl_8\">\u00d8 <\/span><span class=\"_fadeIn_m1hgl_8\">230-<\/span><span class=\"_fadeIn_m1hgl_8\">300 mm)<\/span><\/li>\n<li data-start=\"1393\" data-end=\"1449\"><span class=\"_fadeIn_m1hgl_8\">Z <\/span><span class=\"_fadeIn_m1hgl_8\">V4A-<\/span><span class=\"_fadeIn_m1hgl_8\">Wa\u0142 mieszad\u0142a, <\/span><span class=\"_fadeIn_m1hgl_8\">Agitator &amp; <\/span><span class=\"_fadeIn_m1hgl_8\">Pokrywa<\/span><\/li>\n<li data-start=\"1393\" data-end=\"1449\"><span class=\"_fadeIn_m1hgl_8\">Mieszad\u0142o kubkowe <\/span><span class=\"_fadeIn_m1hgl_8\">eko-<\/span><span class=\"_fadeIn_m1hgl_8\">Puchar <\/span><span class=\"_fadeIn_m1hgl_8\">dla <\/span><span class=\"_fadeIn_m1hgl_8\">\u0142agodny, <\/span><span class=\"_fadeIn_m1hgl_8\">jednorodny <\/span><span class=\"_fadeIn_m1hgl_8\">Miesza\u0107<\/span><\/li>\n<li data-start=\"1393\" data-end=\"1449\"><span class=\"_fadeIn_m1hgl_8\">Odpowiedni <\/span><span class=\"_fadeIn_m1hgl_8\">dla <\/span><span class=\"_fadeIn_m1hgl_8\">niski <\/span><span class=\"_fadeIn_m1hgl_8\">do <\/span><span class=\"_fadeIn_m1hgl_8\">wysoka lepko\u015b\u0107 <\/span><span class=\"_fadeIn_m1hgl_8\">Media<\/span><\/li>\n<li data-start=\"1393\" data-end=\"1449\"><span class=\"_fadeIn_m1hgl_8\">Dwa <\/span><span class=\"_fadeIn_m1hgl_8\">Urz\u0105dzenia zaciskowe <\/span><span class=\"_fadeIn_m1hgl_8\">dla <\/span><span class=\"_fadeIn_m1hgl_8\">bezpieczny <\/span><span class=\"_fadeIn_m1hgl_8\">Stop<\/span><\/li>\n<li data-start=\"1393\" data-end=\"1449\"><span class=\"_fadeIn_m1hgl_8\">Wysoki <\/span><span class=\"_fadeIn_m1hgl_8\">Jako\u015b\u0107 materia\u0142u, <\/span><span class=\"_fadeIn_m1hgl_8\">Higiena <\/span><span class=\"_fadeIn_m1hgl_8\">i <\/span><span class=\"_fadeIn_m1hgl_8\">Odporno\u015b\u0107 na korozj\u0119<\/span><\/li>\n<li data-start=\"1393\" data-end=\"1449\"><span class=\"_fadeIn_m1hgl_8\">Kompletny <\/span><span class=\"_fadeIn_m1hgl_8\">skoordynowane, <\/span><span class=\"_fadeIn_m1hgl_8\">natychmiast <\/span><span class=\"_fadeIn_m1hgl_8\">gotowy do u\u017cycia <\/span><span class=\"_fadeIn_m1hgl_8\">System<\/span><\/li>\n<\/ul>","protected":false},"excerpt":{"rendered":"<p><span class=\"_fadeIn_m1hgl_8\">ATEX-<\/span><span class=\"_fadeIn_m1hgl_8\">certyfikowany <\/span><span class=\"_fadeIn_m1hgl_8\">Mieszad\u0142o <\/span><span class=\"_fadeIn_m1hgl_8\">z <\/span><span class=\"_fadeIn_m1hgl_8\">V4A-<\/span><span class=\"_fadeIn_m1hgl_8\">Komponenty <\/span><span class=\"_fadeIn_m1hgl_8\">i <\/span><span class=\"_fadeIn_m1hgl_8\">eko-<\/span><span class=\"_fadeIn_m1hgl_8\">Puchar <\/span><span class=\"_fadeIn_m1hgl_8\">Mieszad\u0142o do kubk\u00f3w orga, <\/span><span class=\"_fadeIn_m1hgl_8\">optymalny <\/span><span class=\"_fadeIn_m1hgl_8\">dla <\/span><span class=\"_fadeIn_m1hgl_8\">10-<\/span><span class=\"_fadeIn_m1hgl_8\">20 L <\/span><span class=\"_fadeIn_m1hgl_8\">Wiadro <\/span><span class=\"_fadeIn_m1hgl_8\">dla <\/span><span class=\"_fadeIn_m1hgl_8\">bezpieczny, <\/span><span class=\"_fadeIn_m1hgl_8\">skuteczny <\/span><span class=\"_fadeIn_m1hgl_8\">Miesza\u0107 <\/span><span class=\"_fadeIn_m1hgl_8\">r\u00f3wnie\u017c <\/span><span class=\"_fadeIn_m1hgl_8\">bardziej lepki <\/span><span class=\"_fadeIn_m1hgl_8\">Media.<\/span><\/p>","protected":false},"featured_media":15339,"comment_status":"open","ping_status":"closed","template":"","meta":{"_acf_changed":false},"product_brand":[],"product_cat":[595,612],"product_tag":[2941,2942,2943,2637,2935,2936,2937,2938,2939,2940],"class_list":{"0":"post-3350","1":"product","2":"type-product","3":"status-publish","4":"has-post-thumbnail","6":"product_cat-ruehrwerkstechnik","7":"product_cat-kleingebinderuehrwerke","8":"product_tag-eimerruehrwerk-explosionsgeschuetzt","9":"product_tag-ruehrwerk-mit-spannvorrichtung","10":"product_tag-hygienisches-edelstahl-ruehrwerk","11":"product_tag-ruehrwerk-fuer-hochviskose-medien","12":"product_tag-atex-ruehrwerk-eimer","13":"product_tag-ruehrwerk-10-liter","14":"product_tag-ruehrwerk-20-liter","15":"product_tag-v4a-ruehrwerk-edelstahl","16":"product_tag-pneumatischer-ruehrantrieb-atex","17":"product_tag-becherruehrorgan-eco-cup","18":"product_shipping_class-karton-paketversand","19":"pa_antriebsart-pneumatisch","20":"pa_atex-zone-122122","21":"pa_behaeltervolumen-10-20-liter","22":"pa_dichtung-ptfe","23":"pa_drehmoment-4nm","24":"pa_drehzahl-0-300-1-min","25":"pa_durchmesser-ruehrwelle-16mm","26":"pa_ex-gas-ex-ii-2-g-ex-h-iic-t5-gb-x","27":"pa_ex-staub-ex-ii-2-d-ex-h-iiic-t100c-db-x","28":"pa_geeignete-fassdurchmesser-230-300mm","29":"pa_geraeuschpegel-75db","30":"pa_labs-oel-und-silikonfrei","31":"pa_laenge-ruehrwelle-ca-250mm-ab-deckeloberkante","32":"pa_material-deckel-v4a-edelstahl-1-4404","33":"pa_material-gehaeuse-aluminium-eloxiert","34":"pa_mittlerer-luftverbrauch-25l-min","35":"pa_ruehrorgan-becherruehrorgan-eco-cup-120mm","36":"pa_schutzart-ip67","37":"pa_steckverschraubung-abluft-schlauch-o10mm","38":"pa_steckverschraubung-zuluft-schlauch-o6mm","39":"pa_typ-deckelruehrwerk","40":"pa_versorgung-5-6bar","42":"first","43":"instock","44":"taxable","45":"shipping-taxable","46":"purchasable","47":"product-type-simple"},"bundled_by":[],"bundle_stock_status":"instock","bundle_stock_quantity":null,"bundle_virtual":false,"bundle_layout":"","bundle_add_to_cart_form_location":"","bundle_editable_in_cart":false,"bundle_sold_individually_context":"","bundle_item_grouping":"","bundle_min_size":"","bundle_max_size":"","bundle_price":[],"bundled_items":[],"bundle_sell_ids":[],"exclude_global_add_ons":[],"addons":[],"acf":[],"_links":{"self":[{"href":"https:\/\/ptm-mechatronics.com\/pl\/wp-json\/wp\/v2\/product\/3350","targetHints":{"allow":["GET"]}}],"collection":[{"href":"https:\/\/ptm-mechatronics.com\/pl\/wp-json\/wp\/v2\/product"}],"about":[{"href":"https:\/\/ptm-mechatronics.com\/pl\/wp-json\/wp\/v2\/types\/product"}],"replies":[{"embeddable":true,"href":"https:\/\/ptm-mechatronics.com\/pl\/wp-json\/wp\/v2\/comments?post=3350"}],"wp:featuredmedia":[{"embeddable":true,"href":"https:\/\/ptm-mechatronics.com\/pl\/wp-json\/wp\/v2\/media\/15339"}],"wp:attachment":[{"href":"https:\/\/ptm-mechatronics.com\/pl\/wp-json\/wp\/v2\/media?parent=3350"}],"wp:term":[{"taxonomy":"product_brand","embeddable":true,"href":"https:\/\/ptm-mechatronics.com\/pl\/wp-json\/wp\/v2\/product_brand?post=3350"},{"taxonomy":"product_cat","embeddable":true,"href":"https:\/\/ptm-mechatronics.com\/pl\/wp-json\/wp\/v2\/product_cat?post=3350"},{"taxonomy":"product_tag","embeddable":true,"href":"https:\/\/ptm-mechatronics.com\/pl\/wp-json\/wp\/v2\/product_tag?post=3350"}],"curies":[{"name":"wp","href":"https:\/\/api.w.org\/{rel}","templated":true}]}}