{"id":3320,"date":"2024-02-07T17:44:20","date_gmt":"2024-02-07T17:44:20","guid":{"rendered":""},"modified":"2026-02-03T10:32:16","modified_gmt":"2026-02-03T09:32:16","slug":"anschlussset-fuer-handruehrer-eco-up","status":"publish","type":"product","link":"https:\/\/ptm-mechatronics.com\/pl\/product\/anschlussset-fuer-handruehrer-eco-up\/","title":{"rendered":"Zestaw przy\u0142\u0105czeniowy do miksera r\u0119cznego eco-Up"},"content":{"rendered":"<p>Zestaw przy\u0142\u0105czeniowy z uchwytem monta\u017cowym sk\u0142ada si\u0119 z w\u0119\u017ca doprowadzaj\u0105cego powietrze, jednostki konserwacyjnej i przewodu uziemiaj\u0105cego. Umo\u017cliwia to szybkie, bezpieczne i \u0142atwe pod\u0142\u0105czenie mieszalnika dwur\u0119cznego eco-Up.<\/p>","protected":false},"excerpt":{"rendered":"<p>Praktyczny zestaw przy\u0142\u0105czeniowy do \u0142atwego i bezpiecznego pod\u0142\u0105czenia miksera r\u0119cznego eco-Up<\/p>","protected":false},"featured_media":15338,"comment_status":"open","ping_status":"closed","template":"","meta":{"_acf_changed":false},"product_brand":[],"product_cat":[595,600],"product_tag":[],"class_list":{"0":"post-3320","1":"product","2":"type-product","3":"status-publish","4":"has-post-thumbnail","6":"product_cat-ruehrwerkstechnik","7":"product_cat-handruehrer","8":"product_shipping_class-karton-paketversand","9":"pa_atex-elektrisch-leitfaehig","10":"pa_pneumatikanschluss-schnellkupplung-g1-4-nw7-2","11":"pa_schlauchlaenge-5m","13":"first","14":"instock","15":"taxable","16":"shipping-taxable","17":"purchasable","18":"product-type-simple"},"bundled_by":[],"bundle_stock_status":"instock","bundle_stock_quantity":null,"bundle_virtual":false,"bundle_layout":"","bundle_add_to_cart_form_location":"","bundle_editable_in_cart":false,"bundle_sold_individually_context":"","bundle_item_grouping":"","bundle_min_size":"","bundle_max_size":"","bundle_price":[],"bundled_items":[],"bundle_sell_ids":[],"exclude_global_add_ons":[],"addons":[],"acf":[],"_links":{"self":[{"href":"https:\/\/ptm-mechatronics.com\/pl\/wp-json\/wp\/v2\/product\/3320","targetHints":{"allow":["GET"]}}],"collection":[{"href":"https:\/\/ptm-mechatronics.com\/pl\/wp-json\/wp\/v2\/product"}],"about":[{"href":"https:\/\/ptm-mechatronics.com\/pl\/wp-json\/wp\/v2\/types\/product"}],"replies":[{"embeddable":true,"href":"https:\/\/ptm-mechatronics.com\/pl\/wp-json\/wp\/v2\/comments?post=3320"}],"wp:featuredmedia":[{"embeddable":true,"href":"https:\/\/ptm-mechatronics.com\/pl\/wp-json\/wp\/v2\/media\/15338"}],"wp:attachment":[{"href":"https:\/\/ptm-mechatronics.com\/pl\/wp-json\/wp\/v2\/media?parent=3320"}],"wp:term":[{"taxonomy":"product_brand","embeddable":true,"href":"https:\/\/ptm-mechatronics.com\/pl\/wp-json\/wp\/v2\/product_brand?post=3320"},{"taxonomy":"product_cat","embeddable":true,"href":"https:\/\/ptm-mechatronics.com\/pl\/wp-json\/wp\/v2\/product_cat?post=3320"},{"taxonomy":"product_tag","embeddable":true,"href":"https:\/\/ptm-mechatronics.com\/pl\/wp-json\/wp\/v2\/product_tag?post=3320"}],"curies":[{"name":"wp","href":"https:\/\/api.w.org\/{rel}","templated":true}]}}