{"id":3314,"date":"2024-02-07T17:44:20","date_gmt":"2024-02-07T17:44:20","guid":{"rendered":""},"modified":"2025-11-07T15:50:33","modified_gmt":"2025-11-07T14:50:33","slug":"wendelruehrer-abwaertsfoerdernd-fuer-handruehrer-eco-up","status":"publish","type":"product","link":"https:\/\/ptm-mechatronics.com\/pl\/product\/wendelruehrer-abwaertsfoerdernd-fuer-handruehrer-eco-up\/","title":{"rendered":"Mieszad\u0142o spiralne z podawaniem w d\u00f3\u0142 do miksera r\u0119cznego eco-Up"},"content":{"rendered":"<p>Mieszad\u0142o spiralne jest wykonane z wysokiej jako\u015bci stali nierdzewnej V4A 1.4301 i ma elektropolerowan\u0105 powierzchni\u0119. Zapewnia mieszanie laminarne i idealnie nadaje si\u0119 do homogenizacji substancji o wysokiej lepko\u015bci. Jako mieszad\u0142o na\u015bcienne, mieszad\u0142o spiralne jest r\u00f3wnie\u017c wykorzystywane w procesie wymiany ciep\u0142a.<\/p>","protected":false},"excerpt":{"rendered":"<p>Mieszad\u0142o spiralne o \u015brednicy 130 mm wykonane z wysokiej jako\u015bci stali nierdzewnej V4A 1.4301<\/p>","protected":false},"featured_media":15334,"comment_status":"open","ping_status":"closed","template":"","meta":{"_acf_changed":false},"product_brand":[],"product_cat":[600,631,595],"product_tag":[],"class_list":{"0":"post-3314","1":"product","2":"type-product","3":"status-publish","4":"has-post-thumbnail","6":"product_cat-handruehrer","7":"product_cat-ruehrorgane","8":"product_cat-ruehrwerkstechnik","9":"product_shipping_class-karton-paketversand","10":"pa_aufnahme-fuer-ruehrorgan-m14-gewinde","11":"pa_durchmesser-130mm","12":"pa_foerderrichtung-materialabwaertsfoerdernd-fuer-niedrigviskose-medien","13":"pa_laenge-600mm","14":"pa_material-v4a-edelstahl-1-4301","15":"pa_oberflaeche-elektropoliert","17":"first","18":"instock","19":"taxable","20":"shipping-taxable","21":"purchasable","22":"product-type-simple"},"bundled_by":[],"bundle_stock_status":"instock","bundle_stock_quantity":null,"bundle_virtual":false,"bundle_layout":"","bundle_add_to_cart_form_location":"","bundle_editable_in_cart":false,"bundle_sold_individually_context":"","bundle_item_grouping":"","bundle_min_size":"","bundle_max_size":"","bundle_price":[],"bundled_items":[],"bundle_sell_ids":[],"exclude_global_add_ons":[],"addons":[],"acf":[],"_links":{"self":[{"href":"https:\/\/ptm-mechatronics.com\/pl\/wp-json\/wp\/v2\/product\/3314","targetHints":{"allow":["GET"]}}],"collection":[{"href":"https:\/\/ptm-mechatronics.com\/pl\/wp-json\/wp\/v2\/product"}],"about":[{"href":"https:\/\/ptm-mechatronics.com\/pl\/wp-json\/wp\/v2\/types\/product"}],"replies":[{"embeddable":true,"href":"https:\/\/ptm-mechatronics.com\/pl\/wp-json\/wp\/v2\/comments?post=3314"}],"wp:featuredmedia":[{"embeddable":true,"href":"https:\/\/ptm-mechatronics.com\/pl\/wp-json\/wp\/v2\/media\/15334"}],"wp:attachment":[{"href":"https:\/\/ptm-mechatronics.com\/pl\/wp-json\/wp\/v2\/media?parent=3314"}],"wp:term":[{"taxonomy":"product_brand","embeddable":true,"href":"https:\/\/ptm-mechatronics.com\/pl\/wp-json\/wp\/v2\/product_brand?post=3314"},{"taxonomy":"product_cat","embeddable":true,"href":"https:\/\/ptm-mechatronics.com\/pl\/wp-json\/wp\/v2\/product_cat?post=3314"},{"taxonomy":"product_tag","embeddable":true,"href":"https:\/\/ptm-mechatronics.com\/pl\/wp-json\/wp\/v2\/product_tag?post=3314"}],"curies":[{"name":"wp","href":"https:\/\/api.w.org\/{rel}","templated":true}]}}