{"id":3279,"date":"2024-02-07T17:44:19","date_gmt":"2024-02-07T17:44:19","guid":{"rendered":""},"modified":"2025-11-07T15:50:32","modified_gmt":"2025-11-07T14:50:32","slug":"becherruehrorgan-eco-cup-80mm-v4a-mit-ruehrwelle","status":"publish","type":"product","link":"https:\/\/ptm-mechatronics.com\/pl\/product\/becherruehrorgan-eco-cup-80mm-v4a-mit-ruehrwelle\/","title":{"rendered":"Mieszad\u0142o do zlewek eco-Cup, 80 mm, V4A z wa\u0142kiem mieszaj\u0105cym"},"content":{"rendered":"<p>Mieszad\u0142a kube\u0142kowe zapewniaj\u0105 wydajne, ale delikatne mieszanie z minimalnym \u015bcinaniem nawet przy niskich pr\u0119dko\u015bciach. Jako mieszad\u0142a wolnoobrotowe idealnie nadaj\u0105 si\u0119 do mieszanek wra\u017cliwych. Generuj\u0105 laminarny przep\u0142yw z osiowym przenoszeniem.<\/p>","protected":false},"excerpt":{"rendered":"<p>Mieszad\u0142o do zlewek o \u015brednicy 80 mm wykonane z wysokiej jako\u015bci stali nierdzewnej V4A 1.4404<\/p>","protected":false},"featured_media":15331,"comment_status":"open","ping_status":"closed","template":"","meta":{"_acf_changed":false},"product_brand":[],"product_cat":[595,596],"product_tag":[],"class_list":{"0":"post-3279","1":"product","2":"type-product","3":"status-publish","4":"has-post-thumbnail","6":"product_cat-ruehrwerkstechnik","7":"product_cat-laborruehrer","8":"product_shipping_class-karton-paketversand","9":"pa_disc-durchmesser-23mm","10":"pa_durchmesser-80mm","11":"pa_material-v4a-edelstahl-1-4404","12":"pa_ruehrwellendurchmesser-10mm-mit-spannfutterabsatz-8mm","13":"pa_ruehrwellenlaenge-350mm","14":"pa_schiebenabe-10mm","16":"first","17":"instock","18":"taxable","19":"shipping-taxable","20":"purchasable","21":"product-type-simple"},"bundled_by":[],"bundle_stock_status":"instock","bundle_stock_quantity":null,"bundle_virtual":false,"bundle_layout":"","bundle_add_to_cart_form_location":"","bundle_editable_in_cart":false,"bundle_sold_individually_context":"","bundle_item_grouping":"","bundle_min_size":"","bundle_max_size":"","bundle_price":[],"bundled_items":[],"bundle_sell_ids":[],"exclude_global_add_ons":[],"addons":[],"acf":[],"_links":{"self":[{"href":"https:\/\/ptm-mechatronics.com\/pl\/wp-json\/wp\/v2\/product\/3279","targetHints":{"allow":["GET"]}}],"collection":[{"href":"https:\/\/ptm-mechatronics.com\/pl\/wp-json\/wp\/v2\/product"}],"about":[{"href":"https:\/\/ptm-mechatronics.com\/pl\/wp-json\/wp\/v2\/types\/product"}],"replies":[{"embeddable":true,"href":"https:\/\/ptm-mechatronics.com\/pl\/wp-json\/wp\/v2\/comments?post=3279"}],"wp:featuredmedia":[{"embeddable":true,"href":"https:\/\/ptm-mechatronics.com\/pl\/wp-json\/wp\/v2\/media\/15331"}],"wp:attachment":[{"href":"https:\/\/ptm-mechatronics.com\/pl\/wp-json\/wp\/v2\/media?parent=3279"}],"wp:term":[{"taxonomy":"product_brand","embeddable":true,"href":"https:\/\/ptm-mechatronics.com\/pl\/wp-json\/wp\/v2\/product_brand?post=3279"},{"taxonomy":"product_cat","embeddable":true,"href":"https:\/\/ptm-mechatronics.com\/pl\/wp-json\/wp\/v2\/product_cat?post=3279"},{"taxonomy":"product_tag","embeddable":true,"href":"https:\/\/ptm-mechatronics.com\/pl\/wp-json\/wp\/v2\/product_tag?post=3279"}],"curies":[{"name":"wp","href":"https:\/\/api.w.org\/{rel}","templated":true}]}}