{"id":3273,"date":"2024-02-07T17:44:19","date_gmt":"2024-02-07T17:44:19","guid":{"rendered":""},"modified":"2025-11-07T15:50:31","modified_gmt":"2025-11-07T14:50:31","slug":"ex-duchfuehrung-ns29-32-fuer-10-mm-welle","status":"publish","type":"product","link":"https:\/\/ptm-mechatronics.com\/pl\/product\/ex-duchfuehrung-ns29-32-fuer-10-mm-welle\/","title":{"rendered":"Tuleja EX NS29\/32 dla wa\u0142u 10 mm"},"content":{"rendered":"<p>Z\u0142\u0105cze obrotowe z certyfikatem ATEX umo\u017cliwia mieszanie w zamkni\u0119tych pojemnikach. Skutecznie zapobiega wydostawaniu si\u0119 wybuchowych gaz\u00f3w lub py\u0142\u00f3w podczas procesu mieszania.<\/p>","protected":false},"excerpt":{"rendered":"<p>Tuleja EX do standardowego z\u0142\u0105cza szlifowanego NS29\/32 z otworem na wa\u0142 mieszad\u0142a 10 mm<\/p>","protected":false},"featured_media":15329,"comment_status":"open","ping_status":"closed","template":"","meta":{"_acf_changed":false},"product_brand":[],"product_cat":[595,596],"product_tag":[],"class_list":{"0":"post-3273","1":"product","2":"type-product","3":"status-publish","4":"has-post-thumbnail","6":"product_cat-ruehrwerkstechnik","7":"product_cat-laborruehrer","8":"product_shipping_class-karton-paketversand","9":"pa_material-ex-ptfe-leitfaehigkeit-1-000kohm","10":"pa_ns-durchmesser-29-32","11":"pa_ruehrwellendurchmesser-10mm","13":"first","14":"instock","15":"taxable","16":"shipping-taxable","17":"purchasable","18":"product-type-simple"},"bundled_by":[],"bundle_stock_status":"instock","bundle_stock_quantity":null,"bundle_virtual":false,"bundle_layout":"","bundle_add_to_cart_form_location":"","bundle_editable_in_cart":false,"bundle_sold_individually_context":"","bundle_item_grouping":"","bundle_min_size":"","bundle_max_size":"","bundle_price":[],"bundled_items":[],"bundle_sell_ids":[],"exclude_global_add_ons":[],"addons":[],"acf":[],"_links":{"self":[{"href":"https:\/\/ptm-mechatronics.com\/pl\/wp-json\/wp\/v2\/product\/3273","targetHints":{"allow":["GET"]}}],"collection":[{"href":"https:\/\/ptm-mechatronics.com\/pl\/wp-json\/wp\/v2\/product"}],"about":[{"href":"https:\/\/ptm-mechatronics.com\/pl\/wp-json\/wp\/v2\/types\/product"}],"replies":[{"embeddable":true,"href":"https:\/\/ptm-mechatronics.com\/pl\/wp-json\/wp\/v2\/comments?post=3273"}],"wp:featuredmedia":[{"embeddable":true,"href":"https:\/\/ptm-mechatronics.com\/pl\/wp-json\/wp\/v2\/media\/15329"}],"wp:attachment":[{"href":"https:\/\/ptm-mechatronics.com\/pl\/wp-json\/wp\/v2\/media?parent=3273"}],"wp:term":[{"taxonomy":"product_brand","embeddable":true,"href":"https:\/\/ptm-mechatronics.com\/pl\/wp-json\/wp\/v2\/product_brand?post=3273"},{"taxonomy":"product_cat","embeddable":true,"href":"https:\/\/ptm-mechatronics.com\/pl\/wp-json\/wp\/v2\/product_cat?post=3273"},{"taxonomy":"product_tag","embeddable":true,"href":"https:\/\/ptm-mechatronics.com\/pl\/wp-json\/wp\/v2\/product_tag?post=3273"}],"curies":[{"name":"wp","href":"https:\/\/api.w.org\/{rel}","templated":true}]}}