{"id":3264,"date":"2024-02-07T17:44:19","date_gmt":"2024-02-07T17:44:19","guid":{"rendered":""},"modified":"2026-03-09T10:32:03","modified_gmt":"2026-03-09T09:32:03","slug":"stativ-fuer-laborruehrer-125x200mm","status":"publish","type":"product","link":"https:\/\/ptm-mechatronics.com\/pl\/product\/stativ-fuer-laborruehrer-125x200mm\/","title":{"rendered":"Stojak na mieszad\u0142o laboratoryjne 125x200mm"},"content":{"rendered":"<p>Praktyczny stojak zapewnia stabiln\u0105 i szybk\u0105 opcj\u0119 monta\u017cu mieszade\u0142 laboratoryjnych i innego sprz\u0119tu laboratoryjnego. Sprz\u0119t mo\u017cna elastycznie przymocowa\u0107 do stojaka za pomoc\u0105 dw\u00f3ch zacisk\u00f3w \u015brubowych, dzi\u0119ki czemu aplikacja jest gotowa do u\u017cycia szybko i niezawodnie.<\/p>\n<p>Nasze mieszad\u0142a laboratoryjne eco-Lab i eco-Lab INOX mo\u017cna \u0142atwo zamontowa\u0107 bezpo\u015brednio na statywie dzi\u0119ki zintegrowanemu pr\u0119towi monta\u017cowemu. Umo\u017cliwia to bezpieczne pozycjonowanie i wygodn\u0105 obs\u0142ug\u0119 w szerokim zakresie zastosowa\u0144 laboratoryjnych.<\/p>","protected":false},"excerpt":{"rendered":"<p>Praktyczny ma\u0142y stojak na naczynia o maksymalnej \u015brednicy 150 mm z dwoma zaciskami \u015brubowymi.<\/p>","protected":false},"featured_media":15327,"comment_status":"open","ping_status":"closed","template":"","meta":{"_acf_changed":false},"product_brand":[],"product_cat":[595,596],"product_tag":[],"class_list":{"0":"post-3264","1":"product","2":"type-product","3":"status-publish","4":"has-post-thumbnail","6":"product_cat-ruehrwerkstechnik","7":"product_cat-laborruehrer","8":"product_shipping_class-karton-paketversand","9":"pa_grundflaeche-125x200mm","10":"pa_hoehe-500mm","11":"pa_stabdurchmesser-10mm","13":"first","14":"instock","15":"taxable","16":"shipping-taxable","17":"purchasable","18":"product-type-simple"},"bundled_by":[],"bundle_stock_status":"instock","bundle_stock_quantity":null,"bundle_virtual":false,"bundle_layout":"","bundle_add_to_cart_form_location":"","bundle_editable_in_cart":false,"bundle_sold_individually_context":"","bundle_item_grouping":"","bundle_min_size":"","bundle_max_size":"","bundle_price":[],"bundled_items":[],"bundle_sell_ids":[],"exclude_global_add_ons":[],"addons":[],"acf":[],"_links":{"self":[{"href":"https:\/\/ptm-mechatronics.com\/pl\/wp-json\/wp\/v2\/product\/3264","targetHints":{"allow":["GET"]}}],"collection":[{"href":"https:\/\/ptm-mechatronics.com\/pl\/wp-json\/wp\/v2\/product"}],"about":[{"href":"https:\/\/ptm-mechatronics.com\/pl\/wp-json\/wp\/v2\/types\/product"}],"replies":[{"embeddable":true,"href":"https:\/\/ptm-mechatronics.com\/pl\/wp-json\/wp\/v2\/comments?post=3264"}],"wp:featuredmedia":[{"embeddable":true,"href":"https:\/\/ptm-mechatronics.com\/pl\/wp-json\/wp\/v2\/media\/15327"}],"wp:attachment":[{"href":"https:\/\/ptm-mechatronics.com\/pl\/wp-json\/wp\/v2\/media?parent=3264"}],"wp:term":[{"taxonomy":"product_brand","embeddable":true,"href":"https:\/\/ptm-mechatronics.com\/pl\/wp-json\/wp\/v2\/product_brand?post=3264"},{"taxonomy":"product_cat","embeddable":true,"href":"https:\/\/ptm-mechatronics.com\/pl\/wp-json\/wp\/v2\/product_cat?post=3264"},{"taxonomy":"product_tag","embeddable":true,"href":"https:\/\/ptm-mechatronics.com\/pl\/wp-json\/wp\/v2\/product_tag?post=3264"}],"curies":[{"name":"wp","href":"https:\/\/api.w.org\/{rel}","templated":true}]}}