{"id":3256,"date":"2024-02-07T17:44:19","date_gmt":"2024-02-07T17:44:19","guid":{"rendered":""},"modified":"2026-03-09T10:30:45","modified_gmt":"2026-03-09T09:30:45","slug":"laborruehrer-eco-lab-900g-inox","status":"publish","type":"product","link":"https:\/\/ptm-mechatronics.com\/pl\/product\/laborruehrer-eco-lab-900g-inox\/","title":{"rendered":"Mieszad\u0142o laboratoryjne eco-Lab 900G INOX"},"content":{"rendered":"<p class=\"translation-block\" data-start=\"196\" data-end=\"555\"><strong data-start=\"200\" data-end=\"228\">Mieszad\u0142o laboratoryjne eco-Lab INOX<\/strong> jest wykonane z wysokiej jako\u015bci stali nierdzewnej <strong data-start=\"251\" data-end=\"275\">V4A 1.4404<\/strong> i imponuje wyj\u0105tkow\u0105 wytrzyma\u0142o\u015bci\u0105, higien\u0105 i wydajno\u015bci\u0105. Wyposa\u017cony w wydajny <strong data-start=\"406\" data-end=\"428\">silnik mieszad\u0142a eco<\/strong>, <strong data-start=\"430\" data-end=\"452\">uchwyt szybkiego dzia\u0142ania<\/strong> i <strong data-start=\"457\" data-end=\"472\">pr\u0119t monta\u017cowy<\/strong>, eco-Lab INOX mo\u017ce by\u0107 bez wysi\u0142ku zintegrowany z szerokim zakresem zastosowa\u0144.<\/p>\n<p class=\"translation-block\" data-start=\"557\" data-end=\"961\">Jego <strong data-start=\"563\" data-end=\"583\">niska pr\u0119dko\u015b\u0107<\/strong> w po\u0142\u0105czeniu z <strong data-start=\"601\" data-end=\"626\">bardzo wysokim momentem obrotowym<\/strong> umo\u017cliwia niezawodne i r\u00f3wnomierne mieszanie wszystkich substancji - od medi\u00f3w o niskiej do wysokiej lepko\u015bci. Dzi\u0119ki <strong data-start=\"749\" data-end=\"783\">polerowanym powierzchniom ze stali nierdzewnej<\/strong> i <strong data-start=\"788\" data-end=\"808\">mi\u0119kkiej konstrukcji kraw\u0119dzi<\/strong> (niewiele kraw\u0119dzi i podci\u0119\u0107), mieszad\u0142o eco-Lab INOX jest specjalnie zaprojektowany do u\u017cytku w <strong data-start=\"896\" data-end=\"910\">czystych pomieszczeniach<\/strong> i <strong data-start=\"915\" data-end=\"949\">wra\u017cliwych higienicznie obszarach<\/strong>.<\/p>\n<p class=\"\" data-start=\"963\" data-end=\"994\">Zalety w skr\u00f3cie:<\/p>\n<ul>\n<li data-start=\"997\" data-end=\"1033\">Wykonane ze stali nierdzewnej V4A 1.4404<\/li>\n<li data-start=\"997\" data-end=\"1033\">Wysoki standard higieny dla pomieszcze\u0144 czystych<\/li>\n<li data-start=\"997\" data-end=\"1033\">Nadaje si\u0119 do medi\u00f3w o niskiej i wysokiej lepko\u015bci<\/li>\n<li data-start=\"997\" data-end=\"1033\">Wysoki moment obrotowy przy niskiej pr\u0119dko\u015bci<\/li>\n<li data-start=\"997\" data-end=\"1033\">Szybka integracja dzi\u0119ki pr\u0119towi monta\u017cowemu i uchwytowi szybkomocuj\u0105cemu<\/li>\n<li data-start=\"997\" data-end=\"1033\">Polerowane, wytrzyma\u0142e powierzchnie<\/li>\n<li data-start=\"997\" data-end=\"1033\">Trwa\u0142y i \u0142atwy w utrzymaniu<\/li>\n<\/ul>\n<p><span style=\"font-size: 75%;\">Zakres dostawy bez stojaka i pojemnika<\/span><\/p>","protected":false},"excerpt":{"rendered":"<p>Mieszad\u0142o laboratoryjne wykonane z wysokiej jako\u015bci stali nierdzewnej V4A 1.4404 z wysokim momentem obrotowym przy niskiej pr\u0119dko\u015bci, higieniczna konstrukcja do niezawodnego stosowania w pomieszczeniach czystych, do substancji o niskiej i wysokiej lepko\u015bci.<\/p>","protected":false},"featured_media":15326,"comment_status":"open","ping_status":"closed","template":"","meta":{"_acf_changed":false},"product_brand":[],"product_cat":[595,596],"product_tag":[2842,2843,2834,2835,2836,2837,2838,2839,2840,2841],"class_list":{"0":"post-3256","1":"product","2":"type-product","3":"status-publish","4":"has-post-thumbnail","6":"product_cat-ruehrwerkstechnik","7":"product_cat-laborruehrer","8":"product_tag-laborruehrer-fuer-reinraum","9":"product_tag-hygienisches-ruehrwerk-edelstahl","10":"product_tag-laborruehrer-edelstahl","11":"product_tag-eco-lab-inox","12":"product_tag-ruehrwerk-v4a-edelstahl","13":"product_tag-laborruehrwerk-kaufen","14":"product_tag-hygieneruehrwerk-reinraum","15":"product_tag-ruehrwerk-fuer-hochviskose-substanzen","16":"product_tag-ruehrwerk-mit-hohem-drehmoment","17":"product_tag-schnellspannfutter-ruehrwerk","18":"product_shipping_class-karton-paketversand","19":"pa_antriebsart-pneumatisch","20":"pa_atex-zone-122122","21":"pa_dichtung-ptfe-fda-konform","22":"pa_drehmoment-4nm","23":"pa_drehzahl-0-600-1-min","24":"pa_durchmesser-106mm","25":"pa_ex-gas-ex-ii-2-g-ex-h-iic-t5-gb-x","26":"pa_ex-staub-ex-ii-2-d-ex-h-iiic-t100c-db-x","27":"pa_geraeuschpegel-75db","28":"pa_labeling-lasergravur","29":"pa_labs-oel-und-silikonfrei","30":"pa_material-gehaeuse-v4a-edelstahl-1-4404-elektropoliert","31":"pa_mittlerer-luftverbrauch-50l-min","32":"pa_model-eco-lab-900g-inox","33":"pa_montagestab-d12mm","34":"pa_reinraumklassifizierung-iso1-nach-din14644","35":"pa_schutzart-ip68","36":"pa_steckverschraubung-abluft-schlauch-o10mm","37":"pa_steckverschraubung-zuluft-schlauch-o6mm","38":"pa_versorgung-5-6bar","40":"first","41":"instock","42":"taxable","43":"shipping-taxable","44":"purchasable","45":"product-type-simple"},"bundled_by":[],"bundle_stock_status":"instock","bundle_stock_quantity":null,"bundle_virtual":false,"bundle_layout":"","bundle_add_to_cart_form_location":"","bundle_editable_in_cart":false,"bundle_sold_individually_context":"","bundle_item_grouping":"","bundle_min_size":"","bundle_max_size":"","bundle_price":[],"bundled_items":[],"bundle_sell_ids":[],"exclude_global_add_ons":[],"addons":[],"acf":[],"_links":{"self":[{"href":"https:\/\/ptm-mechatronics.com\/pl\/wp-json\/wp\/v2\/product\/3256","targetHints":{"allow":["GET"]}}],"collection":[{"href":"https:\/\/ptm-mechatronics.com\/pl\/wp-json\/wp\/v2\/product"}],"about":[{"href":"https:\/\/ptm-mechatronics.com\/pl\/wp-json\/wp\/v2\/types\/product"}],"replies":[{"embeddable":true,"href":"https:\/\/ptm-mechatronics.com\/pl\/wp-json\/wp\/v2\/comments?post=3256"}],"wp:featuredmedia":[{"embeddable":true,"href":"https:\/\/ptm-mechatronics.com\/pl\/wp-json\/wp\/v2\/media\/15326"}],"wp:attachment":[{"href":"https:\/\/ptm-mechatronics.com\/pl\/wp-json\/wp\/v2\/media?parent=3256"}],"wp:term":[{"taxonomy":"product_brand","embeddable":true,"href":"https:\/\/ptm-mechatronics.com\/pl\/wp-json\/wp\/v2\/product_brand?post=3256"},{"taxonomy":"product_cat","embeddable":true,"href":"https:\/\/ptm-mechatronics.com\/pl\/wp-json\/wp\/v2\/product_cat?post=3256"},{"taxonomy":"product_tag","embeddable":true,"href":"https:\/\/ptm-mechatronics.com\/pl\/wp-json\/wp\/v2\/product_tag?post=3256"}],"curies":[{"name":"wp","href":"https:\/\/api.w.org\/{rel}","templated":true}]}}