{"id":3232,"date":"2024-02-07T17:44:19","date_gmt":"2024-02-07T17:44:19","guid":{"rendered":""},"modified":"2026-03-09T10:29:22","modified_gmt":"2026-03-09T09:29:22","slug":"laborruehrer-eco-lab-450","status":"publish","type":"product","link":"https:\/\/ptm-mechatronics.com\/pl\/product\/laborruehrer-eco-lab-450\/","title":{"rendered":"Mieszad\u0142o laboratoryjne eco-Lab 450"},"content":{"rendered":"<p data-start=\"211\" data-end=\"592\"><span class=\"_fadeIn_pfttw_8\">The <\/span><span class=\"_fadeIn_pfttw_8\">Mieszad\u0142o laboratoryjne <\/span><span class=\"_fadeIn_pfttw_8\">eko-<\/span><span class=\"_fadeIn_pfttw_8\">Laboratorium<\/span> <span class=\"_fadeIn_pfttw_8\">jest <\/span><span class=\"_fadeIn_pfttw_8\">z <\/span><span class=\"_fadeIn_pfttw_8\">w <\/span><span class=\"_fadeIn_pfttw_8\">pot\u0119\u017cny <\/span><span class=\"_fadeIn_pfttw_8\">Silnik mieszad\u0142a <\/span><span class=\"_fadeIn_pfttw_8\">eko<\/span><span class=\"_fadeIn_pfttw_8\">, <\/span><span class=\"_fadeIn_pfttw_8\">jeden <\/span><span class=\"_fadeIn_pfttw_8\">Uchwyt szybkomocuj\u0105cy<\/span> <span class=\"_fadeIn_pfttw_8\">i <\/span><span class=\"_fadeIn_pfttw_8\">Pr\u0119t monta\u017cowy<\/span> <span class=\"_fadeIn_pfttw_8\">wyposa\u017cony <\/span><span class=\"_fadeIn_pfttw_8\">i <\/span><span class=\"_fadeIn_pfttw_8\">li\u015bcie <\/span><span class=\"_fadeIn_pfttw_8\">sam <\/span><span class=\"_fadeIn_pfttw_8\">bez wysi\u0142ku <\/span><span class=\"_fadeIn_pfttw_8\">w <\/span><span class=\"_fadeIn_pfttw_8\">najbardziej zr\u00f3\u017cnicowany <\/span><span class=\"_fadeIn_pfttw_8\">Procesy <\/span><span class=\"_fadeIn_pfttw_8\">zintegrowa\u0107. <\/span><span class=\"_fadeIn_pfttw_8\">Dzi\u0119ki <\/span><span class=\"_fadeIn_pfttw_8\">ATEX-<\/span><span class=\"_fadeIn_pfttw_8\">Certyfikacja <\/span><span class=\"_fadeIn_pfttw_8\">dla <\/span><span class=\"_fadeIn_pfttw_8\">Strefa <\/span><span class=\"_fadeIn_pfttw_8\">1<\/span> <span class=\"_fadeIn_pfttw_8\">odpowiedni <\/span><span class=\"_fadeIn_pfttw_8\">sam <\/span><span class=\"_fadeIn_pfttw_8\">w <\/span><span class=\"_fadeIn_pfttw_8\">Mieszad\u0142o <\/span><span class=\"_fadeIn_pfttw_8\">idealny <\/span><span class=\"_fadeIn_pfttw_8\">dla <\/span><span class=\"_fadeIn_pfttw_8\">w <\/span><span class=\"_fadeIn_pfttw_8\">U\u017cycie <\/span><span class=\"_fadeIn_pfttw_8\">w <\/span><span class=\"_fadeIn_pfttw_8\">atmosfery potencjalnie wybuchowe <\/span><span class=\"_fadeIn_pfttw_8\">Obszary<\/span> <span class=\"_fadeIn_pfttw_8\">w <\/span><span class=\"_fadeIn_pfttw_8\">Chemia, <\/span><span class=\"_fadeIn_pfttw_8\">Farmaceutyczny <\/span><span class=\"_fadeIn_pfttw_8\">lub <\/span><span class=\"_fadeIn_pfttw_8\">Przemys\u0142 przetw\u00f3rczy<\/span><span class=\"_fadeIn_pfttw_8\">.<\/span><\/p>\n<p data-start=\"594\" data-end=\"1051\"><span class=\"_fadeIn_pfttw_8\">Jego <\/span><span class=\"_fadeIn_pfttw_8\">niski <\/span><span class=\"_fadeIn_pfttw_8\">Poziom pr\u0119dko\u015bci<\/span> <span class=\"_fadeIn_pfttw_8\">z <\/span><span class=\"_fadeIn_pfttw_8\">w tym samym czasie <\/span><span class=\"_fadeIn_pfttw_8\">bardzo <\/span><span class=\"_fadeIn_pfttw_8\">wysoki <\/span><span class=\"_fadeIn_pfttw_8\">Moment obrotowy<\/span> <span class=\"_fadeIn_pfttw_8\">zapewnia <\/span><span class=\"_fadeIn_pfttw_8\">dla <\/span><span class=\"_fadeIn_pfttw_8\">jeden <\/span><span class=\"_fadeIn_pfttw_8\">nawet, <\/span><span class=\"_fadeIn_pfttw_8\">niezawodny <\/span><span class=\"_fadeIn_pfttw_8\">Mieszanie <\/span><span class=\"_fadeIn_pfttw_8\">wszystko <\/span><span class=\"_fadeIn_pfttw_8\">Substancje - <\/span><span class=\"_fadeIn_pfttw_8\">z <\/span><span class=\"_fadeIn_pfttw_8\">niska lepko\u015b\u0107 <\/span><span class=\"_fadeIn_pfttw_8\">P\u0142yny <\/span><span class=\"_fadeIn_pfttw_8\">do <\/span><span class=\"_fadeIn_pfttw_8\">do <\/span><span class=\"_fadeIn_pfttw_8\">wysoka lepko\u015b\u0107 <\/span><span class=\"_fadeIn_pfttw_8\">Media<\/span><span class=\"_fadeIn_pfttw_8\">. <\/span><span class=\"_fadeIn_pfttw_8\">A <\/span><span class=\"_fadeIn_pfttw_8\">bardziej zintegrowany <\/span><span class=\"_fadeIn_pfttw_8\">Blok po\u0142\u0105cze\u0144<\/span> <span class=\"_fadeIn_pfttw_8\">umo\u017cliwia <\/span><span class=\"_fadeIn_pfttw_8\">w <\/span><span class=\"_fadeIn_pfttw_8\">prosty <\/span><span class=\"_fadeIn_pfttw_8\">Po\u0142\u0105czenie <\/span><span class=\"_fadeIn_pfttw_8\">z <\/span><span class=\"_fadeIn_pfttw_8\">Zu- <\/span><span class=\"_fadeIn_pfttw_8\">i <\/span><span class=\"_fadeIn_pfttw_8\">Powietrze wylotowe<\/span><span class=\"_fadeIn_pfttw_8\">, <\/span><span class=\"_fadeIn_pfttw_8\">podczas gdy <\/span><span class=\"_fadeIn_pfttw_8\">jeden <\/span><span class=\"_fadeIn_pfttw_8\">precyzyjny <\/span><span class=\"_fadeIn_pfttw_8\">Zaw\u00f3r iglicowy <\/span><span class=\"_fadeIn_pfttw_8\">z <\/span><span class=\"_fadeIn_pfttw_8\">Skala<\/span> <span class=\"_fadeIn_pfttw_8\">w <\/span><span class=\"_fadeIn_pfttw_8\">bezstopniowy <\/span><span class=\"_fadeIn_pfttw_8\">Kontrola pr\u0119dko\u015bci <\/span><span class=\"_fadeIn_pfttw_8\">dozwolony <\/span><span class=\"_fadeIn_pfttw_8\">i <\/span><span class=\"_fadeIn_pfttw_8\">sam <\/span><span class=\"_fadeIn_pfttw_8\">za <\/span><span class=\"_fadeIn_pfttw_8\">Naci\u015bnij przycisk <\/span><span class=\"_fadeIn_pfttw_8\">bezpieczny <\/span><span class=\"_fadeIn_pfttw_8\">blokada<\/span> <span class=\"_fadeIn_pfttw_8\">li\u015bcie.<\/span><\/p>\n<p data-start=\"1053\" data-end=\"1084\"><span class=\"_fadeIn_pfttw_8\">Zalety <\/span><span class=\"_fadeIn_pfttw_8\">na <\/span><span class=\"_fadeIn_pfttw_8\">jeden <\/span><span class=\"_fadeIn_pfttw_8\">Widok:<\/span><\/p>\n<ul>\n<li data-start=\"1087\" data-end=\"1117\"><span class=\"_fadeIn_pfttw_8\">ATEX-<\/span><span class=\"_fadeIn_pfttw_8\">certyfikowany <\/span><span class=\"_fadeIn_pfttw_8\">dla <\/span><span class=\"_fadeIn_pfttw_8\">Strefa <\/span><span class=\"_fadeIn_pfttw_8\">1<\/span><\/li>\n<li data-start=\"1087\" data-end=\"1117\"><span class=\"_fadeIn_pfttw_8\">Wi\u0119ksza wydajno\u015b\u0107 <\/span><span class=\"_fadeIn_pfttw_8\">Silnik mieszad\u0142a <\/span><span class=\"_fadeIn_pfttw_8\">eko<\/span><\/li>\n<li data-start=\"1087\" data-end=\"1117\"><span class=\"_fadeIn_pfttw_8\">Uchwyt szybkomocuj\u0105cy &amp; <\/span><span class=\"_fadeIn_pfttw_8\">Pr\u0119t monta\u017cowy <\/span><span class=\"_fadeIn_pfttw_8\">w\u0142\u0105cznie<\/span><\/li>\n<li data-start=\"1087\" data-end=\"1117\"><span class=\"_fadeIn_pfttw_8\">Dla <\/span><span class=\"_fadeIn_pfttw_8\">niski <\/span><span class=\"_fadeIn_pfttw_8\">i <\/span><span class=\"_fadeIn_pfttw_8\">wysoka lepko\u015b\u0107 <\/span><span class=\"_fadeIn_pfttw_8\">Media<\/span><\/li>\n<li data-start=\"1087\" data-end=\"1117\"><span class=\"_fadeIn_pfttw_8\">Wysoki moment obrotowy <\/span><span class=\"_fadeIn_pfttw_8\">z <\/span><span class=\"_fadeIn_pfttw_8\">ni\u017cszy <\/span><span class=\"_fadeIn_pfttw_8\">Pr\u0119dko\u015b\u0107<\/span><\/li>\n<li data-start=\"1087\" data-end=\"1117\"><span class=\"_fadeIn_pfttw_8\">Bezstopniowy <\/span><span class=\"_fadeIn_pfttw_8\">Kontrola pr\u0119dko\u015bci <\/span><span class=\"_fadeIn_pfttw_8\">z <\/span><span class=\"_fadeIn_pfttw_8\">Zaw\u00f3r iglicowy<\/span><\/li>\n<li data-start=\"1087\" data-end=\"1117\"><span class=\"_fadeIn_pfttw_8\">Prosty <\/span><span class=\"_fadeIn_pfttw_8\">Po\u0142\u0105czenia pneumatyczne <\/span><span class=\"_fadeIn_pfttw_8\">o <\/span><span class=\"_fadeIn_pfttw_8\">Blok po\u0142\u0105cze\u0144<\/span><\/li>\n<li data-start=\"1087\" data-end=\"1117\"><span class=\"_fadeIn_pfttw_8\">Bezpieczny <\/span><span class=\"_fadeIn_pfttw_8\">Zamykany <\/span><span class=\"_fadeIn_pfttw_8\">poprzez <\/span><span class=\"_fadeIn_pfttw_8\">Przycisk<\/span><\/li>\n<\/ul>\n<p><span style=\"font-size: 75%;\">Zakres dostawy bez stojaka i pojemnika<\/span><\/p>","protected":false},"excerpt":{"rendered":"<p class=\"translation-block\"><span class=\"_fadeIn_pfttw_8\">ATEX-.<\/span><span class=\"_fadeIn_pfttw_8\">certyfikowane <\/span><span class=\"_fadeIn_pfttw_8\">mieszad\u0142o laboratoryjne<\/span> <span class=\"_fadeIn_pfttw_8\">z <\/span><span class=\"_fadeIn_pfttw_8\">mocnym silnikiem <\/span><span class=\"_fadeIn_pfttw_8\">mieszad\u0142a<\/span><span class=\"_fadeIn_pfttw_8\">, <\/span><span class=\"_fadeIn_pfttw_8\">szybko dzia\u0142aj\u0105cy uchwyt<\/span><span class=\"_fadeIn_pfttw_8\">oraz <\/span><span class=\"_fadeIn_pfttw_8\">p\u0142ynn\u0105 <\/span><span class=\"_fadeIn_pfttw_8\">regulacj\u0119 <\/span><span class=\"_fadeIn_pfttw_8\">pr\u0119dko\u015bci<\/span><span class=\"_fadeIn_pfttw_8\">, <\/span><span class=\"_fadeIn_pfttw_8\">dla <\/span><span class=\"_fadeIn_pfttw_8\">stref zagro\u017conych wybuchem<\/span><span class=\"_fadeIn_pfttw_8\">stref<\/span><span class=\"_fadeIn_pfttw_8\">strefy <\/span><span class=\"_fadeIn_pfttw_8\">ATEX <\/span><span class=\"_fadeIn_pfttw_8\">strefy <\/span><span class=\"_fadeIn_pfttw_8\">1, dla <\/span><span> <span class=\"_fadeIn_pfttw_8\">niskiej <\/span><span class=\"_fadeIn_pfttw_8\">do <\/span><span class=\"_fadeIn_pfttw_8\">wysokiej <\/span><span class=\"_fadeIn_pfttw_8\">lepko\u015bci <\/span><span class=\"_fadeIn_pfttw_8\">substancji.<\/span><\/p>","protected":false},"featured_media":15319,"comment_status":"open","ping_status":"closed","template":"","meta":{"_acf_changed":false},"product_brand":[],"product_cat":[595,596],"product_tag":[2554,2637,2844,2845,2846,2847,2848,2849,2850,2851],"class_list":{"0":"post-3232","1":"product","2":"type-product","3":"status-publish","4":"has-post-thumbnail","6":"product_cat-ruehrwerkstechnik","7":"product_cat-laborruehrer","8":"product_tag-ruehrwerk-atex-zertifiziert","9":"product_tag-ruehrwerk-fuer-hochviskose-medien","10":"product_tag-laborruehrer-atex-zone-1","11":"product_tag-explosionsgeschuetzter-laborruehrer","12":"product_tag-laborruehrwerk-fuer-ex-bereiche","13":"product_tag-ruehrwerk-mit-nadelventil","14":"product_tag-druckluft-laborruehrwerk","15":"product_tag-atex-ruehrtechnik","16":"product_tag-ruehrwerk-mit-schnellspannfutter","17":"product_tag-ptm-eco-lab-ruehrer","18":"product_shipping_class-karton-paketversand","19":"pa_antriebsart-pneumatisch","20":"pa_atex-zone-122122","21":"pa_dichtung-ptfe","22":"pa_drehmoment-4nm","23":"pa_drehzahl-0-300-1-min","24":"pa_durchmesser-106mm","25":"pa_ex-gas-ex-ii-2-g-ex-h-iic-t5-gb-x","26":"pa_ex-staub-ex-ii-2-d-ex-h-iiic-t100c-db-x","27":"pa_geraeuschpegel-75db","28":"pa_labs-oel-und-silikonfrei","29":"pa_material-gehaeuse-aluminium-eloxiert","30":"pa_mittlerer-luftverbrauch-50l-min","31":"pa_model-eco-lab-450","32":"pa_montagestab-d12mm","33":"pa_schutzart-ip67","34":"pa_steckverschraubung-abluft-schlauch-o10mm","35":"pa_steckverschraubung-zuluft-schlauch-o6mm","36":"pa_versorgung-5-6bar","38":"first","39":"instock","40":"taxable","41":"shipping-taxable","42":"purchasable","43":"product-type-simple"},"bundled_by":[],"bundle_stock_status":"instock","bundle_stock_quantity":null,"bundle_virtual":false,"bundle_layout":"","bundle_add_to_cart_form_location":"","bundle_editable_in_cart":false,"bundle_sold_individually_context":"","bundle_item_grouping":"","bundle_min_size":"","bundle_max_size":"","bundle_price":[],"bundled_items":[],"bundle_sell_ids":[],"exclude_global_add_ons":[],"addons":[],"acf":[],"_links":{"self":[{"href":"https:\/\/ptm-mechatronics.com\/pl\/wp-json\/wp\/v2\/product\/3232","targetHints":{"allow":["GET"]}}],"collection":[{"href":"https:\/\/ptm-mechatronics.com\/pl\/wp-json\/wp\/v2\/product"}],"about":[{"href":"https:\/\/ptm-mechatronics.com\/pl\/wp-json\/wp\/v2\/types\/product"}],"replies":[{"embeddable":true,"href":"https:\/\/ptm-mechatronics.com\/pl\/wp-json\/wp\/v2\/comments?post=3232"}],"wp:featuredmedia":[{"embeddable":true,"href":"https:\/\/ptm-mechatronics.com\/pl\/wp-json\/wp\/v2\/media\/15319"}],"wp:attachment":[{"href":"https:\/\/ptm-mechatronics.com\/pl\/wp-json\/wp\/v2\/media?parent=3232"}],"wp:term":[{"taxonomy":"product_brand","embeddable":true,"href":"https:\/\/ptm-mechatronics.com\/pl\/wp-json\/wp\/v2\/product_brand?post=3232"},{"taxonomy":"product_cat","embeddable":true,"href":"https:\/\/ptm-mechatronics.com\/pl\/wp-json\/wp\/v2\/product_cat?post=3232"},{"taxonomy":"product_tag","embeddable":true,"href":"https:\/\/ptm-mechatronics.com\/pl\/wp-json\/wp\/v2\/product_tag?post=3232"}],"curies":[{"name":"wp","href":"https:\/\/api.w.org\/{rel}","templated":true}]}}