{"id":3228,"date":"2024-02-07T17:44:19","date_gmt":"2024-02-07T17:44:19","guid":{"rendered":""},"modified":"2025-11-07T15:50:26","modified_gmt":"2025-11-07T14:50:26","slug":"90-anschluss-fuer-ptm-antrieb-1800-3600-inox","status":"publish","type":"product","link":"https:\/\/ptm-mechatronics.com\/pl\/product\/90-anschluss-fuer-ptm-antrieb-1800-3600-inox\/","title":{"rendered":"Przy\u0142\u0105cze 90\u00b0 dla si\u0142ownika PTM 1800\/3600 INOX"},"content":{"rendered":"<p>W przypadku aplikacji o ograniczonej przestrzeni mo\u017cna zintegrowa\u0107 silniki PTM z przy\u0142\u0105czem 90\u00b0, aby zaoszcz\u0119dzi\u0107 miejsce.<\/p>","protected":false},"excerpt":{"rendered":"<p>Przy\u0142\u0105cze 90\u00b0 wykonane ze stali nierdzewnej V4A 1.4404 z gwintem 3\/8\u2033, wraz ze z\u0142\u0105czk\u0105 w\u0119\u017ca 8 mm<\/p>","protected":false},"featured_media":15318,"comment_status":"open","ping_status":"closed","template":"","meta":{"_acf_changed":false},"product_brand":[],"product_cat":[1906,428,594],"product_tag":[],"class_list":{"0":"post-3228","1":"product","2":"type-product","3":"status-publish","4":"has-post-thumbnail","6":"product_cat-zubehoer-druckluftmotor","7":"product_cat-antriebstechnik","8":"product_cat-zubehoer","9":"product_shipping_class-karton-paketversand","10":"pa_anschluss-90-mit-3-8-gewinde","11":"pa_schlauchsteckverbindung-8mm","13":"first","14":"instock","15":"taxable","16":"shipping-taxable","17":"purchasable","18":"product-type-simple"},"bundled_by":["4346"],"bundle_stock_status":"instock","bundle_stock_quantity":null,"bundle_virtual":false,"bundle_layout":"","bundle_add_to_cart_form_location":"","bundle_editable_in_cart":false,"bundle_sold_individually_context":"","bundle_item_grouping":"","bundle_min_size":"","bundle_max_size":"","bundle_price":[],"bundled_items":[],"bundle_sell_ids":[],"exclude_global_add_ons":[],"addons":[],"acf":[],"_links":{"self":[{"href":"https:\/\/ptm-mechatronics.com\/pl\/wp-json\/wp\/v2\/product\/3228","targetHints":{"allow":["GET"]}}],"collection":[{"href":"https:\/\/ptm-mechatronics.com\/pl\/wp-json\/wp\/v2\/product"}],"about":[{"href":"https:\/\/ptm-mechatronics.com\/pl\/wp-json\/wp\/v2\/types\/product"}],"replies":[{"embeddable":true,"href":"https:\/\/ptm-mechatronics.com\/pl\/wp-json\/wp\/v2\/comments?post=3228"}],"wp:featuredmedia":[{"embeddable":true,"href":"https:\/\/ptm-mechatronics.com\/pl\/wp-json\/wp\/v2\/media\/15318"}],"wp:attachment":[{"href":"https:\/\/ptm-mechatronics.com\/pl\/wp-json\/wp\/v2\/media?parent=3228"}],"wp:term":[{"taxonomy":"product_brand","embeddable":true,"href":"https:\/\/ptm-mechatronics.com\/pl\/wp-json\/wp\/v2\/product_brand?post=3228"},{"taxonomy":"product_cat","embeddable":true,"href":"https:\/\/ptm-mechatronics.com\/pl\/wp-json\/wp\/v2\/product_cat?post=3228"},{"taxonomy":"product_tag","embeddable":true,"href":"https:\/\/ptm-mechatronics.com\/pl\/wp-json\/wp\/v2\/product_tag?post=3228"}],"curies":[{"name":"wp","href":"https:\/\/api.w.org\/{rel}","templated":true}]}}