{"id":15717,"date":"2025-12-01T13:26:30","date_gmt":"2025-12-01T12:26:30","guid":{"rendered":"https:\/\/ptm-mechatronics.com\/?post_type=product&#038;p=15717"},"modified":"2026-01-21T09:13:17","modified_gmt":"2026-01-21T08:13:17","slug":"fasspumpe-hygienic-design-max-foerderhoehe","status":"publish","type":"product","link":"https:\/\/ptm-mechatronics.com\/pl\/product\/fasspumpe-hygienic-design-max-foerderhoehe\/","title":{"rendered":"Pompa b\u0119bnowa Higieniczna konstrukcja 2,2 bara"},"content":{"rendered":"<h1 data-start=\"227\" data-end=\"303\"><span style=\"font-size: 75%;\">Zestaw pomp b\u0119bnowych o higienicznej konstrukcji zapewniaj\u0105cy maksymaln\u0105 wysoko\u015b\u0107 t\u0142oczenia<\/span><\/h1>\n<p>Ta pompa beczkowa o higienicznej konstrukcji zosta\u0142a specjalnie zaprojektowana do zastosowa\u0144, w kt\u00f3rych wymagana jest szczeg\u00f3lnie wysoka wysoko\u015b\u0107 t\u0142oczenia i higieniczna konstrukcja - na przyk\u0142ad w przemy\u015ble spo\u017cywczym, kosmetycznym lub chemicznym. Wytrzyma\u0142y silnik pr\u0105du przemiennego o mocy 850 W (230 V, 8500 obr.\/min) jest wyposa\u017cony w termiczne zabezpieczenie przed przeci\u0105\u017ceniem, wyzwalacz podnapi\u0119ciowy zgodny z dyrektyw\u0105 maszynow\u0105 2006\/42\/WE i stopie\u0144 ochrony IP24.<\/p>\n<p>Zesp\u00f3\u0142 pompy ze stali nierdzewnej (1.4571) ma trzy wirniki promieniowe, trwa\u0142e uszczelnienie mechaniczne i g\u0142\u0119boko\u015b\u0107 zanurzenia 1000 mm. Przy\u0142\u0105cze po stronie ci\u015bnieniowej ma gwint zewn\u0119trzny G 1 \u00bc\u201c, idealny do pod\u0142\u0105czenia do profesjonalnych rozwi\u0105za\u0144 w zakresie nape\u0142niania. Certyfikat ATEX II 1\/2 G IIB T3 umo\u017cliwia bezpieczne u\u017cytkowanie w strefach zagro\u017conych wybuchem.<\/p>\n<p>Dostarczony zestaw akcesori\u00f3w zawiera<\/p>\n<ul>\n<li>2 m w\u0105\u017c PVC DN25<\/li>\n<li>2x z\u0142\u0105cza w\u0119\u017ca ze stali nierdzewnej DN25<\/li>\n<li>2x opaski zaciskowe ze stali nierdzewnej<\/li>\n<li>1x dysza benzynowa stal nierdzewna\/PTFE<\/li>\n<li>1x adapter lufy PP<\/li>\n<\/ul>","protected":false},"excerpt":{"rendered":"<p>Higieniczna pompa beczkowa z zespo\u0142em pompuj\u0105cym ze stali nierdzewnej, trzema wirnikami promieniowymi i akcesoriami do zastosowa\u0144 higienicznych o wysokich wymaganiach w zakresie wydajno\u015bci i strefach ATEX.<\/p>","protected":false},"featured_media":15716,"comment_status":"closed","ping_status":"closed","template":"","meta":{"_acf_changed":false},"product_brand":[],"product_cat":[3206,3224,3266],"product_tag":[3248,3249,3250,3251,3252,3253,3254,3255,3227],"class_list":{"0":"post-15717","1":"product","2":"type-product","3":"status-publish","4":"has-post-thumbnail","6":"product_cat-pumpentechnik","7":"product_cat-fasspumpen","8":"product_cat-hygienic-design-pumpen","9":"product_tag-chemie-fasspumpe","10":"product_tag-fasspumpen-set-chemikalien","11":"product_tag-pvdf-pumpe","12":"product_tag-hastelloy-c-pumpwerk","13":"product_tag-zapfpistole-pvdf-fep","14":"product_tag-schlauch-dn25-chemie","15":"product_tag-fasspumpe-aggressiv","16":"product_tag-pumpwerk-dl-pvdf-hc","17":"product_tag-fasspumpen-komplettset","18":"product_shipping_class-karton-paketversand","19":"pa_foerderleistung-max-100-l-min","20":"pa_leistung-850-watt","21":"pa_material-edelstahl","22":"pa_schutzart-ip24","23":"pa_spannung-230v","25":"first","26":"instock","27":"taxable","28":"shipping-taxable","29":"purchasable","30":"product-type-simple"},"bundled_by":[],"bundle_stock_status":"instock","bundle_stock_quantity":null,"bundle_virtual":false,"bundle_layout":"","bundle_add_to_cart_form_location":"","bundle_editable_in_cart":false,"bundle_sold_individually_context":"","bundle_item_grouping":"","bundle_min_size":"","bundle_max_size":"","bundle_price":[],"bundled_items":[],"bundle_sell_ids":[],"exclude_global_add_ons":[],"addons":[],"acf":[],"_links":{"self":[{"href":"https:\/\/ptm-mechatronics.com\/pl\/wp-json\/wp\/v2\/product\/15717","targetHints":{"allow":["GET"]}}],"collection":[{"href":"https:\/\/ptm-mechatronics.com\/pl\/wp-json\/wp\/v2\/product"}],"about":[{"href":"https:\/\/ptm-mechatronics.com\/pl\/wp-json\/wp\/v2\/types\/product"}],"replies":[{"embeddable":true,"href":"https:\/\/ptm-mechatronics.com\/pl\/wp-json\/wp\/v2\/comments?post=15717"}],"wp:featuredmedia":[{"embeddable":true,"href":"https:\/\/ptm-mechatronics.com\/pl\/wp-json\/wp\/v2\/media\/15716"}],"wp:attachment":[{"href":"https:\/\/ptm-mechatronics.com\/pl\/wp-json\/wp\/v2\/media?parent=15717"}],"wp:term":[{"taxonomy":"product_brand","embeddable":true,"href":"https:\/\/ptm-mechatronics.com\/pl\/wp-json\/wp\/v2\/product_brand?post=15717"},{"taxonomy":"product_cat","embeddable":true,"href":"https:\/\/ptm-mechatronics.com\/pl\/wp-json\/wp\/v2\/product_cat?post=15717"},{"taxonomy":"product_tag","embeddable":true,"href":"https:\/\/ptm-mechatronics.com\/pl\/wp-json\/wp\/v2\/product_tag?post=15717"}],"curies":[{"name":"wp","href":"https:\/\/api.w.org\/{rel}","templated":true}]}}