{"id":15710,"date":"2025-12-01T09:36:52","date_gmt":"2025-12-01T08:36:52","guid":{"rendered":"https:\/\/ptm-mechatronics.com\/?post_type=product&#038;p=15710"},"modified":"2026-01-21T09:12:13","modified_gmt":"2026-01-21T08:12:13","slug":"fasspumpe-hygienic-design-max-foerderleistung","status":"publish","type":"product","link":"https:\/\/ptm-mechatronics.com\/pl\/product\/fasspumpe-hygienic-design-max-foerderleistung\/","title":{"rendered":"Pompa beczkowa Higieniczna konstrukcja 0,8 bara"},"content":{"rendered":"<h1 data-start=\"227\" data-end=\"303\"><span style=\"font-size: 75%;\">Zestaw pomp b\u0119bnowych o higienicznej konstrukcji zapewniaj\u0105cy maksymaln\u0105 wydajno\u015b\u0107 t\u0142oczenia<\/span><\/h1>\n<p>Ta wydajna pompa beczkowa o higienicznej konstrukcji zosta\u0142a opracowana specjalnie do wymagaj\u0105cych zastosowa\u0144 higienicznych i \u0142\u0105czy maksymaln\u0105 wydajno\u015b\u0107 z niezawodnym bezpiecze\u0144stwem pracy. Mocny silnik pr\u0105du przemiennego (850 W, 230 V, 8500 obr.\/min) jest wyposa\u017cony w termiczne zabezpieczenie przed przeci\u0105\u017ceniem, wyzwalacz podnapi\u0119ciowy zgodny z dyrektyw\u0105 maszynow\u0105 2006\/42\/WE i stopie\u0144 ochrony IP24 - idealny do stosowania we wra\u017cliwych obszarach, takich jak przemys\u0142 spo\u017cywczy, kosmetyczny lub farmaceutyczny.<\/p>\n<p>Zesp\u00f3\u0142 pompuj\u0105cy wykonany jest z wysokiej jako\u015bci stali nierdzewnej (1.4571) i posiada trwa\u0142e uszczelnienie mechaniczne w\u0119glowe\/ceramiczne\/A4\/FKM oraz wirnik o przep\u0142ywie osiowym. G\u0142\u0119boko\u015b\u0107 zanurzenia wynosi 1000 mm przy \u015brednicy rury 40 mm. System posiada certyfikat ATEX dla strefy II 1\/2 G IIB T3 i dlatego nadaje si\u0119 r\u00f3wnie\u017c do stref zagro\u017conych wybuchem.<\/p>\n<p>Zestaw akcesori\u00f3w zawiera wszystkie niezb\u0119dne komponenty do natychmiastowego uruchomienia:<\/p>\n<ul>\n<li>2 m w\u0105\u017c PVC DN25<\/li>\n<li>2x z\u0142\u0105cza w\u0119\u017ca ze stali nierdzewnej DN25<\/li>\n<li>2x opaski zaciskowe ze stali nierdzewnej<\/li>\n<li>1x dysza do benzyny ze stali nierdzewnej\/PTFE<\/li>\n<li>1x adapter lufy PP<\/li>\n<li>1x uchwyt \u015bcienny<\/li>\n<\/ul>","protected":false},"excerpt":{"rendered":"<p>Pompa beczkowa Hygienic Design z silnikiem 850 W, zespo\u0142em pompy ze stali nierdzewnej i zestawem akcesori\u00f3w do zastosowa\u0144 wymagaj\u0105cych wysokiej higieny i du\u017cej wydajno\u015bci.<\/p>","protected":false},"featured_media":15716,"comment_status":"closed","ping_status":"closed","template":"","meta":{"_acf_changed":false},"product_brand":[],"product_cat":[3206,3224,3266],"product_tag":[3252,3253,3254,3255,3227,3248,3249,3250,3251],"class_list":{"0":"post-15710","1":"product","2":"type-product","3":"status-publish","4":"has-post-thumbnail","6":"product_cat-pumpentechnik","7":"product_cat-fasspumpen","8":"product_cat-hygienic-design-pumpen","9":"product_tag-zapfpistole-pvdf-fep","10":"product_tag-schlauch-dn25-chemie","11":"product_tag-fasspumpe-aggressiv","12":"product_tag-pumpwerk-dl-pvdf-hc","13":"product_tag-fasspumpen-komplettset","14":"product_tag-chemie-fasspumpe","15":"product_tag-fasspumpen-set-chemikalien","16":"product_tag-pvdf-pumpe","17":"product_tag-hastelloy-c-pumpwerk","18":"product_shipping_class-karton-paketversand","19":"pa_dichtung-kohle-keramik-a4-fkm","20":"pa_foerderleistung-max-100-l-min","21":"pa_leistung-850-watt","22":"pa_material-edelstahl","23":"pa_schutzart-ip24","24":"pa_spannung-230v","26":"first","27":"instock","28":"taxable","29":"shipping-taxable","30":"purchasable","31":"product-type-simple"},"bundled_by":[],"bundle_stock_status":"instock","bundle_stock_quantity":null,"bundle_virtual":false,"bundle_layout":"","bundle_add_to_cart_form_location":"","bundle_editable_in_cart":false,"bundle_sold_individually_context":"","bundle_item_grouping":"","bundle_min_size":"","bundle_max_size":"","bundle_price":[],"bundled_items":[],"bundle_sell_ids":[],"exclude_global_add_ons":[],"addons":[],"acf":[],"_links":{"self":[{"href":"https:\/\/ptm-mechatronics.com\/pl\/wp-json\/wp\/v2\/product\/15710","targetHints":{"allow":["GET"]}}],"collection":[{"href":"https:\/\/ptm-mechatronics.com\/pl\/wp-json\/wp\/v2\/product"}],"about":[{"href":"https:\/\/ptm-mechatronics.com\/pl\/wp-json\/wp\/v2\/types\/product"}],"replies":[{"embeddable":true,"href":"https:\/\/ptm-mechatronics.com\/pl\/wp-json\/wp\/v2\/comments?post=15710"}],"wp:featuredmedia":[{"embeddable":true,"href":"https:\/\/ptm-mechatronics.com\/pl\/wp-json\/wp\/v2\/media\/15716"}],"wp:attachment":[{"href":"https:\/\/ptm-mechatronics.com\/pl\/wp-json\/wp\/v2\/media?parent=15710"}],"wp:term":[{"taxonomy":"product_brand","embeddable":true,"href":"https:\/\/ptm-mechatronics.com\/pl\/wp-json\/wp\/v2\/product_brand?post=15710"},{"taxonomy":"product_cat","embeddable":true,"href":"https:\/\/ptm-mechatronics.com\/pl\/wp-json\/wp\/v2\/product_cat?post=15710"},{"taxonomy":"product_tag","embeddable":true,"href":"https:\/\/ptm-mechatronics.com\/pl\/wp-json\/wp\/v2\/product_tag?post=15710"}],"curies":[{"name":"wp","href":"https:\/\/api.w.org\/{rel}","templated":true}]}}