{"id":15639,"date":"2025-11-21T09:23:17","date_gmt":"2025-11-21T08:23:17","guid":{"rendered":"https:\/\/ptm-mechatronics.com\/?post_type=product&#038;p=15639"},"modified":"2025-12-01T09:32:34","modified_gmt":"2025-12-01T08:32:34","slug":"pumpwerk-fuer-faesser-atex","status":"publish","type":"product","link":"https:\/\/ptm-mechatronics.com\/pl\/product\/pumpwerk-fuer-faesser-atex\/","title":{"rendered":"Pompownia do beczek, ATEX"},"content":{"rendered":"<h1 data-start=\"242\" data-end=\"330\"><span style=\"font-size: 75%;\"><strong data-start=\"242\" data-end=\"330\">Pompownia 1,000 mm do b\u0119bn\u00f3w<br \/>\n<\/strong><\/span><span style=\"font-size: 75%;\">- ATEX II 1\/2 G IIB T4, bezuszczelkowy, osiowy, wa\u0142 ze stali nierdzewnej<\/span><\/h1>\n<p>Pompownia zosta\u0142a specjalnie zaprojektowana do u\u017cytku w strefach zagro\u017conych wybuchem.<\/p>\n<p>Dzi\u0119ki certyfikatowi ATEX II 1\/2 G IIB T4 spe\u0142nia najwy\u017csze wymagania bezpiecze\u0144stwa i idealnie nadaje si\u0119 do cieczy \u0142atwopalnych. Obudowa i wa\u0142 s\u0105 wykonane z wysokiej jako\u015bci stali nierdzewnej V2A (Niro), kt\u00f3ra zapewnia maksymaln\u0105 odporno\u015b\u0107 i higien\u0119. Osiowy transport i bezuszczelkowa konstrukcja zapewniaj\u0105 r\u00f3wnomierne dostarczanie medi\u00f3w przy minimalnej konserwacji - idealne do zastosowa\u0144 przemys\u0142owych z rozpuszczalnikami i innymi niebezpiecznymi substancjami.<\/p>\n<p>Zakres dostawy bez silnika<\/p>","protected":false},"excerpt":{"rendered":"<p>Jednostka pompuj\u0105ca ze stali nierdzewnej z certyfikatem ATEX, bezuszczelkowa i osiowa - do medi\u00f3w \u0142atwopalnych i stref zagro\u017conych wybuchem.<\/p>","protected":false},"featured_media":15708,"comment_status":"closed","ping_status":"closed","template":"","meta":{"_acf_changed":false},"product_brand":[],"product_cat":[3206,3224],"product_tag":[],"class_list":{"0":"post-15639","1":"product","2":"type-product","3":"status-publish","4":"has-post-thumbnail","6":"product_cat-pumpentechnik","7":"product_cat-fasspumpen","8":"product_shipping_class-karton-paketversand","9":"pa_laenge-1000mm","10":"pa_material-edelstahl","12":"first","13":"instock","14":"taxable","15":"shipping-taxable","16":"purchasable","17":"product-type-simple"},"bundled_by":[],"bundle_stock_status":"instock","bundle_stock_quantity":null,"bundle_virtual":false,"bundle_layout":"","bundle_add_to_cart_form_location":"","bundle_editable_in_cart":false,"bundle_sold_individually_context":"","bundle_item_grouping":"","bundle_min_size":"","bundle_max_size":"","bundle_price":[],"bundled_items":[],"bundle_sell_ids":[],"exclude_global_add_ons":[],"addons":[],"acf":[],"_links":{"self":[{"href":"https:\/\/ptm-mechatronics.com\/pl\/wp-json\/wp\/v2\/product\/15639","targetHints":{"allow":["GET"]}}],"collection":[{"href":"https:\/\/ptm-mechatronics.com\/pl\/wp-json\/wp\/v2\/product"}],"about":[{"href":"https:\/\/ptm-mechatronics.com\/pl\/wp-json\/wp\/v2\/types\/product"}],"replies":[{"embeddable":true,"href":"https:\/\/ptm-mechatronics.com\/pl\/wp-json\/wp\/v2\/comments?post=15639"}],"wp:featuredmedia":[{"embeddable":true,"href":"https:\/\/ptm-mechatronics.com\/pl\/wp-json\/wp\/v2\/media\/15708"}],"wp:attachment":[{"href":"https:\/\/ptm-mechatronics.com\/pl\/wp-json\/wp\/v2\/media?parent=15639"}],"wp:term":[{"taxonomy":"product_brand","embeddable":true,"href":"https:\/\/ptm-mechatronics.com\/pl\/wp-json\/wp\/v2\/product_brand?post=15639"},{"taxonomy":"product_cat","embeddable":true,"href":"https:\/\/ptm-mechatronics.com\/pl\/wp-json\/wp\/v2\/product_cat?post=15639"},{"taxonomy":"product_tag","embeddable":true,"href":"https:\/\/ptm-mechatronics.com\/pl\/wp-json\/wp\/v2\/product_tag?post=15639"}],"curies":[{"name":"wp","href":"https:\/\/api.w.org\/{rel}","templated":true}]}}