{"id":15638,"date":"2025-11-21T09:19:29","date_gmt":"2025-11-21T08:19:29","guid":{"rendered":"https:\/\/ptm-mechatronics.com\/?post_type=product&#038;p=15638"},"modified":"2025-12-01T09:27:19","modified_gmt":"2025-12-01T08:27:19","slug":"pumpwerk-fuer-faesser-oele-neutrale-fluessigkeiten","status":"publish","type":"product","link":"https:\/\/ptm-mechatronics.com\/pl\/product\/pumpwerk-fuer-faesser-oele-neutrale-fluessigkeiten\/","title":{"rendered":"Pompownia beczek, olej\u00f3w\/cieczy neutralnych"},"content":{"rendered":"<h1 data-start=\"242\" data-end=\"330\"><span style=\"font-size: 75%;\"><strong data-start=\"242\" data-end=\"330\">Pompownia 1,000 mm do b\u0119bn\u00f3w<br \/>\n<\/strong><\/span><span style=\"font-size: 75%;\">- Bezuszczelkowy, osiowy wa\u0142 ze stali nierdzewnej<\/span><\/h1>\n<p>Pompownia jest solidnym i niewymagaj\u0105cym konserwacji rozwi\u0105zaniem do pompowania olej\u00f3w i neutralnych cieczy.<\/p>\n<p>Wysokiej jako\u015bci aluminiowa obudowa zapewnia wysok\u0105 obci\u0105\u017calno\u015b\u0107 mechaniczn\u0105, a wa\u0142 nap\u0119dowy ze stali nierdzewnej zapewnia niezawodn\u0105 ochron\u0119 przed korozj\u0105. Osiowa konstrukcja pompy umo\u017cliwia r\u00f3wnomierne i wydajne pompowanie medi\u00f3w. Bezuszczelkowa konstrukcja sprawia, \u017ce jednostka pompuj\u0105ca jest praktycznie bezobs\u0142ugowa - idealna do d\u0142ugotrwa\u0142ego u\u017cytkowania w warsztatach, przemy\u015ble lub produkcji.<\/p>\n<p>Jednostka pompuj\u0105ca jest kompatybilna z systemem pomp beczkowych do olej\u00f3w i cieczy neutralnych firmy PTM mechatronics i umo\u017cliwia szybkie prze\u0142\u0105czanie do r\u00f3\u017cnych zastosowa\u0144 lub medi\u00f3w.<\/p>\n<p>Zakres dostawy bez silnika<\/p>","protected":false},"excerpt":{"rendered":"<p>Bezuszczelkowa aluminiowa jednostka pompuj\u0105ca z wa\u0142em ze stali nierdzewnej do niezawodnego pompowania oleju i neutralnych medi\u00f3w.<\/p>","protected":false},"featured_media":15706,"comment_status":"closed","ping_status":"closed","template":"","meta":{"_acf_changed":false},"product_brand":[],"product_cat":[3206,3224],"product_tag":[],"class_list":{"0":"post-15638","1":"product","2":"type-product","3":"status-publish","4":"has-post-thumbnail","6":"product_cat-pumpentechnik","7":"product_cat-fasspumpen","8":"product_shipping_class-karton-paketversand","9":"pa_laenge-1000mm","10":"pa_material-edelstahl","11":"pa_material-alu","13":"first","14":"instock","15":"taxable","16":"shipping-taxable","17":"purchasable","18":"product-type-simple"},"bundled_by":[],"bundle_stock_status":"instock","bundle_stock_quantity":null,"bundle_virtual":false,"bundle_layout":"","bundle_add_to_cart_form_location":"","bundle_editable_in_cart":false,"bundle_sold_individually_context":"","bundle_item_grouping":"","bundle_min_size":"","bundle_max_size":"","bundle_price":[],"bundled_items":[],"bundle_sell_ids":[],"exclude_global_add_ons":[],"addons":[],"acf":[],"_links":{"self":[{"href":"https:\/\/ptm-mechatronics.com\/pl\/wp-json\/wp\/v2\/product\/15638","targetHints":{"allow":["GET"]}}],"collection":[{"href":"https:\/\/ptm-mechatronics.com\/pl\/wp-json\/wp\/v2\/product"}],"about":[{"href":"https:\/\/ptm-mechatronics.com\/pl\/wp-json\/wp\/v2\/types\/product"}],"replies":[{"embeddable":true,"href":"https:\/\/ptm-mechatronics.com\/pl\/wp-json\/wp\/v2\/comments?post=15638"}],"wp:featuredmedia":[{"embeddable":true,"href":"https:\/\/ptm-mechatronics.com\/pl\/wp-json\/wp\/v2\/media\/15706"}],"wp:attachment":[{"href":"https:\/\/ptm-mechatronics.com\/pl\/wp-json\/wp\/v2\/media?parent=15638"}],"wp:term":[{"taxonomy":"product_brand","embeddable":true,"href":"https:\/\/ptm-mechatronics.com\/pl\/wp-json\/wp\/v2\/product_brand?post=15638"},{"taxonomy":"product_cat","embeddable":true,"href":"https:\/\/ptm-mechatronics.com\/pl\/wp-json\/wp\/v2\/product_cat?post=15638"},{"taxonomy":"product_tag","embeddable":true,"href":"https:\/\/ptm-mechatronics.com\/pl\/wp-json\/wp\/v2\/product_tag?post=15638"}],"curies":[{"name":"wp","href":"https:\/\/api.w.org\/{rel}","templated":true}]}}