{"id":15634,"date":"2025-11-20T15:34:25","date_gmt":"2025-11-20T14:34:25","guid":{"rendered":"https:\/\/ptm-mechatronics.com\/?post_type=product&#038;p=15634"},"modified":"2025-11-28T11:25:48","modified_gmt":"2025-11-28T10:25:48","slug":"pumpwerk-fuer-faesser-verduennte-saeuren-laugen","status":"publish","type":"product","link":"https:\/\/ptm-mechatronics.com\/pl\/product\/pumpwerk-fuer-faesser-verduennte-saeuren-laugen\/","title":{"rendered":"Pompownia beczek, rozcie\u0144czonych kwas\u00f3w\/alkalii"},"content":{"rendered":"<h1 data-start=\"242\" data-end=\"330\"><span style=\"font-size: 75%;\"><strong data-start=\"242\" data-end=\"330\">Pompownia 1,000 mm do b\u0119bn\u00f3w<br \/>\n<\/strong><\/span><span style=\"font-size: 75%;\">- Bezuszczelkowy, osiowy wa\u0142 ze stali nierdzewnej<\/span><\/h1>\n<p>Wytrzyma\u0142a, bezuszczelkowa pompa b\u0119bnowa nadaje si\u0119 do niezawodnego u\u017cytku w zastosowaniach chemicznych i przemys\u0142owych.<\/p>\n<p>Obudowa wykonana jest z odpornego na chemikalia polipropylenu (PP), a wa\u0142 nap\u0119dowy z wysokiej jako\u015bci stali nierdzewnej (V2A\/Niro). Osiowa konstrukcja pompy zapewnia wydajne dostarczanie medi\u00f3w przy niskiej podatno\u015bci na zu\u017cycie. Dzi\u0119ki bezuszczelkowej konstrukcji, jednostka pompuj\u0105ca jest praktycznie bezobs\u0142ugowa i nadaje si\u0119 szczeg\u00f3lnie do lekko agresywnych medi\u00f3w o niskiej lepko\u015bci.<\/p>\n<p>Zakres dostawy bez silnika<\/p>","protected":false},"excerpt":{"rendered":"<p>Bezuszczelkowa jednostka pompuj\u0105ca o d\u0142ugo\u015bci 1000 mm, wykonana z odpornego chemicznie PP z wa\u0142em ze stali nierdzewnej do bezpiecznego transferu medi\u00f3w o niskiej lepko\u015bci.<\/p>","protected":false},"featured_media":15696,"comment_status":"closed","ping_status":"closed","template":"","meta":{"_acf_changed":false},"product_brand":[],"product_cat":[3206,3224],"product_tag":[],"class_list":{"0":"post-15634","1":"product","2":"type-product","3":"status-publish","4":"has-post-thumbnail","6":"product_cat-pumpentechnik","7":"product_cat-fasspumpen","8":"product_shipping_class-karton-paketversand","9":"pa_laenge-1000mm","10":"pa_material-polypropylen-pp","11":"pa_material-edelstahl","13":"first","14":"instock","15":"taxable","16":"shipping-taxable","17":"purchasable","18":"product-type-simple"},"bundled_by":[],"bundle_stock_status":"instock","bundle_stock_quantity":null,"bundle_virtual":false,"bundle_layout":"","bundle_add_to_cart_form_location":"","bundle_editable_in_cart":false,"bundle_sold_individually_context":"","bundle_item_grouping":"","bundle_min_size":"","bundle_max_size":"","bundle_price":[],"bundled_items":[],"bundle_sell_ids":[],"exclude_global_add_ons":[],"addons":[],"acf":[],"_links":{"self":[{"href":"https:\/\/ptm-mechatronics.com\/pl\/wp-json\/wp\/v2\/product\/15634","targetHints":{"allow":["GET"]}}],"collection":[{"href":"https:\/\/ptm-mechatronics.com\/pl\/wp-json\/wp\/v2\/product"}],"about":[{"href":"https:\/\/ptm-mechatronics.com\/pl\/wp-json\/wp\/v2\/types\/product"}],"replies":[{"embeddable":true,"href":"https:\/\/ptm-mechatronics.com\/pl\/wp-json\/wp\/v2\/comments?post=15634"}],"wp:featuredmedia":[{"embeddable":true,"href":"https:\/\/ptm-mechatronics.com\/pl\/wp-json\/wp\/v2\/media\/15696"}],"wp:attachment":[{"href":"https:\/\/ptm-mechatronics.com\/pl\/wp-json\/wp\/v2\/media?parent=15634"}],"wp:term":[{"taxonomy":"product_brand","embeddable":true,"href":"https:\/\/ptm-mechatronics.com\/pl\/wp-json\/wp\/v2\/product_brand?post=15634"},{"taxonomy":"product_cat","embeddable":true,"href":"https:\/\/ptm-mechatronics.com\/pl\/wp-json\/wp\/v2\/product_cat?post=15634"},{"taxonomy":"product_tag","embeddable":true,"href":"https:\/\/ptm-mechatronics.com\/pl\/wp-json\/wp\/v2\/product_tag?post=15634"}],"curies":[{"name":"wp","href":"https:\/\/api.w.org\/{rel}","templated":true}]}}