{"id":15632,"date":"2025-11-20T15:13:46","date_gmt":"2025-11-20T14:13:46","guid":{"rendered":"https:\/\/ptm-mechatronics.com\/?post_type=product&#038;p=15632"},"modified":"2025-12-03T12:52:22","modified_gmt":"2025-12-03T11:52:22","slug":"universalmotor-fuer-fasspumpen-700-watt-atex","status":"publish","type":"product","link":"https:\/\/ptm-mechatronics.com\/pl\/product\/universalmotor-fuer-fasspumpen-700-watt-atex\/","title":{"rendered":"Uniwersalny silnik do pomp beczkowych, 700 W, ATEX"},"content":{"rendered":"<h1 data-start=\"196\" data-end=\"275\"><span style=\"font-size: 75%;\">Uniwersalny silnik ATEX do pomp beczkowych<br \/>\n<\/span><span style=\"font-size: 75%;\">- Kompaktowy, wydajny, wszechstronny<\/span><\/h1>\n<p data-start=\"277\" data-end=\"588\">Uniwersalny silnik z certyfikatem ATEX (Ex II 2 G EEx de IIC T5) jest centralnym elementem nap\u0119dowym modu\u0142owej pompy beczkowej ATEX. Dzi\u0119ki mocy wyj\u015bciowej 700 W, napi\u0119ciu 230 V przy 50 Hz i stopniowi ochrony IP54, silnik oferuje niezawodn\u0105 moc do ci\u0105g\u0142ej pracy w \u015brodowiskach zagro\u017conych wybuchem.<\/p>\n<p data-start=\"590\" data-end=\"911\">Silnik mo\u017cna montowa\u0107 i demontowa\u0107 bez u\u017cycia narz\u0119dzi, co zapewnia maksymaln\u0105 elastyczno\u015b\u0107 obs\u0142ugi i czyszczenia. Jest kompatybilny ze wszystkimi przepompowniami ATEX PTM ze sklepu i przekonuje bezpiecznym, wygodnym i higienicznym pompowaniem szerokiej gamy cieczy.<\/p>","protected":false},"excerpt":{"rendered":"<p>Uniwersalny silnik ATEX o mocy 700 W, kompaktowa jednostka nap\u0119dowa do modu\u0142owych pomp beczkowych firmy PTM mechatronics, kt\u00f3r\u0105 mo\u017cna zainstalowa\u0107 bez u\u017cycia narz\u0119dzi.<\/p>","protected":false},"featured_media":15709,"comment_status":"closed","ping_status":"closed","template":"","meta":{"_acf_changed":false},"product_brand":[],"product_cat":[3206,3224],"product_tag":[],"class_list":{"0":"post-15632","1":"product","2":"type-product","3":"status-publish","4":"has-post-thumbnail","6":"product_cat-pumpentechnik","7":"product_cat-fasspumpen","8":"product_shipping_class-karton-paketversand","9":"pa_leistung-700-watt","10":"pa_schutzart-ip54","11":"pa_spannung-230v","13":"first","14":"instock","15":"taxable","16":"shipping-taxable","17":"purchasable","18":"product-type-simple"},"bundled_by":[],"bundle_stock_status":"instock","bundle_stock_quantity":null,"bundle_virtual":false,"bundle_layout":"","bundle_add_to_cart_form_location":"","bundle_editable_in_cart":false,"bundle_sold_individually_context":"","bundle_item_grouping":"","bundle_min_size":"","bundle_max_size":"","bundle_price":[],"bundled_items":[],"bundle_sell_ids":[],"exclude_global_add_ons":[],"addons":[],"acf":[],"_links":{"self":[{"href":"https:\/\/ptm-mechatronics.com\/pl\/wp-json\/wp\/v2\/product\/15632","targetHints":{"allow":["GET"]}}],"collection":[{"href":"https:\/\/ptm-mechatronics.com\/pl\/wp-json\/wp\/v2\/product"}],"about":[{"href":"https:\/\/ptm-mechatronics.com\/pl\/wp-json\/wp\/v2\/types\/product"}],"replies":[{"embeddable":true,"href":"https:\/\/ptm-mechatronics.com\/pl\/wp-json\/wp\/v2\/comments?post=15632"}],"wp:featuredmedia":[{"embeddable":true,"href":"https:\/\/ptm-mechatronics.com\/pl\/wp-json\/wp\/v2\/media\/15709"}],"wp:attachment":[{"href":"https:\/\/ptm-mechatronics.com\/pl\/wp-json\/wp\/v2\/media?parent=15632"}],"wp:term":[{"taxonomy":"product_brand","embeddable":true,"href":"https:\/\/ptm-mechatronics.com\/pl\/wp-json\/wp\/v2\/product_brand?post=15632"},{"taxonomy":"product_cat","embeddable":true,"href":"https:\/\/ptm-mechatronics.com\/pl\/wp-json\/wp\/v2\/product_cat?post=15632"},{"taxonomy":"product_tag","embeddable":true,"href":"https:\/\/ptm-mechatronics.com\/pl\/wp-json\/wp\/v2\/product_tag?post=15632"}],"curies":[{"name":"wp","href":"https:\/\/api.w.org\/{rel}","templated":true}]}}