{"id":15629,"date":"2025-11-19T12:30:48","date_gmt":"2025-11-19T11:30:48","guid":{"rendered":"https:\/\/ptm-mechatronics.com\/?post_type=product&#038;p=15629"},"modified":"2025-12-03T12:53:28","modified_gmt":"2025-12-03T11:53:28","slug":"fasspumpe-atex","status":"publish","type":"product","link":"https:\/\/ptm-mechatronics.com\/pl\/product\/fasspumpe-atex\/","title":{"rendered":"Pompa beczkowa ATEX"},"content":{"rendered":"<h1 data-start=\"227\" data-end=\"303\"><span style=\"font-size: 75%;\">Zestaw pomp beczkowych ATEX<\/span><\/h1>\n<p>Zestaw pompy beczkowej z certyfikatem ATEX to idealne rozwi\u0105zanie do bezpiecznego nape\u0142niania \u0142atwopalnych cieczy w strefach zagro\u017conych wybuchem. Wyposa\u017cony w mocny silnik Ex (Ex II 2 G EEx de IIC T5, IP54) i wytrzyma\u0142\u0105 jednostk\u0119 pompuj\u0105c\u0105 (ATEX II 1\/2 G IIB T4), zestaw ten spe\u0142nia najwy\u017csze wymagania bezpiecze\u0144stwa. Przewodz\u0105cy w\u0105\u017c DN25 o d\u0142ugo\u015bci 2 m do rozpuszczalnik\u00f3w i wytrzyma\u0142a dysza pompy z mosi\u0105dzu\/PTFE umo\u017cliwiaj\u0105 bezpieczne i kontrolowane podawanie. Przew\u00f3d wyr\u00f3wnuj\u0105cy potencja\u0142y zapewnia r\u00f3wnie\u017c niezb\u0119dn\u0105 ochron\u0119 przed na\u0142adowaniem elektrostatycznym.<\/p>\n<p data-start=\"644\" data-end=\"1136\">Cecha szczeg\u00f3lna: Silnik mo\u017cna od\u0142\u0105czy\u0107 od pompowni bez u\u017cycia narz\u0119dzi i pod\u0142\u0105czy\u0107 do innych pompowni. Oznacza to, \u017ce jeden silnik mo\u017ce by\u0107 elastycznie u\u017cywany z kilkoma jednostkami pompuj\u0105cymi. Dodatkowe komponenty s\u0105 r\u00f3wnie\u017c dost\u0119pne indywidualnie w sklepie - dla maksymalnej modu\u0142owo\u015bci i mo\u017cliwo\u015bci adaptacji.<\/p>\n<p data-start=\"644\" data-end=\"1136\">Elementy zestawu:<\/p>\n<ul>\n<li>Silnik uniwersalny Ex II 2 G EEx de IIC T5, 230V o. USP, 50 Hz, 700W<\/li>\n<li>Zesp\u00f3\u0142 pompowy ATEX II 1\/2 G IIB T4, bezuszczelkowy, osiowy, wa\u0142 ze stali nierdzewnej (stal nierdzewna)<\/li>\n<li>2 m w\u0105\u017c do rozpuszczalnik\u00f3w DN25<\/li>\n<li>2x z\u0142\u0105cza w\u0119\u017cy mosi\u0119\u017cne 1 1\/4\u2033<\/li>\n<li>Dysza dozuj\u0105ca mosi\u0105dz\/PTFE<\/li>\n<li>Potencjalny kabel wyr\u00f3wnawczy<\/li>\n<\/ul>","protected":false},"excerpt":{"rendered":"<p>Zestaw pompy beczkowej do bezpiecznego nape\u0142niania rozcie\u0144czonych kwas\u00f3w i zasad - w pe\u0142ni wyposa\u017cony i gotowy do natychmiastowego u\u017cycia.<\/p>","protected":false},"featured_media":15705,"comment_status":"closed","ping_status":"closed","template":"","meta":{"_acf_changed":false},"product_brand":[],"product_cat":[3206,3224],"product_tag":[3227,3228,3229,3230,3231,3232,3233,3234,3235,3226],"class_list":{"0":"post-15629","1":"product","2":"type-product","3":"status-publish","4":"has-post-thumbnail","6":"product_cat-pumpentechnik","7":"product_cat-fasspumpen","8":"product_tag-fasspumpen-komplettset","9":"product_tag-labor-fasspumpe","10":"product_tag-fasspumpenset-bs1","11":"product_tag-fasspumpe-verduennte-saeuren","12":"product_tag-fasspumpe-laugen","13":"product_tag-chemiepumpe-set","14":"product_tag-pp-fasspumpensystem","15":"product_tag-edelstahlwelle-fasspumpe","16":"product_tag-zapfpistole-fpm","17":"product_tag-fasspumpe-set","18":"product_shipping_class-karton-paketversand","19":"pa_atex-motor-ex-ii-2-g-eex-de-iic-t5","20":"pa_foerderleistung-max-100-l-min","21":"pa_leistung-700-watt","22":"pa_material-ptfe","23":"pa_material-messing","24":"pa_material-edelstahl","25":"pa_schutzart-ip54","27":"first","28":"instock","29":"taxable","30":"shipping-taxable","31":"purchasable","32":"product-type-simple"},"bundled_by":[],"bundle_stock_status":"instock","bundle_stock_quantity":null,"bundle_virtual":false,"bundle_layout":"","bundle_add_to_cart_form_location":"","bundle_editable_in_cart":false,"bundle_sold_individually_context":"","bundle_item_grouping":"","bundle_min_size":"","bundle_max_size":"","bundle_price":[],"bundled_items":[],"bundle_sell_ids":[],"exclude_global_add_ons":[],"addons":[],"acf":[],"_links":{"self":[{"href":"https:\/\/ptm-mechatronics.com\/pl\/wp-json\/wp\/v2\/product\/15629","targetHints":{"allow":["GET"]}}],"collection":[{"href":"https:\/\/ptm-mechatronics.com\/pl\/wp-json\/wp\/v2\/product"}],"about":[{"href":"https:\/\/ptm-mechatronics.com\/pl\/wp-json\/wp\/v2\/types\/product"}],"replies":[{"embeddable":true,"href":"https:\/\/ptm-mechatronics.com\/pl\/wp-json\/wp\/v2\/comments?post=15629"}],"wp:featuredmedia":[{"embeddable":true,"href":"https:\/\/ptm-mechatronics.com\/pl\/wp-json\/wp\/v2\/media\/15705"}],"wp:attachment":[{"href":"https:\/\/ptm-mechatronics.com\/pl\/wp-json\/wp\/v2\/media?parent=15629"}],"wp:term":[{"taxonomy":"product_brand","embeddable":true,"href":"https:\/\/ptm-mechatronics.com\/pl\/wp-json\/wp\/v2\/product_brand?post=15629"},{"taxonomy":"product_cat","embeddable":true,"href":"https:\/\/ptm-mechatronics.com\/pl\/wp-json\/wp\/v2\/product_cat?post=15629"},{"taxonomy":"product_tag","embeddable":true,"href":"https:\/\/ptm-mechatronics.com\/pl\/wp-json\/wp\/v2\/product_tag?post=15629"}],"curies":[{"name":"wp","href":"https:\/\/api.w.org\/{rel}","templated":true}]}}