{"id":15628,"date":"2025-11-18T15:03:55","date_gmt":"2025-11-18T14:03:55","guid":{"rendered":"https:\/\/ptm-mechatronics.com\/?post_type=product&#038;p=15628"},"modified":"2025-12-03T12:54:30","modified_gmt":"2025-12-03T11:54:30","slug":"fasspumpe-fuer-oel-neutrale-fluessigkeiten","status":"publish","type":"product","link":"https:\/\/ptm-mechatronics.com\/pl\/product\/fasspumpe-fuer-oel-neutrale-fluessigkeiten\/","title":{"rendered":"Pompa beczkowa do oleju i p\u0142yn\u00f3w neutralnych"},"content":{"rendered":"<h1 data-start=\"227\" data-end=\"303\"><span style=\"font-size: 75%;\">Zestaw pomp beczkowych do oleju i p\u0142yn\u00f3w neutralnych, gotowy do natychmiastowego u\u017cycia<\/span><\/h1>\n<p data-start=\"716\" data-end=\"1056\">Zestaw pompy do beczek z olejem to praktyczne, kompletne rozwi\u0105zanie do prostego i bezpiecznego nape\u0142niania olejem i neutralnymi cieczami w sektorze przemys\u0142owym. Dzi\u0119ki solidnemu silnikowi elektrycznemu i wytrzyma\u0142ej jednostce pompuj\u0105cej, zestaw jest idealny do codziennego u\u017cytku. Dzi\u0119ki 2-metrowemu, wzmocnionemu tkanin\u0105 w\u0119\u017cowi PVC (DN25) i wysokiej jako\u015bci aluminiowej dyszy dozuj\u0105cej, nawet wi\u0119ksze ilo\u015bci mog\u0105 by\u0107 nape\u0142niane szybko i w kontrolowany spos\u00f3b. Do\u0142\u0105czony adapter do beczki i uchwyt \u015bcienny zapewniaj\u0105 prost\u0105 i oszcz\u0119dzaj\u0105c\u0105 miejsce instalacj\u0119.<\/p>\n<p data-start=\"716\" data-end=\"1056\">Cecha szczeg\u00f3lna: Silnik mo\u017cna od\u0142\u0105czy\u0107 od pompowni bez u\u017cycia narz\u0119dzi i pod\u0142\u0105czy\u0107 do innych pompowni. Oznacza to, \u017ce jeden silnik mo\u017ce by\u0107 elastycznie u\u017cywany z kilkoma jednostkami pompuj\u0105cymi. Dodatkowe komponenty s\u0105 r\u00f3wnie\u017c dost\u0119pne indywidualnie w sklepie - dla maksymalnej modu\u0142owo\u015bci i mo\u017cliwo\u015bci adaptacji.<\/p>\n<p data-start=\"644\" data-end=\"1136\">Elementy zestawu:<\/p>\n<ul>\n<li>Silnik uniwersalny 230 V, 50 Hz, 4,5 A, 850 W, IP24<\/li>\n<li>Zesp\u00f3\u0142 pompowy aluminiowy, bezuszczelkowy, osiowy, wa\u0142 ze stali nierdzewnej (Niro)<\/li>\n<li>2 m w\u0105\u017c PVC DN25<\/li>\n<li>Z\u0142\u0105cze w\u0119\u017ca aluminiowe DN25<\/li>\n<li>2x opaski zaciskowe ze stali nierdzewnej<\/li>\n<li>Aluminiowa dysza dozuj\u0105ca DN25<\/li>\n<li>Adapter lufy PP<\/li>\n<li>Wspornik \u015bcienny<\/li>\n<\/ul>","protected":false},"excerpt":{"rendered":"<p>Zestaw pomp do beczek z olejem do bezpiecznego nape\u0142niania olejami i neutralnymi cieczami, gotowy do natychmiastowego u\u017cycia<\/p>","protected":false},"featured_media":15658,"comment_status":"closed","ping_status":"closed","template":"","meta":{"_acf_changed":false},"product_brand":[],"product_cat":[3206,3224],"product_tag":[],"class_list":{"0":"post-15628","1":"product","2":"type-product","3":"status-publish","4":"has-post-thumbnail","6":"product_cat-pumpentechnik","7":"product_cat-fasspumpen","8":"product_shipping_class-karton-paketversand","9":"pa_dichtung-fep","10":"pa_foerderleistung-50-80-l-min","11":"pa_leistung-850-watt","12":"pa_material-edelstahl","13":"pa_material-polypropylen-pp","14":"pa_material-alu","15":"pa_schutzart-ip24","16":"pa_spannung-230v","18":"first","19":"instock","20":"taxable","21":"shipping-taxable","22":"purchasable","23":"product-type-simple"},"bundled_by":[],"bundle_stock_status":"instock","bundle_stock_quantity":null,"bundle_virtual":false,"bundle_layout":"","bundle_add_to_cart_form_location":"","bundle_editable_in_cart":false,"bundle_sold_individually_context":"","bundle_item_grouping":"","bundle_min_size":"","bundle_max_size":"","bundle_price":[],"bundled_items":[],"bundle_sell_ids":[],"exclude_global_add_ons":[],"addons":[],"acf":[],"_links":{"self":[{"href":"https:\/\/ptm-mechatronics.com\/pl\/wp-json\/wp\/v2\/product\/15628","targetHints":{"allow":["GET"]}}],"collection":[{"href":"https:\/\/ptm-mechatronics.com\/pl\/wp-json\/wp\/v2\/product"}],"about":[{"href":"https:\/\/ptm-mechatronics.com\/pl\/wp-json\/wp\/v2\/types\/product"}],"replies":[{"embeddable":true,"href":"https:\/\/ptm-mechatronics.com\/pl\/wp-json\/wp\/v2\/comments?post=15628"}],"wp:featuredmedia":[{"embeddable":true,"href":"https:\/\/ptm-mechatronics.com\/pl\/wp-json\/wp\/v2\/media\/15658"}],"wp:attachment":[{"href":"https:\/\/ptm-mechatronics.com\/pl\/wp-json\/wp\/v2\/media?parent=15628"}],"wp:term":[{"taxonomy":"product_brand","embeddable":true,"href":"https:\/\/ptm-mechatronics.com\/pl\/wp-json\/wp\/v2\/product_brand?post=15628"},{"taxonomy":"product_cat","embeddable":true,"href":"https:\/\/ptm-mechatronics.com\/pl\/wp-json\/wp\/v2\/product_cat?post=15628"},{"taxonomy":"product_tag","embeddable":true,"href":"https:\/\/ptm-mechatronics.com\/pl\/wp-json\/wp\/v2\/product_tag?post=15628"}],"curies":[{"name":"wp","href":"https:\/\/api.w.org\/{rel}","templated":true}]}}