{"id":15627,"date":"2025-11-18T10:24:39","date_gmt":"2025-11-18T09:24:39","guid":{"rendered":"https:\/\/ptm-mechatronics.com\/?post_type=product&#038;p=15627"},"modified":"2025-12-03T12:55:20","modified_gmt":"2025-12-03T11:55:20","slug":"fasspumpe-fuer-chemikalien","status":"publish","type":"product","link":"https:\/\/ptm-mechatronics.com\/pl\/product\/fasspumpe-fuer-chemikalien\/","title":{"rendered":"Pompa beczkowa do chemikali\u00f3w"},"content":{"rendered":"<h1 data-start=\"227\" data-end=\"303\"><span style=\"font-size: 75%;\">Zestaw pomp beczkowych do chemikali\u00f3w, gotowy do natychmiastowego u\u017cycia<\/span><\/h1>\n<p data-start=\"272\" data-end=\"714\">Ten zestaw pompy beczkowej jest idealnym, kompletnym rozwi\u0105zaniem do bezpiecznej obs\u0142ugi agresywnych chemikali\u00f3w. Zawiera mocny silnik elektryczny i odporn\u0105 na chemikalia jednostk\u0119 pompuj\u0105c\u0105 z wysokiej jako\u015bci wa\u0142em ze stopu Hastelloy C. Dzi\u0119ki temu zestaw idealnie nadaje si\u0119 do nape\u0142niania silnie \u017cr\u0105cych kwas\u00f3w, zasad i innych agresywnych medi\u00f3w - zar\u00f3wno w laboratorium, jak i w sektorze przemys\u0142owym.<\/p>\n<p data-start=\"716\" data-end=\"1056\">Uniwersalny w\u0105\u017c chemiczny o d\u0142ugo\u015bci 2 m (DN25) z dwoma z\u0142\u0105czami z PVDF zapewnia bezpieczne, szczelne po\u0142\u0105czenie. Zintegrowana dysza dozuj\u0105ca wykonana z PVDF z uszczelnieniem FEP zapewnia precyzyjne dozowanie nawet w przypadku wra\u017cliwych medi\u00f3w. Dzi\u0119ki adapterowi do beczek i uchwytowi \u015bciennemu, zestaw mo\u017ce by\u0107 u\u017cywany elastycznie i w spos\u00f3b oszcz\u0119dzaj\u0105cy miejsce.<\/p>\n<p data-start=\"716\" data-end=\"1056\">Cecha szczeg\u00f3lna: Silnik mo\u017cna od\u0142\u0105czy\u0107 od pompowni bez u\u017cycia narz\u0119dzi i pod\u0142\u0105czy\u0107 do innych pompowni. Oznacza to, \u017ce jeden silnik mo\u017ce by\u0107 elastycznie u\u017cywany z kilkoma jednostkami pompuj\u0105cymi. Dodatkowe komponenty s\u0105 r\u00f3wnie\u017c dost\u0119pne indywidualnie w sklepie - dla maksymalnej modu\u0142owo\u015bci i mo\u017cliwo\u015bci adaptacji.<\/p>\n<p data-start=\"644\" data-end=\"1136\">Elementy zestawu:<\/p>\n<ul>\n<li>Silnik uniwersalny 230 V, 50 Hz, 4,5 A, 850 W, IP24<\/li>\n<li>Pompownia bez uszczelnie\u0144, osiowa, <span class=\"T286Pc\" data-sfc-cp=\"\" data-complete=\"true\">Polifluorek winylidenu (PVDF)<\/span>, wa\u0142 Hastelloy (HC)<\/li>\n<li>2 m uniwersalny w\u0105\u017c chemiczny DN25<\/li>\n<li>2x z\u0142\u0105cze w\u0119\u017ca PVDF DN25<\/li>\n<li>2x opaski zaciskowe ze stali nierdzewnej<\/li>\n<li>Dysza dozuj\u0105ca PVDF\/FEP 1 \u00bc\u201c<\/li>\n<li>Adapter lufy PP<\/li>\n<li>Wspornik \u015bcienny<\/li>\n<\/ul>","protected":false},"excerpt":{"rendered":"<p>Zestaw pomp beczkowych do bezpiecznego nape\u0142niania chemikaliami - w pe\u0142ni wyposa\u017cony i gotowy do natychmiastowego u\u017cycia.<\/p>","protected":false},"featured_media":15657,"comment_status":"closed","ping_status":"closed","template":"","meta":{"_acf_changed":false},"product_brand":[],"product_cat":[3206,3224],"product_tag":[3249,3250,3251,3252,3253,3254,3255,3227,3248],"class_list":{"0":"post-15627","1":"product","2":"type-product","3":"status-publish","4":"has-post-thumbnail","6":"product_cat-pumpentechnik","7":"product_cat-fasspumpen","8":"product_tag-fasspumpen-set-chemikalien","9":"product_tag-pvdf-pumpe","10":"product_tag-hastelloy-c-pumpwerk","11":"product_tag-zapfpistole-pvdf-fep","12":"product_tag-schlauch-dn25-chemie","13":"product_tag-fasspumpe-aggressiv","14":"product_tag-pumpwerk-dl-pvdf-hc","15":"product_tag-fasspumpen-komplettset","16":"product_tag-chemie-fasspumpe","17":"product_shipping_class-karton-paketversand","18":"pa_dichtung-fep","19":"pa_foerderleistung-50-80-l-min","20":"pa_leistung-850-watt","21":"pa_material-edelstahl","22":"pa_material-polypropylen-pp","23":"pa_material-hastelloy-c","24":"pa_material-polyvinylidenfluorid-pvdf","25":"pa_schutzart-ip24","26":"pa_spannung-230v","28":"first","29":"instock","30":"taxable","31":"shipping-taxable","32":"purchasable","33":"product-type-simple"},"bundled_by":[],"bundle_stock_status":"instock","bundle_stock_quantity":null,"bundle_virtual":false,"bundle_layout":"","bundle_add_to_cart_form_location":"","bundle_editable_in_cart":false,"bundle_sold_individually_context":"","bundle_item_grouping":"","bundle_min_size":"","bundle_max_size":"","bundle_price":[],"bundled_items":[],"bundle_sell_ids":[],"exclude_global_add_ons":[],"addons":[],"acf":[],"_links":{"self":[{"href":"https:\/\/ptm-mechatronics.com\/pl\/wp-json\/wp\/v2\/product\/15627","targetHints":{"allow":["GET"]}}],"collection":[{"href":"https:\/\/ptm-mechatronics.com\/pl\/wp-json\/wp\/v2\/product"}],"about":[{"href":"https:\/\/ptm-mechatronics.com\/pl\/wp-json\/wp\/v2\/types\/product"}],"replies":[{"embeddable":true,"href":"https:\/\/ptm-mechatronics.com\/pl\/wp-json\/wp\/v2\/comments?post=15627"}],"wp:featuredmedia":[{"embeddable":true,"href":"https:\/\/ptm-mechatronics.com\/pl\/wp-json\/wp\/v2\/media\/15657"}],"wp:attachment":[{"href":"https:\/\/ptm-mechatronics.com\/pl\/wp-json\/wp\/v2\/media?parent=15627"}],"wp:term":[{"taxonomy":"product_brand","embeddable":true,"href":"https:\/\/ptm-mechatronics.com\/pl\/wp-json\/wp\/v2\/product_brand?post=15627"},{"taxonomy":"product_cat","embeddable":true,"href":"https:\/\/ptm-mechatronics.com\/pl\/wp-json\/wp\/v2\/product_cat?post=15627"},{"taxonomy":"product_tag","embeddable":true,"href":"https:\/\/ptm-mechatronics.com\/pl\/wp-json\/wp\/v2\/product_tag?post=15627"}],"curies":[{"name":"wp","href":"https:\/\/api.w.org\/{rel}","templated":true}]}}