{"id":15626,"date":"2025-11-18T10:02:52","date_gmt":"2025-11-18T09:02:52","guid":{"rendered":"https:\/\/ptm-mechatronics.com\/?post_type=product&#038;p=15626"},"modified":"2026-01-12T10:10:59","modified_gmt":"2026-01-12T09:10:59","slug":"fasspumpe-fuer-konzentrierte-saeuren-laugen","status":"publish","type":"product","link":"https:\/\/ptm-mechatronics.com\/pl\/product\/fasspumpe-fuer-konzentrierte-saeuren-laugen\/","title":{"rendered":"Pompa beczkowa do st\u0119\u017conych kwas\u00f3w i zasad"},"content":{"rendered":"<h1 data-start=\"227\" data-end=\"303\"><span style=\"font-size: 75%;\">Zestaw pomp beczkowych do st\u0119\u017conych kwas\u00f3w i zasad, gotowy do natychmiastowego u\u017cycia<\/span><\/h1>\n<p data-start=\"269\" data-end=\"557\">Kompletny zestaw pompy beczkowej zosta\u0142 specjalnie zaprojektowany do bezpiecznego i wygodnego pompowania st\u0119\u017conych kwas\u00f3w i zasad. Dzi\u0119ki mocnemu silnikowi elektrycznemu, jednostce pompuj\u0105cej i szerokiej gamie akcesori\u00f3w, zestaw mo\u017ce by\u0107 natychmiast u\u017cyty - idealny do u\u017cytku w laboratoriach, produkcji lub warsztatach.<\/p>\n<p data-start=\"559\" data-end=\"1126\">Odporna na chemikalia jednostka pompuj\u0105ca wykonana z polipropylenu (PP) jest wyposa\u017cona w wa\u0142 Hastelloy C i jest idealna do szerokiej gamy medi\u00f3w - od lekko agresywnych chemikali\u00f3w po bardziej wymagaj\u0105ce ciecze. Wzmocniony w\u0105\u017c PVC o \u015brednicy 25 mm i z\u0142\u0105cze w\u0119\u017ca PP zapewniaj\u0105 niezawodny przep\u0142yw. Dysza dozuj\u0105ca z uszczelnieniem FPM i elementami ze stopu Hastelloy C zapewnia kontrolowane i bezpieczne nape\u0142nianie. Dzi\u0119ki adapterowi beczki i uchwytowi \u015bciennemu pompa mo\u017ce by\u0107 u\u017cywana elastycznie i w spos\u00f3b oszcz\u0119dzaj\u0105cy miejsce.<\/p>\n<p data-start=\"559\" data-end=\"1126\">Cecha szczeg\u00f3lna: Silnik mo\u017cna od\u0142\u0105czy\u0107 od pompowni bez u\u017cycia narz\u0119dzi i pod\u0142\u0105czy\u0107 do innych pompowni. Oznacza to, \u017ce jeden silnik mo\u017ce by\u0107 elastycznie u\u017cywany z kilkoma jednostkami pompuj\u0105cymi. Dodatkowe komponenty s\u0105 r\u00f3wnie\u017c dost\u0119pne indywidualnie w sklepie - dla maksymalnej modu\u0142owo\u015bci i mo\u017cliwo\u015bci adaptacji.<\/p>\n<p data-start=\"644\" data-end=\"1136\">Elementy zestawu:<\/p>\n<ul>\n<li data-start=\"644\" data-end=\"1136\">Silnik uniwersalny 230 V, 50 Hz, 4,5 A, 850 W, IP24<\/li>\n<li>Bezuszczelkowa jednostka pompuj\u0105ca, promieniowa, polipropylen, wa\u0142 Hastelloy (HC)<\/li>\n<li>Wzmocniony w\u0105\u017c PVC, 2 m, DN25<\/li>\n<li>Z\u0142\u0105cze w\u0119\u017ca PP, DN25<\/li>\n<li>2x opaski zaciskowe ze stali nierdzewnej<\/li>\n<li>Dysza dozuj\u0105ca PP\/FPM\/Hastelloy-C, DN25<\/li>\n<li>Adapter lufy PP<\/li>\n<li>Wspornik \u015bcienny<\/li>\n<\/ul>","protected":false},"excerpt":{"rendered":"<p>Zestaw pomp beczkowych do bezpiecznego nape\u0142niania st\u0119\u017conymi kwasami i zasadami - w pe\u0142ni wyposa\u017cony i gotowy do natychmiastowego u\u017cycia.<\/p>","protected":false},"featured_media":15656,"comment_status":"closed","ping_status":"closed","template":"","meta":{"_acf_changed":false},"product_brand":[],"product_cat":[3206,3224],"product_tag":[3236,3237,3238,3239,3240,3241,3242,3243,3244],"class_list":{"0":"post-15626","1":"product","2":"type-product","3":"status-publish","4":"has-post-thumbnail","6":"product_cat-pumpentechnik","7":"product_cat-fasspumpen","8":"product_tag-fasspumpen-set","9":"product_tag-chemiepumpe-komplettset","10":"product_tag-fasspumpe-mit-hastelloy","11":"product_tag-zapfpistole-fpm-hc","12":"product_tag-motor-p400-a-230","13":"product_tag-pumpwerk-dl-pp-r-hc","14":"product_tag-pvc-schlauch-dn25","15":"product_tag-fassadapter-pp","16":"product_tag-fasspumpe-chemikalienbestaendig","17":"product_shipping_class-karton-paketversand","18":"pa_dichtung-fpm","19":"pa_foerderleistung-50-80-l-min","20":"pa_leistung-850-watt","21":"pa_material-hastelloy-c","22":"pa_material-edelstahl","23":"pa_material-polypropylen-pp","24":"pa_material-pvc","25":"pa_schutzart-ip24","26":"pa_spannung-230v","28":"first","29":"instock","30":"taxable","31":"shipping-taxable","32":"purchasable","33":"product-type-simple"},"bundled_by":[],"bundle_stock_status":"instock","bundle_stock_quantity":null,"bundle_virtual":false,"bundle_layout":"","bundle_add_to_cart_form_location":"","bundle_editable_in_cart":false,"bundle_sold_individually_context":"","bundle_item_grouping":"","bundle_min_size":"","bundle_max_size":"","bundle_price":[],"bundled_items":[],"bundle_sell_ids":[],"exclude_global_add_ons":[],"addons":[],"acf":[],"_links":{"self":[{"href":"https:\/\/ptm-mechatronics.com\/pl\/wp-json\/wp\/v2\/product\/15626","targetHints":{"allow":["GET"]}}],"collection":[{"href":"https:\/\/ptm-mechatronics.com\/pl\/wp-json\/wp\/v2\/product"}],"about":[{"href":"https:\/\/ptm-mechatronics.com\/pl\/wp-json\/wp\/v2\/types\/product"}],"replies":[{"embeddable":true,"href":"https:\/\/ptm-mechatronics.com\/pl\/wp-json\/wp\/v2\/comments?post=15626"}],"wp:featuredmedia":[{"embeddable":true,"href":"https:\/\/ptm-mechatronics.com\/pl\/wp-json\/wp\/v2\/media\/15656"}],"wp:attachment":[{"href":"https:\/\/ptm-mechatronics.com\/pl\/wp-json\/wp\/v2\/media?parent=15626"}],"wp:term":[{"taxonomy":"product_brand","embeddable":true,"href":"https:\/\/ptm-mechatronics.com\/pl\/wp-json\/wp\/v2\/product_brand?post=15626"},{"taxonomy":"product_cat","embeddable":true,"href":"https:\/\/ptm-mechatronics.com\/pl\/wp-json\/wp\/v2\/product_cat?post=15626"},{"taxonomy":"product_tag","embeddable":true,"href":"https:\/\/ptm-mechatronics.com\/pl\/wp-json\/wp\/v2\/product_tag?post=15626"}],"curies":[{"name":"wp","href":"https:\/\/api.w.org\/{rel}","templated":true}]}}